{"id":36283,"date":"2019-05-16T09:07:54","date_gmt":"2019-05-16T06:07:54","guid":{"rendered":"https:\/\/erozone.org\/pagrindinis\/"},"modified":"2025-02-06T10:17:42","modified_gmt":"2025-02-06T08:17:42","slug":"pagrindinis","status":"publish","type":"page","link":"https:\/\/erozone.org\/en\/","title":{"rendered":"Erozone"},"content":{"rendered":"\t\t<div data-elementor-type=\"wp-page\" data-elementor-id=\"36283\" class=\"elementor elementor-36283\">\n\t\t\t\t<div class=\"elementor-element elementor-element-84e3153 e-flex e-con-boxed e-con e-parent\" data-id=\"84e3153\" data-element_type=\"container\">\n\t\t\t\t\t<div class=\"e-con-inner\">\n\t\t\t\t<div class=\"elementor-element elementor-element-3846821 elementor-widget elementor-widget-text-editor\" data-id=\"3846821\" data-element_type=\"widget\" data-widget_type=\"text-editor.default\">\n\t\t\t\t<div class=\"elementor-widget-container\">\n\t\t\t\t\t\t\t\t\t<h1 style=\"text-align: center;\">Erozone &#8211; Sex supplements online<\/h1>\t\t\t\t\t\t\t\t<\/div>\n\t\t\t\t<\/div>\n\t\t\t\t<div class=\"elementor-element elementor-element-9f18484 elementor-widget elementor-widget-etheme_categories\" data-id=\"9f18484\" data-element_type=\"widget\" data-widget_type=\"etheme_categories.default\">\n\t\t\t\t<div class=\"elementor-widget-container\">\n\t\t\t\t\t\t\t\t        <link rel=\"stylesheet\" href=\"https:\/\/erozone.org\/wp-content\/themes\/xstore\/css\/modules\/woocommerce\/global.min.css\" type=\"text\/css\" media=\"all\" \/> \t\t        <link rel=\"stylesheet\" href=\"https:\/\/erozone.org\/wp-content\/themes\/xstore\/css\/modules\/woocommerce\/archive.min.css\" type=\"text\/css\" media=\"all\" \/> \t\t        <link rel=\"stylesheet\" href=\"https:\/\/erozone.org\/wp-content\/themes\/xstore\/css\/modules\/builders\/categories-carousel.min.css\" type=\"text\/css\" media=\"all\" \/> \t\t        <link rel=\"stylesheet\" href=\"https:\/\/erozone.org\/wp-content\/themes\/xstore\/css\/modules\/builders\/elementor\/categories.min.css\" type=\"text\/css\" media=\"all\" \/> \t\t\n                <div class=\"swiper-entry \">\n\n                    <div class=\" slider-1840 categories-grid row\" >\n\t\t\t\t\t\t\n\t\t\t\t\t\t    <div class=\"category-grid col-xs-12 col-sm-3 columns-4 text-color-dark valign-center style-classic content-under product-category product\"\t\tdata-hover=\"none\">\r\n\t\t<a aria-label=\"Visit product category For women\" href=\"https:\/\/erozone.org\/en\/kategorija\/for-women\/\"><img fetchpriority=\"high\" decoding=\"async\" src=\"https:\/\/erozone.org\/wp-content\/uploads\/2023\/01\/moterims2-1-350x350.jpg\" alt=\"For women\" width=\"350\" height=\"350\" \/><\/a>\r\n        <div class=\"categories-mask text-center text-uppercase\">\r\n\t\t\t\t\t\t\t<a aria-label=\"Visit product category For women\" href=\"https:\/\/erozone.org\/en\/kategorija\/for-women\/\">                        <h4>For women<\/h4>\r\n                    <\/a>\t\t\t\t\t\t\t<a aria-label=\"Visit product category For women\" href=\"https:\/\/erozone.org\/en\/kategorija\/for-women\/\"> <mark class=\"count\">4 products<\/mark><\/a>\t\t\t        <\/div>\r\n\t\t\r\n\t\t    \r\n    \r\n    <\/div>\r\n\r\n    <div class=\"category-grid col-xs-12 col-sm-3 columns-4 text-color-dark valign-center style-classic content-under product-category product last\"\t\tdata-hover=\"none\">\r\n\t\t<a aria-label=\"Visit product category For prolonging sexual intercourse\" href=\"https:\/\/erozone.org\/en\/kategorija\/for-prolonging-sexual-intercourse\/\"><img decoding=\"async\" src=\"https:\/\/erozone.org\/wp-content\/uploads\/2023\/01\/prailginimas-akto-350x350.jpg\" alt=\"For prolonging sexual intercourse\" width=\"350\" height=\"350\" \/><\/a>\r\n        <div class=\"categories-mask text-center text-uppercase\">\r\n\t\t\t\t\t\t\t<a aria-label=\"Visit product category For prolonging sexual intercourse\" href=\"https:\/\/erozone.org\/en\/kategorija\/for-prolonging-sexual-intercourse\/\">                        <h4>For prolonging sexual intercourse<\/h4>\r\n                    <\/a>\t\t\t\t\t\t\t<a aria-label=\"Visit product category For prolonging sexual intercourse\" href=\"https:\/\/erozone.org\/en\/kategorija\/for-prolonging-sexual-intercourse\/\"> <mark class=\"count\">6 products<\/mark><\/a>\t\t\t        <\/div>\r\n\t\t\r\n\t\t    \r\n    \r\n    <\/div>\r\n\r\n    <div class=\"category-grid col-xs-12 col-sm-3 columns-4 text-color-dark valign-center style-classic content-under product-category product\"\t\tdata-hover=\"none\">\r\n\t\t<a aria-label=\"Visit product category 2in1 Sex Supplements\" href=\"https:\/\/erozone.org\/en\/kategorija\/2in1-sex-supplements\/\"><img decoding=\"async\" src=\"https:\/\/erozone.org\/wp-content\/uploads\/2023\/01\/2in1_edited_edited-350x350.jpg\" alt=\"2in1 Sex Supplements\" width=\"350\" height=\"350\" \/><\/a>\r\n        <div class=\"categories-mask text-center text-uppercase\">\r\n\t\t\t\t\t\t\t<a aria-label=\"Visit product category 2in1 Sex Supplements\" href=\"https:\/\/erozone.org\/en\/kategorija\/2in1-sex-supplements\/\">                        <h4>2in1 Sex Supplements<\/h4>\r\n                    <\/a>\t\t\t\t\t\t\t<a aria-label=\"Visit product category 2in1 Sex Supplements\" href=\"https:\/\/erozone.org\/en\/kategorija\/2in1-sex-supplements\/\"> <mark class=\"count\">17 products<\/mark><\/a>\t\t\t        <\/div>\r\n\t\t\r\n\t\t    \r\n    \r\n    <\/div>\r\n\r\n    <div class=\"category-grid col-xs-12 col-sm-3 columns-4 text-color-dark valign-center style-classic content-under product-category product last\"\t\tdata-hover=\"none\">\r\n\t\t<a aria-label=\"Visit product category Avanafil + Dapoxetine\" href=\"https:\/\/erozone.org\/en\/kategorija\/2in1-sex-supplements\/avanafil-dapoxetine-en\/\"><img loading=\"lazy\" decoding=\"async\" src=\"https:\/\/erozone.org\/wp-content\/uploads\/2022\/03\/Polish_20220329_001429038-350x350.png\" alt=\"Avanafil + Dapoxetine\" width=\"350\" height=\"350\" \/><\/a>\r\n        <div class=\"categories-mask text-center text-uppercase\">\r\n\t\t\t\t\t\t\t<a aria-label=\"Visit product category Avanafil + Dapoxetine\" href=\"https:\/\/erozone.org\/en\/kategorija\/2in1-sex-supplements\/avanafil-dapoxetine-en\/\">                        <h4>Avanafil + Dapoxetine<\/h4>\r\n                    <\/a>\t\t\t\t\t\t\t<a aria-label=\"Visit product category Avanafil + Dapoxetine\" href=\"https:\/\/erozone.org\/en\/kategorija\/2in1-sex-supplements\/avanafil-dapoxetine-en\/\"> <mark class=\"count\">2 products<\/mark><\/a>\t\t\t        <\/div>\r\n\t\t\r\n\t\t    \r\n    \r\n    <\/div>\r\n\r\n    <div class=\"category-grid col-xs-12 col-sm-3 columns-4 text-color-dark valign-center style-classic content-under product-category product\"\t\tdata-hover=\"none\">\r\n\t\t<a aria-label=\"Visit product category Sildenafil + Dapoxetine\" href=\"https:\/\/erozone.org\/en\/kategorija\/2in1-sex-supplements\/sildenafil-dapoxetine-en\/\"><img loading=\"lazy\" decoding=\"async\" src=\"https:\/\/erozone.org\/wp-content\/uploads\/2022\/03\/Polish_20220329_001028549-350x350.jpg\" alt=\"Sildenafil + Dapoxetine\" width=\"350\" height=\"350\" \/><\/a>\r\n        <div class=\"categories-mask text-center text-uppercase\">\r\n\t\t\t\t\t\t\t<a aria-label=\"Visit product category Sildenafil + Dapoxetine\" href=\"https:\/\/erozone.org\/en\/kategorija\/2in1-sex-supplements\/sildenafil-dapoxetine-en\/\">                        <h4>Sildenafil + Dapoxetine<\/h4>\r\n                    <\/a>\t\t\t\t\t\t\t<a aria-label=\"Visit product category Sildenafil + Dapoxetine\" href=\"https:\/\/erozone.org\/en\/kategorija\/2in1-sex-supplements\/sildenafil-dapoxetine-en\/\"> <mark class=\"count\">5 products<\/mark><\/a>\t\t\t        <\/div>\r\n\t\t\r\n\t\t    \r\n    \r\n    <\/div>\r\n\r\n    <div class=\"category-grid col-xs-12 col-sm-3 columns-4 text-color-dark valign-center style-classic content-under product-category product last\"\t\tdata-hover=\"none\">\r\n\t\t<a aria-label=\"Visit product category Sildenafil + Tadalafil\" href=\"https:\/\/erozone.org\/en\/kategorija\/2in1-sex-supplements\/sildenafil-tadalafil-en\/\"><img loading=\"lazy\" decoding=\"async\" src=\"https:\/\/erozone.org\/wp-content\/uploads\/woocommerce-placeholder.png\" alt=\"Sildenafil + Tadalafil\" width=\"350\" height=\"350\" \/><\/a>\r\n        <div class=\"categories-mask text-center text-uppercase\">\r\n\t\t\t\t\t\t\t<a aria-label=\"Visit product category Sildenafil + Tadalafil\" href=\"https:\/\/erozone.org\/en\/kategorija\/2in1-sex-supplements\/sildenafil-tadalafil-en\/\">                        <h4>Sildenafil + Tadalafil<\/h4>\r\n                    <\/a>\t\t\t\t\t\t\t<a aria-label=\"Visit product category Sildenafil + Tadalafil\" href=\"https:\/\/erozone.org\/en\/kategorija\/2in1-sex-supplements\/sildenafil-tadalafil-en\/\"> <mark class=\"count\">1 product<\/mark><\/a>\t\t\t        <\/div>\r\n\t\t\r\n\t\t    \r\n    \r\n    <\/div>\r\n\r\n    <div class=\"category-grid col-xs-12 col-sm-3 columns-4 text-color-dark valign-center style-classic content-under product-category product\"\t\tdata-hover=\"none\">\r\n\t\t<a aria-label=\"Visit product category Sildenafil + Vardenafil\" href=\"https:\/\/erozone.org\/en\/kategorija\/2in1-sex-supplements\/sildenafil-vardenafil-en\/\"><img loading=\"lazy\" decoding=\"async\" src=\"https:\/\/erozone.org\/wp-content\/uploads\/woocommerce-placeholder.png\" alt=\"Sildenafil + Vardenafil\" width=\"350\" height=\"350\" \/><\/a>\r\n        <div class=\"categories-mask text-center text-uppercase\">\r\n\t\t\t\t\t\t\t<a aria-label=\"Visit product category Sildenafil + Vardenafil\" href=\"https:\/\/erozone.org\/en\/kategorija\/2in1-sex-supplements\/sildenafil-vardenafil-en\/\">                        <h4>Sildenafil + Vardenafil<\/h4>\r\n                    <\/a>\t\t\t\t\t\t\t<a aria-label=\"Visit product category Sildenafil + Vardenafil\" href=\"https:\/\/erozone.org\/en\/kategorija\/2in1-sex-supplements\/sildenafil-vardenafil-en\/\"> <mark class=\"count\">1 product<\/mark><\/a>\t\t\t        <\/div>\r\n\t\t\r\n\t\t    \r\n    \r\n    <\/div>\r\n\r\n    <div class=\"category-grid col-xs-12 col-sm-3 columns-4 text-color-dark valign-center style-classic content-under product-category product last\"\t\tdata-hover=\"none\">\r\n\t\t<a aria-label=\"Visit product category Tadalafil + Dapoxetine\" href=\"https:\/\/erozone.org\/en\/kategorija\/2in1-sex-supplements\/tadalafil-dapoxetine-en\/\"><img loading=\"lazy\" decoding=\"async\" src=\"https:\/\/erozone.org\/wp-content\/uploads\/2022\/03\/Polish_20220329_001159682-350x350.jpg\" alt=\"Tadalafil + Dapoxetine\" width=\"350\" height=\"350\" \/><\/a>\r\n        <div class=\"categories-mask text-center text-uppercase\">\r\n\t\t\t\t\t\t\t<a aria-label=\"Visit product category Tadalafil + Dapoxetine\" href=\"https:\/\/erozone.org\/en\/kategorija\/2in1-sex-supplements\/tadalafil-dapoxetine-en\/\">                        <h4>Tadalafil + Dapoxetine<\/h4>\r\n                    <\/a>\t\t\t\t\t\t\t<a aria-label=\"Visit product category Tadalafil + Dapoxetine\" href=\"https:\/\/erozone.org\/en\/kategorija\/2in1-sex-supplements\/tadalafil-dapoxetine-en\/\"> <mark class=\"count\">5 products<\/mark><\/a>\t\t\t        <\/div>\r\n\t\t\r\n\t\t    \r\n    \r\n    <\/div>\r\n\r\n    <div class=\"category-grid col-xs-12 col-sm-3 columns-4 text-color-dark valign-center style-classic content-under product-category product\"\t\tdata-hover=\"none\">\r\n\t\t<a aria-label=\"Visit product category Udenafil + Dapoxetine\" href=\"https:\/\/erozone.org\/en\/kategorija\/2in1-sex-supplements\/udenafil-dapoxetine-en\/\"><img loading=\"lazy\" decoding=\"async\" src=\"https:\/\/erozone.org\/wp-content\/uploads\/2022\/03\/Polish_20220329_001515300-350x350.jpg\" alt=\"Udenafil + Dapoxetine\" width=\"350\" height=\"350\" \/><\/a>\r\n        <div class=\"categories-mask text-center text-uppercase\">\r\n\t\t\t\t\t\t\t<a aria-label=\"Visit product category Udenafil + Dapoxetine\" href=\"https:\/\/erozone.org\/en\/kategorija\/2in1-sex-supplements\/udenafil-dapoxetine-en\/\">                        <h4>Udenafil + Dapoxetine<\/h4>\r\n                    <\/a>\t\t\t\t\t\t\t\t\t\t        <\/div>\r\n\t\t\r\n\t\t    \r\n    \r\n    <\/div>\r\n\r\n    <div class=\"category-grid col-xs-12 col-sm-3 columns-4 text-color-dark valign-center style-classic content-under product-category product last\"\t\tdata-hover=\"none\">\r\n\t\t<a aria-label=\"Visit product category Herbal supplements for potency\" href=\"https:\/\/erozone.org\/en\/kategorija\/herbal-supplements-for-potency\/\"><img loading=\"lazy\" decoding=\"async\" src=\"https:\/\/erozone.org\/wp-content\/uploads\/2023\/01\/naturalus-sex2-350x350.jpg\" alt=\"Herbal supplements for potency\" width=\"350\" height=\"350\" \/><\/a>\r\n        <div class=\"categories-mask text-center text-uppercase\">\r\n\t\t\t\t\t\t\t<a aria-label=\"Visit product category Herbal supplements for potency\" href=\"https:\/\/erozone.org\/en\/kategorija\/herbal-supplements-for-potency\/\">                        <h4>Herbal supplements for potency<\/h4>\r\n                    <\/a>\t\t\t\t\t\t\t\t\t\t        <\/div>\r\n\t\t\r\n\t\t    \r\n    \r\n    <\/div>\r\n\r\n    <div class=\"category-grid col-xs-12 col-sm-3 columns-4 text-color-dark valign-center style-classic content-under product-category product\"\t\tdata-hover=\"none\">\r\n\t\t<a aria-label=\"Visit product category For erection strenghtening\" href=\"https:\/\/erozone.org\/en\/kategorija\/for-erection\/\"><img loading=\"lazy\" decoding=\"async\" src=\"https:\/\/erozone.org\/wp-content\/uploads\/2022\/03\/white-pills-and-big-banana-in-man-hands-isolated-on-white-background-potency-concept-big-banana-picture_csp30389910-350x350.jpg\" alt=\"For erection strenghtening\" width=\"350\" height=\"350\" \/><\/a>\r\n        <div class=\"categories-mask text-center text-uppercase\">\r\n\t\t\t\t\t\t\t<a aria-label=\"Visit product category For erection strenghtening\" href=\"https:\/\/erozone.org\/en\/kategorija\/for-erection\/\">                        <h4>For erection strenghtening<\/h4>\r\n                    <\/a>\t\t\t\t\t\t\t<a aria-label=\"Visit product category For erection strenghtening\" href=\"https:\/\/erozone.org\/en\/kategorija\/for-erection\/\"> <mark class=\"count\">50 products<\/mark><\/a>\t\t\t        <\/div>\r\n\t\t\r\n\t\t    \r\n    \r\n    <\/div>\r\n\r\n    <div class=\"category-grid col-xs-12 col-sm-3 columns-4 text-color-dark valign-center style-classic content-under product-category product last\"\t\tdata-hover=\"none\">\r\n\t\t<a aria-label=\"Visit product category Avanafil (Spedra)\" href=\"https:\/\/erozone.org\/en\/kategorija\/for-erection\/avanafil-en\/\"><img loading=\"lazy\" decoding=\"async\" src=\"https:\/\/erozone.org\/wp-content\/uploads\/2022\/03\/images-1.jpeg\" alt=\"Avanafil (Spedra)\" width=\"350\" height=\"350\" \/><\/a>\r\n        <div class=\"categories-mask text-center text-uppercase\">\r\n\t\t\t\t\t\t\t<a aria-label=\"Visit product category Avanafil (Spedra)\" href=\"https:\/\/erozone.org\/en\/kategorija\/for-erection\/avanafil-en\/\">                        <h4>Avanafil (Spedra)<\/h4>\r\n                    <\/a>\t\t\t\t\t\t\t<a aria-label=\"Visit product category Avanafil (Spedra)\" href=\"https:\/\/erozone.org\/en\/kategorija\/for-erection\/avanafil-en\/\"> <mark class=\"count\">4 products<\/mark><\/a>\t\t\t        <\/div>\r\n\t\t\r\n\t\t    \r\n    \r\n    <\/div>\r\n\r\n\t\t\t\t\t\t\n\t\t\t\t\t\t\n                    <\/div> \t\t\t\t\t\n\t\t\t\t\t\n                <\/div>                 \n                \t\t\t\t\n\t\t\t\t\t\t\t\t<\/div>\n\t\t\t\t<\/div>\n\t\t\t\t\t<\/div>\n\t\t\t\t<\/div>\n\t\t<div class=\"elementor-element elementor-element-3fb8f90 e-flex e-con-boxed e-con e-parent\" data-id=\"3fb8f90\" data-element_type=\"container\">\n\t\t\t\t\t<div class=\"e-con-inner\">\n\t\t\t\t<div class=\"elementor-element elementor-element-4b4b6e1 elementor-widget elementor-widget-text-editor\" data-id=\"4b4b6e1\" data-element_type=\"widget\" data-widget_type=\"text-editor.default\">\n\t\t\t\t<div class=\"elementor-widget-container\">\n\t\t\t\t\t\t\t\t\t<h2>Highest Quality Sex Supplements<\/h2><p>Erozone.org is a website where you will find the highest quality sex supplements for men and women. We offer a wide range of products designed to enhance and enrich your sexual experience, regardless of your age, gender or needs.<br \/>Here you will find well-known and proven products that have been carefully and responsibly selected to give you the optimal sexual experience with your other half. We understand that every individual sexual well-being issue requires special attention, which is why we offer a wide range of products to meet a wide range of needs, from improving erections to increasing libido.<\/p><h2>Sex Supplements: The Largest Choice on the Market<\/h2><p>We understand that sexual well-being is integral to overall health and happiness, which is why we&#8217;re committed to supporting your sexual wellness at all stages of life. Our range includes the widest selection of supplements to enrich your sex life &#8211; for potency, libido, prolonging sex, erectile dysfunction, premature ejaculation, stronger orgasms, increased arousal and more.<\/p><h2>Quick and Reliable Purchase<\/h2><p>The ordering and purchasing process at Erozone.org is not only convenient, but also safe. We guarantee the highest level of privacy and offer fast and discreet delivery. In addition, our customer service team is always ready to answer your questions and help you choose the best product for your individual needs.<\/p><h2>Start Your Journey to Sexual Wellbeing With Erozone.org<\/h2><p>On our website, everyone can find the right supplements for themselves, to improve their sex life and performance, increase sexual passion and energy. Erozone.org is your reliable partner on the road to sexual satisfaction. Start your journey to a better sex life today!<\/p>\t\t\t\t\t\t\t\t<\/div>\n\t\t\t\t<\/div>\n\t\t\t\t\t<\/div>\n\t\t\t\t<\/div>\n\t\t\t\t<\/div>\n\t\t","protected":false},"excerpt":{"rendered":"<p>Erozone &#8211; Sex supplements online Kitos 20 preki\u0173 Papildai seksui pagerinti 2in1 22 prek\u0117s Tablet\u0117s erekcijai stiprinti 72 prek\u0117s Papildai moterims 5 prek\u0117s Lytinio akto prailginimo papildai 7 prek\u0117s Viagra (Sildenafilis) be recepto 35 prek\u0117s Cialis (Tadalafilis) be recepto 26 prek\u0117s Vardenafilis (Levitra) be recepto 9 prek\u0117s Udenafil (Zidena) be recepto 1 prek\u0117 Avanafilis (Spedra) be recepto 4 prek\u0117s Sildenafil + Dapoxetine 6 prek\u0117s Tadalafil + Dapoxetine 7 prek\u0117s Highest Quality Sex Supplements Erozone.org is a website where you will find the highest quality sex supplements for men and women. We offer a wide range of products designed to enhance<\/p>\n","protected":false},"author":1,"featured_media":0,"parent":0,"menu_order":0,"comment_status":"closed","ping_status":"closed","template":"","meta":{"footnotes":""},"class_list":["post-36283","page","type-page","status-publish","hentry"],"yoast_head":"<!-- This site is optimized with the Yoast SEO plugin v26.2 - https:\/\/yoast.com\/wordpress\/plugins\/seo\/ -->\n<title>Erozone - Erozone<\/title>\n<meta name=\"robots\" content=\"index, follow, max-snippet:-1, max-image-preview:large, max-video-preview:-1\" \/>\n<link rel=\"canonical\" href=\"https:\/\/erozone.org\/\" \/>\n<meta property=\"og:locale\" content=\"en_US\" \/>\n<meta property=\"og:type\" content=\"article\" \/>\n<meta property=\"og:title\" content=\"Erozone - Erozone\" \/>\n<meta property=\"og:description\" content=\"Erozone &#8211; Sex supplements online Kitos 20 preki\u0173 Papildai seksui pagerinti 2in1 22 prek\u0117s Tablet\u0117s erekcijai stiprinti 72 prek\u0117s Papildai moterims 5 prek\u0117s Lytinio akto prailginimo papildai 7 prek\u0117s Viagra (Sildenafilis) be recepto 35 prek\u0117s Cialis (Tadalafilis) be recepto 26 prek\u0117s Vardenafilis (Levitra) be recepto 9 prek\u0117s Udenafil (Zidena) be recepto 1 prek\u0117 Avanafilis (Spedra) be recepto 4 prek\u0117s Sildenafil + Dapoxetine 6 prek\u0117s Tadalafil + Dapoxetine 7 prek\u0117s Highest Quality Sex Supplements Erozone.org is a website where you will find the highest quality sex supplements for men and women. We offer a wide range of products designed to enhance\" \/>\n<meta property=\"og:url\" content=\"https:\/\/erozone.org\/\" \/>\n<meta property=\"og:site_name\" content=\"Erozone\" \/>\n<meta property=\"article:modified_time\" content=\"2025-02-06T08:17:42+00:00\" \/>\n<meta property=\"og:image\" content=\"https:\/\/erozone.org\/wp-content\/uploads\/woocommerce-placeholder.png\" \/>\n<meta name=\"twitter:card\" content=\"summary_large_image\" \/>\n<meta name=\"twitter:label1\" content=\"Est. reading time\" \/>\n\t<meta name=\"twitter:data1\" content=\"4 minutes\" \/>\n<script type=\"application\/ld+json\" class=\"yoast-schema-graph\">{\"@context\":\"https:\/\/schema.org\",\"@graph\":[{\"@type\":\"WebPage\",\"@id\":\"https:\/\/erozone.org\/\",\"url\":\"https:\/\/erozone.org\/\",\"name\":\"Erozone - Erozone\",\"isPartOf\":{\"@id\":\"https:\/\/erozone.org\/en\/#website\"},\"primaryImageOfPage\":{\"@id\":\"https:\/\/erozone.org\/#primaryimage\"},\"image\":{\"@id\":\"https:\/\/erozone.org\/#primaryimage\"},\"thumbnailUrl\":\"https:\/\/erozone.org\/wp-content\/uploads\/woocommerce-placeholder.png\",\"datePublished\":\"2019-05-16T06:07:54+00:00\",\"dateModified\":\"2025-02-06T08:17:42+00:00\",\"breadcrumb\":{\"@id\":\"https:\/\/erozone.org\/#breadcrumb\"},\"inLanguage\":\"en-US\",\"potentialAction\":[{\"@type\":\"ReadAction\",\"target\":[\"https:\/\/erozone.org\/\"]}]},{\"@type\":\"ImageObject\",\"inLanguage\":\"en-US\",\"@id\":\"https:\/\/erozone.org\/#primaryimage\",\"url\":\"https:\/\/erozone.org\/wp-content\/uploads\/woocommerce-placeholder.png\",\"contentUrl\":\"https:\/\/erozone.org\/wp-content\/uploads\/woocommerce-placeholder.png\"},{\"@type\":\"BreadcrumbList\",\"@id\":\"https:\/\/erozone.org\/#breadcrumb\",\"itemListElement\":[{\"@type\":\"ListItem\",\"position\":1,\"name\":\"Home\",\"item\":\"https:\/\/erozone.org\/\"},{\"@type\":\"ListItem\",\"position\":2,\"name\":\"Erozone\"}]},{\"@type\":\"WebSite\",\"@id\":\"https:\/\/erozone.org\/en\/#website\",\"url\":\"https:\/\/erozone.org\/en\/\",\"name\":\"Erozone\",\"description\":\"prek\u0117s internetu suaugusiems\",\"publisher\":{\"@id\":\"https:\/\/erozone.org\/en\/#organization\"},\"potentialAction\":[{\"@type\":\"SearchAction\",\"target\":{\"@type\":\"EntryPoint\",\"urlTemplate\":\"https:\/\/erozone.org\/en\/?s={search_term_string}\"},\"query-input\":{\"@type\":\"PropertyValueSpecification\",\"valueRequired\":true,\"valueName\":\"search_term_string\"}}],\"inLanguage\":\"en-US\"},{\"@type\":\"Organization\",\"@id\":\"https:\/\/erozone.org\/en\/#organization\",\"name\":\"Erozone\",\"url\":\"https:\/\/erozone.org\/en\/\",\"logo\":{\"@type\":\"ImageObject\",\"inLanguage\":\"en-US\",\"@id\":\"https:\/\/erozone.org\/en\/#\/schema\/logo\/image\/\",\"url\":\"https:\/\/erozone.org\/wp-content\/uploads\/2023\/01\/logo-1.png\",\"contentUrl\":\"https:\/\/erozone.org\/wp-content\/uploads\/2023\/01\/logo-1.png\",\"width\":182,\"height\":30,\"caption\":\"Erozone\"},\"image\":{\"@id\":\"https:\/\/erozone.org\/en\/#\/schema\/logo\/image\/\"}}]}<\/script>\n<!-- \/ Yoast SEO plugin. -->","yoast_head_json":{"title":"Erozone - Erozone","robots":{"index":"index","follow":"follow","max-snippet":"max-snippet:-1","max-image-preview":"max-image-preview:large","max-video-preview":"max-video-preview:-1"},"canonical":"https:\/\/erozone.org\/","og_locale":"en_US","og_type":"article","og_title":"Erozone - Erozone","og_description":"Erozone &#8211; Sex supplements online Kitos 20 preki\u0173 Papildai seksui pagerinti 2in1 22 prek\u0117s Tablet\u0117s erekcijai stiprinti 72 prek\u0117s Papildai moterims 5 prek\u0117s Lytinio akto prailginimo papildai 7 prek\u0117s Viagra (Sildenafilis) be recepto 35 prek\u0117s Cialis (Tadalafilis) be recepto 26 prek\u0117s Vardenafilis (Levitra) be recepto 9 prek\u0117s Udenafil (Zidena) be recepto 1 prek\u0117 Avanafilis (Spedra) be recepto 4 prek\u0117s Sildenafil + Dapoxetine 6 prek\u0117s Tadalafil + Dapoxetine 7 prek\u0117s Highest Quality Sex Supplements Erozone.org is a website where you will find the highest quality sex supplements for men and women. We offer a wide range of products designed to enhance","og_url":"https:\/\/erozone.org\/","og_site_name":"Erozone","article_modified_time":"2025-02-06T08:17:42+00:00","og_image":[{"url":"https:\/\/erozone.org\/wp-content\/uploads\/woocommerce-placeholder.png","type":"","width":"","height":""}],"twitter_card":"summary_large_image","twitter_misc":{"Est. reading time":"4 minutes"},"schema":{"@context":"https:\/\/schema.org","@graph":[{"@type":"WebPage","@id":"https:\/\/erozone.org\/","url":"https:\/\/erozone.org\/","name":"Erozone - Erozone","isPartOf":{"@id":"https:\/\/erozone.org\/en\/#website"},"primaryImageOfPage":{"@id":"https:\/\/erozone.org\/#primaryimage"},"image":{"@id":"https:\/\/erozone.org\/#primaryimage"},"thumbnailUrl":"https:\/\/erozone.org\/wp-content\/uploads\/woocommerce-placeholder.png","datePublished":"2019-05-16T06:07:54+00:00","dateModified":"2025-02-06T08:17:42+00:00","breadcrumb":{"@id":"https:\/\/erozone.org\/#breadcrumb"},"inLanguage":"en-US","potentialAction":[{"@type":"ReadAction","target":["https:\/\/erozone.org\/"]}]},{"@type":"ImageObject","inLanguage":"en-US","@id":"https:\/\/erozone.org\/#primaryimage","url":"https:\/\/erozone.org\/wp-content\/uploads\/woocommerce-placeholder.png","contentUrl":"https:\/\/erozone.org\/wp-content\/uploads\/woocommerce-placeholder.png"},{"@type":"BreadcrumbList","@id":"https:\/\/erozone.org\/#breadcrumb","itemListElement":[{"@type":"ListItem","position":1,"name":"Home","item":"https:\/\/erozone.org\/"},{"@type":"ListItem","position":2,"name":"Erozone"}]},{"@type":"WebSite","@id":"https:\/\/erozone.org\/en\/#website","url":"https:\/\/erozone.org\/en\/","name":"Erozone","description":"prek\u0117s internetu suaugusiems","publisher":{"@id":"https:\/\/erozone.org\/en\/#organization"},"potentialAction":[{"@type":"SearchAction","target":{"@type":"EntryPoint","urlTemplate":"https:\/\/erozone.org\/en\/?s={search_term_string}"},"query-input":{"@type":"PropertyValueSpecification","valueRequired":true,"valueName":"search_term_string"}}],"inLanguage":"en-US"},{"@type":"Organization","@id":"https:\/\/erozone.org\/en\/#organization","name":"Erozone","url":"https:\/\/erozone.org\/en\/","logo":{"@type":"ImageObject","inLanguage":"en-US","@id":"https:\/\/erozone.org\/en\/#\/schema\/logo\/image\/","url":"https:\/\/erozone.org\/wp-content\/uploads\/2023\/01\/logo-1.png","contentUrl":"https:\/\/erozone.org\/wp-content\/uploads\/2023\/01\/logo-1.png","width":182,"height":30,"caption":"Erozone"},"image":{"@id":"https:\/\/erozone.org\/en\/#\/schema\/logo\/image\/"}}]}},"_links":{"self":[{"href":"https:\/\/erozone.org\/en\/wp-json\/wp\/v2\/pages\/36283","targetHints":{"allow":["GET"]}}],"collection":[{"href":"https:\/\/erozone.org\/en\/wp-json\/wp\/v2\/pages"}],"about":[{"href":"https:\/\/erozone.org\/en\/wp-json\/wp\/v2\/types\/page"}],"author":[{"embeddable":true,"href":"https:\/\/erozone.org\/en\/wp-json\/wp\/v2\/users\/1"}],"replies":[{"embeddable":true,"href":"https:\/\/erozone.org\/en\/wp-json\/wp\/v2\/comments?post=36283"}],"version-history":[{"count":0,"href":"https:\/\/erozone.org\/en\/wp-json\/wp\/v2\/pages\/36283\/revisions"}],"wp:attachment":[{"href":"https:\/\/erozone.org\/en\/wp-json\/wp\/v2\/media?parent=36283"}],"curies":[{"name":"wp","href":"https:\/\/api.w.org\/{rel}","templated":true}]}}