{"id":36296,"date":"2022-06-07T10:06:37","date_gmt":"2022-06-07T07:06:37","guid":{"rendered":"https:\/\/erozone.org\/produktas\/tretin-tretinoinas-005\/"},"modified":"2024-03-22T13:43:02","modified_gmt":"2024-03-22T11:43:02","slug":"tretin-tretinoinas-005","status":"publish","type":"product","link":"https:\/\/erozone.org\/en\/produktas\/tretin-tretinoinas-005\/","title":{"rendered":"Tretin &#8211; tretinoinas 0,05%"},"content":{"rendered":"<p><img fetchpriority=\"high\" decoding=\"async\" class=\"alignnone size-full wp-image-36055\" src=\"https:\/\/erozone.org\/wp-content\/uploads\/2022\/05\/2022-05-12_21.18.43-1-1-scaled.jpg\" alt=\"\" width=\"2560\" height=\"1107\" \/><\/p>\n","protected":false},"excerpt":{"rendered":"<p>Tretin kremo veiklioji med\u017eiaga 0,05% Tretinoinas yra itin veiksminga priemon\u0117 kovoti su akne, rauk\u0161l\u0117mis bei odos sen\u0117jimu. Tretinoinas naudojamas ne tik aknei gydyti,bet ir odos sen\u0117jimo l\u0117tinimui. Jis tapo populiaria sen\u0117jim\u0105 l\u0117tinan\u010di\u0173 odos priemoni\u0173 sudedam\u0105ja dalimi. Tretinoinas \u2013 stiprus antioksidantas, padedantis greitai pa\u0161alinti negyvas odos l\u0105steles ir skatinantis kolageno skaidul\u0173 gamyb\u0105 bei pasi\u017eymintis eksfolijuojamosiomis savyb\u0117mis.<\/p>\n<p>Tretin 0.05% tretinoino kremas yra naudojamas veido, kr\u016btin\u0117s ar nugaros aknei gydyti.<br \/>\nJis i\u0161valo odos poras ir taip naikina spuogus bei apsaugo nuo d\u0117mi\u0173 ar nauj\u0173 spuog\u0173 atsiradimo.<br \/>\nNorimas efektas gali atsirasti po keli\u0173 savai\u010di\u0173. Kartais akn\u0117 gali sustipr\u0117ti, ta\u010diau tinkamai naudojant ir su laiku j\u016bs\u0173 oda taps skaistesn\u0117 ir akn\u0117 i\u0161nyks. Kuo anks\u010diau prad\u0117site naudoti Tretin 0.05% krem\u0105, tuo ma\u017eesn\u0117 tikimyb\u0117, kad atsiras akn\u0117s rand\u0173.<\/p>\n<p>Tretin 0.05% kremas pad\u0117s jums kovoti su akne, atgaivins ir su\u0161velnins veido od\u0105, panaikins ma\u017eas odos rauk\u0161leles. Naudojant \u0161\u012f krem\u0105 pager\u0117s j\u016bs\u0173 savijauta, nes j\u016bs\u0173 oda taps skaistes\u0117 be spuog\u0173. Jo negalima naudoti, jei turite egzem\u0105 ar nudegusi\u0105 od\u0105.<\/p>\n<p>Tretin 0.05% kremas suma\u017eina per didel\u0119 odos riebal\u0173 gamyb\u0105 ir atgaivin\u0105 od\u0105. Prie\u0161 tepdami plon\u0105 \u0161io vaisto sluoksn\u012f, pa\u017eeist\u0105 viet\u0105 turite nuplauti ir i\u0161d\u017eiovinti. Negalima tepti ant pa\u017eeistos odos ir vengti s\u0105ly\u010dio su burna, akimis ir nosimi. Gali praeiti kelios savait\u0117s, kol simptomai pager\u0117s, ta\u010diau vartokite j\u012f reguliariai, kad gautum\u0117te did\u017eiausi\u0105 naud\u0105.<\/p>\n<p>Naudojant Tretin 0.05% krem\u0105 gerkite daug vandens ir naudokite dr\u0117kinam\u0105j\u012f krem\u0105.<\/p>\n<p>Tretin 0.05% gali padidinti jautrum\u0105 saul\u0117s \u0161viesai, tod\u0117l, jei \u012fmanoma, tur\u0117tum\u0117te apriboti buvim\u0105 saul\u0117je. Tai gali padaryti j\u016bs\u0173 od\u0105 trapesn\u0119. Naudojant Tretin 0.05% patartina nesidaryti va\u0161kavimo (plaukeli\u0173 \u0161alinimo) ar lazerini\u0173 proced\u016br\u0173. N\u0117\u0161\u010dios moterys arba moterys, kurios planuoja pastoti, netur\u0117t\u0173 vartoti Tretin 0.05%.<\/p>\n<p>Naudojimas:<br \/>\nNuvalykite ir nusausinkite pa\u017eeist\u0105 viet\u0105 ir patepkite kremu. U\u017etep\u0119 nusiplaukite rankas.<\/p>\n","protected":false},"featured_media":36279,"template":"","meta":[],"etheme_brands":[],"product_brand":[],"product_cat":[152],"product_tag":[],"class_list":{"0":"post-36296","1":"product","2":"type-product","3":"status-publish","4":"has-post-thumbnail","6":"product_cat-for-women","8":"first","9":"outofstock","10":"shipping-taxable","11":"purchasable","12":"product-type-simple"},"yoast_head":"<!-- This site is optimized with the Yoast SEO plugin v26.2 - https:\/\/yoast.com\/wordpress\/plugins\/seo\/ -->\n<title>Tretin - tretinoinas 0,05% - Erozone<\/title>\n<meta name=\"description\" content=\"Tretin - tretinoinas 0,05% \u2705 Stiprinkite potencij\u0105 su m\u016bs\u0173 papildais u\u017e ger\u0105 kain\u0105 \u2764\ufe0f Gyvenkite aktyv\u0173 gyvenim\u0105! U\u017esisakykite!\" \/>\n<meta name=\"robots\" content=\"index, follow, max-snippet:-1, max-image-preview:large, max-video-preview:-1\" \/>\n<link rel=\"canonical\" href=\"https:\/\/erozone.org\/en\/produktas\/tretin-tretinoinas-005\/\" \/>\n<meta property=\"og:locale\" content=\"en_US\" \/>\n<meta property=\"og:type\" content=\"article\" \/>\n<meta property=\"og:title\" content=\"Tretin - tretinoinas 0,05% - Erozone\" \/>\n<meta property=\"og:description\" content=\"Tretin - tretinoinas 0,05% \u2705 Stiprinkite potencij\u0105 su m\u016bs\u0173 papildais u\u017e ger\u0105 kain\u0105 \u2764\ufe0f Gyvenkite aktyv\u0173 gyvenim\u0105! U\u017esisakykite!\" \/>\n<meta property=\"og:url\" content=\"https:\/\/erozone.org\/en\/produktas\/tretin-tretinoinas-005\/\" \/>\n<meta property=\"og:site_name\" content=\"Erozone\" \/>\n<meta property=\"article:modified_time\" content=\"2024-03-22T11:43:02+00:00\" \/>\n<meta property=\"og:image\" content=\"https:\/\/erozone.org\/wp-content\/uploads\/2022\/05\/2022-05-12_21.20.17-1-1.jpg\" \/>\n\t<meta property=\"og:image:width\" content=\"1996\" \/>\n\t<meta property=\"og:image:height\" content=\"1183\" \/>\n\t<meta property=\"og:image:type\" content=\"image\/jpeg\" \/>\n<meta name=\"twitter:card\" content=\"summary_large_image\" \/>\n<script type=\"application\/ld+json\" class=\"yoast-schema-graph\">{\"@context\":\"https:\/\/schema.org\",\"@graph\":[{\"@type\":\"WebPage\",\"@id\":\"https:\/\/erozone.org\/en\/produktas\/tretin-tretinoinas-005\/\",\"url\":\"https:\/\/erozone.org\/en\/produktas\/tretin-tretinoinas-005\/\",\"name\":\"Tretin - tretinoinas 0,05% - Erozone\",\"isPartOf\":{\"@id\":\"https:\/\/erozone.org\/en\/#website\"},\"primaryImageOfPage\":{\"@id\":\"https:\/\/erozone.org\/en\/produktas\/tretin-tretinoinas-005\/#primaryimage\"},\"image\":{\"@id\":\"https:\/\/erozone.org\/en\/produktas\/tretin-tretinoinas-005\/#primaryimage\"},\"thumbnailUrl\":\"https:\/\/erozone.org\/wp-content\/uploads\/2022\/05\/2022-05-12_21.20.17-1-1.jpg\",\"datePublished\":\"2022-06-07T07:06:37+00:00\",\"dateModified\":\"2024-03-22T11:43:02+00:00\",\"description\":\"Tretin - tretinoinas 0,05% \u2705 Stiprinkite potencij\u0105 su m\u016bs\u0173 papildais u\u017e ger\u0105 kain\u0105 \u2764\ufe0f Gyvenkite aktyv\u0173 gyvenim\u0105! U\u017esisakykite!\",\"breadcrumb\":{\"@id\":\"https:\/\/erozone.org\/en\/produktas\/tretin-tretinoinas-005\/#breadcrumb\"},\"inLanguage\":\"en-US\",\"potentialAction\":[{\"@type\":\"ReadAction\",\"target\":[\"https:\/\/erozone.org\/en\/produktas\/tretin-tretinoinas-005\/\"]}]},{\"@type\":\"ImageObject\",\"inLanguage\":\"en-US\",\"@id\":\"https:\/\/erozone.org\/en\/produktas\/tretin-tretinoinas-005\/#primaryimage\",\"url\":\"https:\/\/erozone.org\/wp-content\/uploads\/2022\/05\/2022-05-12_21.20.17-1-1.jpg\",\"contentUrl\":\"https:\/\/erozone.org\/wp-content\/uploads\/2022\/05\/2022-05-12_21.20.17-1-1.jpg\",\"width\":1996,\"height\":1183},{\"@type\":\"BreadcrumbList\",\"@id\":\"https:\/\/erozone.org\/en\/produktas\/tretin-tretinoinas-005\/#breadcrumb\",\"itemListElement\":[{\"@type\":\"ListItem\",\"position\":1,\"name\":\"Home\",\"item\":\"https:\/\/erozone.org\/\"},{\"@type\":\"ListItem\",\"position\":2,\"name\":\"Katalogas\",\"item\":\"https:\/\/erozone.org\/katalogas\/\"},{\"@type\":\"ListItem\",\"position\":3,\"name\":\"Tretin &#8211; tretinoinas 0,05%\"}]},{\"@type\":\"WebSite\",\"@id\":\"https:\/\/erozone.org\/en\/#website\",\"url\":\"https:\/\/erozone.org\/en\/\",\"name\":\"Erozone\",\"description\":\"prek\u0117s internetu suaugusiems\",\"publisher\":{\"@id\":\"https:\/\/erozone.org\/en\/#organization\"},\"potentialAction\":[{\"@type\":\"SearchAction\",\"target\":{\"@type\":\"EntryPoint\",\"urlTemplate\":\"https:\/\/erozone.org\/en\/?s={search_term_string}\"},\"query-input\":{\"@type\":\"PropertyValueSpecification\",\"valueRequired\":true,\"valueName\":\"search_term_string\"}}],\"inLanguage\":\"en-US\"},{\"@type\":\"Organization\",\"@id\":\"https:\/\/erozone.org\/en\/#organization\",\"name\":\"Erozone\",\"url\":\"https:\/\/erozone.org\/en\/\",\"logo\":{\"@type\":\"ImageObject\",\"inLanguage\":\"en-US\",\"@id\":\"https:\/\/erozone.org\/en\/#\/schema\/logo\/image\/\",\"url\":\"https:\/\/erozone.org\/wp-content\/uploads\/2023\/01\/logo-1.png\",\"contentUrl\":\"https:\/\/erozone.org\/wp-content\/uploads\/2023\/01\/logo-1.png\",\"width\":182,\"height\":30,\"caption\":\"Erozone\"},\"image\":{\"@id\":\"https:\/\/erozone.org\/en\/#\/schema\/logo\/image\/\"}}]}<\/script>\n<!-- \/ Yoast SEO plugin. -->","yoast_head_json":{"title":"Tretin - tretinoinas 0,05% - Erozone","description":"Tretin - tretinoinas 0,05% \u2705 Stiprinkite potencij\u0105 su m\u016bs\u0173 papildais u\u017e ger\u0105 kain\u0105 \u2764\ufe0f Gyvenkite aktyv\u0173 gyvenim\u0105! U\u017esisakykite!","robots":{"index":"index","follow":"follow","max-snippet":"max-snippet:-1","max-image-preview":"max-image-preview:large","max-video-preview":"max-video-preview:-1"},"canonical":"https:\/\/erozone.org\/en\/produktas\/tretin-tretinoinas-005\/","og_locale":"en_US","og_type":"article","og_title":"Tretin - tretinoinas 0,05% - Erozone","og_description":"Tretin - tretinoinas 0,05% \u2705 Stiprinkite potencij\u0105 su m\u016bs\u0173 papildais u\u017e ger\u0105 kain\u0105 \u2764\ufe0f Gyvenkite aktyv\u0173 gyvenim\u0105! U\u017esisakykite!","og_url":"https:\/\/erozone.org\/en\/produktas\/tretin-tretinoinas-005\/","og_site_name":"Erozone","article_modified_time":"2024-03-22T11:43:02+00:00","og_image":[{"width":1996,"height":1183,"url":"https:\/\/erozone.org\/wp-content\/uploads\/2022\/05\/2022-05-12_21.20.17-1-1.jpg","type":"image\/jpeg"}],"twitter_card":"summary_large_image","schema":{"@context":"https:\/\/schema.org","@graph":[{"@type":"WebPage","@id":"https:\/\/erozone.org\/en\/produktas\/tretin-tretinoinas-005\/","url":"https:\/\/erozone.org\/en\/produktas\/tretin-tretinoinas-005\/","name":"Tretin - tretinoinas 0,05% - Erozone","isPartOf":{"@id":"https:\/\/erozone.org\/en\/#website"},"primaryImageOfPage":{"@id":"https:\/\/erozone.org\/en\/produktas\/tretin-tretinoinas-005\/#primaryimage"},"image":{"@id":"https:\/\/erozone.org\/en\/produktas\/tretin-tretinoinas-005\/#primaryimage"},"thumbnailUrl":"https:\/\/erozone.org\/wp-content\/uploads\/2022\/05\/2022-05-12_21.20.17-1-1.jpg","datePublished":"2022-06-07T07:06:37+00:00","dateModified":"2024-03-22T11:43:02+00:00","description":"Tretin - tretinoinas 0,05% \u2705 Stiprinkite potencij\u0105 su m\u016bs\u0173 papildais u\u017e ger\u0105 kain\u0105 \u2764\ufe0f Gyvenkite aktyv\u0173 gyvenim\u0105! U\u017esisakykite!","breadcrumb":{"@id":"https:\/\/erozone.org\/en\/produktas\/tretin-tretinoinas-005\/#breadcrumb"},"inLanguage":"en-US","potentialAction":[{"@type":"ReadAction","target":["https:\/\/erozone.org\/en\/produktas\/tretin-tretinoinas-005\/"]}]},{"@type":"ImageObject","inLanguage":"en-US","@id":"https:\/\/erozone.org\/en\/produktas\/tretin-tretinoinas-005\/#primaryimage","url":"https:\/\/erozone.org\/wp-content\/uploads\/2022\/05\/2022-05-12_21.20.17-1-1.jpg","contentUrl":"https:\/\/erozone.org\/wp-content\/uploads\/2022\/05\/2022-05-12_21.20.17-1-1.jpg","width":1996,"height":1183},{"@type":"BreadcrumbList","@id":"https:\/\/erozone.org\/en\/produktas\/tretin-tretinoinas-005\/#breadcrumb","itemListElement":[{"@type":"ListItem","position":1,"name":"Home","item":"https:\/\/erozone.org\/"},{"@type":"ListItem","position":2,"name":"Katalogas","item":"https:\/\/erozone.org\/katalogas\/"},{"@type":"ListItem","position":3,"name":"Tretin &#8211; tretinoinas 0,05%"}]},{"@type":"WebSite","@id":"https:\/\/erozone.org\/en\/#website","url":"https:\/\/erozone.org\/en\/","name":"Erozone","description":"prek\u0117s internetu suaugusiems","publisher":{"@id":"https:\/\/erozone.org\/en\/#organization"},"potentialAction":[{"@type":"SearchAction","target":{"@type":"EntryPoint","urlTemplate":"https:\/\/erozone.org\/en\/?s={search_term_string}"},"query-input":{"@type":"PropertyValueSpecification","valueRequired":true,"valueName":"search_term_string"}}],"inLanguage":"en-US"},{"@type":"Organization","@id":"https:\/\/erozone.org\/en\/#organization","name":"Erozone","url":"https:\/\/erozone.org\/en\/","logo":{"@type":"ImageObject","inLanguage":"en-US","@id":"https:\/\/erozone.org\/en\/#\/schema\/logo\/image\/","url":"https:\/\/erozone.org\/wp-content\/uploads\/2023\/01\/logo-1.png","contentUrl":"https:\/\/erozone.org\/wp-content\/uploads\/2023\/01\/logo-1.png","width":182,"height":30,"caption":"Erozone"},"image":{"@id":"https:\/\/erozone.org\/en\/#\/schema\/logo\/image\/"}}]}},"_links":{"self":[{"href":"https:\/\/erozone.org\/en\/wp-json\/wp\/v2\/product\/36296","targetHints":{"allow":["GET"]}}],"collection":[{"href":"https:\/\/erozone.org\/en\/wp-json\/wp\/v2\/product"}],"about":[{"href":"https:\/\/erozone.org\/en\/wp-json\/wp\/v2\/types\/product"}],"version-history":[{"count":0,"href":"https:\/\/erozone.org\/en\/wp-json\/wp\/v2\/product\/36296\/revisions"}],"wp:featuredmedia":[{"embeddable":true,"href":"https:\/\/erozone.org\/en\/wp-json\/wp\/v2\/media\/36279"}],"wp:attachment":[{"href":"https:\/\/erozone.org\/en\/wp-json\/wp\/v2\/media?parent=36296"}],"wp:term":[{"taxonomy":"brand","embeddable":true,"href":"https:\/\/erozone.org\/en\/wp-json\/wp\/v2\/etheme_brands?post=36296"},{"taxonomy":"product_brand","embeddable":true,"href":"https:\/\/erozone.org\/en\/wp-json\/wp\/v2\/product_brand?post=36296"},{"taxonomy":"product_cat","embeddable":true,"href":"https:\/\/erozone.org\/en\/wp-json\/wp\/v2\/product_cat?post=36296"},{"taxonomy":"product_tag","embeddable":true,"href":"https:\/\/erozone.org\/en\/wp-json\/wp\/v2\/product_tag?post=36296"}],"curies":[{"name":"wp","href":"https:\/\/api.w.org\/{rel}","templated":true}]}}