{"id":36297,"date":"2022-05-16T22:43:51","date_gmt":"2022-05-16T19:43:51","guid":{"rendered":"https:\/\/erozone.org\/produktas\/tadalis-sx\/"},"modified":"2026-05-02T12:54:16","modified_gmt":"2026-05-02T09:54:16","slug":"tadalis-sx","status":"publish","type":"product","link":"https:\/\/erozone.org\/en\/produktas\/tadalis-sx\/","title":{"rendered":"Tadalis SX 20"},"content":{"rendered":"<p>Tadalis SX 20 &#8211; ilgo poveikio preparatas vyrams (nuo 18 iki 64 met\u0173 am\u017eiaus) nuo erekcijos sutrikim\u0173 ir lytiniam paj\u0117gumui didinti.<br \/>\nTadalis SX 20 pasi\u017eymi itin ilgu veikimo laiku. \u0160is produktas suteiks vyrams stipresnes erekcijas ir leis erekcij\u0105 i\u0161laikyti stand\u017ei\u0105 ilgesn\u012f laik\u0105, pad\u0117s \u012fveikti erekcijos sutrikimus ar impotencija bei suteiks dar standesnes rytines erekcijas.<br \/>\nTadalis SX 20 susideda i\u0161 20 mg tadalafil.<\/p>\n<p>Tadalafil veikia varpoje atpalaiduodamas akytk\u016bnio raumen\u012f ir ple\u010diant varpos kraujagysles bei kartu nukreipia didesn\u012f kraujo sraut\u0105 \u012f varpos srit\u012f, kuomet vyras yra seksualiai stimuliuojamas. \u0160is padid\u0117j\u0119s kraujo srautas sukelia stipri\u0105 erekcij\u0105 ir padeda erekcij\u0105 i\u0161laikyti stand\u017ei\u0105 viso lytinio akto metu.<br \/>\nTadalafil yra naudojamas erekcijos disfunkcijai gydyti bei potencijai stiprinti. Tadalafil pasi\u017eymi savo ilgu veikimo laiku, t.y. efekt\u0105 potencijai teikia 4-6 kartus ilgiau nei kitos veikliosios med\u017eiagos potencijai.<\/p>\n<h2>Kod\u0117l verta rinktis Tadalis SX 20?<\/h2>\n<p>\u2013 efektas potencijai iki 36 val !<\/p>\n<p>\u2013 padidina seksualin\u012f pasitik\u0117jim\u0105;<\/p>\n<p>\u2013 standesn\u0117s erekcijos;<\/p>\n<p>\u2013 ilgiau trunkan\u010dios erekcijos;<\/p>\n<p>\u2013 didesn\u0117 seksualin\u0117 i\u0161tverm\u0117;<\/p>\n<p>\u2013 stiprios rytin\u0117s erekcijos;<\/p>\n<p>\u2013 padeda \u012fveikti erekcijos sutrikimus.<\/p>\n<h2>Tadalis SX 20 vartojimas:<\/h2>\n<p>Tadalis SX 20 galima i\u0161gerti u\u017egeriant stikline vandens, bet kuriuo paros metu, nepriklausomai nuo lytinio akto momento, kadangi preparatas veikia iki 36 val., ta\u010diau bent 60 minu\u010di\u0173 prie\u0161 lytin\u012f akt\u0105.\u00a0 Vartoti neprisivalgius. Nemai\u0161yti su greipfrutais ar j\u0173 produktais. Nenaudoti valgio metu.<br \/>\nMaksimali paros doz\u0117 1 tablet\u0117.<\/p>\n<h2 id=\"tw-target-text\" class=\"tw-data-text tw-text-large tw-ta\" dir=\"ltr\" data-placeholder=\"Vertimas\" aria-label=\"I\u0161verstas tekstas\" data-ved=\"2ahUKEwjX9MHQs7yGAxWkRaQEHStLCz8Q3ewLegQIDxAU\"><span class=\"Y2IQFc\" lang=\"lt\">Tadalis SX 20 laikymas:<\/span><\/h2>\n<p class=\"tw-data-text tw-text-large tw-ta\" dir=\"ltr\" data-placeholder=\"Vertimas\" aria-label=\"I\u0161verstas tekstas\" data-ved=\"2ahUKEwjX9MHQs7yGAxWkRaQEHStLCz8Q3ewLegQIDxAU\"><span class=\"Y2IQFc\" lang=\"lt\">Tadalis SX 20 tablet\u0117s turi b\u016bti laikomos kambario temperat\u016broje, apsaugotoje nuo dr\u0117gm\u0117s ir kar\u0161\u010dio. Tabletes laikykite vaikams ir naminiams gyv\u016bn\u0117liams nepasiekiamoje vietoje.<\/span><\/p>\n<h2 class=\"tw-data-text tw-text-large tw-ta\" dir=\"ltr\" data-placeholder=\"Vertimas\" aria-label=\"I\u0161verstas tekstas\" data-ved=\"2ahUKEwjX9MHQs7yGAxWkRaQEHStLCz8Q3ewLegQIDxAU\"><span class=\"Y2IQFc\" lang=\"lt\">\u0160alutiniai poveikiai:<\/span><\/h2>\n<p class=\"tw-data-text tw-text-large tw-ta\" dir=\"ltr\" data-placeholder=\"Vertimas\" aria-label=\"I\u0161verstas tekstas\" data-ved=\"2ahUKEwjX9MHQs7yGAxWkRaQEHStLCz8Q3ewLegQIDxAU\"><span class=\"Y2IQFc\" lang=\"lt\">Da\u017enas Tadalis SX 20 table\u010di\u0173 \u0161alutinis poveikis gali b\u016bti galvos skausmas, nugaros skausmas, raumen\u0173 skausmai, paraudimas, vir\u0161kinimo sutrikimai ir nosies u\u017egulimas. Retais atvejais gali pasireik\u0161ti sunkus \u0161alutinis poveikis, pvz., staigus reg\u0117jimo ar klausos praradimas, kr\u016btin\u0117s skausmas arba ilgiau nei keturias valandas trunkanti erekcija. Nedelsdami kreipkit\u0117s medicinin\u0117s pagalbos, jei pasirei\u0161kia bet kuris i\u0161 \u0161i\u0173 sunki\u0173 \u0161alutini\u0173 poveiki\u0173.<\/span><\/p>\n<h2 class=\"tw-data-text tw-text-large tw-ta\" dir=\"ltr\" data-placeholder=\"Vertimas\" aria-label=\"I\u0161verstas tekstas\" data-ved=\"2ahUKEwjX9MHQs7yGAxWkRaQEHStLCz8Q3ewLegQIDxAU\"><span class=\"Y2IQFc\" lang=\"lt\">Atsargumo priemon\u0117s:<\/span><\/h2>\n<p class=\"tw-data-text tw-text-large tw-ta\" dir=\"ltr\" data-placeholder=\"Vertimas\" aria-label=\"I\u0161verstas tekstas\" data-ved=\"2ahUKEwjX9MHQs7yGAxWkRaQEHStLCz8Q3ewLegQIDxAU\"><span class=\"Y2IQFc\" lang=\"lt\">Prie\u0161 prad\u0117dami vartoti Tadalis SX 20 tabletes, pasakykite savo sveikatos prie\u017ei\u016bros paslaug\u0173 teik\u0117jui, jei sirgote \u0161irdies liga, auk\u0161tu ar \u017eemu kraujosp\u016bd\u017eiu, kepen\u0173 ar inkst\u0173 liga, skrand\u017eio opa, kraujavimo sutrikimais ar kitomis sveikatos b\u016bkl\u0117mis. Tadalis SX 20 gali s\u0105veikauti su tam tikrais vaistais ir papildais, tod\u0117l svarbu informuoti savo sveikatos prie\u017ei\u016bros paslaug\u0173 teik\u0117j\u0105 apie visus \u0161iuo metu vartojamus vaistus.<\/span><\/p>\n<h2 class=\"tw-data-text tw-text-large tw-ta\" dir=\"ltr\" data-placeholder=\"Vertimas\" aria-label=\"I\u0161verstas tekstas\" data-ved=\"2ahUKEwjX9MHQs7yGAxWkRaQEHStLCz8Q3ewLegQIDxAU\"><span class=\"Y2IQFc\" lang=\"lt\">\u012esp\u0117jimai:<\/span><\/h2>\n<p class=\"tw-data-text tw-text-large tw-ta\" dir=\"ltr\" data-placeholder=\"Vertimas\" aria-label=\"I\u0161verstas tekstas\" data-ved=\"2ahUKEwjX9MHQs7yGAxWkRaQEHStLCz8Q3ewLegQIDxAU\"><span class=\"Y2IQFc\" lang=\"lt\">Tadalis SX 20 table\u010di\u0173 netur\u0117t\u0173 vartoti moterys ar vaikai. Tadalis SX 20 vartoti negalima, jeigu yra alergija jam arba bet kuriai pagalbinei jo med\u017eiagai. Jei pasirei\u0161kia alergin\u0117 reakcija, pvz., pasunk\u0117j\u0119s kv\u0117pavimas, veido, l\u016bp\u0173, lie\u017euvio ar gerkl\u0117s patinimas, kreipkit\u0117s greitosios medicinos pagalbos.<\/span><\/p>\n<h2 class=\"tw-data-text tw-text-large tw-ta\" dir=\"ltr\" data-placeholder=\"Vertimas\" aria-label=\"I\u0161verstas tekstas\" data-ved=\"2ahUKEwjX9MHQs7yGAxWkRaQEHStLCz8Q3ewLegQIDxAU\"><span class=\"Y2IQFc\" lang=\"lt\">Vaist\u0173 s\u0105veika:<\/span><\/h2>\n<p class=\"tw-data-text tw-text-large tw-ta\" dir=\"ltr\" data-placeholder=\"Vertimas\" aria-label=\"I\u0161verstas tekstas\" data-ved=\"2ahUKEwjX9MHQs7yGAxWkRaQEHStLCz8Q3ewLegQIDxAU\"><span class=\"Y2IQFc\" lang=\"lt\">Tadalis SX 20 gali s\u0105veikauti su tam tikrais vaistais, \u012fskaitant nitratus, vartojamus nuo kr\u016btin\u0117s skausmo ar \u0161irdies problem\u0173, alfa adrenoblokatorius, vartojamus auk\u0161tam kraujosp\u016bd\u017eiui ar prostatos sutrikimams gydyti, ir tam tikrais antibiotikais bei prie\u0161grybeliniais vaistais. Prie\u0161 prad\u0117dami vartoti Tadalis SX 20, informuokite savo sveikatos prie\u017ei\u016bros paslaug\u0173 teik\u0117j\u0105 apie visus \u0161iuo metu vartojamus vaistus.<\/span><\/p>\n","protected":false},"excerpt":{"rendered":"<p>Tadalis SX 20 \u2013 tai ilgo poveikio savaitgalio tablet\u0117s vyrams, kurios suteiks stipri\u0105 erekcij\u0105 ir leis j\u0105 i\u0161laikyti stand\u017ei\u0105 viso lytinio akto metu bet kuriuo paros metu bei pagerins rytin\u0119 erekcij\u0105! Tadalis SX 20 pad\u0117s \u012fveikti erekcijos sutrikimus.<\/p>\n<p>Tadalis SX 20 pad\u0117s \u012fveikti erekcijos sutrikimus ir padidins j\u016bs\u0173 lytin\u012f paj\u0117gum\u0105.<\/p>\n<p>Pakuot\u0117je 4 vnt.<\/p>\n<div class=\"woocommerce-product-details__short-description\">\n<p>(Prie\u0161 u\u017esakant perskaitykite piln\u0105 produkto apra\u0161ym\u0105, kur\u012f galite atsidaryti paspaud\u0119 ant produkto pavadinimo ar nuotraukos).<\/p>\n<\/div>\n","protected":false},"featured_media":39065,"template":"","meta":[],"etheme_brands":[],"product_brand":[],"product_cat":[162,166],"product_tag":[213],"class_list":{"0":"post-36297","1":"product","2":"type-product","3":"status-publish","4":"has-post-thumbnail","6":"product_cat-for-erection","7":"product_cat-tadalafil-en","8":"product_tag-tadalis-en","10":"first","11":"instock","12":"shipping-taxable","13":"purchasable","14":"product-type-simple"},"yoast_head":"<!-- This site is optimized with the Yoast SEO plugin v26.2 - https:\/\/yoast.com\/wordpress\/plugins\/seo\/ -->\n<title>Tadalis SX 20 - Erozone<\/title>\n<meta name=\"description\" content=\"Tadalis SX 20 \u2705 Stiprinkite potencij\u0105 su m\u016bs\u0173 papildais u\u017e ger\u0105 kain\u0105 \u2764\ufe0f Gyvenkite aktyv\u0173 gyvenim\u0105! U\u017esisakykite!\" \/>\n<meta name=\"robots\" content=\"index, follow, max-snippet:-1, max-image-preview:large, max-video-preview:-1\" \/>\n<link rel=\"canonical\" href=\"https:\/\/erozone.org\/en\/produktas\/tadalis-sx\/\" \/>\n<meta property=\"og:locale\" content=\"en_US\" \/>\n<meta property=\"og:type\" content=\"article\" \/>\n<meta property=\"og:title\" content=\"Tadalis SX 20 - Erozone\" \/>\n<meta property=\"og:description\" content=\"Tadalis SX 20 \u2705 Stiprinkite potencij\u0105 su m\u016bs\u0173 papildais u\u017e ger\u0105 kain\u0105 \u2764\ufe0f Gyvenkite aktyv\u0173 gyvenim\u0105! U\u017esisakykite!\" \/>\n<meta property=\"og:url\" content=\"https:\/\/erozone.org\/en\/produktas\/tadalis-sx\/\" \/>\n<meta property=\"og:site_name\" content=\"Erozone\" \/>\n<meta property=\"article:modified_time\" content=\"2026-05-02T09:54:16+00:00\" \/>\n<meta property=\"og:image\" content=\"https:\/\/erozone.org\/wp-content\/uploads\/2022\/05\/Tadalis-SX-org2-3.jpg\" \/>\n\t<meta property=\"og:image:width\" content=\"950\" \/>\n\t<meta property=\"og:image:height\" content=\"823\" \/>\n\t<meta property=\"og:image:type\" content=\"image\/jpeg\" \/>\n<meta name=\"twitter:card\" content=\"summary_large_image\" \/>\n<meta name=\"twitter:label1\" content=\"Est. reading time\" \/>\n\t<meta name=\"twitter:data1\" content=\"3 minutes\" \/>\n<script type=\"application\/ld+json\" class=\"yoast-schema-graph\">{\"@context\":\"https:\/\/schema.org\",\"@graph\":[{\"@type\":\"WebPage\",\"@id\":\"https:\/\/erozone.org\/en\/produktas\/tadalis-sx\/\",\"url\":\"https:\/\/erozone.org\/en\/produktas\/tadalis-sx\/\",\"name\":\"Tadalis SX 20 - Erozone\",\"isPartOf\":{\"@id\":\"https:\/\/erozone.org\/en\/#website\"},\"primaryImageOfPage\":{\"@id\":\"https:\/\/erozone.org\/en\/produktas\/tadalis-sx\/#primaryimage\"},\"image\":{\"@id\":\"https:\/\/erozone.org\/en\/produktas\/tadalis-sx\/#primaryimage\"},\"thumbnailUrl\":\"https:\/\/erozone.org\/wp-content\/uploads\/2022\/05\/Tadalis-SX-org2-3.jpg\",\"datePublished\":\"2022-05-16T19:43:51+00:00\",\"dateModified\":\"2026-05-02T09:54:16+00:00\",\"description\":\"Tadalis SX 20 \u2705 Stiprinkite potencij\u0105 su m\u016bs\u0173 papildais u\u017e ger\u0105 kain\u0105 \u2764\ufe0f Gyvenkite aktyv\u0173 gyvenim\u0105! U\u017esisakykite!\",\"breadcrumb\":{\"@id\":\"https:\/\/erozone.org\/en\/produktas\/tadalis-sx\/#breadcrumb\"},\"inLanguage\":\"en-US\",\"potentialAction\":[{\"@type\":\"ReadAction\",\"target\":[\"https:\/\/erozone.org\/en\/produktas\/tadalis-sx\/\"]}]},{\"@type\":\"ImageObject\",\"inLanguage\":\"en-US\",\"@id\":\"https:\/\/erozone.org\/en\/produktas\/tadalis-sx\/#primaryimage\",\"url\":\"https:\/\/erozone.org\/wp-content\/uploads\/2022\/05\/Tadalis-SX-org2-3.jpg\",\"contentUrl\":\"https:\/\/erozone.org\/wp-content\/uploads\/2022\/05\/Tadalis-SX-org2-3.jpg\",\"width\":950,\"height\":823},{\"@type\":\"BreadcrumbList\",\"@id\":\"https:\/\/erozone.org\/en\/produktas\/tadalis-sx\/#breadcrumb\",\"itemListElement\":[{\"@type\":\"ListItem\",\"position\":1,\"name\":\"Home\",\"item\":\"https:\/\/erozone.org\/\"},{\"@type\":\"ListItem\",\"position\":2,\"name\":\"Katalogas\",\"item\":\"https:\/\/erozone.org\/katalogas\/\"},{\"@type\":\"ListItem\",\"position\":3,\"name\":\"Tadalis SX 20\"}]},{\"@type\":\"WebSite\",\"@id\":\"https:\/\/erozone.org\/en\/#website\",\"url\":\"https:\/\/erozone.org\/en\/\",\"name\":\"Erozone\",\"description\":\"prek\u0117s internetu suaugusiems\",\"publisher\":{\"@id\":\"https:\/\/erozone.org\/en\/#organization\"},\"potentialAction\":[{\"@type\":\"SearchAction\",\"target\":{\"@type\":\"EntryPoint\",\"urlTemplate\":\"https:\/\/erozone.org\/en\/?s={search_term_string}\"},\"query-input\":{\"@type\":\"PropertyValueSpecification\",\"valueRequired\":true,\"valueName\":\"search_term_string\"}}],\"inLanguage\":\"en-US\"},{\"@type\":\"Organization\",\"@id\":\"https:\/\/erozone.org\/en\/#organization\",\"name\":\"Erozone\",\"url\":\"https:\/\/erozone.org\/en\/\",\"logo\":{\"@type\":\"ImageObject\",\"inLanguage\":\"en-US\",\"@id\":\"https:\/\/erozone.org\/en\/#\/schema\/logo\/image\/\",\"url\":\"https:\/\/erozone.org\/wp-content\/uploads\/2023\/01\/logo-1.png\",\"contentUrl\":\"https:\/\/erozone.org\/wp-content\/uploads\/2023\/01\/logo-1.png\",\"width\":182,\"height\":30,\"caption\":\"Erozone\"},\"image\":{\"@id\":\"https:\/\/erozone.org\/en\/#\/schema\/logo\/image\/\"}}]}<\/script>\n<!-- \/ Yoast SEO plugin. -->","yoast_head_json":{"title":"Tadalis SX 20 - Erozone","description":"Tadalis SX 20 \u2705 Stiprinkite potencij\u0105 su m\u016bs\u0173 papildais u\u017e ger\u0105 kain\u0105 \u2764\ufe0f Gyvenkite aktyv\u0173 gyvenim\u0105! U\u017esisakykite!","robots":{"index":"index","follow":"follow","max-snippet":"max-snippet:-1","max-image-preview":"max-image-preview:large","max-video-preview":"max-video-preview:-1"},"canonical":"https:\/\/erozone.org\/en\/produktas\/tadalis-sx\/","og_locale":"en_US","og_type":"article","og_title":"Tadalis SX 20 - Erozone","og_description":"Tadalis SX 20 \u2705 Stiprinkite potencij\u0105 su m\u016bs\u0173 papildais u\u017e ger\u0105 kain\u0105 \u2764\ufe0f Gyvenkite aktyv\u0173 gyvenim\u0105! U\u017esisakykite!","og_url":"https:\/\/erozone.org\/en\/produktas\/tadalis-sx\/","og_site_name":"Erozone","article_modified_time":"2026-05-02T09:54:16+00:00","og_image":[{"width":950,"height":823,"url":"https:\/\/erozone.org\/wp-content\/uploads\/2022\/05\/Tadalis-SX-org2-3.jpg","type":"image\/jpeg"}],"twitter_card":"summary_large_image","twitter_misc":{"Est. reading time":"3 minutes"},"schema":{"@context":"https:\/\/schema.org","@graph":[{"@type":"WebPage","@id":"https:\/\/erozone.org\/en\/produktas\/tadalis-sx\/","url":"https:\/\/erozone.org\/en\/produktas\/tadalis-sx\/","name":"Tadalis SX 20 - Erozone","isPartOf":{"@id":"https:\/\/erozone.org\/en\/#website"},"primaryImageOfPage":{"@id":"https:\/\/erozone.org\/en\/produktas\/tadalis-sx\/#primaryimage"},"image":{"@id":"https:\/\/erozone.org\/en\/produktas\/tadalis-sx\/#primaryimage"},"thumbnailUrl":"https:\/\/erozone.org\/wp-content\/uploads\/2022\/05\/Tadalis-SX-org2-3.jpg","datePublished":"2022-05-16T19:43:51+00:00","dateModified":"2026-05-02T09:54:16+00:00","description":"Tadalis SX 20 \u2705 Stiprinkite potencij\u0105 su m\u016bs\u0173 papildais u\u017e ger\u0105 kain\u0105 \u2764\ufe0f Gyvenkite aktyv\u0173 gyvenim\u0105! U\u017esisakykite!","breadcrumb":{"@id":"https:\/\/erozone.org\/en\/produktas\/tadalis-sx\/#breadcrumb"},"inLanguage":"en-US","potentialAction":[{"@type":"ReadAction","target":["https:\/\/erozone.org\/en\/produktas\/tadalis-sx\/"]}]},{"@type":"ImageObject","inLanguage":"en-US","@id":"https:\/\/erozone.org\/en\/produktas\/tadalis-sx\/#primaryimage","url":"https:\/\/erozone.org\/wp-content\/uploads\/2022\/05\/Tadalis-SX-org2-3.jpg","contentUrl":"https:\/\/erozone.org\/wp-content\/uploads\/2022\/05\/Tadalis-SX-org2-3.jpg","width":950,"height":823},{"@type":"BreadcrumbList","@id":"https:\/\/erozone.org\/en\/produktas\/tadalis-sx\/#breadcrumb","itemListElement":[{"@type":"ListItem","position":1,"name":"Home","item":"https:\/\/erozone.org\/"},{"@type":"ListItem","position":2,"name":"Katalogas","item":"https:\/\/erozone.org\/katalogas\/"},{"@type":"ListItem","position":3,"name":"Tadalis SX 20"}]},{"@type":"WebSite","@id":"https:\/\/erozone.org\/en\/#website","url":"https:\/\/erozone.org\/en\/","name":"Erozone","description":"prek\u0117s internetu suaugusiems","publisher":{"@id":"https:\/\/erozone.org\/en\/#organization"},"potentialAction":[{"@type":"SearchAction","target":{"@type":"EntryPoint","urlTemplate":"https:\/\/erozone.org\/en\/?s={search_term_string}"},"query-input":{"@type":"PropertyValueSpecification","valueRequired":true,"valueName":"search_term_string"}}],"inLanguage":"en-US"},{"@type":"Organization","@id":"https:\/\/erozone.org\/en\/#organization","name":"Erozone","url":"https:\/\/erozone.org\/en\/","logo":{"@type":"ImageObject","inLanguage":"en-US","@id":"https:\/\/erozone.org\/en\/#\/schema\/logo\/image\/","url":"https:\/\/erozone.org\/wp-content\/uploads\/2023\/01\/logo-1.png","contentUrl":"https:\/\/erozone.org\/wp-content\/uploads\/2023\/01\/logo-1.png","width":182,"height":30,"caption":"Erozone"},"image":{"@id":"https:\/\/erozone.org\/en\/#\/schema\/logo\/image\/"}}]}},"_links":{"self":[{"href":"https:\/\/erozone.org\/en\/wp-json\/wp\/v2\/product\/36297","targetHints":{"allow":["GET"]}}],"collection":[{"href":"https:\/\/erozone.org\/en\/wp-json\/wp\/v2\/product"}],"about":[{"href":"https:\/\/erozone.org\/en\/wp-json\/wp\/v2\/types\/product"}],"version-history":[{"count":2,"href":"https:\/\/erozone.org\/en\/wp-json\/wp\/v2\/product\/36297\/revisions"}],"predecessor-version":[{"id":49147,"href":"https:\/\/erozone.org\/en\/wp-json\/wp\/v2\/product\/36297\/revisions\/49147"}],"wp:featuredmedia":[{"embeddable":true,"href":"https:\/\/erozone.org\/en\/wp-json\/wp\/v2\/media\/39065"}],"wp:attachment":[{"href":"https:\/\/erozone.org\/en\/wp-json\/wp\/v2\/media?parent=36297"}],"wp:term":[{"taxonomy":"brand","embeddable":true,"href":"https:\/\/erozone.org\/en\/wp-json\/wp\/v2\/etheme_brands?post=36297"},{"taxonomy":"product_brand","embeddable":true,"href":"https:\/\/erozone.org\/en\/wp-json\/wp\/v2\/product_brand?post=36297"},{"taxonomy":"product_cat","embeddable":true,"href":"https:\/\/erozone.org\/en\/wp-json\/wp\/v2\/product_cat?post=36297"},{"taxonomy":"product_tag","embeddable":true,"href":"https:\/\/erozone.org\/en\/wp-json\/wp\/v2\/product_tag?post=36297"}],"curies":[{"name":"wp","href":"https:\/\/api.w.org\/{rel}","templated":true}]}}