{"id":36299,"date":"2022-05-16T15:33:54","date_gmt":"2022-05-16T12:33:54","guid":{"rendered":"https:\/\/erozone.org\/produktas\/cenforce-150\/"},"modified":"2025-10-27T23:56:58","modified_gmt":"2025-10-27T21:56:58","slug":"cenforce-150","status":"publish","type":"product","link":"https:\/\/erozone.org\/en\/produktas\/cenforce-150\/","title":{"rendered":"Cenforce 150"},"content":{"rendered":"<p>Cenforce 150 is designed to improve male potency and eliminate erectile dysfunction.<br \/>\nCenforce 150 is a potent and effective formulation, so just half a Cenforce 150 tablet may be enough to achieve the desired effect. Cenforce 150 is indicated for adult men aged 18 to 64 years. Cenforce 150 is a highly concentrated formulation, so it is intended for men who are already familiar with Cenforce products such as Cenforce 25, 50 or 100 and want an even stronger effect. However, Cenforce 150 is not recommended for men who have not tried lower concentrations of sildenafil.<br \/>\nCenforce 150 &#8211; consists of 150 mg of Sildenafil.<br \/>\nSildenafil is formulated for men and helps to eliminate erectile dysfunction and improve male sexual potency. This active ingredient works during sexual stimulation by stimulating the dilation of the blood vessels in the penis and fills the tissues of the penile areas with a greater volume of blood. As a result, it becomes much easier to achieve an erection, erections are firmer than usual and sexual intercourse can be enjoyed without problems.<\/p>\n<h2>\nWhy is it worth it?<\/h2>\n<p>Cenforce 150 will help you overcome erectile dysfunction and give you much firmer erections ! Cenforce 150 will help you keep your erections hard for much longer and help you achieve erections much faster.<br \/>\nCenforce 150 will improve the quality of your sex life and sexual performance.<br \/>\n<strong>Usage:<\/strong><br \/>\nTake Cenforce 150 approximately 45-60 minutes before intercourse with a glass of water. Do not mix with large amounts of food or fatty foods. Do not mix with grapefruit or its products. Daily intake 1 tab. Can also be taken as half a tablet. The effect of Cenforce 150 lasts 6 to 8 hours and occurs during sexual stimulation.<br \/>\n<strong>Storage:<\/strong><br \/>\nCenforce 150 tablets should be stored at room temperature, protected from moisture and heat. Keep the tablets out of the reach of children and pets.<br \/>\n<strong>Side effects:<\/strong><br \/>\nCommon side effects of Cenforce 150 tablets may include headache, back pain, muscle aches, flushing, indigestion and nasal congestion. Side effects are most often caused by too high a dose for your body. If the dose is appropriate for your body, side effects will not occur. Side effects usually do not last long and do not cause much discomfort. In rare cases, you may experience severe side effects not listed here or an erection lasting longer than four hours. Seek medical attention immediately if you experience severe side effects.<br \/>\n<strong>Precautions:<\/strong><br \/>\nBefore taking Cenforce 150 tablets, tell your healthcare provider if you have heart disease, high or low blood pressure, liver or kidney disease, stomach ulcers, bleeding disorders, or other medical conditions. Cenforce 150 may interact with certain medications and supplements, so it is important to inform your healthcare provider of any medications you are currently taking.<br \/>\n<strong>Warnings:<\/strong><br \/>\nCenforce 150 tablets should not be taken by women or children. Cenforce 150 should not be taken if you are allergic to it or any of its excipients. If you have an allergic reaction such as difficulty breathing, swelling of the face, lips, tongue or throat, seek emergency medical attention.<br \/>\n<strong>Drug interactions:<\/strong><br \/>\nCenforce 150 may interact with certain medicines, including nitrates used for chest pain or heart problems, alpha-blockers used to treat high blood pressure or prostate problems, and certain antibiotics and antifungal medicines. Before taking Cenforce 150, tell your healthcare provider about all medications you are currently taking.<\/p>\n","protected":false},"excerpt":{"rendered":"<p>Cenforce 150 &#8211; 1.5x stronger than viagra ! Cenforce 150 is designed to meet the growing demand of men, allowing you to achieve an erection even after high stress or fatigue.<br \/>\nCenforce 150 will increase potency, allow you to achieve an erection much faster, help you keep your penis hard for much longer, help you overcome erectile dysfunction, improve your sexual health and increase your self-confidence.<br \/>\n10 pcs per pack. Recommended only for those who have tried lower concentrations of Cenforce.<br \/>\n(Before ordering, please read the full product description, which can be accessed by clicking on the product name or picture).<\/p>\n","protected":false},"featured_media":37146,"template":"","meta":[],"etheme_brands":[],"product_brand":[],"product_cat":[162,165],"product_tag":[182],"class_list":{"0":"post-36299","1":"product","2":"type-product","3":"status-publish","4":"has-post-thumbnail","6":"product_cat-for-erection","7":"product_cat-sildenafil-en","8":"product_tag-cenforce-en","10":"first","11":"instock","12":"shipping-taxable","13":"purchasable","14":"product-type-simple"},"yoast_head":"<!-- This site is optimized with the Yoast SEO plugin v26.2 - https:\/\/yoast.com\/wordpress\/plugins\/seo\/ -->\n<title>Cenforce 150 - Erozone<\/title>\n<meta name=\"description\" content=\"Cenforce 150 \u2705 Stiprinkite potencij\u0105 su m\u016bs\u0173 papildais u\u017e ger\u0105 kain\u0105 \u2764\ufe0f Gyvenkite aktyv\u0173 gyvenim\u0105! U\u017esisakykite!\" \/>\n<meta name=\"robots\" content=\"index, follow, max-snippet:-1, max-image-preview:large, max-video-preview:-1\" \/>\n<link rel=\"canonical\" href=\"https:\/\/erozone.org\/produktas\/cenforce-150\/\" \/>\n<meta property=\"og:locale\" content=\"en_US\" \/>\n<meta property=\"og:type\" content=\"article\" \/>\n<meta property=\"og:title\" content=\"Cenforce 150 - Erozone\" \/>\n<meta property=\"og:description\" content=\"Cenforce 150 \u2705 Stiprinkite potencij\u0105 su m\u016bs\u0173 papildais u\u017e ger\u0105 kain\u0105 \u2764\ufe0f Gyvenkite aktyv\u0173 gyvenim\u0105! U\u017esisakykite!\" \/>\n<meta property=\"og:url\" content=\"https:\/\/erozone.org\/produktas\/cenforce-150\/\" \/>\n<meta property=\"og:site_name\" content=\"Erozone\" \/>\n<meta property=\"article:modified_time\" content=\"2025-10-27T21:56:58+00:00\" \/>\n<meta property=\"og:image\" content=\"https:\/\/erozone.org\/wp-content\/uploads\/2022\/05\/cenforce-150-org2.jpg\" \/>\n\t<meta property=\"og:image:width\" content=\"1599\" \/>\n\t<meta property=\"og:image:height\" content=\"1168\" \/>\n\t<meta property=\"og:image:type\" content=\"image\/jpeg\" \/>\n<meta name=\"twitter:card\" content=\"summary_large_image\" \/>\n<meta name=\"twitter:label1\" content=\"Est. reading time\" \/>\n\t<meta name=\"twitter:data1\" content=\"4 minutes\" \/>\n<script type=\"application\/ld+json\" class=\"yoast-schema-graph\">{\"@context\":\"https:\/\/schema.org\",\"@graph\":[{\"@type\":\"WebPage\",\"@id\":\"https:\/\/erozone.org\/produktas\/cenforce-150\/\",\"url\":\"https:\/\/erozone.org\/produktas\/cenforce-150\/\",\"name\":\"Cenforce 150 - Erozone\",\"isPartOf\":{\"@id\":\"https:\/\/erozone.org\/en\/#website\"},\"primaryImageOfPage\":{\"@id\":\"https:\/\/erozone.org\/produktas\/cenforce-150\/#primaryimage\"},\"image\":{\"@id\":\"https:\/\/erozone.org\/produktas\/cenforce-150\/#primaryimage\"},\"thumbnailUrl\":\"https:\/\/erozone.org\/wp-content\/uploads\/2022\/05\/cenforce-150-org2.jpg\",\"datePublished\":\"2022-05-16T12:33:54+00:00\",\"dateModified\":\"2025-10-27T21:56:58+00:00\",\"description\":\"Cenforce 150 \u2705 Stiprinkite potencij\u0105 su m\u016bs\u0173 papildais u\u017e ger\u0105 kain\u0105 \u2764\ufe0f Gyvenkite aktyv\u0173 gyvenim\u0105! U\u017esisakykite!\",\"breadcrumb\":{\"@id\":\"https:\/\/erozone.org\/produktas\/cenforce-150\/#breadcrumb\"},\"inLanguage\":\"en-US\",\"potentialAction\":[{\"@type\":\"ReadAction\",\"target\":[\"https:\/\/erozone.org\/produktas\/cenforce-150\/\"]}]},{\"@type\":\"ImageObject\",\"inLanguage\":\"en-US\",\"@id\":\"https:\/\/erozone.org\/produktas\/cenforce-150\/#primaryimage\",\"url\":\"https:\/\/erozone.org\/wp-content\/uploads\/2022\/05\/cenforce-150-org2.jpg\",\"contentUrl\":\"https:\/\/erozone.org\/wp-content\/uploads\/2022\/05\/cenforce-150-org2.jpg\",\"width\":1599,\"height\":1168},{\"@type\":\"BreadcrumbList\",\"@id\":\"https:\/\/erozone.org\/produktas\/cenforce-150\/#breadcrumb\",\"itemListElement\":[{\"@type\":\"ListItem\",\"position\":1,\"name\":\"Home\",\"item\":\"https:\/\/erozone.org\/\"},{\"@type\":\"ListItem\",\"position\":2,\"name\":\"Katalogas\",\"item\":\"https:\/\/erozone.org\/katalogas\/\"},{\"@type\":\"ListItem\",\"position\":3,\"name\":\"Cenforce 150\"}]},{\"@type\":\"WebSite\",\"@id\":\"https:\/\/erozone.org\/en\/#website\",\"url\":\"https:\/\/erozone.org\/en\/\",\"name\":\"Erozone\",\"description\":\"prek\u0117s internetu suaugusiems\",\"publisher\":{\"@id\":\"https:\/\/erozone.org\/en\/#organization\"},\"potentialAction\":[{\"@type\":\"SearchAction\",\"target\":{\"@type\":\"EntryPoint\",\"urlTemplate\":\"https:\/\/erozone.org\/en\/?s={search_term_string}\"},\"query-input\":{\"@type\":\"PropertyValueSpecification\",\"valueRequired\":true,\"valueName\":\"search_term_string\"}}],\"inLanguage\":\"en-US\"},{\"@type\":\"Organization\",\"@id\":\"https:\/\/erozone.org\/en\/#organization\",\"name\":\"Erozone\",\"url\":\"https:\/\/erozone.org\/en\/\",\"logo\":{\"@type\":\"ImageObject\",\"inLanguage\":\"en-US\",\"@id\":\"https:\/\/erozone.org\/en\/#\/schema\/logo\/image\/\",\"url\":\"https:\/\/erozone.org\/wp-content\/uploads\/2023\/01\/logo-1.png\",\"contentUrl\":\"https:\/\/erozone.org\/wp-content\/uploads\/2023\/01\/logo-1.png\",\"width\":182,\"height\":30,\"caption\":\"Erozone\"},\"image\":{\"@id\":\"https:\/\/erozone.org\/en\/#\/schema\/logo\/image\/\"}}]}<\/script>\n<!-- \/ Yoast SEO plugin. -->","yoast_head_json":{"title":"Cenforce 150 - Erozone","description":"Cenforce 150 \u2705 Stiprinkite potencij\u0105 su m\u016bs\u0173 papildais u\u017e ger\u0105 kain\u0105 \u2764\ufe0f Gyvenkite aktyv\u0173 gyvenim\u0105! U\u017esisakykite!","robots":{"index":"index","follow":"follow","max-snippet":"max-snippet:-1","max-image-preview":"max-image-preview:large","max-video-preview":"max-video-preview:-1"},"canonical":"https:\/\/erozone.org\/produktas\/cenforce-150\/","og_locale":"en_US","og_type":"article","og_title":"Cenforce 150 - Erozone","og_description":"Cenforce 150 \u2705 Stiprinkite potencij\u0105 su m\u016bs\u0173 papildais u\u017e ger\u0105 kain\u0105 \u2764\ufe0f Gyvenkite aktyv\u0173 gyvenim\u0105! U\u017esisakykite!","og_url":"https:\/\/erozone.org\/produktas\/cenforce-150\/","og_site_name":"Erozone","article_modified_time":"2025-10-27T21:56:58+00:00","og_image":[{"width":1599,"height":1168,"url":"https:\/\/erozone.org\/wp-content\/uploads\/2022\/05\/cenforce-150-org2.jpg","type":"image\/jpeg"}],"twitter_card":"summary_large_image","twitter_misc":{"Est. reading time":"4 minutes"},"schema":{"@context":"https:\/\/schema.org","@graph":[{"@type":"WebPage","@id":"https:\/\/erozone.org\/produktas\/cenforce-150\/","url":"https:\/\/erozone.org\/produktas\/cenforce-150\/","name":"Cenforce 150 - Erozone","isPartOf":{"@id":"https:\/\/erozone.org\/en\/#website"},"primaryImageOfPage":{"@id":"https:\/\/erozone.org\/produktas\/cenforce-150\/#primaryimage"},"image":{"@id":"https:\/\/erozone.org\/produktas\/cenforce-150\/#primaryimage"},"thumbnailUrl":"https:\/\/erozone.org\/wp-content\/uploads\/2022\/05\/cenforce-150-org2.jpg","datePublished":"2022-05-16T12:33:54+00:00","dateModified":"2025-10-27T21:56:58+00:00","description":"Cenforce 150 \u2705 Stiprinkite potencij\u0105 su m\u016bs\u0173 papildais u\u017e ger\u0105 kain\u0105 \u2764\ufe0f Gyvenkite aktyv\u0173 gyvenim\u0105! U\u017esisakykite!","breadcrumb":{"@id":"https:\/\/erozone.org\/produktas\/cenforce-150\/#breadcrumb"},"inLanguage":"en-US","potentialAction":[{"@type":"ReadAction","target":["https:\/\/erozone.org\/produktas\/cenforce-150\/"]}]},{"@type":"ImageObject","inLanguage":"en-US","@id":"https:\/\/erozone.org\/produktas\/cenforce-150\/#primaryimage","url":"https:\/\/erozone.org\/wp-content\/uploads\/2022\/05\/cenforce-150-org2.jpg","contentUrl":"https:\/\/erozone.org\/wp-content\/uploads\/2022\/05\/cenforce-150-org2.jpg","width":1599,"height":1168},{"@type":"BreadcrumbList","@id":"https:\/\/erozone.org\/produktas\/cenforce-150\/#breadcrumb","itemListElement":[{"@type":"ListItem","position":1,"name":"Home","item":"https:\/\/erozone.org\/"},{"@type":"ListItem","position":2,"name":"Katalogas","item":"https:\/\/erozone.org\/katalogas\/"},{"@type":"ListItem","position":3,"name":"Cenforce 150"}]},{"@type":"WebSite","@id":"https:\/\/erozone.org\/en\/#website","url":"https:\/\/erozone.org\/en\/","name":"Erozone","description":"prek\u0117s internetu suaugusiems","publisher":{"@id":"https:\/\/erozone.org\/en\/#organization"},"potentialAction":[{"@type":"SearchAction","target":{"@type":"EntryPoint","urlTemplate":"https:\/\/erozone.org\/en\/?s={search_term_string}"},"query-input":{"@type":"PropertyValueSpecification","valueRequired":true,"valueName":"search_term_string"}}],"inLanguage":"en-US"},{"@type":"Organization","@id":"https:\/\/erozone.org\/en\/#organization","name":"Erozone","url":"https:\/\/erozone.org\/en\/","logo":{"@type":"ImageObject","inLanguage":"en-US","@id":"https:\/\/erozone.org\/en\/#\/schema\/logo\/image\/","url":"https:\/\/erozone.org\/wp-content\/uploads\/2023\/01\/logo-1.png","contentUrl":"https:\/\/erozone.org\/wp-content\/uploads\/2023\/01\/logo-1.png","width":182,"height":30,"caption":"Erozone"},"image":{"@id":"https:\/\/erozone.org\/en\/#\/schema\/logo\/image\/"}}]}},"_links":{"self":[{"href":"https:\/\/erozone.org\/en\/wp-json\/wp\/v2\/product\/36299","targetHints":{"allow":["GET"]}}],"collection":[{"href":"https:\/\/erozone.org\/en\/wp-json\/wp\/v2\/product"}],"about":[{"href":"https:\/\/erozone.org\/en\/wp-json\/wp\/v2\/types\/product"}],"version-history":[{"count":0,"href":"https:\/\/erozone.org\/en\/wp-json\/wp\/v2\/product\/36299\/revisions"}],"wp:featuredmedia":[{"embeddable":true,"href":"https:\/\/erozone.org\/en\/wp-json\/wp\/v2\/media\/37146"}],"wp:attachment":[{"href":"https:\/\/erozone.org\/en\/wp-json\/wp\/v2\/media?parent=36299"}],"wp:term":[{"taxonomy":"brand","embeddable":true,"href":"https:\/\/erozone.org\/en\/wp-json\/wp\/v2\/etheme_brands?post=36299"},{"taxonomy":"product_brand","embeddable":true,"href":"https:\/\/erozone.org\/en\/wp-json\/wp\/v2\/product_brand?post=36299"},{"taxonomy":"product_cat","embeddable":true,"href":"https:\/\/erozone.org\/en\/wp-json\/wp\/v2\/product_cat?post=36299"},{"taxonomy":"product_tag","embeddable":true,"href":"https:\/\/erozone.org\/en\/wp-json\/wp\/v2\/product_tag?post=36299"}],"curies":[{"name":"wp","href":"https:\/\/api.w.org\/{rel}","templated":true}]}}