{"id":36300,"date":"2022-05-16T15:25:20","date_gmt":"2022-05-16T12:25:20","guid":{"rendered":"https:\/\/erozone.org\/produktas\/filagra-oral-jelly\/"},"modified":"2025-06-24T01:04:11","modified_gmt":"2025-06-23T22:04:11","slug":"filagra-oral-jelly","status":"publish","type":"product","link":"https:\/\/erozone.org\/en\/produktas\/filagra-oral-jelly\/","title":{"rendered":"Filagra Oral Jelly"},"content":{"rendered":"<p>Filagra Oral Jelly &#8211; This is an oral gel designed to treat erectile dysfunction or to enhance potency even further !<br \/>\nFilagra Oral Jelly has a very fast effect, as soon as 15 minutes after use, which is four times faster than hard tablets for erectile dysfunction.<br \/>\nThe active ingredient in Filagra Oral Jelly is 100 mg sildenafil.<br \/>\nSildenafil belongs to a group of medicines called phosphodiesterase type 5 (FDE5) inhibitors. During sexual stimulation, sildenafil promotes dilation of the blood vessels in the penis and directs significantly more blood to the penis, resulting in a much stronger erection than normal. Sildenafil is used to treat erectile dysfunction (i.e. when a man is unable to achieve or maintain an erection). Sildenafil can also be used in the absence of erectile dysfunction, but to achieve a firmer and longer-lasting erection.<br \/>\n<strong>Why is it worth it?<\/strong><br \/>\n&#8211; Extremely fast effect for a stronger potency;<br \/>\n&#8211; increases sexual confidence;<br \/>\n&#8211; Harder erections;<br \/>\n&#8211; longer lasting erections;<br \/>\n&#8211; increased sexual stamina;<br \/>\n&#8211; helps overcome erectile dysfunction;<br \/>\n&#8211; faster erections.<br \/>\n<strong>Usage:<\/strong><br \/>\nOpen the packet of Filagra Oral Jelly and squeeze the gel into your mouth and swallow. It is not recommended to take after or during a heavy meal as food makes it difficult to absorb the supplement. Also do not mix with grapefruit or its products. Filagra Oral Jelly contains 7 packets of 100 mg sildenafil liquid gel in a box, which comes in a variety of fruity flavours, making the use of Filagra Oral Jelly enjoyable and easy.<br \/>\n<strong>Storage:<\/strong><br \/>\nThe product should be stored at room temperature, protected from moisture and heat. Keep the tablets out of the reach of children and pets.<br \/>\n<strong>Side effects:<\/strong><br \/>\nCommon side effects may include headache, backache, muscle aches, flushing, indigestion and nasal congestion. Side effects are most often caused by too high a dose for your body. If the dose is appropriate for your body, side effects will not occur. Side effects usually do not last long and do not cause much discomfort. In rare cases, you may experience severe side effects not listed here or an erection lasting longer than four hours. Seek medical attention immediately if you experience severe side effects.<br \/>\n<strong>Precautions:<\/strong><br \/>\nBefore use, tell your healthcare provider if you have heart disease, high or low blood pressure, liver or kidney disease, stomach ulcers, bleeding disorders, or other medical conditions. This product may interact with certain medications and supplements, so it is important to inform your healthcare provider of any medications you are currently taking.<br \/>\n<strong>Warnings:<\/strong><br \/>\nThis product should not be used by women or children. It should also not be used if you are allergic to the active ingredient or any of the excipients. If an allergic reaction occurs, such as difficulty breathing, swelling of the face, lips, tongue or throat, seek emergency medical attention.<br \/>\n<strong>Drug interactions:<\/strong><br \/>\nThe product may interact with certain medicines, including nitrates used for chest pain or heart problems, alpha-blockers used to treat high blood pressure or prostate problems, and certain antibiotics and antifungal medicines. Before taking this product, tell your healthcare provider about all medications you are currently taking.<\/p>\n","protected":false},"excerpt":{"rendered":"<p>A fast-acting oral gel in a variety of fruity flavours for firmer erections and treatment of erectile dysfunction.<br \/>\nFilagra Oral Jelly is the perfect choice when you need to achieve an erection fast ! With Filagra Oral Jelly you&#8217;ll achieve erections faster, erections will be harder and you&#8217;ll increase your sexual stamina.<br \/>\nDelicious and effective !<br \/>\nIn a box of 7 pcs.<br \/>\n(Before ordering, please read the full product description, which can be opened by clicking on the product name or picture).<\/p>\n","protected":false},"featured_media":37232,"template":"","meta":[],"etheme_brands":[],"product_brand":[],"product_cat":[162,165],"product_tag":[219,243],"class_list":{"0":"post-36300","1":"product","2":"type-product","3":"status-publish","4":"has-post-thumbnail","6":"product_cat-for-erection","7":"product_cat-sildenafil-en","8":"product_tag-kamagra-tabletes-geliai-en","9":"product_tag-silagra-en","11":"first","12":"instock","13":"shipping-taxable","14":"purchasable","15":"product-type-simple"},"yoast_head":"<!-- This site is optimized with the Yoast SEO plugin v26.2 - https:\/\/yoast.com\/wordpress\/plugins\/seo\/ -->\n<title>Filagra Oral Jelly - Erozone<\/title>\n<meta name=\"description\" content=\"Filagra Oral Jelly \u2705 Stiprinkite potencij\u0105 su m\u016bs\u0173 papildais u\u017e ger\u0105 kain\u0105 \u2764\ufe0f Gyvenkite aktyv\u0173 gyvenim\u0105! U\u017esisakykite!\" \/>\n<meta name=\"robots\" content=\"index, follow, max-snippet:-1, max-image-preview:large, max-video-preview:-1\" \/>\n<link rel=\"canonical\" href=\"https:\/\/erozone.org\/produktas\/filagra-oral-jelly\/\" \/>\n<meta property=\"og:locale\" content=\"en_US\" \/>\n<meta property=\"og:type\" content=\"article\" \/>\n<meta property=\"og:title\" content=\"Filagra Oral Jelly - Erozone\" \/>\n<meta property=\"og:description\" content=\"Filagra Oral Jelly \u2705 Stiprinkite potencij\u0105 su m\u016bs\u0173 papildais u\u017e ger\u0105 kain\u0105 \u2764\ufe0f Gyvenkite aktyv\u0173 gyvenim\u0105! U\u017esisakykite!\" \/>\n<meta property=\"og:url\" content=\"https:\/\/erozone.org\/produktas\/filagra-oral-jelly\/\" \/>\n<meta property=\"og:site_name\" content=\"Erozone\" \/>\n<meta property=\"article:modified_time\" content=\"2025-06-23T22:04:11+00:00\" \/>\n<meta property=\"og:image\" content=\"https:\/\/erozone.org\/wp-content\/uploads\/2022\/05\/Filagra-Oral-Jelly-org2-1.jpg\" \/>\n\t<meta property=\"og:image:width\" content=\"1659\" \/>\n\t<meta property=\"og:image:height\" content=\"1175\" \/>\n\t<meta property=\"og:image:type\" content=\"image\/jpeg\" \/>\n<meta name=\"twitter:card\" content=\"summary_large_image\" \/>\n<meta name=\"twitter:label1\" content=\"Est. reading time\" \/>\n\t<meta name=\"twitter:data1\" content=\"3 minutes\" \/>\n<script type=\"application\/ld+json\" class=\"yoast-schema-graph\">{\"@context\":\"https:\/\/schema.org\",\"@graph\":[{\"@type\":\"WebPage\",\"@id\":\"https:\/\/erozone.org\/produktas\/filagra-oral-jelly\/\",\"url\":\"https:\/\/erozone.org\/produktas\/filagra-oral-jelly\/\",\"name\":\"Filagra Oral Jelly - Erozone\",\"isPartOf\":{\"@id\":\"https:\/\/erozone.org\/en\/#website\"},\"primaryImageOfPage\":{\"@id\":\"https:\/\/erozone.org\/produktas\/filagra-oral-jelly\/#primaryimage\"},\"image\":{\"@id\":\"https:\/\/erozone.org\/produktas\/filagra-oral-jelly\/#primaryimage\"},\"thumbnailUrl\":\"https:\/\/erozone.org\/wp-content\/uploads\/2022\/05\/Filagra-Oral-Jelly-org2-1.jpg\",\"datePublished\":\"2022-05-16T12:25:20+00:00\",\"dateModified\":\"2025-06-23T22:04:11+00:00\",\"description\":\"Filagra Oral Jelly \u2705 Stiprinkite potencij\u0105 su m\u016bs\u0173 papildais u\u017e ger\u0105 kain\u0105 \u2764\ufe0f Gyvenkite aktyv\u0173 gyvenim\u0105! U\u017esisakykite!\",\"breadcrumb\":{\"@id\":\"https:\/\/erozone.org\/produktas\/filagra-oral-jelly\/#breadcrumb\"},\"inLanguage\":\"en-US\",\"potentialAction\":[{\"@type\":\"ReadAction\",\"target\":[\"https:\/\/erozone.org\/produktas\/filagra-oral-jelly\/\"]}]},{\"@type\":\"ImageObject\",\"inLanguage\":\"en-US\",\"@id\":\"https:\/\/erozone.org\/produktas\/filagra-oral-jelly\/#primaryimage\",\"url\":\"https:\/\/erozone.org\/wp-content\/uploads\/2022\/05\/Filagra-Oral-Jelly-org2-1.jpg\",\"contentUrl\":\"https:\/\/erozone.org\/wp-content\/uploads\/2022\/05\/Filagra-Oral-Jelly-org2-1.jpg\",\"width\":1659,\"height\":1175},{\"@type\":\"BreadcrumbList\",\"@id\":\"https:\/\/erozone.org\/produktas\/filagra-oral-jelly\/#breadcrumb\",\"itemListElement\":[{\"@type\":\"ListItem\",\"position\":1,\"name\":\"Home\",\"item\":\"https:\/\/erozone.org\/\"},{\"@type\":\"ListItem\",\"position\":2,\"name\":\"Katalogas\",\"item\":\"https:\/\/erozone.org\/katalogas\/\"},{\"@type\":\"ListItem\",\"position\":3,\"name\":\"Filagra Oral Jelly\"}]},{\"@type\":\"WebSite\",\"@id\":\"https:\/\/erozone.org\/en\/#website\",\"url\":\"https:\/\/erozone.org\/en\/\",\"name\":\"Erozone\",\"description\":\"prek\u0117s internetu suaugusiems\",\"publisher\":{\"@id\":\"https:\/\/erozone.org\/en\/#organization\"},\"potentialAction\":[{\"@type\":\"SearchAction\",\"target\":{\"@type\":\"EntryPoint\",\"urlTemplate\":\"https:\/\/erozone.org\/en\/?s={search_term_string}\"},\"query-input\":{\"@type\":\"PropertyValueSpecification\",\"valueRequired\":true,\"valueName\":\"search_term_string\"}}],\"inLanguage\":\"en-US\"},{\"@type\":\"Organization\",\"@id\":\"https:\/\/erozone.org\/en\/#organization\",\"name\":\"Erozone\",\"url\":\"https:\/\/erozone.org\/en\/\",\"logo\":{\"@type\":\"ImageObject\",\"inLanguage\":\"en-US\",\"@id\":\"https:\/\/erozone.org\/en\/#\/schema\/logo\/image\/\",\"url\":\"https:\/\/erozone.org\/wp-content\/uploads\/2023\/01\/logo-1.png\",\"contentUrl\":\"https:\/\/erozone.org\/wp-content\/uploads\/2023\/01\/logo-1.png\",\"width\":182,\"height\":30,\"caption\":\"Erozone\"},\"image\":{\"@id\":\"https:\/\/erozone.org\/en\/#\/schema\/logo\/image\/\"}}]}<\/script>\n<!-- \/ Yoast SEO plugin. -->","yoast_head_json":{"title":"Filagra Oral Jelly - Erozone","description":"Filagra Oral Jelly \u2705 Stiprinkite potencij\u0105 su m\u016bs\u0173 papildais u\u017e ger\u0105 kain\u0105 \u2764\ufe0f Gyvenkite aktyv\u0173 gyvenim\u0105! U\u017esisakykite!","robots":{"index":"index","follow":"follow","max-snippet":"max-snippet:-1","max-image-preview":"max-image-preview:large","max-video-preview":"max-video-preview:-1"},"canonical":"https:\/\/erozone.org\/produktas\/filagra-oral-jelly\/","og_locale":"en_US","og_type":"article","og_title":"Filagra Oral Jelly - Erozone","og_description":"Filagra Oral Jelly \u2705 Stiprinkite potencij\u0105 su m\u016bs\u0173 papildais u\u017e ger\u0105 kain\u0105 \u2764\ufe0f Gyvenkite aktyv\u0173 gyvenim\u0105! U\u017esisakykite!","og_url":"https:\/\/erozone.org\/produktas\/filagra-oral-jelly\/","og_site_name":"Erozone","article_modified_time":"2025-06-23T22:04:11+00:00","og_image":[{"width":1659,"height":1175,"url":"https:\/\/erozone.org\/wp-content\/uploads\/2022\/05\/Filagra-Oral-Jelly-org2-1.jpg","type":"image\/jpeg"}],"twitter_card":"summary_large_image","twitter_misc":{"Est. reading time":"3 minutes"},"schema":{"@context":"https:\/\/schema.org","@graph":[{"@type":"WebPage","@id":"https:\/\/erozone.org\/produktas\/filagra-oral-jelly\/","url":"https:\/\/erozone.org\/produktas\/filagra-oral-jelly\/","name":"Filagra Oral Jelly - Erozone","isPartOf":{"@id":"https:\/\/erozone.org\/en\/#website"},"primaryImageOfPage":{"@id":"https:\/\/erozone.org\/produktas\/filagra-oral-jelly\/#primaryimage"},"image":{"@id":"https:\/\/erozone.org\/produktas\/filagra-oral-jelly\/#primaryimage"},"thumbnailUrl":"https:\/\/erozone.org\/wp-content\/uploads\/2022\/05\/Filagra-Oral-Jelly-org2-1.jpg","datePublished":"2022-05-16T12:25:20+00:00","dateModified":"2025-06-23T22:04:11+00:00","description":"Filagra Oral Jelly \u2705 Stiprinkite potencij\u0105 su m\u016bs\u0173 papildais u\u017e ger\u0105 kain\u0105 \u2764\ufe0f Gyvenkite aktyv\u0173 gyvenim\u0105! U\u017esisakykite!","breadcrumb":{"@id":"https:\/\/erozone.org\/produktas\/filagra-oral-jelly\/#breadcrumb"},"inLanguage":"en-US","potentialAction":[{"@type":"ReadAction","target":["https:\/\/erozone.org\/produktas\/filagra-oral-jelly\/"]}]},{"@type":"ImageObject","inLanguage":"en-US","@id":"https:\/\/erozone.org\/produktas\/filagra-oral-jelly\/#primaryimage","url":"https:\/\/erozone.org\/wp-content\/uploads\/2022\/05\/Filagra-Oral-Jelly-org2-1.jpg","contentUrl":"https:\/\/erozone.org\/wp-content\/uploads\/2022\/05\/Filagra-Oral-Jelly-org2-1.jpg","width":1659,"height":1175},{"@type":"BreadcrumbList","@id":"https:\/\/erozone.org\/produktas\/filagra-oral-jelly\/#breadcrumb","itemListElement":[{"@type":"ListItem","position":1,"name":"Home","item":"https:\/\/erozone.org\/"},{"@type":"ListItem","position":2,"name":"Katalogas","item":"https:\/\/erozone.org\/katalogas\/"},{"@type":"ListItem","position":3,"name":"Filagra Oral Jelly"}]},{"@type":"WebSite","@id":"https:\/\/erozone.org\/en\/#website","url":"https:\/\/erozone.org\/en\/","name":"Erozone","description":"prek\u0117s internetu suaugusiems","publisher":{"@id":"https:\/\/erozone.org\/en\/#organization"},"potentialAction":[{"@type":"SearchAction","target":{"@type":"EntryPoint","urlTemplate":"https:\/\/erozone.org\/en\/?s={search_term_string}"},"query-input":{"@type":"PropertyValueSpecification","valueRequired":true,"valueName":"search_term_string"}}],"inLanguage":"en-US"},{"@type":"Organization","@id":"https:\/\/erozone.org\/en\/#organization","name":"Erozone","url":"https:\/\/erozone.org\/en\/","logo":{"@type":"ImageObject","inLanguage":"en-US","@id":"https:\/\/erozone.org\/en\/#\/schema\/logo\/image\/","url":"https:\/\/erozone.org\/wp-content\/uploads\/2023\/01\/logo-1.png","contentUrl":"https:\/\/erozone.org\/wp-content\/uploads\/2023\/01\/logo-1.png","width":182,"height":30,"caption":"Erozone"},"image":{"@id":"https:\/\/erozone.org\/en\/#\/schema\/logo\/image\/"}}]}},"_links":{"self":[{"href":"https:\/\/erozone.org\/en\/wp-json\/wp\/v2\/product\/36300","targetHints":{"allow":["GET"]}}],"collection":[{"href":"https:\/\/erozone.org\/en\/wp-json\/wp\/v2\/product"}],"about":[{"href":"https:\/\/erozone.org\/en\/wp-json\/wp\/v2\/types\/product"}],"version-history":[{"count":0,"href":"https:\/\/erozone.org\/en\/wp-json\/wp\/v2\/product\/36300\/revisions"}],"wp:featuredmedia":[{"embeddable":true,"href":"https:\/\/erozone.org\/en\/wp-json\/wp\/v2\/media\/37232"}],"wp:attachment":[{"href":"https:\/\/erozone.org\/en\/wp-json\/wp\/v2\/media?parent=36300"}],"wp:term":[{"taxonomy":"brand","embeddable":true,"href":"https:\/\/erozone.org\/en\/wp-json\/wp\/v2\/etheme_brands?post=36300"},{"taxonomy":"product_brand","embeddable":true,"href":"https:\/\/erozone.org\/en\/wp-json\/wp\/v2\/product_brand?post=36300"},{"taxonomy":"product_cat","embeddable":true,"href":"https:\/\/erozone.org\/en\/wp-json\/wp\/v2\/product_cat?post=36300"},{"taxonomy":"product_tag","embeddable":true,"href":"https:\/\/erozone.org\/en\/wp-json\/wp\/v2\/product_tag?post=36300"}],"curies":[{"name":"wp","href":"https:\/\/api.w.org\/{rel}","templated":true}]}}