{"id":36301,"date":"2022-05-13T14:29:05","date_gmt":"2022-05-13T11:29:05","guid":{"rendered":"https:\/\/erozone.org\/produktas\/retinolis-0-05-kremas\/"},"modified":"2024-04-03T13:21:55","modified_gmt":"2024-04-03T10:21:55","slug":"retinolis-0-05-kremas","status":"publish","type":"product","link":"https:\/\/erozone.org\/en\/produktas\/retinolis-0-05-kremas\/","title":{"rendered":"Retino &#8211; A Tretinoinas 0.05%"},"content":{"rendered":"<p><img fetchpriority=\"high\" decoding=\"async\" class=\"alignnone size-full wp-image-36023\" src=\"https:\/\/erozone.org\/wp-content\/uploads\/2022\/05\/Retino-A.jpg\" alt=\"\" width=\"2225\" height=\"1129\" \/><\/p>\n","protected":false},"excerpt":{"rendered":"<p>Retino-A kremas yra vitamino A forma, naudojama aknei gydyti, kuri atsiranda kaip d\u0117m\u0117s ar spuogeliai ant veido, kr\u016btin\u0117s ar nugaros. Taip pat padeda i\u0161lyginti \u0161iurk\u0161\u010di\u0105 veido od\u0105 ir suma\u017einti smulkias odos rauk\u0161leles. Jis padeda gydyti spuogus, i\u0161valydamas odos poras ir apsaugodamas nuo d\u0117mi\u0173 ar spuog\u0173 atsiradimo. Paprastai pastebimas poveikis u\u017etrunka kelias savaites, tod\u0117l naudokite j\u012f toliau, net jei atrodo, kad jis neveikia. Kartais spuogai gali pablog\u0117ti, kol nepager\u0117ja, ta\u010diau tinkamai naudojant j\u016bs\u0173 oda taps skaistesn\u0117. Kuo anks\u010diau prad\u0117site j\u012f naudoti, tuo ma\u017eesn\u0117 tikimyb\u0117, kad atsiras rand\u0173. Retino-A 0,05% pad\u0117s pagerinti j\u016bs\u0173 nuotaik\u0105 ir pasitik\u0117jim\u0105, nes j\u016bs\u0173 oda taps be spuog\u0173. Jo negalima naudoti, jei turite egzem\u0105 ar nudegusi\u0105 od\u0105.<\/p>\n<p>Retino-A veiklioji med\u017eiaga 0,05% Tretinoinas arba vitaminas A yra laikomas nat\u016braliu stebuklu ir yra viena veiksmingiausi\u0173 med\u017eiag\u0173 kovojant su rauk\u0161l\u0117mis ir odos sen\u0117jimo po\u017eymiais. Tretinoinas naudojamas ne tik aknei gydyti,bet ir odos sen\u0117jimo l\u0117tinimui. Jis tapo populiaria sen\u0117jim\u0105 l\u0117tinan\u010di\u0173 odos priemoni\u0173 sudedam\u0105ja dalimi.<\/p>\n<p>Tretinoinas \u2013 stiprus antioksidantas, padedantis greitai pa\u0161alinti negyvas odos l\u0105steles ir skatinantis kolageno skaidul\u0173 gamyb\u0105 bei pasi\u017eymintis eksfolijuojamosiomis savyb\u0117mis. Tretinoinas gali b\u016bti ne tik augalin\u0117s ar gyv\u016bnin\u0117s kilm\u0117s (jo gausu \u017euvyje, aliejuje, kiau\u0161iniuose, m\u0117soje), bet ir i\u0161gaunamas dirbtiniu b\u016bdu. \u0160i med\u017eiaga itin da\u017enai naudojama kosmetikos ir farmacijos pramon\u0117je.<\/p>\n<p>Retino-A 0,05% kremas suma\u017eina per didel\u0119 odos riebal\u0173 gamyb\u0105. Prie\u0161 tepdami plon\u0105 \u0161io vaisto sluoksn\u012f, pa\u017eeist\u0105 viet\u0105 turite nuplauti ir i\u0161d\u017eiovinti. Negalima tepti ant pa\u017eeistos odos ir vengti s\u0105ly\u010dio su burna, akimis ir nosimi. Gali praeiti kelios savait\u0117s, kol simptomai pager\u0117s, ta\u010diau vartokite j\u012f reguliariai, kad gautum\u0117te did\u017eiausi\u0105 naud\u0105.<\/p>\n<p>Naudojant Retino-A krem\u0105 gerkite daug vandens ir naudokite dr\u0117kinam\u0105j\u012f krem\u0105.<\/p>\n<p>Retino-A gali padidinti jautrum\u0105 saul\u0117s \u0161viesai, tod\u0117l, jei \u012fmanoma, tur\u0117tum\u0117te apriboti buvim\u0105 saul\u0117je. Tai gali padaryti j\u016bs\u0173 od\u0105 trapesn\u0119. Naudojant Retino-A 0,05% patartina nesidaryti va\u0161kavimo (plaukeli\u0173 \u0161alinimo) ar lazerini\u0173 proced\u016br\u0173. N\u0117\u0161\u010dios moterys arba moterys, kurios planuoja pastoti, netur\u0117t\u0173 vartoti Retino-A 0,05%.<\/p>\n<p>Naudojimas:<br \/>\nNuvalykite ir nusausinkite pa\u017eeist\u0105 viet\u0105 ir patepkite kremu. U\u017etep\u0119 nusiplaukite rankas.<\/p>\n","protected":false},"featured_media":36259,"template":"","meta":[],"etheme_brands":[],"product_brand":[],"product_cat":[152],"product_tag":[],"class_list":{"0":"post-36301","1":"product","2":"type-product","3":"status-publish","4":"has-post-thumbnail","6":"product_cat-for-women","8":"first","9":"outofstock","10":"shipping-taxable","11":"purchasable","12":"product-type-simple"},"yoast_head":"<!-- This site is optimized with the Yoast SEO plugin v26.2 - https:\/\/yoast.com\/wordpress\/plugins\/seo\/ -->\n<title>Retino - A Tretinoinas 0.05% - Erozone<\/title>\n<meta name=\"description\" content=\"Retino - A Tretinoinas 0.05% \u2705 Stiprinkite potencij\u0105 su m\u016bs\u0173 papildais u\u017e ger\u0105 kain\u0105 \u2764\ufe0f Gyvenkite aktyv\u0173 gyvenim\u0105! U\u017esisakykite!\" \/>\n<meta name=\"robots\" content=\"index, follow, max-snippet:-1, max-image-preview:large, max-video-preview:-1\" \/>\n<link rel=\"canonical\" href=\"https:\/\/erozone.org\/en\/produktas\/retinolis-0-05-kremas\/\" \/>\n<meta property=\"og:locale\" content=\"en_US\" \/>\n<meta property=\"og:type\" content=\"article\" \/>\n<meta property=\"og:title\" content=\"Retino - A Tretinoinas 0.05% - Erozone\" \/>\n<meta property=\"og:description\" content=\"Retino - A Tretinoinas 0.05% \u2705 Stiprinkite potencij\u0105 su m\u016bs\u0173 papildais u\u017e ger\u0105 kain\u0105 \u2764\ufe0f Gyvenkite aktyv\u0173 gyvenim\u0105! U\u017esisakykite!\" \/>\n<meta property=\"og:url\" content=\"https:\/\/erozone.org\/en\/produktas\/retinolis-0-05-kremas\/\" \/>\n<meta property=\"og:site_name\" content=\"Erozone\" \/>\n<meta property=\"article:modified_time\" content=\"2024-04-03T10:21:55+00:00\" \/>\n<meta property=\"og:image\" content=\"https:\/\/erozone.org\/wp-content\/uploads\/2022\/05\/Retino-A-2.jpg\" \/>\n\t<meta property=\"og:image:width\" content=\"2085\" \/>\n\t<meta property=\"og:image:height\" content=\"1420\" \/>\n\t<meta property=\"og:image:type\" content=\"image\/jpeg\" \/>\n<meta name=\"twitter:card\" content=\"summary_large_image\" \/>\n<script type=\"application\/ld+json\" class=\"yoast-schema-graph\">{\"@context\":\"https:\/\/schema.org\",\"@graph\":[{\"@type\":\"WebPage\",\"@id\":\"https:\/\/erozone.org\/en\/produktas\/retinolis-0-05-kremas\/\",\"url\":\"https:\/\/erozone.org\/en\/produktas\/retinolis-0-05-kremas\/\",\"name\":\"Retino - A Tretinoinas 0.05% - Erozone\",\"isPartOf\":{\"@id\":\"https:\/\/erozone.org\/en\/#website\"},\"primaryImageOfPage\":{\"@id\":\"https:\/\/erozone.org\/en\/produktas\/retinolis-0-05-kremas\/#primaryimage\"},\"image\":{\"@id\":\"https:\/\/erozone.org\/en\/produktas\/retinolis-0-05-kremas\/#primaryimage\"},\"thumbnailUrl\":\"https:\/\/erozone.org\/wp-content\/uploads\/2022\/05\/Retino-A-2.jpg\",\"datePublished\":\"2022-05-13T11:29:05+00:00\",\"dateModified\":\"2024-04-03T10:21:55+00:00\",\"description\":\"Retino - A Tretinoinas 0.05% \u2705 Stiprinkite potencij\u0105 su m\u016bs\u0173 papildais u\u017e ger\u0105 kain\u0105 \u2764\ufe0f Gyvenkite aktyv\u0173 gyvenim\u0105! U\u017esisakykite!\",\"breadcrumb\":{\"@id\":\"https:\/\/erozone.org\/en\/produktas\/retinolis-0-05-kremas\/#breadcrumb\"},\"inLanguage\":\"en-US\",\"potentialAction\":[{\"@type\":\"ReadAction\",\"target\":[\"https:\/\/erozone.org\/en\/produktas\/retinolis-0-05-kremas\/\"]}]},{\"@type\":\"ImageObject\",\"inLanguage\":\"en-US\",\"@id\":\"https:\/\/erozone.org\/en\/produktas\/retinolis-0-05-kremas\/#primaryimage\",\"url\":\"https:\/\/erozone.org\/wp-content\/uploads\/2022\/05\/Retino-A-2.jpg\",\"contentUrl\":\"https:\/\/erozone.org\/wp-content\/uploads\/2022\/05\/Retino-A-2.jpg\",\"width\":2085,\"height\":1420},{\"@type\":\"BreadcrumbList\",\"@id\":\"https:\/\/erozone.org\/en\/produktas\/retinolis-0-05-kremas\/#breadcrumb\",\"itemListElement\":[{\"@type\":\"ListItem\",\"position\":1,\"name\":\"Home\",\"item\":\"https:\/\/erozone.org\/\"},{\"@type\":\"ListItem\",\"position\":2,\"name\":\"Katalogas\",\"item\":\"https:\/\/erozone.org\/katalogas\/\"},{\"@type\":\"ListItem\",\"position\":3,\"name\":\"Retino &#8211; A Tretinoinas 0.05%\"}]},{\"@type\":\"WebSite\",\"@id\":\"https:\/\/erozone.org\/en\/#website\",\"url\":\"https:\/\/erozone.org\/en\/\",\"name\":\"Erozone\",\"description\":\"prek\u0117s internetu suaugusiems\",\"publisher\":{\"@id\":\"https:\/\/erozone.org\/en\/#organization\"},\"potentialAction\":[{\"@type\":\"SearchAction\",\"target\":{\"@type\":\"EntryPoint\",\"urlTemplate\":\"https:\/\/erozone.org\/en\/?s={search_term_string}\"},\"query-input\":{\"@type\":\"PropertyValueSpecification\",\"valueRequired\":true,\"valueName\":\"search_term_string\"}}],\"inLanguage\":\"en-US\"},{\"@type\":\"Organization\",\"@id\":\"https:\/\/erozone.org\/en\/#organization\",\"name\":\"Erozone\",\"url\":\"https:\/\/erozone.org\/en\/\",\"logo\":{\"@type\":\"ImageObject\",\"inLanguage\":\"en-US\",\"@id\":\"https:\/\/erozone.org\/en\/#\/schema\/logo\/image\/\",\"url\":\"https:\/\/erozone.org\/wp-content\/uploads\/2023\/01\/logo-1.png\",\"contentUrl\":\"https:\/\/erozone.org\/wp-content\/uploads\/2023\/01\/logo-1.png\",\"width\":182,\"height\":30,\"caption\":\"Erozone\"},\"image\":{\"@id\":\"https:\/\/erozone.org\/en\/#\/schema\/logo\/image\/\"}}]}<\/script>\n<!-- \/ Yoast SEO plugin. -->","yoast_head_json":{"title":"Retino - A Tretinoinas 0.05% - Erozone","description":"Retino - A Tretinoinas 0.05% \u2705 Stiprinkite potencij\u0105 su m\u016bs\u0173 papildais u\u017e ger\u0105 kain\u0105 \u2764\ufe0f Gyvenkite aktyv\u0173 gyvenim\u0105! U\u017esisakykite!","robots":{"index":"index","follow":"follow","max-snippet":"max-snippet:-1","max-image-preview":"max-image-preview:large","max-video-preview":"max-video-preview:-1"},"canonical":"https:\/\/erozone.org\/en\/produktas\/retinolis-0-05-kremas\/","og_locale":"en_US","og_type":"article","og_title":"Retino - A Tretinoinas 0.05% - Erozone","og_description":"Retino - A Tretinoinas 0.05% \u2705 Stiprinkite potencij\u0105 su m\u016bs\u0173 papildais u\u017e ger\u0105 kain\u0105 \u2764\ufe0f Gyvenkite aktyv\u0173 gyvenim\u0105! U\u017esisakykite!","og_url":"https:\/\/erozone.org\/en\/produktas\/retinolis-0-05-kremas\/","og_site_name":"Erozone","article_modified_time":"2024-04-03T10:21:55+00:00","og_image":[{"width":2085,"height":1420,"url":"https:\/\/erozone.org\/wp-content\/uploads\/2022\/05\/Retino-A-2.jpg","type":"image\/jpeg"}],"twitter_card":"summary_large_image","schema":{"@context":"https:\/\/schema.org","@graph":[{"@type":"WebPage","@id":"https:\/\/erozone.org\/en\/produktas\/retinolis-0-05-kremas\/","url":"https:\/\/erozone.org\/en\/produktas\/retinolis-0-05-kremas\/","name":"Retino - A Tretinoinas 0.05% - Erozone","isPartOf":{"@id":"https:\/\/erozone.org\/en\/#website"},"primaryImageOfPage":{"@id":"https:\/\/erozone.org\/en\/produktas\/retinolis-0-05-kremas\/#primaryimage"},"image":{"@id":"https:\/\/erozone.org\/en\/produktas\/retinolis-0-05-kremas\/#primaryimage"},"thumbnailUrl":"https:\/\/erozone.org\/wp-content\/uploads\/2022\/05\/Retino-A-2.jpg","datePublished":"2022-05-13T11:29:05+00:00","dateModified":"2024-04-03T10:21:55+00:00","description":"Retino - A Tretinoinas 0.05% \u2705 Stiprinkite potencij\u0105 su m\u016bs\u0173 papildais u\u017e ger\u0105 kain\u0105 \u2764\ufe0f Gyvenkite aktyv\u0173 gyvenim\u0105! U\u017esisakykite!","breadcrumb":{"@id":"https:\/\/erozone.org\/en\/produktas\/retinolis-0-05-kremas\/#breadcrumb"},"inLanguage":"en-US","potentialAction":[{"@type":"ReadAction","target":["https:\/\/erozone.org\/en\/produktas\/retinolis-0-05-kremas\/"]}]},{"@type":"ImageObject","inLanguage":"en-US","@id":"https:\/\/erozone.org\/en\/produktas\/retinolis-0-05-kremas\/#primaryimage","url":"https:\/\/erozone.org\/wp-content\/uploads\/2022\/05\/Retino-A-2.jpg","contentUrl":"https:\/\/erozone.org\/wp-content\/uploads\/2022\/05\/Retino-A-2.jpg","width":2085,"height":1420},{"@type":"BreadcrumbList","@id":"https:\/\/erozone.org\/en\/produktas\/retinolis-0-05-kremas\/#breadcrumb","itemListElement":[{"@type":"ListItem","position":1,"name":"Home","item":"https:\/\/erozone.org\/"},{"@type":"ListItem","position":2,"name":"Katalogas","item":"https:\/\/erozone.org\/katalogas\/"},{"@type":"ListItem","position":3,"name":"Retino &#8211; A Tretinoinas 0.05%"}]},{"@type":"WebSite","@id":"https:\/\/erozone.org\/en\/#website","url":"https:\/\/erozone.org\/en\/","name":"Erozone","description":"prek\u0117s internetu suaugusiems","publisher":{"@id":"https:\/\/erozone.org\/en\/#organization"},"potentialAction":[{"@type":"SearchAction","target":{"@type":"EntryPoint","urlTemplate":"https:\/\/erozone.org\/en\/?s={search_term_string}"},"query-input":{"@type":"PropertyValueSpecification","valueRequired":true,"valueName":"search_term_string"}}],"inLanguage":"en-US"},{"@type":"Organization","@id":"https:\/\/erozone.org\/en\/#organization","name":"Erozone","url":"https:\/\/erozone.org\/en\/","logo":{"@type":"ImageObject","inLanguage":"en-US","@id":"https:\/\/erozone.org\/en\/#\/schema\/logo\/image\/","url":"https:\/\/erozone.org\/wp-content\/uploads\/2023\/01\/logo-1.png","contentUrl":"https:\/\/erozone.org\/wp-content\/uploads\/2023\/01\/logo-1.png","width":182,"height":30,"caption":"Erozone"},"image":{"@id":"https:\/\/erozone.org\/en\/#\/schema\/logo\/image\/"}}]}},"_links":{"self":[{"href":"https:\/\/erozone.org\/en\/wp-json\/wp\/v2\/product\/36301","targetHints":{"allow":["GET"]}}],"collection":[{"href":"https:\/\/erozone.org\/en\/wp-json\/wp\/v2\/product"}],"about":[{"href":"https:\/\/erozone.org\/en\/wp-json\/wp\/v2\/types\/product"}],"version-history":[{"count":0,"href":"https:\/\/erozone.org\/en\/wp-json\/wp\/v2\/product\/36301\/revisions"}],"wp:featuredmedia":[{"embeddable":true,"href":"https:\/\/erozone.org\/en\/wp-json\/wp\/v2\/media\/36259"}],"wp:attachment":[{"href":"https:\/\/erozone.org\/en\/wp-json\/wp\/v2\/media?parent=36301"}],"wp:term":[{"taxonomy":"brand","embeddable":true,"href":"https:\/\/erozone.org\/en\/wp-json\/wp\/v2\/etheme_brands?post=36301"},{"taxonomy":"product_brand","embeddable":true,"href":"https:\/\/erozone.org\/en\/wp-json\/wp\/v2\/product_brand?post=36301"},{"taxonomy":"product_cat","embeddable":true,"href":"https:\/\/erozone.org\/en\/wp-json\/wp\/v2\/product_cat?post=36301"},{"taxonomy":"product_tag","embeddable":true,"href":"https:\/\/erozone.org\/en\/wp-json\/wp\/v2\/product_tag?post=36301"}],"curies":[{"name":"wp","href":"https:\/\/api.w.org\/{rel}","templated":true}]}}