{"id":36304,"date":"2022-05-02T22:20:35","date_gmt":"2022-05-02T19:20:35","guid":{"rendered":"https:\/\/erozone.org\/produktas\/chocolis\/"},"modified":"2026-01-28T13:32:51","modified_gmt":"2026-01-28T11:32:51","slug":"chocolis","status":"publish","type":"product","link":"https:\/\/erozone.org\/en\/produktas\/chocolis\/","title":{"rendered":"Chocolis 20"},"content":{"rendered":"<p>Chocolis 20 is a chewable, chocolate-flavoured tadalafil tablet. It is absorbed by your body much faster and as a result, the desired effect, i.e. a firm erection, is achieved much quicker than with regular tadalafil tablets. The effect is felt just 10-15 minutes after chewing or dissolving the tablet under the tongue !<br \/>\nChocolis 20 can be used both for the treatment of erectile dysfunction and for recreational purposes to achieve an even firmer erection for longer than usual. This preparation will restore impaired erectile function by increasing blood flow to the penis during sexual stimulation.<br \/>\nChocolis 20 active ingredient 20 mg tadalafil. Tadalafil is a selective PDE-5 inhibitor that treats sexual impotence and improves potency. Inhibition of phosphodiesterase type 5 (PDE-5) enhances erectile function by increasing cGMP levels. cGMP is a substance that relaxes and dilates blood vessels and smooth muscle cells. With higher levels of cGMP in the blood, blood flows effortlessly to the penis, resulting in a much firmer erection than normal.<\/p>\n<h2>\nWhy is it worth it?<\/h2>\n<p>&#8211; Ultra-fast effect for a stronger potency;<br \/>\n&#8211; longer duration of action;<br \/>\n&#8211; Harder erections;<br \/>\n&#8211; longer lasting erections;<br \/>\n&#8211; greater sexual stamina;<br \/>\n&#8211; helps overcome erectile dysfunction;<br \/>\n&#8211; faster erections.<\/p>\n<h2>\nHow to take Chocolis 20 chewable tablets:<\/h2>\n<p>Chew one Chocolis 20 tablet or let it dissolve under your tongue. The active ingredient of Chocolis 20 will enter the bloodstream in a short time and the effects will be felt after 15 minutes.<br \/>\n<strong>Storage:<\/strong><br \/>\nThe product should be stored at room temperature, protected from moisture and heat. Keep the tablets out of the reach of children and pets.<br \/>\n<strong>Side effects:<\/strong><br \/>\nCommon side effects may include headache, backache, muscle aches, flushing, indigestion and nasal congestion. Side effects are most often caused by too high a dose for your body. If the dose is appropriate for your body, side effects will not occur. Side effects usually do not last long and do not cause much discomfort. In rare cases, you may experience severe side effects not listed here or an erection lasting longer than four hours. Seek medical attention immediately if you experience severe side effects.<br \/>\n<strong>Precautions:<\/strong><br \/>\nBefore use, tell your healthcare provider if you have heart disease, high or low blood pressure, liver or kidney disease, stomach ulcers, bleeding disorders, or other medical conditions. This product may interact with certain medications and supplements, so it is important to inform your healthcare provider of any medications you are currently taking.<br \/>\n<strong>Warnings:<\/strong><br \/>\nThis product should not be used by women or children. It should also not be used if you are allergic to the active ingredient or any of the excipients. If an allergic reaction occurs, such as difficulty breathing, swelling of the face, lips, tongue or throat, seek emergency medical attention.<br \/>\n<strong>Drug interactions:<\/strong><br \/>\nThe product may interact with certain medicines, including nitrates used for chest pain or heart problems, alpha-blockers used to treat high blood pressure or prostate problems, and certain antibiotics and antifungal medicines. Before taking this product, tell your healthcare provider about all medications you are currently taking.<\/p>\n","protected":false},"excerpt":{"rendered":"<p>Chocolis 20 is a fast-acting, chocolate-flavoured analogue of cialis, taken by chewing or dissolving under the tongue. The effect is felt after 15 minutes.<br \/>\nIt is a fast-acting and effective preparation for potency enhancement or erectile dysfunction !!<br \/>\n<strong>Pack of 5 pcs.<\/strong><br \/>\n(Before ordering, please read the full product description, which can be opened by clicking on the product name or picture).<\/p>\n","protected":false},"featured_media":41106,"template":"","meta":[],"etheme_brands":[],"product_brand":[],"product_cat":[162,166],"product_tag":[213,231,217,214],"class_list":{"0":"post-36304","1":"product","2":"type-product","3":"status-publish","4":"has-post-thumbnail","6":"product_cat-for-erection","7":"product_cat-tadalafil-en","8":"product_tag-tadalis-en","9":"product_tag-tadapox-tabletes-en","10":"product_tag-tadarise-en","11":"product_tag-vidalista-en","13":"first","14":"instock","15":"shipping-taxable","16":"purchasable","17":"product-type-simple"},"yoast_head":"<!-- This site is optimized with the Yoast SEO plugin v26.2 - https:\/\/yoast.com\/wordpress\/plugins\/seo\/ -->\n<title>Chocolis 20 - Erozone<\/title>\n<meta name=\"description\" content=\"Chocolis 20 \u2705 Stiprinkite potencij\u0105 su m\u016bs\u0173 papildais u\u017e ger\u0105 kain\u0105 \u2764\ufe0f Gyvenkite aktyv\u0173 gyvenim\u0105! U\u017esisakykite!\" \/>\n<meta name=\"robots\" content=\"index, follow, max-snippet:-1, max-image-preview:large, max-video-preview:-1\" \/>\n<link rel=\"canonical\" href=\"https:\/\/erozone.org\/produktas\/chocolis\/\" \/>\n<meta property=\"og:locale\" content=\"en_US\" \/>\n<meta property=\"og:type\" content=\"article\" \/>\n<meta property=\"og:title\" content=\"Chocolis 20 - Erozone\" \/>\n<meta property=\"og:description\" content=\"Chocolis 20 \u2705 Stiprinkite potencij\u0105 su m\u016bs\u0173 papildais u\u017e ger\u0105 kain\u0105 \u2764\ufe0f Gyvenkite aktyv\u0173 gyvenim\u0105! U\u017esisakykite!\" \/>\n<meta property=\"og:url\" content=\"https:\/\/erozone.org\/produktas\/chocolis\/\" \/>\n<meta property=\"og:site_name\" content=\"Erozone\" \/>\n<meta property=\"article:modified_time\" content=\"2026-01-28T11:32:51+00:00\" \/>\n<meta property=\"og:image\" content=\"https:\/\/erozone.org\/wp-content\/uploads\/2022\/05\/Chocolis-20-Org2.jpg\" \/>\n\t<meta property=\"og:image:width\" content=\"1630\" \/>\n\t<meta property=\"og:image:height\" content=\"1119\" \/>\n\t<meta property=\"og:image:type\" content=\"image\/jpeg\" \/>\n<meta name=\"twitter:card\" content=\"summary_large_image\" \/>\n<meta name=\"twitter:label1\" content=\"Est. reading time\" \/>\n\t<meta name=\"twitter:data1\" content=\"3 minutes\" \/>\n<script type=\"application\/ld+json\" class=\"yoast-schema-graph\">{\"@context\":\"https:\/\/schema.org\",\"@graph\":[{\"@type\":\"WebPage\",\"@id\":\"https:\/\/erozone.org\/produktas\/chocolis\/\",\"url\":\"https:\/\/erozone.org\/produktas\/chocolis\/\",\"name\":\"Chocolis 20 - Erozone\",\"isPartOf\":{\"@id\":\"https:\/\/erozone.org\/en\/#website\"},\"primaryImageOfPage\":{\"@id\":\"https:\/\/erozone.org\/produktas\/chocolis\/#primaryimage\"},\"image\":{\"@id\":\"https:\/\/erozone.org\/produktas\/chocolis\/#primaryimage\"},\"thumbnailUrl\":\"https:\/\/erozone.org\/wp-content\/uploads\/2022\/05\/Chocolis-20-Org2.jpg\",\"datePublished\":\"2022-05-02T19:20:35+00:00\",\"dateModified\":\"2026-01-28T11:32:51+00:00\",\"description\":\"Chocolis 20 \u2705 Stiprinkite potencij\u0105 su m\u016bs\u0173 papildais u\u017e ger\u0105 kain\u0105 \u2764\ufe0f Gyvenkite aktyv\u0173 gyvenim\u0105! U\u017esisakykite!\",\"breadcrumb\":{\"@id\":\"https:\/\/erozone.org\/produktas\/chocolis\/#breadcrumb\"},\"inLanguage\":\"en-US\",\"potentialAction\":[{\"@type\":\"ReadAction\",\"target\":[\"https:\/\/erozone.org\/produktas\/chocolis\/\"]}]},{\"@type\":\"ImageObject\",\"inLanguage\":\"en-US\",\"@id\":\"https:\/\/erozone.org\/produktas\/chocolis\/#primaryimage\",\"url\":\"https:\/\/erozone.org\/wp-content\/uploads\/2022\/05\/Chocolis-20-Org2.jpg\",\"contentUrl\":\"https:\/\/erozone.org\/wp-content\/uploads\/2022\/05\/Chocolis-20-Org2.jpg\",\"width\":1630,\"height\":1119},{\"@type\":\"BreadcrumbList\",\"@id\":\"https:\/\/erozone.org\/produktas\/chocolis\/#breadcrumb\",\"itemListElement\":[{\"@type\":\"ListItem\",\"position\":1,\"name\":\"Home\",\"item\":\"https:\/\/erozone.org\/\"},{\"@type\":\"ListItem\",\"position\":2,\"name\":\"Katalogas\",\"item\":\"https:\/\/erozone.org\/katalogas\/\"},{\"@type\":\"ListItem\",\"position\":3,\"name\":\"Chocolis 20\"}]},{\"@type\":\"WebSite\",\"@id\":\"https:\/\/erozone.org\/en\/#website\",\"url\":\"https:\/\/erozone.org\/en\/\",\"name\":\"Erozone\",\"description\":\"prek\u0117s internetu suaugusiems\",\"publisher\":{\"@id\":\"https:\/\/erozone.org\/en\/#organization\"},\"potentialAction\":[{\"@type\":\"SearchAction\",\"target\":{\"@type\":\"EntryPoint\",\"urlTemplate\":\"https:\/\/erozone.org\/en\/?s={search_term_string}\"},\"query-input\":{\"@type\":\"PropertyValueSpecification\",\"valueRequired\":true,\"valueName\":\"search_term_string\"}}],\"inLanguage\":\"en-US\"},{\"@type\":\"Organization\",\"@id\":\"https:\/\/erozone.org\/en\/#organization\",\"name\":\"Erozone\",\"url\":\"https:\/\/erozone.org\/en\/\",\"logo\":{\"@type\":\"ImageObject\",\"inLanguage\":\"en-US\",\"@id\":\"https:\/\/erozone.org\/en\/#\/schema\/logo\/image\/\",\"url\":\"https:\/\/erozone.org\/wp-content\/uploads\/2023\/01\/logo-1.png\",\"contentUrl\":\"https:\/\/erozone.org\/wp-content\/uploads\/2023\/01\/logo-1.png\",\"width\":182,\"height\":30,\"caption\":\"Erozone\"},\"image\":{\"@id\":\"https:\/\/erozone.org\/en\/#\/schema\/logo\/image\/\"}}]}<\/script>\n<!-- \/ Yoast SEO plugin. -->","yoast_head_json":{"title":"Chocolis 20 - Erozone","description":"Chocolis 20 \u2705 Stiprinkite potencij\u0105 su m\u016bs\u0173 papildais u\u017e ger\u0105 kain\u0105 \u2764\ufe0f Gyvenkite aktyv\u0173 gyvenim\u0105! U\u017esisakykite!","robots":{"index":"index","follow":"follow","max-snippet":"max-snippet:-1","max-image-preview":"max-image-preview:large","max-video-preview":"max-video-preview:-1"},"canonical":"https:\/\/erozone.org\/produktas\/chocolis\/","og_locale":"en_US","og_type":"article","og_title":"Chocolis 20 - Erozone","og_description":"Chocolis 20 \u2705 Stiprinkite potencij\u0105 su m\u016bs\u0173 papildais u\u017e ger\u0105 kain\u0105 \u2764\ufe0f Gyvenkite aktyv\u0173 gyvenim\u0105! U\u017esisakykite!","og_url":"https:\/\/erozone.org\/produktas\/chocolis\/","og_site_name":"Erozone","article_modified_time":"2026-01-28T11:32:51+00:00","og_image":[{"width":1630,"height":1119,"url":"https:\/\/erozone.org\/wp-content\/uploads\/2022\/05\/Chocolis-20-Org2.jpg","type":"image\/jpeg"}],"twitter_card":"summary_large_image","twitter_misc":{"Est. reading time":"3 minutes"},"schema":{"@context":"https:\/\/schema.org","@graph":[{"@type":"WebPage","@id":"https:\/\/erozone.org\/produktas\/chocolis\/","url":"https:\/\/erozone.org\/produktas\/chocolis\/","name":"Chocolis 20 - Erozone","isPartOf":{"@id":"https:\/\/erozone.org\/en\/#website"},"primaryImageOfPage":{"@id":"https:\/\/erozone.org\/produktas\/chocolis\/#primaryimage"},"image":{"@id":"https:\/\/erozone.org\/produktas\/chocolis\/#primaryimage"},"thumbnailUrl":"https:\/\/erozone.org\/wp-content\/uploads\/2022\/05\/Chocolis-20-Org2.jpg","datePublished":"2022-05-02T19:20:35+00:00","dateModified":"2026-01-28T11:32:51+00:00","description":"Chocolis 20 \u2705 Stiprinkite potencij\u0105 su m\u016bs\u0173 papildais u\u017e ger\u0105 kain\u0105 \u2764\ufe0f Gyvenkite aktyv\u0173 gyvenim\u0105! U\u017esisakykite!","breadcrumb":{"@id":"https:\/\/erozone.org\/produktas\/chocolis\/#breadcrumb"},"inLanguage":"en-US","potentialAction":[{"@type":"ReadAction","target":["https:\/\/erozone.org\/produktas\/chocolis\/"]}]},{"@type":"ImageObject","inLanguage":"en-US","@id":"https:\/\/erozone.org\/produktas\/chocolis\/#primaryimage","url":"https:\/\/erozone.org\/wp-content\/uploads\/2022\/05\/Chocolis-20-Org2.jpg","contentUrl":"https:\/\/erozone.org\/wp-content\/uploads\/2022\/05\/Chocolis-20-Org2.jpg","width":1630,"height":1119},{"@type":"BreadcrumbList","@id":"https:\/\/erozone.org\/produktas\/chocolis\/#breadcrumb","itemListElement":[{"@type":"ListItem","position":1,"name":"Home","item":"https:\/\/erozone.org\/"},{"@type":"ListItem","position":2,"name":"Katalogas","item":"https:\/\/erozone.org\/katalogas\/"},{"@type":"ListItem","position":3,"name":"Chocolis 20"}]},{"@type":"WebSite","@id":"https:\/\/erozone.org\/en\/#website","url":"https:\/\/erozone.org\/en\/","name":"Erozone","description":"prek\u0117s internetu suaugusiems","publisher":{"@id":"https:\/\/erozone.org\/en\/#organization"},"potentialAction":[{"@type":"SearchAction","target":{"@type":"EntryPoint","urlTemplate":"https:\/\/erozone.org\/en\/?s={search_term_string}"},"query-input":{"@type":"PropertyValueSpecification","valueRequired":true,"valueName":"search_term_string"}}],"inLanguage":"en-US"},{"@type":"Organization","@id":"https:\/\/erozone.org\/en\/#organization","name":"Erozone","url":"https:\/\/erozone.org\/en\/","logo":{"@type":"ImageObject","inLanguage":"en-US","@id":"https:\/\/erozone.org\/en\/#\/schema\/logo\/image\/","url":"https:\/\/erozone.org\/wp-content\/uploads\/2023\/01\/logo-1.png","contentUrl":"https:\/\/erozone.org\/wp-content\/uploads\/2023\/01\/logo-1.png","width":182,"height":30,"caption":"Erozone"},"image":{"@id":"https:\/\/erozone.org\/en\/#\/schema\/logo\/image\/"}}]}},"_links":{"self":[{"href":"https:\/\/erozone.org\/en\/wp-json\/wp\/v2\/product\/36304","targetHints":{"allow":["GET"]}}],"collection":[{"href":"https:\/\/erozone.org\/en\/wp-json\/wp\/v2\/product"}],"about":[{"href":"https:\/\/erozone.org\/en\/wp-json\/wp\/v2\/types\/product"}],"version-history":[{"count":0,"href":"https:\/\/erozone.org\/en\/wp-json\/wp\/v2\/product\/36304\/revisions"}],"wp:featuredmedia":[{"embeddable":true,"href":"https:\/\/erozone.org\/en\/wp-json\/wp\/v2\/media\/41106"}],"wp:attachment":[{"href":"https:\/\/erozone.org\/en\/wp-json\/wp\/v2\/media?parent=36304"}],"wp:term":[{"taxonomy":"brand","embeddable":true,"href":"https:\/\/erozone.org\/en\/wp-json\/wp\/v2\/etheme_brands?post=36304"},{"taxonomy":"product_brand","embeddable":true,"href":"https:\/\/erozone.org\/en\/wp-json\/wp\/v2\/product_brand?post=36304"},{"taxonomy":"product_cat","embeddable":true,"href":"https:\/\/erozone.org\/en\/wp-json\/wp\/v2\/product_cat?post=36304"},{"taxonomy":"product_tag","embeddable":true,"href":"https:\/\/erozone.org\/en\/wp-json\/wp\/v2\/product_tag?post=36304"}],"curies":[{"name":"wp","href":"https:\/\/api.w.org\/{rel}","templated":true}]}}