{"id":36305,"date":"2022-04-26T14:34:22","date_gmt":"2022-04-26T11:34:22","guid":{"rendered":"https:\/\/erozone.org\/produktas\/sildigra-gold\/"},"modified":"2026-04-14T16:22:50","modified_gmt":"2026-04-14T13:22:50","slug":"sildigra-gold","status":"publish","type":"product","link":"https:\/\/erozone.org\/en\/produktas\/sildigra-gold\/","title":{"rendered":"Sildigra Gold"},"content":{"rendered":"<p>Sildigra Gold yra skirtas vyrams, pagerinti potencij\u0105 (standesn\u0117 erekcija nei \u012fprastai bei ilgesn\u012f laik\u0105 trunkanti erekcija) ar vyrams kurie patiria erekcijos disfunkcij\u0105 (t.y. kai vyras negali pasiekti erekcijos ar jos i\u0161laikyti stand\u017eios lytinio akto metu).<\/p>\n<p>Sildigra Gold \u2013 savo sud\u0117tyje turi net 200 mg Sildenafil! Tai net du kartus stipresn\u0117s koncentracijos preparatas nei standartin\u0117 viagros tablet\u0117. Tai vienas stipriausi\u0173 sildenafil produkt\u0173 rinkoje !<br \/>\nSildigra Gold pad\u0117s \u012fveikti erekcijos sutrikimus ir pagerins j\u016bs\u0173 lytin\u012f paj\u0117gum\u0105 !<\/p>\n<p>Sildenafil priklauso penkto tipo fosfodiesteraz\u0117s (FDE5) inhibitori\u0173 grupei. FDE5 inhibitoriai, yra pirmaeiliai preparatai, kurie padeda pa\u0161alinti erekcijos funkcijos sutrikimus. \u0160i veiklioji med\u017eiaga veikia seksualin\u0117s stimuliacijos metu, skatindama varpos kraujagysli\u0173 i\u0161sipl\u0117tim\u0105 ir padidindama \u012f varpos srit\u012f patenkan\u010dio kraujo sraut\u0105. To pasekoje pasiekti erekcij\u0105 tampa kur kas lengviau, erekcijos b\u016bna tvirtesn\u0117s nei \u012fprastai ir galima be problem\u0173 m\u0117gautis lytiniais santykiais. Tad sildenafil naudojimas pagerina vyr\u0173 seksualin\u0119 sveikat\u0105.<\/p>\n<p>Standartin\u0117 sildenafil paros norma yra nuo 25mg iki 100mg. Sildigra Gold turi 200mg vienoje tablet\u0117je, tad yra skirtas tik tiems vyrams. kurie yra i\u0161band\u0119 ma\u017eesn\u0117s sildenafil koncentracijos produktus ir kuri\u0173 organizmas puikiai toleruoja didesnes sildenafil dozes, bei kuriems reikia dar stipresn\u0117s koncentracijos, norimiems potencijos efektams pasiekti.<\/p>\n<h2>Kod\u0117l verta rinktis Sildigra Gold?<\/h2>\n<p>\u2013 stipri sud\u0117tis dar didesniam potencijos efektui;<\/p>\n<p>\u2013 standesn\u0117s erekcijos;<\/p>\n<p>\u2013 erekcijos sutrikim\u0173 gydymas;<\/p>\n<p>\u2013 ilgiau trunkan\u010dios erekcijos;<\/p>\n<p>\u2013 didesnis seksualinis paj\u0117gumas;<\/p>\n<p>\u2013 grei\u010diau pasiekiamos erekcijos;<\/p>\n<p>\u2013 pakanka vos pus\u0117s tablet\u0117s efektyviems rezultatams pasiekti.<\/p>\n<h2>Sildigra Gold naudojimas:<\/h2>\n<p>Sildigra Gold d\u0117l savo stiprios sud\u0117ties patartina naudoti tik tiems, kurie yra i\u0161band\u0119 ma\u017eesni\u0173 sildenafil koncentracij\u0173 produktus, arba gerti vien\u0105 tablet\u0119 pusiau. Sildigra Gold reikia i\u0161gerti 45-60 min. iki lytinio akto prad\u017eios, u\u017egeriant stikline vandens. Nemai\u0161yti su dideliu kiekiu maisto ar riebiu maistu. Nemai\u0161yti su greipfrutais ar j\u0173 produktais. Naudoti reguliariai neb\u016btina.<br \/>\nSildigra Gold efektas trunka nuo 8 iki 12 valand\u0173 ir pasirei\u0161kia seksualin\u0117s stimuliacijos metu.<\/p>\n<h2 id=\"tw-target-text\" class=\"tw-data-text tw-text-large tw-ta\" dir=\"ltr\" data-placeholder=\"Vertimas\" aria-label=\"I\u0161verstas tekstas\" data-ved=\"2ahUKEwjX9MHQs7yGAxWkRaQEHStLCz8Q3ewLegQIDxAU\"><span class=\"Y2IQFc\" lang=\"lt\">Sildigra Gold laikymas:<\/span><\/h2>\n<p class=\"tw-data-text tw-text-large tw-ta\" dir=\"ltr\" data-placeholder=\"Vertimas\" aria-label=\"I\u0161verstas tekstas\" data-ved=\"2ahUKEwjX9MHQs7yGAxWkRaQEHStLCz8Q3ewLegQIDxAU\"><span class=\"Y2IQFc\" lang=\"lt\">Produktas turi b\u016bti laikomos kambario temperat\u016broje, apsaugotoje nuo dr\u0117gm\u0117s ir kar\u0161\u010dio. Tabletes laikykite vaikams ir naminiams gyv\u016bn\u0117liams nepasiekiamoje vietoje.<\/span><\/p>\n<h2 class=\"tw-data-text tw-text-large tw-ta\" dir=\"ltr\" data-placeholder=\"Vertimas\" aria-label=\"I\u0161verstas tekstas\" data-ved=\"2ahUKEwjX9MHQs7yGAxWkRaQEHStLCz8Q3ewLegQIDxAU\"><span class=\"Y2IQFc\" lang=\"lt\">\u0160alutiniai poveikiai:<\/span><\/h2>\n<p class=\"tw-data-text tw-text-large tw-ta\" dir=\"ltr\" data-placeholder=\"Vertimas\" aria-label=\"I\u0161verstas tekstas\" data-ved=\"2ahUKEwjX9MHQs7yGAxWkRaQEHStLCz8Q3ewLegQIDxAU\"><span class=\"Y2IQFc\" lang=\"lt\">Da\u017enas \u0161alutinis poveikis gali b\u016bti galvos skausmas, nugaros skausmas, raumen\u0173 skausmai, paraudimas, vir\u0161kinimo sutrikimai ir nosies u\u017egulimas. \u0160alutinis poveikis da\u017eniausiai pasirei\u0161kia, d\u0117l per didel\u0117s doz\u0117s j\u016bs\u0173 organizmui. Jai doz\u0117 yra tinkama j\u016bs\u0173 organizmui, \u0161alutinis poveikis nepasireik\u0161. \u0160alutinis poveikis da\u017eniausiai trunka neilgai ir nesukelia dideli\u0173 nepatogum\u0173.\u00a0 Retais atvejais gali pasireik\u0161ti sunkus \u0161alutinis poveikis, kuris n\u0117ra nurodytas \u010dia arba ilgiau nei keturias valandas trunkanti erekcija. Nedelsdami kreipkit\u0117s medicinin\u0117s pagalbos, jei pasirei\u0161kia sunkus \u0161alutinis poveikis.\u00a0\u00a0<\/span><\/p>\n<h2 class=\"tw-data-text tw-text-large tw-ta\" dir=\"ltr\" data-placeholder=\"Vertimas\" aria-label=\"I\u0161verstas tekstas\" data-ved=\"2ahUKEwjX9MHQs7yGAxWkRaQEHStLCz8Q3ewLegQIDxAU\"><span class=\"Y2IQFc\" lang=\"lt\">Atsargumo priemon\u0117s:<\/span><\/h2>\n<p class=\"tw-data-text tw-text-large tw-ta\" dir=\"ltr\" data-placeholder=\"Vertimas\" aria-label=\"I\u0161verstas tekstas\" data-ved=\"2ahUKEwjX9MHQs7yGAxWkRaQEHStLCz8Q3ewLegQIDxAU\"><span class=\"Y2IQFc\" lang=\"lt\">Prie\u0161 vartojim\u0105, pasakykite savo sveikatos prie\u017ei\u016bros paslaug\u0173 teik\u0117jui, jei sirgote \u0161irdies liga, auk\u0161tu ar \u017eemu kraujosp\u016bd\u017eiu, kepen\u0173 ar inkst\u0173 liga, skrand\u017eio opa, kraujavimo sutrikimais ar kitomis sveikatos b\u016bkl\u0117mis. Preparatas gali s\u0105veikauti su tam tikrais vaistais ir papildais, tod\u0117l svarbu informuoti savo sveikatos prie\u017ei\u016bros paslaug\u0173 teik\u0117j\u0105 apie visus \u0161iuo metu vartojamus vaistus.<\/span><\/p>\n<h2 class=\"tw-data-text tw-text-large tw-ta\" dir=\"ltr\" data-placeholder=\"Vertimas\" aria-label=\"I\u0161verstas tekstas\" data-ved=\"2ahUKEwjX9MHQs7yGAxWkRaQEHStLCz8Q3ewLegQIDxAU\"><span class=\"Y2IQFc\" lang=\"lt\">\u012esp\u0117jimai:<\/span><\/h2>\n<p class=\"tw-data-text tw-text-large tw-ta\" dir=\"ltr\" data-placeholder=\"Vertimas\" aria-label=\"I\u0161verstas tekstas\" data-ved=\"2ahUKEwjX9MHQs7yGAxWkRaQEHStLCz8Q3ewLegQIDxAU\"><span class=\"Y2IQFc\" lang=\"lt\">Preparato netur\u0117t\u0173 vartoti moterys ar vaikai. Taip pat vartoti negalima, jeigu yra alergija veikliajai med\u017eiagai arba bet kuriai pagalbinei produkto med\u017eiagai. Jei pasirei\u0161kia alergin\u0117 reakcija, pvz., pasunk\u0117j\u0119s kv\u0117pavimas, veido, l\u016bp\u0173, lie\u017euvio ar gerkl\u0117s patinimas, kreipkit\u0117s greitosios medicinos pagalbos.<\/span><\/p>\n<h2 class=\"tw-data-text tw-text-large tw-ta\" dir=\"ltr\" data-placeholder=\"Vertimas\" aria-label=\"I\u0161verstas tekstas\" data-ved=\"2ahUKEwjX9MHQs7yGAxWkRaQEHStLCz8Q3ewLegQIDxAU\"><span class=\"Y2IQFc\" lang=\"lt\">Vaist\u0173 s\u0105veika:<\/span><\/h2>\n<p class=\"tw-data-text tw-text-large tw-ta\" dir=\"ltr\" data-placeholder=\"Vertimas\" aria-label=\"I\u0161verstas tekstas\" data-ved=\"2ahUKEwjX9MHQs7yGAxWkRaQEHStLCz8Q3ewLegQIDxAU\"><span class=\"Y2IQFc\" lang=\"lt\">Produktas gali s\u0105veikauti su tam tikrais vaistais, \u012fskaitant nitratus, vartojamus nuo kr\u016btin\u0117s skausmo ar \u0161irdies problem\u0173, alfa adrenoblokatorius, vartojamus auk\u0161tam kraujosp\u016bd\u017eiui ar prostatos sutrikimams gydyti, ir tam tikrais antibiotikais bei prie\u0161grybeliniais vaistais. Prie\u0161 prad\u0117dami vartoti \u0161\u012f preparat\u0105, informuokite savo sveikatos prie\u017ei\u016bros paslaug\u0173 teik\u0117j\u0105 apie visus \u0161iuo metu vartojamus vaistus.<\/span><\/p>\n","protected":false},"excerpt":{"rendered":"<p>Sildigra Gold \u2013 2x stipriau nei viagra ! Sildigra Gold sukurtas patenkinti augant\u012f vyr\u0173 poreik\u012f, tod\u0117l leis pasiekti erekcij\u0105 net ir po didelio streso ar nuovargio. Vienas stipriausi\u0173 sildenafil produkt\u0173 rinkoje !<\/p>\n<p>Sildigra Gold pagerins potencij\u0105, pad\u0117s i\u0161laikyti stangri\u0105 erekcij\u0105, pad\u0117s \u012fveikti erekcijos sutrikimus, leis ilgiau m\u0117gautis lytiniais santykiais, padidins lytin\u012f paj\u0117gum\u0105.<\/p>\n<p>Rekomenduotina tik band\u017eiusiems ma\u017eesnes Sildigra koncetracijas.<\/p>\n<p>Pakuot\u0117je 10 vnt.<\/p>\n<p>Sildigra Gold yra stiprios koncentracijos produktas, tod\u0117l rekomenduojama vartoti atsakingai ir susipa\u017einti su vartojimo instrukcijomis.<\/p>\n<p>(Prie\u0161 u\u017esakant perskaitykite piln\u0105 produkto apra\u0161ym\u0105, kur\u012f galite atsidaryti paspaud\u0119 ant produkto pavadinimo ar nuotraukos).<\/p>\n","protected":false},"featured_media":37986,"template":"","meta":[],"etheme_brands":[],"product_brand":[],"product_cat":[162,165],"product_tag":[182,220],"class_list":{"0":"post-36305","1":"product","2":"type-product","3":"status-publish","4":"has-post-thumbnail","6":"product_cat-for-erection","7":"product_cat-sildenafil-en","8":"product_tag-cenforce-en","9":"product_tag-sildigra-en","11":"first","12":"instock","13":"shipping-taxable","14":"purchasable","15":"product-type-simple"},"yoast_head":"<!-- This site is optimized with the Yoast SEO plugin v26.2 - https:\/\/yoast.com\/wordpress\/plugins\/seo\/ -->\n<title>Sildigra Gold - Erozone<\/title>\n<meta name=\"description\" content=\"Sildigra Gold \u2705 Stiprinkite potencij\u0105 su m\u016bs\u0173 papildais u\u017e ger\u0105 kain\u0105 \u2764\ufe0f Gyvenkite aktyv\u0173 gyvenim\u0105! U\u017esisakykite!\" \/>\n<meta name=\"robots\" content=\"index, follow, max-snippet:-1, max-image-preview:large, max-video-preview:-1\" \/>\n<link rel=\"canonical\" href=\"https:\/\/erozone.org\/en\/produktas\/sildigra-gold\/\" \/>\n<meta property=\"og:locale\" content=\"en_US\" \/>\n<meta property=\"og:type\" content=\"article\" \/>\n<meta property=\"og:title\" content=\"Sildigra Gold - Erozone\" \/>\n<meta property=\"og:description\" content=\"Sildigra Gold \u2705 Stiprinkite potencij\u0105 su m\u016bs\u0173 papildais u\u017e ger\u0105 kain\u0105 \u2764\ufe0f Gyvenkite aktyv\u0173 gyvenim\u0105! U\u017esisakykite!\" \/>\n<meta property=\"og:url\" content=\"https:\/\/erozone.org\/en\/produktas\/sildigra-gold\/\" \/>\n<meta property=\"og:site_name\" content=\"Erozone\" \/>\n<meta property=\"article:modified_time\" content=\"2026-04-14T13:22:50+00:00\" \/>\n<meta property=\"og:image\" content=\"https:\/\/erozone.org\/wp-content\/uploads\/2022\/04\/Sildigra-Gold-org-5.jpg\" \/>\n\t<meta property=\"og:image:width\" content=\"1306\" \/>\n\t<meta property=\"og:image:height\" content=\"1018\" \/>\n\t<meta property=\"og:image:type\" content=\"image\/jpeg\" \/>\n<meta name=\"twitter:card\" content=\"summary_large_image\" \/>\n<meta name=\"twitter:label1\" content=\"Est. reading time\" \/>\n\t<meta name=\"twitter:data1\" content=\"4 minutes\" \/>\n<script type=\"application\/ld+json\" class=\"yoast-schema-graph\">{\"@context\":\"https:\/\/schema.org\",\"@graph\":[{\"@type\":\"WebPage\",\"@id\":\"https:\/\/erozone.org\/en\/produktas\/sildigra-gold\/\",\"url\":\"https:\/\/erozone.org\/en\/produktas\/sildigra-gold\/\",\"name\":\"Sildigra Gold - Erozone\",\"isPartOf\":{\"@id\":\"https:\/\/erozone.org\/en\/#website\"},\"primaryImageOfPage\":{\"@id\":\"https:\/\/erozone.org\/en\/produktas\/sildigra-gold\/#primaryimage\"},\"image\":{\"@id\":\"https:\/\/erozone.org\/en\/produktas\/sildigra-gold\/#primaryimage\"},\"thumbnailUrl\":\"https:\/\/erozone.org\/wp-content\/uploads\/2022\/04\/Sildigra-Gold-org-5.jpg\",\"datePublished\":\"2022-04-26T11:34:22+00:00\",\"dateModified\":\"2026-04-14T13:22:50+00:00\",\"description\":\"Sildigra Gold \u2705 Stiprinkite potencij\u0105 su m\u016bs\u0173 papildais u\u017e ger\u0105 kain\u0105 \u2764\ufe0f Gyvenkite aktyv\u0173 gyvenim\u0105! U\u017esisakykite!\",\"breadcrumb\":{\"@id\":\"https:\/\/erozone.org\/en\/produktas\/sildigra-gold\/#breadcrumb\"},\"inLanguage\":\"en-US\",\"potentialAction\":[{\"@type\":\"ReadAction\",\"target\":[\"https:\/\/erozone.org\/en\/produktas\/sildigra-gold\/\"]}]},{\"@type\":\"ImageObject\",\"inLanguage\":\"en-US\",\"@id\":\"https:\/\/erozone.org\/en\/produktas\/sildigra-gold\/#primaryimage\",\"url\":\"https:\/\/erozone.org\/wp-content\/uploads\/2022\/04\/Sildigra-Gold-org-5.jpg\",\"contentUrl\":\"https:\/\/erozone.org\/wp-content\/uploads\/2022\/04\/Sildigra-Gold-org-5.jpg\",\"width\":1306,\"height\":1018},{\"@type\":\"BreadcrumbList\",\"@id\":\"https:\/\/erozone.org\/en\/produktas\/sildigra-gold\/#breadcrumb\",\"itemListElement\":[{\"@type\":\"ListItem\",\"position\":1,\"name\":\"Home\",\"item\":\"https:\/\/erozone.org\/\"},{\"@type\":\"ListItem\",\"position\":2,\"name\":\"Katalogas\",\"item\":\"https:\/\/erozone.org\/katalogas\/\"},{\"@type\":\"ListItem\",\"position\":3,\"name\":\"Sildigra Gold\"}]},{\"@type\":\"WebSite\",\"@id\":\"https:\/\/erozone.org\/en\/#website\",\"url\":\"https:\/\/erozone.org\/en\/\",\"name\":\"Erozone\",\"description\":\"prek\u0117s internetu suaugusiems\",\"publisher\":{\"@id\":\"https:\/\/erozone.org\/en\/#organization\"},\"potentialAction\":[{\"@type\":\"SearchAction\",\"target\":{\"@type\":\"EntryPoint\",\"urlTemplate\":\"https:\/\/erozone.org\/en\/?s={search_term_string}\"},\"query-input\":{\"@type\":\"PropertyValueSpecification\",\"valueRequired\":true,\"valueName\":\"search_term_string\"}}],\"inLanguage\":\"en-US\"},{\"@type\":\"Organization\",\"@id\":\"https:\/\/erozone.org\/en\/#organization\",\"name\":\"Erozone\",\"url\":\"https:\/\/erozone.org\/en\/\",\"logo\":{\"@type\":\"ImageObject\",\"inLanguage\":\"en-US\",\"@id\":\"https:\/\/erozone.org\/en\/#\/schema\/logo\/image\/\",\"url\":\"https:\/\/erozone.org\/wp-content\/uploads\/2023\/01\/logo-1.png\",\"contentUrl\":\"https:\/\/erozone.org\/wp-content\/uploads\/2023\/01\/logo-1.png\",\"width\":182,\"height\":30,\"caption\":\"Erozone\"},\"image\":{\"@id\":\"https:\/\/erozone.org\/en\/#\/schema\/logo\/image\/\"}}]}<\/script>\n<!-- \/ Yoast SEO plugin. -->","yoast_head_json":{"title":"Sildigra Gold - Erozone","description":"Sildigra Gold \u2705 Stiprinkite potencij\u0105 su m\u016bs\u0173 papildais u\u017e ger\u0105 kain\u0105 \u2764\ufe0f Gyvenkite aktyv\u0173 gyvenim\u0105! U\u017esisakykite!","robots":{"index":"index","follow":"follow","max-snippet":"max-snippet:-1","max-image-preview":"max-image-preview:large","max-video-preview":"max-video-preview:-1"},"canonical":"https:\/\/erozone.org\/en\/produktas\/sildigra-gold\/","og_locale":"en_US","og_type":"article","og_title":"Sildigra Gold - Erozone","og_description":"Sildigra Gold \u2705 Stiprinkite potencij\u0105 su m\u016bs\u0173 papildais u\u017e ger\u0105 kain\u0105 \u2764\ufe0f Gyvenkite aktyv\u0173 gyvenim\u0105! U\u017esisakykite!","og_url":"https:\/\/erozone.org\/en\/produktas\/sildigra-gold\/","og_site_name":"Erozone","article_modified_time":"2026-04-14T13:22:50+00:00","og_image":[{"width":1306,"height":1018,"url":"https:\/\/erozone.org\/wp-content\/uploads\/2022\/04\/Sildigra-Gold-org-5.jpg","type":"image\/jpeg"}],"twitter_card":"summary_large_image","twitter_misc":{"Est. reading time":"4 minutes"},"schema":{"@context":"https:\/\/schema.org","@graph":[{"@type":"WebPage","@id":"https:\/\/erozone.org\/en\/produktas\/sildigra-gold\/","url":"https:\/\/erozone.org\/en\/produktas\/sildigra-gold\/","name":"Sildigra Gold - Erozone","isPartOf":{"@id":"https:\/\/erozone.org\/en\/#website"},"primaryImageOfPage":{"@id":"https:\/\/erozone.org\/en\/produktas\/sildigra-gold\/#primaryimage"},"image":{"@id":"https:\/\/erozone.org\/en\/produktas\/sildigra-gold\/#primaryimage"},"thumbnailUrl":"https:\/\/erozone.org\/wp-content\/uploads\/2022\/04\/Sildigra-Gold-org-5.jpg","datePublished":"2022-04-26T11:34:22+00:00","dateModified":"2026-04-14T13:22:50+00:00","description":"Sildigra Gold \u2705 Stiprinkite potencij\u0105 su m\u016bs\u0173 papildais u\u017e ger\u0105 kain\u0105 \u2764\ufe0f Gyvenkite aktyv\u0173 gyvenim\u0105! U\u017esisakykite!","breadcrumb":{"@id":"https:\/\/erozone.org\/en\/produktas\/sildigra-gold\/#breadcrumb"},"inLanguage":"en-US","potentialAction":[{"@type":"ReadAction","target":["https:\/\/erozone.org\/en\/produktas\/sildigra-gold\/"]}]},{"@type":"ImageObject","inLanguage":"en-US","@id":"https:\/\/erozone.org\/en\/produktas\/sildigra-gold\/#primaryimage","url":"https:\/\/erozone.org\/wp-content\/uploads\/2022\/04\/Sildigra-Gold-org-5.jpg","contentUrl":"https:\/\/erozone.org\/wp-content\/uploads\/2022\/04\/Sildigra-Gold-org-5.jpg","width":1306,"height":1018},{"@type":"BreadcrumbList","@id":"https:\/\/erozone.org\/en\/produktas\/sildigra-gold\/#breadcrumb","itemListElement":[{"@type":"ListItem","position":1,"name":"Home","item":"https:\/\/erozone.org\/"},{"@type":"ListItem","position":2,"name":"Katalogas","item":"https:\/\/erozone.org\/katalogas\/"},{"@type":"ListItem","position":3,"name":"Sildigra Gold"}]},{"@type":"WebSite","@id":"https:\/\/erozone.org\/en\/#website","url":"https:\/\/erozone.org\/en\/","name":"Erozone","description":"prek\u0117s internetu suaugusiems","publisher":{"@id":"https:\/\/erozone.org\/en\/#organization"},"potentialAction":[{"@type":"SearchAction","target":{"@type":"EntryPoint","urlTemplate":"https:\/\/erozone.org\/en\/?s={search_term_string}"},"query-input":{"@type":"PropertyValueSpecification","valueRequired":true,"valueName":"search_term_string"}}],"inLanguage":"en-US"},{"@type":"Organization","@id":"https:\/\/erozone.org\/en\/#organization","name":"Erozone","url":"https:\/\/erozone.org\/en\/","logo":{"@type":"ImageObject","inLanguage":"en-US","@id":"https:\/\/erozone.org\/en\/#\/schema\/logo\/image\/","url":"https:\/\/erozone.org\/wp-content\/uploads\/2023\/01\/logo-1.png","contentUrl":"https:\/\/erozone.org\/wp-content\/uploads\/2023\/01\/logo-1.png","width":182,"height":30,"caption":"Erozone"},"image":{"@id":"https:\/\/erozone.org\/en\/#\/schema\/logo\/image\/"}}]}},"_links":{"self":[{"href":"https:\/\/erozone.org\/en\/wp-json\/wp\/v2\/product\/36305","targetHints":{"allow":["GET"]}}],"collection":[{"href":"https:\/\/erozone.org\/en\/wp-json\/wp\/v2\/product"}],"about":[{"href":"https:\/\/erozone.org\/en\/wp-json\/wp\/v2\/types\/product"}],"version-history":[{"count":3,"href":"https:\/\/erozone.org\/en\/wp-json\/wp\/v2\/product\/36305\/revisions"}],"predecessor-version":[{"id":48251,"href":"https:\/\/erozone.org\/en\/wp-json\/wp\/v2\/product\/36305\/revisions\/48251"}],"wp:featuredmedia":[{"embeddable":true,"href":"https:\/\/erozone.org\/en\/wp-json\/wp\/v2\/media\/37986"}],"wp:attachment":[{"href":"https:\/\/erozone.org\/en\/wp-json\/wp\/v2\/media?parent=36305"}],"wp:term":[{"taxonomy":"brand","embeddable":true,"href":"https:\/\/erozone.org\/en\/wp-json\/wp\/v2\/etheme_brands?post=36305"},{"taxonomy":"product_brand","embeddable":true,"href":"https:\/\/erozone.org\/en\/wp-json\/wp\/v2\/product_brand?post=36305"},{"taxonomy":"product_cat","embeddable":true,"href":"https:\/\/erozone.org\/en\/wp-json\/wp\/v2\/product_cat?post=36305"},{"taxonomy":"product_tag","embeddable":true,"href":"https:\/\/erozone.org\/en\/wp-json\/wp\/v2\/product_tag?post=36305"}],"curies":[{"name":"wp","href":"https:\/\/api.w.org\/{rel}","templated":true}]}}