{"id":36306,"date":"2022-04-26T14:01:40","date_gmt":"2022-04-26T11:01:40","guid":{"rendered":"https:\/\/erozone.org\/produktas\/tentex-royal\/"},"modified":"2025-05-28T16:22:52","modified_gmt":"2025-05-28T13:22:52","slug":"tentex-royal","status":"publish","type":"product","link":"https:\/\/erozone.org\/en\/produktas\/tentex-royal\/","title":{"rendered":"Tentex Royal"},"content":{"rendered":"<p><img fetchpriority=\"high\" decoding=\"async\" class=\"alignnone size-full wp-image-35997\" src=\"https:\/\/erozone.org\/wp-content\/uploads\/2022\/04\/tentex-royal.jpg\" alt=\"\" width=\"936\" height=\"473\" \/><\/p>\n","protected":false},"excerpt":{"rendered":"<p>Himalaya firmos Tentex Royal &#8211; yra nat\u016bralus papildas, skirtas vyrams, lytiniam paj\u0117gumui stiprinti, u\u017etikrinantis geresn\u0119 ir ilgesn\u0119 energij\u0105, i\u0161tverm\u0119 ir efektyvum\u0105 lovoje.<\/p>\n<p>Tentex Royal palaiko normal\u0173 nerv\u0173 sistemos ir kraujo tek\u0117jimo ry\u0161\u012f, padeda suma\u017einti su am\u017eiumi susijus\u012f stres\u0105, padidina fizin\u0119 i\u0161tverm\u0119, energij\u0105.<br \/>\nTentex Royal sudarytas i\u0161 nat\u016bralaus daugybinio \u017eoleli\u0173 derinio \u2013\u201eTribulus Terrestris\u201c, \u017einomas kaip nat\u016bralus testosterono stiprintuvas, \u201eKokilaksha\u201c, \u201eVathada\u201c, \u201eSunishannaka\u201c, \u201eKumkuma\u201c, tod\u0117l tai yra vienas i\u0161 geriausi\u0173 alternatyvi\u0173 stiprinam\u0173j\u0173 pried\u0173. rekomenduojamas vyrams.<\/p>\n<p>\u012eRODYTA AJURVEDIN\u0116 FORMA \u2013 \u201eHimalaya Tentex Royal\u201c yra nat\u016bralus stiprintuvas vyrams, sukurtas i\u0161 saugi\u0173 ir veiksming\u0173 augalini\u0173 ingredient\u0173, palaikantis tvar\u0173 ir sveik\u0105 energijos lyg\u012f bei padidinantis i\u0161tverm\u0119.<br \/>\nSAUGUS ILGALAIKIAM NAUDOJIMUI \u2013 \u0160is nehormoninis vaista\u017eoli\u0173 papildas yra 100% nat\u016bralus ir saugus ilgalaikiam naudojimui, nes yra be laktoz\u0117s, be kvie\u010di\u0173, be soj\u0173 ir be glitimo.<br \/>\nHIMALAYA GARANTIJA \u2013 HIMALAYA misija yra, kad \u017eoleli\u0173 sveikata tapt\u0173 kiekvieno namo dalimi. M\u016bs\u0173 vaista\u017eoli\u0173 papild\u0173 asortimentas yra specialiai sukurtas pad\u0117ti jums pasiekti fizin\u0119 ir psichin\u0119 gerov\u0119 ir pagerinti gyvenimo kokyb\u0119. Mes stengiam\u0117s, kad tai b\u016bt\u0173 \u012fmanoma, \u012fsipareigojant mokslu paremtai vaista\u017eoli\u0173 sveikatai. Nuo 1930 m. Kiekvienam gaminiui atliekami pirminiai tyrimai.<\/p>\n<h2>Kod\u0117l verta vartoti Tentex Royal?<\/h2>\n<p>Tentex Royal sprend\u017eia pagrindin\u0119 problemos prie\u017east\u012f gerinant kraujo apytak\u0105 visame k\u016bne.<br \/>\nJis veiksmingai padidina na\u0161um\u0105 ir fizin\u0119 i\u0161tverm\u0119 be \u017einomo \u0161alutinio poveikio.<br \/>\nJis sukurtas su patikrintomis ajurvedin\u0117mis \u017eol\u0117mis.<br \/>\n100% nat\u016bralus ir saugus ilgalaikiam naudojimui.<\/p>\n<h2>Tentex Royal rekomenduojamas vartojimas:<\/h2>\n<p>Gerkite 2 kapsules prie\u0161 mieg\u0105 Tentex Royal. Maksimaliam rezultatui pasiekti gerkite 4-6 savaites.<br \/>\nTai N\u0116RA greitas rezultatas per dien\u0105, bet tvarus sprendimas geresniam na\u0161umui ir i\u0161tvermei lovoje.<br \/>\nKadangi jame yra nat\u016brali\u0173 ingredient\u0173, \u201eTentex Royal\u201c neturi jokio \u0161alutinio poveikio. Ta\u010diau vartotojams rekomenduojama nedidinti rekomenduojamos doz\u0117s.<\/p>\n<p>&nbsp;<\/p>\n","protected":false},"featured_media":36248,"template":"","meta":[],"etheme_brands":[],"product_brand":[],"product_cat":[179],"product_tag":[],"class_list":{"0":"post-36306","1":"product","2":"type-product","3":"status-publish","4":"has-post-thumbnail","6":"product_cat-kiti-produktai-en","8":"first","9":"outofstock","10":"shipping-taxable","11":"purchasable","12":"product-type-simple"},"yoast_head":"<!-- This site is optimized with the Yoast SEO plugin v26.2 - https:\/\/yoast.com\/wordpress\/plugins\/seo\/ -->\n<title>Tentex Royal - Erozone<\/title>\n<meta name=\"description\" content=\"Tentex Royal \u2705 Stiprinkite potencij\u0105 su m\u016bs\u0173 papildais u\u017e ger\u0105 kain\u0105 \u2764\ufe0f Gyvenkite aktyv\u0173 gyvenim\u0105! U\u017esisakykite!\" \/>\n<meta name=\"robots\" content=\"index, follow, max-snippet:-1, max-image-preview:large, max-video-preview:-1\" \/>\n<link rel=\"canonical\" href=\"https:\/\/erozone.org\/produktas\/tentex-royal\/\" \/>\n<meta property=\"og:locale\" content=\"en_US\" \/>\n<meta property=\"og:type\" content=\"article\" \/>\n<meta property=\"og:title\" content=\"Tentex Royal - Erozone\" \/>\n<meta property=\"og:description\" content=\"Tentex Royal \u2705 Stiprinkite potencij\u0105 su m\u016bs\u0173 papildais u\u017e ger\u0105 kain\u0105 \u2764\ufe0f Gyvenkite aktyv\u0173 gyvenim\u0105! U\u017esisakykite!\" \/>\n<meta property=\"og:url\" content=\"https:\/\/erozone.org\/produktas\/tentex-royal\/\" \/>\n<meta property=\"og:site_name\" content=\"Erozone\" \/>\n<meta property=\"article:modified_time\" content=\"2025-05-28T13:22:52+00:00\" \/>\n<meta property=\"og:image\" content=\"https:\/\/erozone.org\/wp-content\/uploads\/2022\/04\/Tentex-royal-2.jpg\" \/>\n\t<meta property=\"og:image:width\" content=\"1378\" \/>\n\t<meta property=\"og:image:height\" content=\"1300\" \/>\n\t<meta property=\"og:image:type\" content=\"image\/jpeg\" \/>\n<meta name=\"twitter:card\" content=\"summary_large_image\" \/>\n<script type=\"application\/ld+json\" class=\"yoast-schema-graph\">{\"@context\":\"https:\/\/schema.org\",\"@graph\":[{\"@type\":\"WebPage\",\"@id\":\"https:\/\/erozone.org\/produktas\/tentex-royal\/\",\"url\":\"https:\/\/erozone.org\/produktas\/tentex-royal\/\",\"name\":\"Tentex Royal - Erozone\",\"isPartOf\":{\"@id\":\"https:\/\/erozone.org\/en\/#website\"},\"primaryImageOfPage\":{\"@id\":\"https:\/\/erozone.org\/produktas\/tentex-royal\/#primaryimage\"},\"image\":{\"@id\":\"https:\/\/erozone.org\/produktas\/tentex-royal\/#primaryimage\"},\"thumbnailUrl\":\"https:\/\/erozone.org\/wp-content\/uploads\/2022\/04\/Tentex-royal-2.jpg\",\"datePublished\":\"2022-04-26T11:01:40+00:00\",\"dateModified\":\"2025-05-28T13:22:52+00:00\",\"description\":\"Tentex Royal \u2705 Stiprinkite potencij\u0105 su m\u016bs\u0173 papildais u\u017e ger\u0105 kain\u0105 \u2764\ufe0f Gyvenkite aktyv\u0173 gyvenim\u0105! U\u017esisakykite!\",\"breadcrumb\":{\"@id\":\"https:\/\/erozone.org\/produktas\/tentex-royal\/#breadcrumb\"},\"inLanguage\":\"en-US\",\"potentialAction\":[{\"@type\":\"ReadAction\",\"target\":[\"https:\/\/erozone.org\/produktas\/tentex-royal\/\"]}]},{\"@type\":\"ImageObject\",\"inLanguage\":\"en-US\",\"@id\":\"https:\/\/erozone.org\/produktas\/tentex-royal\/#primaryimage\",\"url\":\"https:\/\/erozone.org\/wp-content\/uploads\/2022\/04\/Tentex-royal-2.jpg\",\"contentUrl\":\"https:\/\/erozone.org\/wp-content\/uploads\/2022\/04\/Tentex-royal-2.jpg\",\"width\":1378,\"height\":1300},{\"@type\":\"BreadcrumbList\",\"@id\":\"https:\/\/erozone.org\/produktas\/tentex-royal\/#breadcrumb\",\"itemListElement\":[{\"@type\":\"ListItem\",\"position\":1,\"name\":\"Home\",\"item\":\"https:\/\/erozone.org\/\"},{\"@type\":\"ListItem\",\"position\":2,\"name\":\"Katalogas\",\"item\":\"https:\/\/erozone.org\/katalogas\/\"},{\"@type\":\"ListItem\",\"position\":3,\"name\":\"Tentex Royal\"}]},{\"@type\":\"WebSite\",\"@id\":\"https:\/\/erozone.org\/en\/#website\",\"url\":\"https:\/\/erozone.org\/en\/\",\"name\":\"Erozone\",\"description\":\"prek\u0117s internetu suaugusiems\",\"publisher\":{\"@id\":\"https:\/\/erozone.org\/en\/#organization\"},\"potentialAction\":[{\"@type\":\"SearchAction\",\"target\":{\"@type\":\"EntryPoint\",\"urlTemplate\":\"https:\/\/erozone.org\/en\/?s={search_term_string}\"},\"query-input\":{\"@type\":\"PropertyValueSpecification\",\"valueRequired\":true,\"valueName\":\"search_term_string\"}}],\"inLanguage\":\"en-US\"},{\"@type\":\"Organization\",\"@id\":\"https:\/\/erozone.org\/en\/#organization\",\"name\":\"Erozone\",\"url\":\"https:\/\/erozone.org\/en\/\",\"logo\":{\"@type\":\"ImageObject\",\"inLanguage\":\"en-US\",\"@id\":\"https:\/\/erozone.org\/en\/#\/schema\/logo\/image\/\",\"url\":\"https:\/\/erozone.org\/wp-content\/uploads\/2023\/01\/logo-1.png\",\"contentUrl\":\"https:\/\/erozone.org\/wp-content\/uploads\/2023\/01\/logo-1.png\",\"width\":182,\"height\":30,\"caption\":\"Erozone\"},\"image\":{\"@id\":\"https:\/\/erozone.org\/en\/#\/schema\/logo\/image\/\"}}]}<\/script>\n<!-- \/ Yoast SEO plugin. -->","yoast_head_json":{"title":"Tentex Royal - Erozone","description":"Tentex Royal \u2705 Stiprinkite potencij\u0105 su m\u016bs\u0173 papildais u\u017e ger\u0105 kain\u0105 \u2764\ufe0f Gyvenkite aktyv\u0173 gyvenim\u0105! U\u017esisakykite!","robots":{"index":"index","follow":"follow","max-snippet":"max-snippet:-1","max-image-preview":"max-image-preview:large","max-video-preview":"max-video-preview:-1"},"canonical":"https:\/\/erozone.org\/produktas\/tentex-royal\/","og_locale":"en_US","og_type":"article","og_title":"Tentex Royal - Erozone","og_description":"Tentex Royal \u2705 Stiprinkite potencij\u0105 su m\u016bs\u0173 papildais u\u017e ger\u0105 kain\u0105 \u2764\ufe0f Gyvenkite aktyv\u0173 gyvenim\u0105! U\u017esisakykite!","og_url":"https:\/\/erozone.org\/produktas\/tentex-royal\/","og_site_name":"Erozone","article_modified_time":"2025-05-28T13:22:52+00:00","og_image":[{"width":1378,"height":1300,"url":"https:\/\/erozone.org\/wp-content\/uploads\/2022\/04\/Tentex-royal-2.jpg","type":"image\/jpeg"}],"twitter_card":"summary_large_image","schema":{"@context":"https:\/\/schema.org","@graph":[{"@type":"WebPage","@id":"https:\/\/erozone.org\/produktas\/tentex-royal\/","url":"https:\/\/erozone.org\/produktas\/tentex-royal\/","name":"Tentex Royal - Erozone","isPartOf":{"@id":"https:\/\/erozone.org\/en\/#website"},"primaryImageOfPage":{"@id":"https:\/\/erozone.org\/produktas\/tentex-royal\/#primaryimage"},"image":{"@id":"https:\/\/erozone.org\/produktas\/tentex-royal\/#primaryimage"},"thumbnailUrl":"https:\/\/erozone.org\/wp-content\/uploads\/2022\/04\/Tentex-royal-2.jpg","datePublished":"2022-04-26T11:01:40+00:00","dateModified":"2025-05-28T13:22:52+00:00","description":"Tentex Royal \u2705 Stiprinkite potencij\u0105 su m\u016bs\u0173 papildais u\u017e ger\u0105 kain\u0105 \u2764\ufe0f Gyvenkite aktyv\u0173 gyvenim\u0105! U\u017esisakykite!","breadcrumb":{"@id":"https:\/\/erozone.org\/produktas\/tentex-royal\/#breadcrumb"},"inLanguage":"en-US","potentialAction":[{"@type":"ReadAction","target":["https:\/\/erozone.org\/produktas\/tentex-royal\/"]}]},{"@type":"ImageObject","inLanguage":"en-US","@id":"https:\/\/erozone.org\/produktas\/tentex-royal\/#primaryimage","url":"https:\/\/erozone.org\/wp-content\/uploads\/2022\/04\/Tentex-royal-2.jpg","contentUrl":"https:\/\/erozone.org\/wp-content\/uploads\/2022\/04\/Tentex-royal-2.jpg","width":1378,"height":1300},{"@type":"BreadcrumbList","@id":"https:\/\/erozone.org\/produktas\/tentex-royal\/#breadcrumb","itemListElement":[{"@type":"ListItem","position":1,"name":"Home","item":"https:\/\/erozone.org\/"},{"@type":"ListItem","position":2,"name":"Katalogas","item":"https:\/\/erozone.org\/katalogas\/"},{"@type":"ListItem","position":3,"name":"Tentex Royal"}]},{"@type":"WebSite","@id":"https:\/\/erozone.org\/en\/#website","url":"https:\/\/erozone.org\/en\/","name":"Erozone","description":"prek\u0117s internetu suaugusiems","publisher":{"@id":"https:\/\/erozone.org\/en\/#organization"},"potentialAction":[{"@type":"SearchAction","target":{"@type":"EntryPoint","urlTemplate":"https:\/\/erozone.org\/en\/?s={search_term_string}"},"query-input":{"@type":"PropertyValueSpecification","valueRequired":true,"valueName":"search_term_string"}}],"inLanguage":"en-US"},{"@type":"Organization","@id":"https:\/\/erozone.org\/en\/#organization","name":"Erozone","url":"https:\/\/erozone.org\/en\/","logo":{"@type":"ImageObject","inLanguage":"en-US","@id":"https:\/\/erozone.org\/en\/#\/schema\/logo\/image\/","url":"https:\/\/erozone.org\/wp-content\/uploads\/2023\/01\/logo-1.png","contentUrl":"https:\/\/erozone.org\/wp-content\/uploads\/2023\/01\/logo-1.png","width":182,"height":30,"caption":"Erozone"},"image":{"@id":"https:\/\/erozone.org\/en\/#\/schema\/logo\/image\/"}}]}},"_links":{"self":[{"href":"https:\/\/erozone.org\/en\/wp-json\/wp\/v2\/product\/36306","targetHints":{"allow":["GET"]}}],"collection":[{"href":"https:\/\/erozone.org\/en\/wp-json\/wp\/v2\/product"}],"about":[{"href":"https:\/\/erozone.org\/en\/wp-json\/wp\/v2\/types\/product"}],"version-history":[{"count":2,"href":"https:\/\/erozone.org\/en\/wp-json\/wp\/v2\/product\/36306\/revisions"}],"predecessor-version":[{"id":48235,"href":"https:\/\/erozone.org\/en\/wp-json\/wp\/v2\/product\/36306\/revisions\/48235"}],"wp:featuredmedia":[{"embeddable":true,"href":"https:\/\/erozone.org\/en\/wp-json\/wp\/v2\/media\/36248"}],"wp:attachment":[{"href":"https:\/\/erozone.org\/en\/wp-json\/wp\/v2\/media?parent=36306"}],"wp:term":[{"taxonomy":"brand","embeddable":true,"href":"https:\/\/erozone.org\/en\/wp-json\/wp\/v2\/etheme_brands?post=36306"},{"taxonomy":"product_brand","embeddable":true,"href":"https:\/\/erozone.org\/en\/wp-json\/wp\/v2\/product_brand?post=36306"},{"taxonomy":"product_cat","embeddable":true,"href":"https:\/\/erozone.org\/en\/wp-json\/wp\/v2\/product_cat?post=36306"},{"taxonomy":"product_tag","embeddable":true,"href":"https:\/\/erozone.org\/en\/wp-json\/wp\/v2\/product_tag?post=36306"}],"curies":[{"name":"wp","href":"https:\/\/api.w.org\/{rel}","templated":true}]}}