{"id":36311,"date":"2022-04-11T14:56:34","date_gmt":"2022-04-11T11:56:34","guid":{"rendered":"https:\/\/erozone.org\/produktas\/sildalist-120\/"},"modified":"2026-05-04T20:30:54","modified_gmt":"2026-05-04T17:30:54","slug":"sildalist-120","status":"publish","type":"product","link":"https:\/\/erozone.org\/en\/produktas\/sildalist-120\/","title":{"rendered":"Sildalist 120"},"content":{"rendered":"<blockquote><p>Sildalist 120 &#8211; itin veiksmingas produktas vyr\u0173 potencijai sustiprinti bei tiems vyrams, kurie susiduria su erekcijos problemomis.<\/p><\/blockquote>\n<p>Sildalist 120\u00a0sud\u0117tyje yra 100 mg sildenafil ir 20 mg Tadalafil. \u0160i\u0173 veikli\u0173j\u0173 med\u017eiag\u0173 kombinacija suteiks labai stipr\u0173 efekt\u0105 lytiniam paj\u0117gumui pagerinti ir pad\u0117s i\u0161spr\u0119sti erekcijos problemas !<\/p>\n<p>Tadalafil yra priskiriamas vaist\u0173, vadinam\u0173 FDE5 inhibitoriais, grupei. FDE5 inhibitoriai, yra pirmaeiliai vaistai, kuriais gydomas erekcijos funkcijos sutrikimas.<br \/>\nTadalafil\u00a0veikia atpalaiduodamas varpos kraujagysli\u0173 lygiuosius raumenis, ko pasekoje gerokai didesnis kraujo srautas nukreipiamas \u012f varp\u0105 bei taip garantuojama standi ir ilgalaik\u0117 erekcija lytinio akto metu. Tadalafil pasi\u017eymi itin ilgalaikiu poveikiu, t.y. veikia apie 36 val. !<\/p>\n<p>Sildenafil taip pat yra priskiriamas vaist\u0173, vadinam\u0173 FDE5 inhibitoriais, grupei. Sildenafil sukurtas vyrams sustiprinti potencij\u0105 ar gydyti erekcijos disfunkcij\u0105. Sildenafil veikia prapl\u0117sdamas kraujagysles varpos srityje ir padidindamas kraujo tek\u0117jim\u0105 \u012f varp\u0105 seksualin\u0117s stimuliacijos metu. \u0160is padid\u0117j\u0119s kraujo srautas sukelia erekcij\u0105 ir leid\u017eia j\u0105 i\u0161laikyti stand\u017ei\u0105 viso lytinio akto metu. Sildenafil veikia apie 8-10 valand\u0173.<\/p>\n<p>Sildalist 120 savo sud\u0117tyje tur\u0117damas tiek Tadalafil tiek ir Sildenafil suteiks ilgalaik\u012f, nenutr\u016bkstam\u0105 erekcijos poveik\u012f.<\/p>\n<h2>Kod\u0117l verta naudoti Sildalist 120?<\/h2>\n<p>\u2013 Dviej\u0173 veikli\u0173j\u0173 med\u017eiag\u0173 kombinacija dar didesniam efektyvumui;<\/p>\n<p>\u2013 standesn\u0117s erekcijos;<\/p>\n<p>\u2013 erekcijos sutrikim\u0173 gydymas;<\/p>\n<p>\u2013 ilgiau trunkan\u010dios erekcijos;<\/p>\n<p>\u2013 didesnis seksualinis paj\u0117gumas;<\/p>\n<p>\u2013 grei\u010diau pasiekiamos erekcijos;<\/p>\n<p>\u2013 gali pakakti vos pus\u0117s tablet\u0117s efektyviems rezultatams pasiekti.<\/p>\n<h2>Sildalist 120 naudojimas:<\/h2>\n<p>Geriausiams rezultatams pasiekti i\u0161gerkite 1 tab. 60 minu\u010di\u0173 prie\u0161 lytin\u012f akt\u0105. Nevartoti su maistu, nes tai prailgins veikli\u0173j\u0173 med\u017eiag\u0173 \u012fsisavinimo laik\u0105. Nemai\u0161yti su greipfrut\u0173 sultimis ar j\u0173 produktais. Did\u017eiausia paros norma \u2013 1 tablet\u0117. Sildalist 120 pakuot\u0117je yra 6 tablet\u0117s. Tablet\u0119 galima gerti vis\u0105 arba dalinti per pus\u0119 ar \u012f tris dalis, kadangi daugumai u\u017eteks vos tre\u010ddalio tablet\u0117s pasiekti norim\u0105 efekt\u0105 !<\/p>\n<h2 id=\"tw-target-text\" class=\"tw-data-text tw-text-large tw-ta\" dir=\"ltr\" data-placeholder=\"Vertimas\" aria-label=\"I\u0161verstas tekstas\" data-ved=\"2ahUKEwjX9MHQs7yGAxWkRaQEHStLCz8Q3ewLegQIDxAU\"><span class=\"Y2IQFc\" lang=\"lt\">Sildalist 120 laikymas:<\/span><\/h2>\n<p class=\"tw-data-text tw-text-large tw-ta\" dir=\"ltr\" data-placeholder=\"Vertimas\" aria-label=\"I\u0161verstas tekstas\" data-ved=\"2ahUKEwjX9MHQs7yGAxWkRaQEHStLCz8Q3ewLegQIDxAU\"><span class=\"Y2IQFc\" lang=\"lt\">Produktas turi b\u016bti laikomos kambario temperat\u016broje, apsaugotoje nuo dr\u0117gm\u0117s ir kar\u0161\u010dio. Tabletes laikykite vaikams ir naminiams gyv\u016bn\u0117liams nepasiekiamoje vietoje.<\/span><\/p>\n<h2 class=\"tw-data-text tw-text-large tw-ta\" dir=\"ltr\" data-placeholder=\"Vertimas\" aria-label=\"I\u0161verstas tekstas\" data-ved=\"2ahUKEwjX9MHQs7yGAxWkRaQEHStLCz8Q3ewLegQIDxAU\"><span class=\"Y2IQFc\" lang=\"lt\">\u0160alutiniai poveikiai:<\/span><\/h2>\n<p class=\"tw-data-text tw-text-large tw-ta\" dir=\"ltr\" data-placeholder=\"Vertimas\" aria-label=\"I\u0161verstas tekstas\" data-ved=\"2ahUKEwjX9MHQs7yGAxWkRaQEHStLCz8Q3ewLegQIDxAU\"><span class=\"Y2IQFc\" lang=\"lt\">Da\u017enas \u0161alutinis poveikis gali b\u016bti galvos skausmas, nugaros skausmas, raumen\u0173 skausmai, paraudimas, vir\u0161kinimo sutrikimai ir nosies u\u017egulimas. \u0160alutinis poveikis da\u017eniausiai pasirei\u0161kia, d\u0117l per didel\u0117s doz\u0117s j\u016bs\u0173 organizmui. Jai doz\u0117 yra tinkama j\u016bs\u0173 organizmui, \u0161alutinis poveikis nepasireik\u0161. \u0160alutinis poveikis da\u017eniausiai trunka neilgai ir nesukelia dideli\u0173 nepatogum\u0173.\u00a0 Retais atvejais gali pasireik\u0161ti sunkus \u0161alutinis poveikis, kuris n\u0117ra nurodytas \u010dia arba ilgiau nei keturias valandas trunkanti erekcija. Nedelsdami kreipkit\u0117s medicinin\u0117s pagalbos, jei pasirei\u0161kia sunkus \u0161alutinis poveikis.\u00a0\u00a0<\/span><\/p>\n<h2 class=\"tw-data-text tw-text-large tw-ta\" dir=\"ltr\" data-placeholder=\"Vertimas\" aria-label=\"I\u0161verstas tekstas\" data-ved=\"2ahUKEwjX9MHQs7yGAxWkRaQEHStLCz8Q3ewLegQIDxAU\"><span class=\"Y2IQFc\" lang=\"lt\">Atsargumo priemon\u0117s:<\/span><\/h2>\n<p class=\"tw-data-text tw-text-large tw-ta\" dir=\"ltr\" data-placeholder=\"Vertimas\" aria-label=\"I\u0161verstas tekstas\" data-ved=\"2ahUKEwjX9MHQs7yGAxWkRaQEHStLCz8Q3ewLegQIDxAU\"><span class=\"Y2IQFc\" lang=\"lt\">Prie\u0161 vartojim\u0105, pasakykite savo sveikatos prie\u017ei\u016bros paslaug\u0173 teik\u0117jui, jei sirgote \u0161irdies liga, auk\u0161tu ar \u017eemu kraujosp\u016bd\u017eiu, kepen\u0173 ar inkst\u0173 liga, skrand\u017eio opa, kraujavimo sutrikimais ar kitomis sveikatos b\u016bkl\u0117mis. Preparatas gali s\u0105veikauti su tam tikrais vaistais ir papildais, tod\u0117l svarbu informuoti savo sveikatos prie\u017ei\u016bros paslaug\u0173 teik\u0117j\u0105 apie visus \u0161iuo metu vartojamus vaistus.<\/span><\/p>\n<h2 class=\"tw-data-text tw-text-large tw-ta\" dir=\"ltr\" data-placeholder=\"Vertimas\" aria-label=\"I\u0161verstas tekstas\" data-ved=\"2ahUKEwjX9MHQs7yGAxWkRaQEHStLCz8Q3ewLegQIDxAU\"><span class=\"Y2IQFc\" lang=\"lt\">\u012esp\u0117jimai:<\/span><\/h2>\n<p class=\"tw-data-text tw-text-large tw-ta\" dir=\"ltr\" data-placeholder=\"Vertimas\" aria-label=\"I\u0161verstas tekstas\" data-ved=\"2ahUKEwjX9MHQs7yGAxWkRaQEHStLCz8Q3ewLegQIDxAU\"><span class=\"Y2IQFc\" lang=\"lt\">Preparato netur\u0117t\u0173 vartoti moterys ar vaikai. Taip pat vartoti negalima, jeigu yra alergija veikliajai med\u017eiagai arba bet kuriai pagalbinei produkto med\u017eiagai. Jei pasirei\u0161kia alergin\u0117 reakcija, pvz., pasunk\u0117j\u0119s kv\u0117pavimas, veido, l\u016bp\u0173, lie\u017euvio ar gerkl\u0117s patinimas, kreipkit\u0117s greitosios medicinos pagalbos.<\/span><\/p>\n<h2 class=\"tw-data-text tw-text-large tw-ta\" dir=\"ltr\" data-placeholder=\"Vertimas\" aria-label=\"I\u0161verstas tekstas\" data-ved=\"2ahUKEwjX9MHQs7yGAxWkRaQEHStLCz8Q3ewLegQIDxAU\"><span class=\"Y2IQFc\" lang=\"lt\">Vaist\u0173 s\u0105veika:<\/span><\/h2>\n<p class=\"tw-data-text tw-text-large tw-ta\" dir=\"ltr\" data-placeholder=\"Vertimas\" aria-label=\"I\u0161verstas tekstas\" data-ved=\"2ahUKEwjX9MHQs7yGAxWkRaQEHStLCz8Q3ewLegQIDxAU\"><span class=\"Y2IQFc\" lang=\"lt\">Produktas gali s\u0105veikauti su tam tikrais vaistais, \u012fskaitant nitratus, vartojamus nuo kr\u016btin\u0117s skausmo ar \u0161irdies problem\u0173, alfa adrenoblokatorius, vartojamus auk\u0161tam kraujosp\u016bd\u017eiui ar prostatos sutrikimams gydyti, ir tam tikrais antibiotikais bei prie\u0161grybeliniais vaistais. Prie\u0161 prad\u0117dami vartoti \u0161\u012f preparat\u0105, informuokite savo sveikatos prie\u017ei\u016bros paslaug\u0173 teik\u0117j\u0105 apie visus \u0161iuo metu vartojamus vaistus.<\/span><\/p>\n","protected":false},"excerpt":{"rendered":"<p>Sildalist 120 tai itin potencialios sud\u0117ties prepartas vyr\u0173 lytiniam paj\u0117gumui, \u012f kurio sud\u0117t\u012f \u012feina du veiksmingi komponentai erekcijai stiprinti ar erekcijos disfunkcijai gydyti.<\/p>\n<p>Sildalist 120 savo sud\u0117tyje tur\u0117damas tiek Tadalafil tiek ir sildenafil, gali pad\u0117ti i\u0161spr\u0119sti bet koki\u0105 erekcijos problem\u0105 ir suteikti ilgalaik\u012f, nenutr\u016bkstama erekcijos poveik\u012f !<\/p>\n<p>Pakuot\u0117je 6 vnt.<\/p>\n<p>Sildalist 120 yra stiprios koncentracijos produktas, tod\u0117l rekomenduojama vartoti atsakingai ir susipa\u017einti su vartojimo instrukcijomis.<\/p>\n<p>(Prie\u0161 u\u017esakant perskaitykite piln\u0105 produkto apra\u0161ym\u0105, kur\u012f galite atsidaryti paspaud\u0119 ant produkto pavadinimo ar nuotraukos).<\/p>\n","protected":false},"featured_media":37462,"template":"","meta":[],"etheme_brands":[],"product_brand":[],"product_cat":[162,165,166,157],"product_tag":[222,213,217],"class_list":{"0":"post-36311","1":"product","2":"type-product","3":"status-publish","4":"has-post-thumbnail","6":"product_cat-for-erection","7":"product_cat-sildenafil-en","8":"product_cat-tadalafil-en","9":"product_cat-sildenafil-tadalafil-en","10":"product_tag-sildalist-en","11":"product_tag-tadalis-en","12":"product_tag-tadarise-en","14":"first","15":"instock","16":"shipping-taxable","17":"purchasable","18":"product-type-simple"},"yoast_head":"<!-- This site is optimized with the Yoast SEO plugin v26.2 - https:\/\/yoast.com\/wordpress\/plugins\/seo\/ -->\n<title>Sildalist 120 - Erozone<\/title>\n<meta name=\"description\" content=\"Sildalist 120 \u2705 Stiprinkite potencij\u0105 su m\u016bs\u0173 papildais u\u017e ger\u0105 kain\u0105 \u2764\ufe0f Gyvenkite aktyv\u0173 gyvenim\u0105! U\u017esisakykite!\" \/>\n<meta name=\"robots\" content=\"index, follow, max-snippet:-1, max-image-preview:large, max-video-preview:-1\" \/>\n<link rel=\"canonical\" href=\"https:\/\/erozone.org\/en\/produktas\/sildalist-120\/\" \/>\n<meta property=\"og:locale\" content=\"en_US\" \/>\n<meta property=\"og:type\" content=\"article\" \/>\n<meta property=\"og:title\" content=\"Sildalist 120 - Erozone\" \/>\n<meta property=\"og:description\" content=\"Sildalist 120 \u2705 Stiprinkite potencij\u0105 su m\u016bs\u0173 papildais u\u017e ger\u0105 kain\u0105 \u2764\ufe0f Gyvenkite aktyv\u0173 gyvenim\u0105! U\u017esisakykite!\" \/>\n<meta property=\"og:url\" content=\"https:\/\/erozone.org\/en\/produktas\/sildalist-120\/\" \/>\n<meta property=\"og:site_name\" content=\"Erozone\" \/>\n<meta property=\"article:modified_time\" content=\"2026-05-04T17:30:54+00:00\" \/>\n<meta property=\"og:image\" content=\"https:\/\/erozone.org\/wp-content\/uploads\/2022\/04\/Sildalist-120-org2-5.jpg\" \/>\n\t<meta property=\"og:image:width\" content=\"1784\" \/>\n\t<meta property=\"og:image:height\" content=\"1196\" \/>\n\t<meta property=\"og:image:type\" content=\"image\/jpeg\" \/>\n<meta name=\"twitter:card\" content=\"summary_large_image\" \/>\n<meta name=\"twitter:label1\" content=\"Est. reading time\" \/>\n\t<meta name=\"twitter:data1\" content=\"3 minutes\" \/>\n<script type=\"application\/ld+json\" class=\"yoast-schema-graph\">{\"@context\":\"https:\/\/schema.org\",\"@graph\":[{\"@type\":\"WebPage\",\"@id\":\"https:\/\/erozone.org\/en\/produktas\/sildalist-120\/\",\"url\":\"https:\/\/erozone.org\/en\/produktas\/sildalist-120\/\",\"name\":\"Sildalist 120 - Erozone\",\"isPartOf\":{\"@id\":\"https:\/\/erozone.org\/en\/#website\"},\"primaryImageOfPage\":{\"@id\":\"https:\/\/erozone.org\/en\/produktas\/sildalist-120\/#primaryimage\"},\"image\":{\"@id\":\"https:\/\/erozone.org\/en\/produktas\/sildalist-120\/#primaryimage\"},\"thumbnailUrl\":\"https:\/\/erozone.org\/wp-content\/uploads\/2022\/04\/Sildalist-120-org2-5.jpg\",\"datePublished\":\"2022-04-11T11:56:34+00:00\",\"dateModified\":\"2026-05-04T17:30:54+00:00\",\"description\":\"Sildalist 120 \u2705 Stiprinkite potencij\u0105 su m\u016bs\u0173 papildais u\u017e ger\u0105 kain\u0105 \u2764\ufe0f Gyvenkite aktyv\u0173 gyvenim\u0105! U\u017esisakykite!\",\"breadcrumb\":{\"@id\":\"https:\/\/erozone.org\/en\/produktas\/sildalist-120\/#breadcrumb\"},\"inLanguage\":\"en-US\",\"potentialAction\":[{\"@type\":\"ReadAction\",\"target\":[\"https:\/\/erozone.org\/en\/produktas\/sildalist-120\/\"]}]},{\"@type\":\"ImageObject\",\"inLanguage\":\"en-US\",\"@id\":\"https:\/\/erozone.org\/en\/produktas\/sildalist-120\/#primaryimage\",\"url\":\"https:\/\/erozone.org\/wp-content\/uploads\/2022\/04\/Sildalist-120-org2-5.jpg\",\"contentUrl\":\"https:\/\/erozone.org\/wp-content\/uploads\/2022\/04\/Sildalist-120-org2-5.jpg\",\"width\":1784,\"height\":1196},{\"@type\":\"BreadcrumbList\",\"@id\":\"https:\/\/erozone.org\/en\/produktas\/sildalist-120\/#breadcrumb\",\"itemListElement\":[{\"@type\":\"ListItem\",\"position\":1,\"name\":\"Home\",\"item\":\"https:\/\/erozone.org\/\"},{\"@type\":\"ListItem\",\"position\":2,\"name\":\"Katalogas\",\"item\":\"https:\/\/erozone.org\/katalogas\/\"},{\"@type\":\"ListItem\",\"position\":3,\"name\":\"Sildalist 120\"}]},{\"@type\":\"WebSite\",\"@id\":\"https:\/\/erozone.org\/en\/#website\",\"url\":\"https:\/\/erozone.org\/en\/\",\"name\":\"Erozone\",\"description\":\"prek\u0117s internetu suaugusiems\",\"publisher\":{\"@id\":\"https:\/\/erozone.org\/en\/#organization\"},\"potentialAction\":[{\"@type\":\"SearchAction\",\"target\":{\"@type\":\"EntryPoint\",\"urlTemplate\":\"https:\/\/erozone.org\/en\/?s={search_term_string}\"},\"query-input\":{\"@type\":\"PropertyValueSpecification\",\"valueRequired\":true,\"valueName\":\"search_term_string\"}}],\"inLanguage\":\"en-US\"},{\"@type\":\"Organization\",\"@id\":\"https:\/\/erozone.org\/en\/#organization\",\"name\":\"Erozone\",\"url\":\"https:\/\/erozone.org\/en\/\",\"logo\":{\"@type\":\"ImageObject\",\"inLanguage\":\"en-US\",\"@id\":\"https:\/\/erozone.org\/en\/#\/schema\/logo\/image\/\",\"url\":\"https:\/\/erozone.org\/wp-content\/uploads\/2023\/01\/logo-1.png\",\"contentUrl\":\"https:\/\/erozone.org\/wp-content\/uploads\/2023\/01\/logo-1.png\",\"width\":182,\"height\":30,\"caption\":\"Erozone\"},\"image\":{\"@id\":\"https:\/\/erozone.org\/en\/#\/schema\/logo\/image\/\"}}]}<\/script>\n<!-- \/ Yoast SEO plugin. -->","yoast_head_json":{"title":"Sildalist 120 - Erozone","description":"Sildalist 120 \u2705 Stiprinkite potencij\u0105 su m\u016bs\u0173 papildais u\u017e ger\u0105 kain\u0105 \u2764\ufe0f Gyvenkite aktyv\u0173 gyvenim\u0105! U\u017esisakykite!","robots":{"index":"index","follow":"follow","max-snippet":"max-snippet:-1","max-image-preview":"max-image-preview:large","max-video-preview":"max-video-preview:-1"},"canonical":"https:\/\/erozone.org\/en\/produktas\/sildalist-120\/","og_locale":"en_US","og_type":"article","og_title":"Sildalist 120 - Erozone","og_description":"Sildalist 120 \u2705 Stiprinkite potencij\u0105 su m\u016bs\u0173 papildais u\u017e ger\u0105 kain\u0105 \u2764\ufe0f Gyvenkite aktyv\u0173 gyvenim\u0105! U\u017esisakykite!","og_url":"https:\/\/erozone.org\/en\/produktas\/sildalist-120\/","og_site_name":"Erozone","article_modified_time":"2026-05-04T17:30:54+00:00","og_image":[{"width":1784,"height":1196,"url":"https:\/\/erozone.org\/wp-content\/uploads\/2022\/04\/Sildalist-120-org2-5.jpg","type":"image\/jpeg"}],"twitter_card":"summary_large_image","twitter_misc":{"Est. reading time":"3 minutes"},"schema":{"@context":"https:\/\/schema.org","@graph":[{"@type":"WebPage","@id":"https:\/\/erozone.org\/en\/produktas\/sildalist-120\/","url":"https:\/\/erozone.org\/en\/produktas\/sildalist-120\/","name":"Sildalist 120 - Erozone","isPartOf":{"@id":"https:\/\/erozone.org\/en\/#website"},"primaryImageOfPage":{"@id":"https:\/\/erozone.org\/en\/produktas\/sildalist-120\/#primaryimage"},"image":{"@id":"https:\/\/erozone.org\/en\/produktas\/sildalist-120\/#primaryimage"},"thumbnailUrl":"https:\/\/erozone.org\/wp-content\/uploads\/2022\/04\/Sildalist-120-org2-5.jpg","datePublished":"2022-04-11T11:56:34+00:00","dateModified":"2026-05-04T17:30:54+00:00","description":"Sildalist 120 \u2705 Stiprinkite potencij\u0105 su m\u016bs\u0173 papildais u\u017e ger\u0105 kain\u0105 \u2764\ufe0f Gyvenkite aktyv\u0173 gyvenim\u0105! U\u017esisakykite!","breadcrumb":{"@id":"https:\/\/erozone.org\/en\/produktas\/sildalist-120\/#breadcrumb"},"inLanguage":"en-US","potentialAction":[{"@type":"ReadAction","target":["https:\/\/erozone.org\/en\/produktas\/sildalist-120\/"]}]},{"@type":"ImageObject","inLanguage":"en-US","@id":"https:\/\/erozone.org\/en\/produktas\/sildalist-120\/#primaryimage","url":"https:\/\/erozone.org\/wp-content\/uploads\/2022\/04\/Sildalist-120-org2-5.jpg","contentUrl":"https:\/\/erozone.org\/wp-content\/uploads\/2022\/04\/Sildalist-120-org2-5.jpg","width":1784,"height":1196},{"@type":"BreadcrumbList","@id":"https:\/\/erozone.org\/en\/produktas\/sildalist-120\/#breadcrumb","itemListElement":[{"@type":"ListItem","position":1,"name":"Home","item":"https:\/\/erozone.org\/"},{"@type":"ListItem","position":2,"name":"Katalogas","item":"https:\/\/erozone.org\/katalogas\/"},{"@type":"ListItem","position":3,"name":"Sildalist 120"}]},{"@type":"WebSite","@id":"https:\/\/erozone.org\/en\/#website","url":"https:\/\/erozone.org\/en\/","name":"Erozone","description":"prek\u0117s internetu suaugusiems","publisher":{"@id":"https:\/\/erozone.org\/en\/#organization"},"potentialAction":[{"@type":"SearchAction","target":{"@type":"EntryPoint","urlTemplate":"https:\/\/erozone.org\/en\/?s={search_term_string}"},"query-input":{"@type":"PropertyValueSpecification","valueRequired":true,"valueName":"search_term_string"}}],"inLanguage":"en-US"},{"@type":"Organization","@id":"https:\/\/erozone.org\/en\/#organization","name":"Erozone","url":"https:\/\/erozone.org\/en\/","logo":{"@type":"ImageObject","inLanguage":"en-US","@id":"https:\/\/erozone.org\/en\/#\/schema\/logo\/image\/","url":"https:\/\/erozone.org\/wp-content\/uploads\/2023\/01\/logo-1.png","contentUrl":"https:\/\/erozone.org\/wp-content\/uploads\/2023\/01\/logo-1.png","width":182,"height":30,"caption":"Erozone"},"image":{"@id":"https:\/\/erozone.org\/en\/#\/schema\/logo\/image\/"}}]}},"_links":{"self":[{"href":"https:\/\/erozone.org\/en\/wp-json\/wp\/v2\/product\/36311","targetHints":{"allow":["GET"]}}],"collection":[{"href":"https:\/\/erozone.org\/en\/wp-json\/wp\/v2\/product"}],"about":[{"href":"https:\/\/erozone.org\/en\/wp-json\/wp\/v2\/types\/product"}],"version-history":[{"count":2,"href":"https:\/\/erozone.org\/en\/wp-json\/wp\/v2\/product\/36311\/revisions"}],"predecessor-version":[{"id":48952,"href":"https:\/\/erozone.org\/en\/wp-json\/wp\/v2\/product\/36311\/revisions\/48952"}],"wp:featuredmedia":[{"embeddable":true,"href":"https:\/\/erozone.org\/en\/wp-json\/wp\/v2\/media\/37462"}],"wp:attachment":[{"href":"https:\/\/erozone.org\/en\/wp-json\/wp\/v2\/media?parent=36311"}],"wp:term":[{"taxonomy":"brand","embeddable":true,"href":"https:\/\/erozone.org\/en\/wp-json\/wp\/v2\/etheme_brands?post=36311"},{"taxonomy":"product_brand","embeddable":true,"href":"https:\/\/erozone.org\/en\/wp-json\/wp\/v2\/product_brand?post=36311"},{"taxonomy":"product_cat","embeddable":true,"href":"https:\/\/erozone.org\/en\/wp-json\/wp\/v2\/product_cat?post=36311"},{"taxonomy":"product_tag","embeddable":true,"href":"https:\/\/erozone.org\/en\/wp-json\/wp\/v2\/product_tag?post=36311"}],"curies":[{"name":"wp","href":"https:\/\/api.w.org\/{rel}","templated":true}]}}