{"id":36312,"date":"2022-04-11T14:21:16","date_gmt":"2022-04-11T11:21:16","guid":{"rendered":"https:\/\/erozone.org\/produktas\/silvitra\/"},"modified":"2024-10-06T00:00:41","modified_gmt":"2024-10-05T21:00:41","slug":"silvitra","status":"publish","type":"product","link":"https:\/\/erozone.org\/en\/produktas\/silvitra\/","title":{"rendered":"Silvitra 120"},"content":{"rendered":"<p>Silvitra 120 is a product for a stronger erection (a stiffer erection than usual and for a longer time) and for the elimination of erectile dysfunction (i.e. when a man cannot achieve an erection or maintain it during sexual intercourse). Silvitra 120 consists of two effective active substances to increase sexual performance.<br \/>\nIt contains 100 mg sildenafil and 20 mg vardenafil.<\/p>\n<p>Sildenafil is designed for men to enhance potency or overcome erectile dysfunction. Sildenafil works by dilating blood vessels in the penile area during sexual stimulation and increasing blood flow to the penis. This increased blood flow causes a strong erection and allows it to remain rigid throughout intercourse. The recommended daily dose of Sildenafil is 25 mg to 100 mg. <\/p>\n<p>Vardenafil is also indicated for the treatment of erectile dysfunction in adult men. Vardenafil also works by relaxing the blood vessels in the penis and increasing blood flow to the penile area. Vardenafil can also help delay ejaculation and thus prolong the duration of intercourse. The recommended daily dose of Vardenafil is from 2.5 mg to 20 mg.<\/p>\n<p>The combination of Sildenafil and Vardenafil in Silvitra 120 will help you solve any erection-related problems, increase your libido, give you a stronger erection than ever, help keep your erection firm throughout intercourse and make you much more capable in bed. Silvitra 120 starts working after an hour and works for up to 12 hours.<\/p>\n<p>directions for use:<br \/>\nSilvitra 120 should be taken about 60 minutes before intercourse. Do not take with food, as this will prolong the absorption time of the active ingredients. Do not mix with grapefruit juice or its products. The maximum daily rate is 1 tablet. it is recommended to start with half a tablet.<\/p>\n","protected":false},"excerpt":{"rendered":"<p>Silvitra 120 is a product with an extremely strong composition for increasing male sexual performance, which includes two effective components for strengthening erection or eliminating erectile dysfunction.<\/p>\n<p>Silvitra 120 will help to solve any erection problems and provide a long-lasting, uninterrupted erection effect!<\/p>\n","protected":false},"featured_media":38141,"template":"","meta":[],"etheme_brands":[],"product_brand":[],"product_cat":[162,165,168,158],"product_tag":[182,222,220],"class_list":{"0":"post-36312","1":"product","2":"type-product","3":"status-publish","4":"has-post-thumbnail","6":"product_cat-for-erection","7":"product_cat-sildenafil-en","8":"product_cat-vardenafil-en","9":"product_cat-sildenafil-vardenafil-en","10":"product_tag-cenforce-en","11":"product_tag-sildalist-en","12":"product_tag-sildigra-en","14":"first","15":"instock","16":"shipping-taxable","17":"purchasable","18":"product-type-simple"},"yoast_head":"<!-- This site is optimized with the Yoast SEO plugin v26.2 - https:\/\/yoast.com\/wordpress\/plugins\/seo\/ -->\n<title>Silvitra 120 - Erozone<\/title>\n<meta name=\"description\" content=\"Silvitra 120 \u2705 Stiprinkite potencij\u0105 su m\u016bs\u0173 papildais u\u017e ger\u0105 kain\u0105 \u2764\ufe0f Gyvenkite aktyv\u0173 gyvenim\u0105! U\u017esisakykite!\" \/>\n<meta name=\"robots\" content=\"index, follow, max-snippet:-1, max-image-preview:large, max-video-preview:-1\" \/>\n<link rel=\"canonical\" href=\"https:\/\/erozone.org\/produktas\/silvitra\/\" \/>\n<meta property=\"og:locale\" content=\"en_US\" \/>\n<meta property=\"og:type\" content=\"article\" \/>\n<meta property=\"og:title\" content=\"Silvitra 120 - Erozone\" \/>\n<meta property=\"og:description\" content=\"Silvitra 120 \u2705 Stiprinkite potencij\u0105 su m\u016bs\u0173 papildais u\u017e ger\u0105 kain\u0105 \u2764\ufe0f Gyvenkite aktyv\u0173 gyvenim\u0105! U\u017esisakykite!\" \/>\n<meta property=\"og:url\" content=\"https:\/\/erozone.org\/produktas\/silvitra\/\" \/>\n<meta property=\"og:site_name\" content=\"Erozone\" \/>\n<meta property=\"article:modified_time\" content=\"2024-10-05T21:00:41+00:00\" \/>\n<meta property=\"og:image\" content=\"https:\/\/erozone.org\/wp-content\/uploads\/2022\/04\/silvitra-org2-1.jpg\" \/>\n\t<meta property=\"og:image:width\" content=\"1348\" \/>\n\t<meta property=\"og:image:height\" content=\"1131\" \/>\n\t<meta property=\"og:image:type\" content=\"image\/jpeg\" \/>\n<meta name=\"twitter:card\" content=\"summary_large_image\" \/>\n<meta name=\"twitter:label1\" content=\"Est. reading time\" \/>\n\t<meta name=\"twitter:data1\" content=\"1 minute\" \/>\n<script type=\"application\/ld+json\" class=\"yoast-schema-graph\">{\"@context\":\"https:\/\/schema.org\",\"@graph\":[{\"@type\":\"WebPage\",\"@id\":\"https:\/\/erozone.org\/produktas\/silvitra\/\",\"url\":\"https:\/\/erozone.org\/produktas\/silvitra\/\",\"name\":\"Silvitra 120 - Erozone\",\"isPartOf\":{\"@id\":\"https:\/\/erozone.org\/en\/#website\"},\"primaryImageOfPage\":{\"@id\":\"https:\/\/erozone.org\/produktas\/silvitra\/#primaryimage\"},\"image\":{\"@id\":\"https:\/\/erozone.org\/produktas\/silvitra\/#primaryimage\"},\"thumbnailUrl\":\"https:\/\/erozone.org\/wp-content\/uploads\/2022\/04\/silvitra-org2-1.jpg\",\"datePublished\":\"2022-04-11T11:21:16+00:00\",\"dateModified\":\"2024-10-05T21:00:41+00:00\",\"description\":\"Silvitra 120 \u2705 Stiprinkite potencij\u0105 su m\u016bs\u0173 papildais u\u017e ger\u0105 kain\u0105 \u2764\ufe0f Gyvenkite aktyv\u0173 gyvenim\u0105! U\u017esisakykite!\",\"breadcrumb\":{\"@id\":\"https:\/\/erozone.org\/produktas\/silvitra\/#breadcrumb\"},\"inLanguage\":\"en-US\",\"potentialAction\":[{\"@type\":\"ReadAction\",\"target\":[\"https:\/\/erozone.org\/produktas\/silvitra\/\"]}]},{\"@type\":\"ImageObject\",\"inLanguage\":\"en-US\",\"@id\":\"https:\/\/erozone.org\/produktas\/silvitra\/#primaryimage\",\"url\":\"https:\/\/erozone.org\/wp-content\/uploads\/2022\/04\/silvitra-org2-1.jpg\",\"contentUrl\":\"https:\/\/erozone.org\/wp-content\/uploads\/2022\/04\/silvitra-org2-1.jpg\",\"width\":1348,\"height\":1131},{\"@type\":\"BreadcrumbList\",\"@id\":\"https:\/\/erozone.org\/produktas\/silvitra\/#breadcrumb\",\"itemListElement\":[{\"@type\":\"ListItem\",\"position\":1,\"name\":\"Home\",\"item\":\"https:\/\/erozone.org\/\"},{\"@type\":\"ListItem\",\"position\":2,\"name\":\"Katalogas\",\"item\":\"https:\/\/erozone.org\/katalogas\/\"},{\"@type\":\"ListItem\",\"position\":3,\"name\":\"Silvitra 120\"}]},{\"@type\":\"WebSite\",\"@id\":\"https:\/\/erozone.org\/en\/#website\",\"url\":\"https:\/\/erozone.org\/en\/\",\"name\":\"Erozone\",\"description\":\"prek\u0117s internetu suaugusiems\",\"publisher\":{\"@id\":\"https:\/\/erozone.org\/en\/#organization\"},\"potentialAction\":[{\"@type\":\"SearchAction\",\"target\":{\"@type\":\"EntryPoint\",\"urlTemplate\":\"https:\/\/erozone.org\/en\/?s={search_term_string}\"},\"query-input\":{\"@type\":\"PropertyValueSpecification\",\"valueRequired\":true,\"valueName\":\"search_term_string\"}}],\"inLanguage\":\"en-US\"},{\"@type\":\"Organization\",\"@id\":\"https:\/\/erozone.org\/en\/#organization\",\"name\":\"Erozone\",\"url\":\"https:\/\/erozone.org\/en\/\",\"logo\":{\"@type\":\"ImageObject\",\"inLanguage\":\"en-US\",\"@id\":\"https:\/\/erozone.org\/en\/#\/schema\/logo\/image\/\",\"url\":\"https:\/\/erozone.org\/wp-content\/uploads\/2023\/01\/logo-1.png\",\"contentUrl\":\"https:\/\/erozone.org\/wp-content\/uploads\/2023\/01\/logo-1.png\",\"width\":182,\"height\":30,\"caption\":\"Erozone\"},\"image\":{\"@id\":\"https:\/\/erozone.org\/en\/#\/schema\/logo\/image\/\"}}]}<\/script>\n<!-- \/ Yoast SEO plugin. -->","yoast_head_json":{"title":"Silvitra 120 - Erozone","description":"Silvitra 120 \u2705 Stiprinkite potencij\u0105 su m\u016bs\u0173 papildais u\u017e ger\u0105 kain\u0105 \u2764\ufe0f Gyvenkite aktyv\u0173 gyvenim\u0105! U\u017esisakykite!","robots":{"index":"index","follow":"follow","max-snippet":"max-snippet:-1","max-image-preview":"max-image-preview:large","max-video-preview":"max-video-preview:-1"},"canonical":"https:\/\/erozone.org\/produktas\/silvitra\/","og_locale":"en_US","og_type":"article","og_title":"Silvitra 120 - Erozone","og_description":"Silvitra 120 \u2705 Stiprinkite potencij\u0105 su m\u016bs\u0173 papildais u\u017e ger\u0105 kain\u0105 \u2764\ufe0f Gyvenkite aktyv\u0173 gyvenim\u0105! U\u017esisakykite!","og_url":"https:\/\/erozone.org\/produktas\/silvitra\/","og_site_name":"Erozone","article_modified_time":"2024-10-05T21:00:41+00:00","og_image":[{"width":1348,"height":1131,"url":"https:\/\/erozone.org\/wp-content\/uploads\/2022\/04\/silvitra-org2-1.jpg","type":"image\/jpeg"}],"twitter_card":"summary_large_image","twitter_misc":{"Est. reading time":"1 minute"},"schema":{"@context":"https:\/\/schema.org","@graph":[{"@type":"WebPage","@id":"https:\/\/erozone.org\/produktas\/silvitra\/","url":"https:\/\/erozone.org\/produktas\/silvitra\/","name":"Silvitra 120 - Erozone","isPartOf":{"@id":"https:\/\/erozone.org\/en\/#website"},"primaryImageOfPage":{"@id":"https:\/\/erozone.org\/produktas\/silvitra\/#primaryimage"},"image":{"@id":"https:\/\/erozone.org\/produktas\/silvitra\/#primaryimage"},"thumbnailUrl":"https:\/\/erozone.org\/wp-content\/uploads\/2022\/04\/silvitra-org2-1.jpg","datePublished":"2022-04-11T11:21:16+00:00","dateModified":"2024-10-05T21:00:41+00:00","description":"Silvitra 120 \u2705 Stiprinkite potencij\u0105 su m\u016bs\u0173 papildais u\u017e ger\u0105 kain\u0105 \u2764\ufe0f Gyvenkite aktyv\u0173 gyvenim\u0105! U\u017esisakykite!","breadcrumb":{"@id":"https:\/\/erozone.org\/produktas\/silvitra\/#breadcrumb"},"inLanguage":"en-US","potentialAction":[{"@type":"ReadAction","target":["https:\/\/erozone.org\/produktas\/silvitra\/"]}]},{"@type":"ImageObject","inLanguage":"en-US","@id":"https:\/\/erozone.org\/produktas\/silvitra\/#primaryimage","url":"https:\/\/erozone.org\/wp-content\/uploads\/2022\/04\/silvitra-org2-1.jpg","contentUrl":"https:\/\/erozone.org\/wp-content\/uploads\/2022\/04\/silvitra-org2-1.jpg","width":1348,"height":1131},{"@type":"BreadcrumbList","@id":"https:\/\/erozone.org\/produktas\/silvitra\/#breadcrumb","itemListElement":[{"@type":"ListItem","position":1,"name":"Home","item":"https:\/\/erozone.org\/"},{"@type":"ListItem","position":2,"name":"Katalogas","item":"https:\/\/erozone.org\/katalogas\/"},{"@type":"ListItem","position":3,"name":"Silvitra 120"}]},{"@type":"WebSite","@id":"https:\/\/erozone.org\/en\/#website","url":"https:\/\/erozone.org\/en\/","name":"Erozone","description":"prek\u0117s internetu suaugusiems","publisher":{"@id":"https:\/\/erozone.org\/en\/#organization"},"potentialAction":[{"@type":"SearchAction","target":{"@type":"EntryPoint","urlTemplate":"https:\/\/erozone.org\/en\/?s={search_term_string}"},"query-input":{"@type":"PropertyValueSpecification","valueRequired":true,"valueName":"search_term_string"}}],"inLanguage":"en-US"},{"@type":"Organization","@id":"https:\/\/erozone.org\/en\/#organization","name":"Erozone","url":"https:\/\/erozone.org\/en\/","logo":{"@type":"ImageObject","inLanguage":"en-US","@id":"https:\/\/erozone.org\/en\/#\/schema\/logo\/image\/","url":"https:\/\/erozone.org\/wp-content\/uploads\/2023\/01\/logo-1.png","contentUrl":"https:\/\/erozone.org\/wp-content\/uploads\/2023\/01\/logo-1.png","width":182,"height":30,"caption":"Erozone"},"image":{"@id":"https:\/\/erozone.org\/en\/#\/schema\/logo\/image\/"}}]}},"_links":{"self":[{"href":"https:\/\/erozone.org\/en\/wp-json\/wp\/v2\/product\/36312","targetHints":{"allow":["GET"]}}],"collection":[{"href":"https:\/\/erozone.org\/en\/wp-json\/wp\/v2\/product"}],"about":[{"href":"https:\/\/erozone.org\/en\/wp-json\/wp\/v2\/types\/product"}],"version-history":[{"count":0,"href":"https:\/\/erozone.org\/en\/wp-json\/wp\/v2\/product\/36312\/revisions"}],"wp:featuredmedia":[{"embeddable":true,"href":"https:\/\/erozone.org\/en\/wp-json\/wp\/v2\/media\/38141"}],"wp:attachment":[{"href":"https:\/\/erozone.org\/en\/wp-json\/wp\/v2\/media?parent=36312"}],"wp:term":[{"taxonomy":"brand","embeddable":true,"href":"https:\/\/erozone.org\/en\/wp-json\/wp\/v2\/etheme_brands?post=36312"},{"taxonomy":"product_brand","embeddable":true,"href":"https:\/\/erozone.org\/en\/wp-json\/wp\/v2\/product_brand?post=36312"},{"taxonomy":"product_cat","embeddable":true,"href":"https:\/\/erozone.org\/en\/wp-json\/wp\/v2\/product_cat?post=36312"},{"taxonomy":"product_tag","embeddable":true,"href":"https:\/\/erozone.org\/en\/wp-json\/wp\/v2\/product_tag?post=36312"}],"curies":[{"name":"wp","href":"https:\/\/api.w.org\/{rel}","templated":true}]}}