{"id":36313,"date":"2022-04-11T13:59:48","date_gmt":"2022-04-11T10:59:48","guid":{"rendered":"https:\/\/erozone.org\/produktas\/extra-super-avana\/"},"modified":"2026-05-02T16:44:55","modified_gmt":"2026-05-02T13:44:55","slug":"extra-super-avana","status":"publish","type":"product","link":"https:\/\/erozone.org\/en\/produktas\/extra-super-avana\/","title":{"rendered":"Extra Super Avana"},"content":{"rendered":"<p>Extra Super Avana &#8211; stiprios sud\u0117ties produktas vyrams, kuris padeda \u012fveikti erekcijos disfunkcij\u0105 bei prie\u0161laikin\u0119 ejakuliacij\u0105 vienu metu. Extra Super Avana sustiprina vyr\u0173 potencij\u0105 ir leid\u017eia gerokai prailginti lytinio akto trukm\u0119.<\/p>\n<p>Extra Super Avana sud\u0117tyje yra dvi veikliosios med\u017eiagos &#8211; net 200mg avanafil (dar \u017einomas kaip Stendra ar Spedra) ir 60mg dapoksetino (dar \u017einomas kaip Pril\u00ecgy).<\/p>\n<p>Avanafil &#8211; tai veiklioji med\u017eiaga, skirta vyrams, erekcijos sutrikimams pa\u0161alinti. Avanafil gali prad\u0117ti veikti vos per 20 minu\u010di\u0173. Be to, tyrimai parod\u0117, kad Avanafil turi ma\u017eiau \u0161alutini\u0173 poveiki\u0173 nei Viagra ar kiti preparatai erekcijos sutrikimams gydyti. Avanafil nukreipia daug didesn\u012f kraujo sraut\u0105 \u012f varpos srit\u012f ir leid\u017eia pasiekti ir palaikyti stand\u017ei\u0105 erekcij\u0105 seksualinio stimulo metu. Avanafil padeda gydyti erekcijos sutrikimus. Avanafil pla\u010diausiai naudojamas tokiuose preparatuose kaip Spedra ar Stendra. Standartin\u0117 avanfil doz\u0117 yra 50-100 mg., tuo tarpu Extra Super Avana sud\u0117tyje yra net 200 mg.<\/p>\n<p>Dapoksetinas naudojamas nuo prie\u0161laikin\u0117s ejakuliacijos, t.y. kai vyras nesavalaikiai baigia lytin\u012f akt\u0105 d\u0117l per anksti i\u0161siliejusios s\u0117klos. Dapoksetinas skatina ejakuliacijos v\u0117lavim\u0105 lytinio akto metu, taip sustabdydamas pernelyg greit\u0105 ejakuliacij\u0105. 60mg Dapoksetino doz\u0117 esanti Super Avana gali gerokai prailginti lytinio akto trukm\u0119, u\u017elaikant s\u0117klos i\u0161siver\u017eim\u0105 bei veikiant ejakuliacijos refleks\u0105.<\/p>\n<h2>Kod\u0117l verta rinktis Extra Super Avana?<\/h2>\n<p>Extra Super Avana \u2013 tai itin efektingas produktas vyrams. Avanafil ir dapoksetino derinys suteiks stand\u017eias erekcijas ir leis ilgiau m\u0117gautis lytiniu aktu. Extra Super Avana pad\u0117s sustabdyti erekcijos sutrikimus ir i\u0161spr\u0119s per greitos ejakuliacijos problemas. Su Extra Super Avana pasieksite erekcij\u0105 grei\u010diau ir i\u0161laikysite j\u0105 standesn\u0119 ilgesn\u012f laik\u0105. Tuo pa\u010diu gal\u0117site kontroliuoti s\u0117klos i\u0161siliejimo moment\u0105 ir prailginti laiko tarp\u0105 nuo sueities prad\u017eios iki s\u0117klos i\u0161siver\u017eimo momento.<br \/>\nExtra Super Avana poveikis gali trukti net iki 12 valand\u0173.<\/p>\n<h2>Extra Super Avana naudojimas:<\/h2>\n<p>1 tablet\u0117 30 &#8211; 60 min. iki lytinio akto prad\u017eios. U\u017egerti stikline vandens ant tu\u0161tesnio skrand\u017eio. Nemai\u0161yti kartu su greipfrutais ar j\u0173 produktais. Paros norma 1 tablet\u0117. Tarp dozi\u0173 palikite 24 valandas. Extra Super Avana yra stiprios sud\u0117ties produktas, tad naudojant pirm\u0105 kart\u0105, rekomenduotina gerti puse tablet\u0117s.<\/p>\n<p class=\"tw-data-text tw-text-large tw-ta\" dir=\"ltr\" data-placeholder=\"Vertimas\" aria-label=\"I\u0161verstas tekstas\" data-ved=\"2ahUKEwjX9MHQs7yGAxWkRaQEHStLCz8Q3ewLegQIDxAU\"><span class=\"Y2IQFc\" lang=\"lt\">Extra Super Avana laikyti kambario temperat\u016broje, patalpoje apsaugotoje nuo dr\u0117gm\u0117s ir kar\u0161\u010dio. Laikykite vaikams ir naminiams gyv\u016bn\u0117liams nepasiekiamoje vietoje.<\/span><\/p>\n<h2 class=\"tw-data-text tw-text-large tw-ta\" dir=\"ltr\" data-placeholder=\"Vertimas\" aria-label=\"I\u0161verstas tekstas\" data-ved=\"2ahUKEwjX9MHQs7yGAxWkRaQEHStLCz8Q3ewLegQIDxAU\"><span class=\"Y2IQFc\" lang=\"lt\">\u0160alutiniai poveikiai:<\/span><\/h2>\n<p class=\"tw-data-text tw-text-large tw-ta\" dir=\"ltr\" data-placeholder=\"Vertimas\" aria-label=\"I\u0161verstas tekstas\" data-ved=\"2ahUKEwjX9MHQs7yGAxWkRaQEHStLCz8Q3ewLegQIDxAU\"><span class=\"Y2IQFc\" lang=\"lt\">Da\u017enas \u0161alutinis poveikis gali b\u016bti galvos skausmas, nugaros skausmas, raumen\u0173 skausmai, paraudimas, vir\u0161kinimo sutrikimai ir nosies u\u017egulimas. \u0160alutinis poveikis da\u017eniausiai pasirei\u0161kia, d\u0117l per didel\u0117s doz\u0117s j\u016bs\u0173 organizmui. Jai doz\u0117 yra tinkama j\u016bs\u0173 organizmui, \u0161alutinis poveikis nepasireik\u0161. \u0160alutinis poveikis da\u017eniausiai trunka neilgai ir nesukelia dideli\u0173 nepatogum\u0173.\u00a0 Retais atvejais gali pasireik\u0161ti sunkus \u0161alutinis poveikis, kuris n\u0117ra nurodytas \u010dia arba ilgiau nei keturias valandas trunkanti erekcija. Nedelsdami kreipkit\u0117s medicinin\u0117s pagalbos, jei pasirei\u0161kia sunkus \u0161alutinis poveikis.\u00a0\u00a0<\/span><\/p>\n<h2 class=\"tw-data-text tw-text-large tw-ta\" dir=\"ltr\" data-placeholder=\"Vertimas\" aria-label=\"I\u0161verstas tekstas\" data-ved=\"2ahUKEwjX9MHQs7yGAxWkRaQEHStLCz8Q3ewLegQIDxAU\"><span class=\"Y2IQFc\" lang=\"lt\">Atsargumo priemon\u0117s:<\/span><\/h2>\n<p class=\"tw-data-text tw-text-large tw-ta\" dir=\"ltr\" data-placeholder=\"Vertimas\" aria-label=\"I\u0161verstas tekstas\" data-ved=\"2ahUKEwjX9MHQs7yGAxWkRaQEHStLCz8Q3ewLegQIDxAU\"><span class=\"Y2IQFc\" lang=\"lt\">Prie\u0161 vartojim\u0105, pasakykite savo sveikatos prie\u017ei\u016bros paslaug\u0173 teik\u0117jui, jei sirgote \u0161irdies liga, auk\u0161tu ar \u017eemu kraujosp\u016bd\u017eiu, kepen\u0173 ar inkst\u0173 liga, skrand\u017eio opa, kraujavimo sutrikimais ar kitomis sveikatos b\u016bkl\u0117mis. Preparatas gali s\u0105veikauti su tam tikrais vaistais ir papildais, tod\u0117l svarbu informuoti savo sveikatos prie\u017ei\u016bros paslaug\u0173 teik\u0117j\u0105 apie visus \u0161iuo metu vartojamus vaistus.<\/span><\/p>\n<h2 class=\"tw-data-text tw-text-large tw-ta\" dir=\"ltr\" data-placeholder=\"Vertimas\" aria-label=\"I\u0161verstas tekstas\" data-ved=\"2ahUKEwjX9MHQs7yGAxWkRaQEHStLCz8Q3ewLegQIDxAU\"><span class=\"Y2IQFc\" lang=\"lt\">\u012esp\u0117jimai:<\/span><\/h2>\n<p class=\"tw-data-text tw-text-large tw-ta\" dir=\"ltr\" data-placeholder=\"Vertimas\" aria-label=\"I\u0161verstas tekstas\" data-ved=\"2ahUKEwjX9MHQs7yGAxWkRaQEHStLCz8Q3ewLegQIDxAU\"><span class=\"Y2IQFc\" lang=\"lt\">Preparato netur\u0117t\u0173 vartoti moterys ar vaikai. Taip pat vartoti negalima, jeigu yra alergija veikliajai med\u017eiagai arba bet kuriai pagalbinei produkto med\u017eiagai. Jei pasirei\u0161kia alergin\u0117 reakcija, pvz., pasunk\u0117j\u0119s kv\u0117pavimas, veido, l\u016bp\u0173, lie\u017euvio ar gerkl\u0117s patinimas, kreipkit\u0117s greitosios medicinos pagalbos.<\/span><\/p>\n<h2 class=\"tw-data-text tw-text-large tw-ta\" dir=\"ltr\" data-placeholder=\"Vertimas\" aria-label=\"I\u0161verstas tekstas\" data-ved=\"2ahUKEwjX9MHQs7yGAxWkRaQEHStLCz8Q3ewLegQIDxAU\"><span class=\"Y2IQFc\" lang=\"lt\">Vaist\u0173 s\u0105veika:<\/span><\/h2>\n<p class=\"tw-data-text tw-text-large tw-ta\" dir=\"ltr\" data-placeholder=\"Vertimas\" aria-label=\"I\u0161verstas tekstas\" data-ved=\"2ahUKEwjX9MHQs7yGAxWkRaQEHStLCz8Q3ewLegQIDxAU\"><span class=\"Y2IQFc\" lang=\"lt\">Produktas gali s\u0105veikauti su tam tikrais vaistais, \u012fskaitant nitratus, vartojamus nuo kr\u016btin\u0117s skausmo ar \u0161irdies problem\u0173, alfa adrenoblokatorius, vartojamus auk\u0161tam kraujosp\u016bd\u017eiui ar prostatos sutrikimams gydyti, ir tam tikrais antibiotikais bei prie\u0161grybeliniais vaistais. Prie\u0161 prad\u0117dami vartoti \u0161\u012f preparat\u0105, informuokite savo sveikatos prie\u017ei\u016bros paslaug\u0173 teik\u0117j\u0105 apie visus \u0161iuo metu vartojamus vaistus.<\/span><\/p>\n","protected":false},"excerpt":{"rendered":"<p>Extra Super Avana \u2013 greito veikimo preparatas vyrams, vienu metu suteiksiantis stiprias erekcijas ir pad\u0117siantis kontroliuoti ejakuliacij\u0105, d\u0117l ko gal\u0117site ilgiau u\u017esiimti seksualine veikla ir pasiekti kulminacij\u0105 v\u0117liau nei \u012fprastai ! Extra Super Avana vienu metu pad\u0117s \u012fveikti erekcijos ir per greitos ejakuliacijos sutrikimus.<br \/>\nEfektas juntamas itin greitai, vos per 20-30 min. !\u00a0 M\u0117gaukit\u0117s didesniu seksualiniu paj\u0117gumu su Extra Super Avana !<\/p>\n<p>Pakuot\u0117je 4 vnt.<\/p>\n<p>(Prie\u0161 u\u017esakant perskaitykite piln\u0105 produkto apra\u0161ym\u0105, kur\u012f galite atsidaryti paspaud\u0119 ant produkto pavadinimo ar nuotraukos).<\/p>\n<p>&nbsp;<\/p>\n","protected":false},"featured_media":45367,"template":"","meta":[],"etheme_brands":[],"product_brand":[],"product_cat":[162,163,154,155],"product_tag":[221,224,262],"class_list":{"0":"post-36313","1":"product","2":"type-product","3":"status-publish","4":"has-post-thumbnail","6":"product_cat-for-erection","7":"product_cat-avanafil-en","8":"product_cat-2in1-sex-supplements","9":"product_cat-avanafil-dapoxetine-en","10":"product_tag-avana-en","11":"product_tag-priligy-tabletes-en","12":"product_tag-spedra-tabletes","14":"first","15":"instock","16":"shipping-taxable","17":"purchasable","18":"product-type-simple"},"yoast_head":"<!-- This site is optimized with the Yoast SEO plugin v26.2 - https:\/\/yoast.com\/wordpress\/plugins\/seo\/ -->\n<title>Extra Super Avana - Erozone<\/title>\n<meta name=\"description\" content=\"Extra Super Avana \u2705 Stiprinkite potencij\u0105 su m\u016bs\u0173 papildais u\u017e ger\u0105 kain\u0105 \u2764\ufe0f Gyvenkite aktyv\u0173 gyvenim\u0105! U\u017esisakykite!\" \/>\n<meta name=\"robots\" content=\"index, follow, max-snippet:-1, max-image-preview:large, max-video-preview:-1\" \/>\n<link rel=\"canonical\" href=\"https:\/\/erozone.org\/en\/produktas\/extra-super-avana\/\" \/>\n<meta property=\"og:locale\" content=\"en_US\" \/>\n<meta property=\"og:type\" content=\"article\" \/>\n<meta property=\"og:title\" content=\"Extra Super Avana - Erozone\" \/>\n<meta property=\"og:description\" content=\"Extra Super Avana \u2705 Stiprinkite potencij\u0105 su m\u016bs\u0173 papildais u\u017e ger\u0105 kain\u0105 \u2764\ufe0f Gyvenkite aktyv\u0173 gyvenim\u0105! U\u017esisakykite!\" \/>\n<meta property=\"og:url\" content=\"https:\/\/erozone.org\/en\/produktas\/extra-super-avana\/\" \/>\n<meta property=\"og:site_name\" content=\"Erozone\" \/>\n<meta property=\"article:modified_time\" content=\"2026-05-02T13:44:55+00:00\" \/>\n<meta property=\"og:image\" content=\"https:\/\/erozone.org\/wp-content\/uploads\/2022\/04\/Extra-Super-Avana.org1_.jpg\" \/>\n\t<meta property=\"og:image:width\" content=\"1396\" \/>\n\t<meta property=\"og:image:height\" content=\"1136\" \/>\n\t<meta property=\"og:image:type\" content=\"image\/jpeg\" \/>\n<meta name=\"twitter:card\" content=\"summary_large_image\" \/>\n<meta name=\"twitter:label1\" content=\"Est. reading time\" \/>\n\t<meta name=\"twitter:data1\" content=\"4 minutes\" \/>\n<script type=\"application\/ld+json\" class=\"yoast-schema-graph\">{\"@context\":\"https:\/\/schema.org\",\"@graph\":[{\"@type\":\"WebPage\",\"@id\":\"https:\/\/erozone.org\/en\/produktas\/extra-super-avana\/\",\"url\":\"https:\/\/erozone.org\/en\/produktas\/extra-super-avana\/\",\"name\":\"Extra Super Avana - Erozone\",\"isPartOf\":{\"@id\":\"https:\/\/erozone.org\/en\/#website\"},\"primaryImageOfPage\":{\"@id\":\"https:\/\/erozone.org\/en\/produktas\/extra-super-avana\/#primaryimage\"},\"image\":{\"@id\":\"https:\/\/erozone.org\/en\/produktas\/extra-super-avana\/#primaryimage\"},\"thumbnailUrl\":\"https:\/\/erozone.org\/wp-content\/uploads\/2022\/04\/Extra-Super-Avana.org1_.jpg\",\"datePublished\":\"2022-04-11T10:59:48+00:00\",\"dateModified\":\"2026-05-02T13:44:55+00:00\",\"description\":\"Extra Super Avana \u2705 Stiprinkite potencij\u0105 su m\u016bs\u0173 papildais u\u017e ger\u0105 kain\u0105 \u2764\ufe0f Gyvenkite aktyv\u0173 gyvenim\u0105! U\u017esisakykite!\",\"breadcrumb\":{\"@id\":\"https:\/\/erozone.org\/en\/produktas\/extra-super-avana\/#breadcrumb\"},\"inLanguage\":\"en-US\",\"potentialAction\":[{\"@type\":\"ReadAction\",\"target\":[\"https:\/\/erozone.org\/en\/produktas\/extra-super-avana\/\"]}]},{\"@type\":\"ImageObject\",\"inLanguage\":\"en-US\",\"@id\":\"https:\/\/erozone.org\/en\/produktas\/extra-super-avana\/#primaryimage\",\"url\":\"https:\/\/erozone.org\/wp-content\/uploads\/2022\/04\/Extra-Super-Avana.org1_.jpg\",\"contentUrl\":\"https:\/\/erozone.org\/wp-content\/uploads\/2022\/04\/Extra-Super-Avana.org1_.jpg\",\"width\":1396,\"height\":1136},{\"@type\":\"BreadcrumbList\",\"@id\":\"https:\/\/erozone.org\/en\/produktas\/extra-super-avana\/#breadcrumb\",\"itemListElement\":[{\"@type\":\"ListItem\",\"position\":1,\"name\":\"Home\",\"item\":\"https:\/\/erozone.org\/\"},{\"@type\":\"ListItem\",\"position\":2,\"name\":\"Katalogas\",\"item\":\"https:\/\/erozone.org\/katalogas\/\"},{\"@type\":\"ListItem\",\"position\":3,\"name\":\"Extra Super Avana\"}]},{\"@type\":\"WebSite\",\"@id\":\"https:\/\/erozone.org\/en\/#website\",\"url\":\"https:\/\/erozone.org\/en\/\",\"name\":\"Erozone\",\"description\":\"prek\u0117s internetu suaugusiems\",\"publisher\":{\"@id\":\"https:\/\/erozone.org\/en\/#organization\"},\"potentialAction\":[{\"@type\":\"SearchAction\",\"target\":{\"@type\":\"EntryPoint\",\"urlTemplate\":\"https:\/\/erozone.org\/en\/?s={search_term_string}\"},\"query-input\":{\"@type\":\"PropertyValueSpecification\",\"valueRequired\":true,\"valueName\":\"search_term_string\"}}],\"inLanguage\":\"en-US\"},{\"@type\":\"Organization\",\"@id\":\"https:\/\/erozone.org\/en\/#organization\",\"name\":\"Erozone\",\"url\":\"https:\/\/erozone.org\/en\/\",\"logo\":{\"@type\":\"ImageObject\",\"inLanguage\":\"en-US\",\"@id\":\"https:\/\/erozone.org\/en\/#\/schema\/logo\/image\/\",\"url\":\"https:\/\/erozone.org\/wp-content\/uploads\/2023\/01\/logo-1.png\",\"contentUrl\":\"https:\/\/erozone.org\/wp-content\/uploads\/2023\/01\/logo-1.png\",\"width\":182,\"height\":30,\"caption\":\"Erozone\"},\"image\":{\"@id\":\"https:\/\/erozone.org\/en\/#\/schema\/logo\/image\/\"}}]}<\/script>\n<!-- \/ Yoast SEO plugin. -->","yoast_head_json":{"title":"Extra Super Avana - Erozone","description":"Extra Super Avana \u2705 Stiprinkite potencij\u0105 su m\u016bs\u0173 papildais u\u017e ger\u0105 kain\u0105 \u2764\ufe0f Gyvenkite aktyv\u0173 gyvenim\u0105! U\u017esisakykite!","robots":{"index":"index","follow":"follow","max-snippet":"max-snippet:-1","max-image-preview":"max-image-preview:large","max-video-preview":"max-video-preview:-1"},"canonical":"https:\/\/erozone.org\/en\/produktas\/extra-super-avana\/","og_locale":"en_US","og_type":"article","og_title":"Extra Super Avana - Erozone","og_description":"Extra Super Avana \u2705 Stiprinkite potencij\u0105 su m\u016bs\u0173 papildais u\u017e ger\u0105 kain\u0105 \u2764\ufe0f Gyvenkite aktyv\u0173 gyvenim\u0105! U\u017esisakykite!","og_url":"https:\/\/erozone.org\/en\/produktas\/extra-super-avana\/","og_site_name":"Erozone","article_modified_time":"2026-05-02T13:44:55+00:00","og_image":[{"width":1396,"height":1136,"url":"https:\/\/erozone.org\/wp-content\/uploads\/2022\/04\/Extra-Super-Avana.org1_.jpg","type":"image\/jpeg"}],"twitter_card":"summary_large_image","twitter_misc":{"Est. reading time":"4 minutes"},"schema":{"@context":"https:\/\/schema.org","@graph":[{"@type":"WebPage","@id":"https:\/\/erozone.org\/en\/produktas\/extra-super-avana\/","url":"https:\/\/erozone.org\/en\/produktas\/extra-super-avana\/","name":"Extra Super Avana - Erozone","isPartOf":{"@id":"https:\/\/erozone.org\/en\/#website"},"primaryImageOfPage":{"@id":"https:\/\/erozone.org\/en\/produktas\/extra-super-avana\/#primaryimage"},"image":{"@id":"https:\/\/erozone.org\/en\/produktas\/extra-super-avana\/#primaryimage"},"thumbnailUrl":"https:\/\/erozone.org\/wp-content\/uploads\/2022\/04\/Extra-Super-Avana.org1_.jpg","datePublished":"2022-04-11T10:59:48+00:00","dateModified":"2026-05-02T13:44:55+00:00","description":"Extra Super Avana \u2705 Stiprinkite potencij\u0105 su m\u016bs\u0173 papildais u\u017e ger\u0105 kain\u0105 \u2764\ufe0f Gyvenkite aktyv\u0173 gyvenim\u0105! U\u017esisakykite!","breadcrumb":{"@id":"https:\/\/erozone.org\/en\/produktas\/extra-super-avana\/#breadcrumb"},"inLanguage":"en-US","potentialAction":[{"@type":"ReadAction","target":["https:\/\/erozone.org\/en\/produktas\/extra-super-avana\/"]}]},{"@type":"ImageObject","inLanguage":"en-US","@id":"https:\/\/erozone.org\/en\/produktas\/extra-super-avana\/#primaryimage","url":"https:\/\/erozone.org\/wp-content\/uploads\/2022\/04\/Extra-Super-Avana.org1_.jpg","contentUrl":"https:\/\/erozone.org\/wp-content\/uploads\/2022\/04\/Extra-Super-Avana.org1_.jpg","width":1396,"height":1136},{"@type":"BreadcrumbList","@id":"https:\/\/erozone.org\/en\/produktas\/extra-super-avana\/#breadcrumb","itemListElement":[{"@type":"ListItem","position":1,"name":"Home","item":"https:\/\/erozone.org\/"},{"@type":"ListItem","position":2,"name":"Katalogas","item":"https:\/\/erozone.org\/katalogas\/"},{"@type":"ListItem","position":3,"name":"Extra Super Avana"}]},{"@type":"WebSite","@id":"https:\/\/erozone.org\/en\/#website","url":"https:\/\/erozone.org\/en\/","name":"Erozone","description":"prek\u0117s internetu suaugusiems","publisher":{"@id":"https:\/\/erozone.org\/en\/#organization"},"potentialAction":[{"@type":"SearchAction","target":{"@type":"EntryPoint","urlTemplate":"https:\/\/erozone.org\/en\/?s={search_term_string}"},"query-input":{"@type":"PropertyValueSpecification","valueRequired":true,"valueName":"search_term_string"}}],"inLanguage":"en-US"},{"@type":"Organization","@id":"https:\/\/erozone.org\/en\/#organization","name":"Erozone","url":"https:\/\/erozone.org\/en\/","logo":{"@type":"ImageObject","inLanguage":"en-US","@id":"https:\/\/erozone.org\/en\/#\/schema\/logo\/image\/","url":"https:\/\/erozone.org\/wp-content\/uploads\/2023\/01\/logo-1.png","contentUrl":"https:\/\/erozone.org\/wp-content\/uploads\/2023\/01\/logo-1.png","width":182,"height":30,"caption":"Erozone"},"image":{"@id":"https:\/\/erozone.org\/en\/#\/schema\/logo\/image\/"}}]}},"_links":{"self":[{"href":"https:\/\/erozone.org\/en\/wp-json\/wp\/v2\/product\/36313","targetHints":{"allow":["GET"]}}],"collection":[{"href":"https:\/\/erozone.org\/en\/wp-json\/wp\/v2\/product"}],"about":[{"href":"https:\/\/erozone.org\/en\/wp-json\/wp\/v2\/types\/product"}],"version-history":[{"count":2,"href":"https:\/\/erozone.org\/en\/wp-json\/wp\/v2\/product\/36313\/revisions"}],"predecessor-version":[{"id":49145,"href":"https:\/\/erozone.org\/en\/wp-json\/wp\/v2\/product\/36313\/revisions\/49145"}],"wp:featuredmedia":[{"embeddable":true,"href":"https:\/\/erozone.org\/en\/wp-json\/wp\/v2\/media\/45367"}],"wp:attachment":[{"href":"https:\/\/erozone.org\/en\/wp-json\/wp\/v2\/media?parent=36313"}],"wp:term":[{"taxonomy":"brand","embeddable":true,"href":"https:\/\/erozone.org\/en\/wp-json\/wp\/v2\/etheme_brands?post=36313"},{"taxonomy":"product_brand","embeddable":true,"href":"https:\/\/erozone.org\/en\/wp-json\/wp\/v2\/product_brand?post=36313"},{"taxonomy":"product_cat","embeddable":true,"href":"https:\/\/erozone.org\/en\/wp-json\/wp\/v2\/product_cat?post=36313"},{"taxonomy":"product_tag","embeddable":true,"href":"https:\/\/erozone.org\/en\/wp-json\/wp\/v2\/product_tag?post=36313"}],"curies":[{"name":"wp","href":"https:\/\/api.w.org\/{rel}","templated":true}]}}