{"id":36316,"date":"2022-03-24T23:53:11","date_gmt":"2022-03-24T21:53:11","guid":{"rendered":"https:\/\/erozone.org\/produktas\/duratia-90\/"},"modified":"2026-04-25T12:38:46","modified_gmt":"2026-04-25T09:38:46","slug":"duratia-90","status":"publish","type":"product","link":"https:\/\/erozone.org\/en\/produktas\/duratia-90\/","title":{"rendered":"Duratia 90"},"content":{"rendered":"<p>Duratia 90 is a strong product for men to stop premature ejaculation (when a man ejaculates too quickly or unplanned during intercourse). Duratia 90 can also be used by those who do not have problems with premature ejaculation, but want to further extend the duration of sexual intercourse.<\/p>\n<p>Duratia 90 contains 90 mg of dapoxetine.<br \/>\nDapoxetine &#8211; indicated for men aged 18-64 to stop premature ejaculation.<br \/>\nPremature ejaculation is when a man ejaculates after slight sexual stimulation and before the man wants it. This can cause problems for the man in sexual relations.<br \/>\nDapoxetine induces a delay in ejaculation during intercourse, thus stopping premature ejaculation. Dapoxetine increases the time to ejaculation and improves ejaculation control. This helps reduce frustration or anxiety about rapid ejaculation.<br \/>\nDapoxetine is absorbed quickly and easily when taken 1-3 hours before sexual activity.<\/p>\n<p>Why is it worth it?<br \/>\nDuratia 90 &#8211; will stop premature ejaculation, significantly extend the duration of sexual intercourse, will help control ejaculation, help overcome anxiety about premature ejaculation and make you feel confident before sexual activity.<\/p>\n<p>directions for use:<br \/>\nDuratia 90 tablet or half of it should be taken 60 minutes before intercourse, with a glass of water, without food.<\/p>\n<p>Storage:<br \/>\nshould be stored at a temperature below 30 degrees C. Keep away from heat and sunlight. Do not store in damp places, e.g. in the bathroom. Keep out of the reach of children.<\/p>\n","protected":false},"excerpt":{"rendered":"<p>Duratia 90 \u2013 stop premature ejaculation ! One of the most effective products on the market for prolonging sexual intercourse! strong concentration!<br \/>\nDuratia 90 will let you overcome premature ejaculation, allow you to enjoy sex for longer and will help control ejaculation, will make you feel confident and eliminate anxiety about the untimely end of sex!<\/p>\n","protected":false},"featured_media":38258,"template":"","meta":[],"etheme_brands":[],"product_brand":[],"product_cat":[236,153],"product_tag":[224],"class_list":{"0":"post-36316","1":"product","2":"type-product","3":"status-publish","4":"has-post-thumbnail","6":"product_cat-priligy-dapoksetinas-be-recepto-en","7":"product_cat-for-prolonging-sexual-intercourse","8":"product_tag-priligy-tabletes-en","10":"first","11":"instock","12":"shipping-taxable","13":"purchasable","14":"product-type-simple"},"yoast_head":"<!-- This site is optimized with the Yoast SEO plugin v26.2 - https:\/\/yoast.com\/wordpress\/plugins\/seo\/ -->\n<title>Duratia 90 - Erozone<\/title>\n<meta name=\"description\" content=\"Duratia 90 \u2705 Stiprinkite potencij\u0105 su m\u016bs\u0173 papildais u\u017e ger\u0105 kain\u0105 \u2764\ufe0f Gyvenkite aktyv\u0173 gyvenim\u0105! U\u017esisakykite!\" \/>\n<meta name=\"robots\" content=\"index, follow, max-snippet:-1, max-image-preview:large, max-video-preview:-1\" \/>\n<link rel=\"canonical\" href=\"https:\/\/erozone.org\/produktas\/duratia-90\/\" \/>\n<meta property=\"og:locale\" content=\"en_US\" \/>\n<meta property=\"og:type\" content=\"article\" \/>\n<meta property=\"og:title\" content=\"Duratia 90 - Erozone\" \/>\n<meta property=\"og:description\" content=\"Duratia 90 \u2705 Stiprinkite potencij\u0105 su m\u016bs\u0173 papildais u\u017e ger\u0105 kain\u0105 \u2764\ufe0f Gyvenkite aktyv\u0173 gyvenim\u0105! U\u017esisakykite!\" \/>\n<meta property=\"og:url\" content=\"https:\/\/erozone.org\/produktas\/duratia-90\/\" \/>\n<meta property=\"og:site_name\" content=\"Erozone\" \/>\n<meta property=\"article:modified_time\" content=\"2026-04-25T09:38:46+00:00\" \/>\n<meta property=\"og:image\" content=\"https:\/\/erozone.org\/wp-content\/uploads\/2022\/03\/Duratia-90-org-2.jpg\" \/>\n\t<meta property=\"og:image:width\" content=\"1217\" \/>\n\t<meta property=\"og:image:height\" content=\"1045\" \/>\n\t<meta property=\"og:image:type\" content=\"image\/jpeg\" \/>\n<meta name=\"twitter:card\" content=\"summary_large_image\" \/>\n<meta name=\"twitter:label1\" content=\"Est. reading time\" \/>\n\t<meta name=\"twitter:data1\" content=\"1 minute\" \/>\n<script type=\"application\/ld+json\" class=\"yoast-schema-graph\">{\"@context\":\"https:\/\/schema.org\",\"@graph\":[{\"@type\":\"WebPage\",\"@id\":\"https:\/\/erozone.org\/produktas\/duratia-90\/\",\"url\":\"https:\/\/erozone.org\/produktas\/duratia-90\/\",\"name\":\"Duratia 90 - Erozone\",\"isPartOf\":{\"@id\":\"https:\/\/erozone.org\/en\/#website\"},\"primaryImageOfPage\":{\"@id\":\"https:\/\/erozone.org\/produktas\/duratia-90\/#primaryimage\"},\"image\":{\"@id\":\"https:\/\/erozone.org\/produktas\/duratia-90\/#primaryimage\"},\"thumbnailUrl\":\"https:\/\/erozone.org\/wp-content\/uploads\/2022\/03\/Duratia-90-org-2.jpg\",\"datePublished\":\"2022-03-24T21:53:11+00:00\",\"dateModified\":\"2026-04-25T09:38:46+00:00\",\"description\":\"Duratia 90 \u2705 Stiprinkite potencij\u0105 su m\u016bs\u0173 papildais u\u017e ger\u0105 kain\u0105 \u2764\ufe0f Gyvenkite aktyv\u0173 gyvenim\u0105! U\u017esisakykite!\",\"breadcrumb\":{\"@id\":\"https:\/\/erozone.org\/produktas\/duratia-90\/#breadcrumb\"},\"inLanguage\":\"en-US\",\"potentialAction\":[{\"@type\":\"ReadAction\",\"target\":[\"https:\/\/erozone.org\/produktas\/duratia-90\/\"]}]},{\"@type\":\"ImageObject\",\"inLanguage\":\"en-US\",\"@id\":\"https:\/\/erozone.org\/produktas\/duratia-90\/#primaryimage\",\"url\":\"https:\/\/erozone.org\/wp-content\/uploads\/2022\/03\/Duratia-90-org-2.jpg\",\"contentUrl\":\"https:\/\/erozone.org\/wp-content\/uploads\/2022\/03\/Duratia-90-org-2.jpg\",\"width\":1217,\"height\":1045},{\"@type\":\"BreadcrumbList\",\"@id\":\"https:\/\/erozone.org\/produktas\/duratia-90\/#breadcrumb\",\"itemListElement\":[{\"@type\":\"ListItem\",\"position\":1,\"name\":\"Home\",\"item\":\"https:\/\/erozone.org\/\"},{\"@type\":\"ListItem\",\"position\":2,\"name\":\"Katalogas\",\"item\":\"https:\/\/erozone.org\/katalogas\/\"},{\"@type\":\"ListItem\",\"position\":3,\"name\":\"Duratia 90\"}]},{\"@type\":\"WebSite\",\"@id\":\"https:\/\/erozone.org\/en\/#website\",\"url\":\"https:\/\/erozone.org\/en\/\",\"name\":\"Erozone\",\"description\":\"prek\u0117s internetu suaugusiems\",\"publisher\":{\"@id\":\"https:\/\/erozone.org\/en\/#organization\"},\"potentialAction\":[{\"@type\":\"SearchAction\",\"target\":{\"@type\":\"EntryPoint\",\"urlTemplate\":\"https:\/\/erozone.org\/en\/?s={search_term_string}\"},\"query-input\":{\"@type\":\"PropertyValueSpecification\",\"valueRequired\":true,\"valueName\":\"search_term_string\"}}],\"inLanguage\":\"en-US\"},{\"@type\":\"Organization\",\"@id\":\"https:\/\/erozone.org\/en\/#organization\",\"name\":\"Erozone\",\"url\":\"https:\/\/erozone.org\/en\/\",\"logo\":{\"@type\":\"ImageObject\",\"inLanguage\":\"en-US\",\"@id\":\"https:\/\/erozone.org\/en\/#\/schema\/logo\/image\/\",\"url\":\"https:\/\/erozone.org\/wp-content\/uploads\/2023\/01\/logo-1.png\",\"contentUrl\":\"https:\/\/erozone.org\/wp-content\/uploads\/2023\/01\/logo-1.png\",\"width\":182,\"height\":30,\"caption\":\"Erozone\"},\"image\":{\"@id\":\"https:\/\/erozone.org\/en\/#\/schema\/logo\/image\/\"}}]}<\/script>\n<!-- \/ Yoast SEO plugin. -->","yoast_head_json":{"title":"Duratia 90 - Erozone","description":"Duratia 90 \u2705 Stiprinkite potencij\u0105 su m\u016bs\u0173 papildais u\u017e ger\u0105 kain\u0105 \u2764\ufe0f Gyvenkite aktyv\u0173 gyvenim\u0105! U\u017esisakykite!","robots":{"index":"index","follow":"follow","max-snippet":"max-snippet:-1","max-image-preview":"max-image-preview:large","max-video-preview":"max-video-preview:-1"},"canonical":"https:\/\/erozone.org\/produktas\/duratia-90\/","og_locale":"en_US","og_type":"article","og_title":"Duratia 90 - Erozone","og_description":"Duratia 90 \u2705 Stiprinkite potencij\u0105 su m\u016bs\u0173 papildais u\u017e ger\u0105 kain\u0105 \u2764\ufe0f Gyvenkite aktyv\u0173 gyvenim\u0105! U\u017esisakykite!","og_url":"https:\/\/erozone.org\/produktas\/duratia-90\/","og_site_name":"Erozone","article_modified_time":"2026-04-25T09:38:46+00:00","og_image":[{"width":1217,"height":1045,"url":"https:\/\/erozone.org\/wp-content\/uploads\/2022\/03\/Duratia-90-org-2.jpg","type":"image\/jpeg"}],"twitter_card":"summary_large_image","twitter_misc":{"Est. reading time":"1 minute"},"schema":{"@context":"https:\/\/schema.org","@graph":[{"@type":"WebPage","@id":"https:\/\/erozone.org\/produktas\/duratia-90\/","url":"https:\/\/erozone.org\/produktas\/duratia-90\/","name":"Duratia 90 - Erozone","isPartOf":{"@id":"https:\/\/erozone.org\/en\/#website"},"primaryImageOfPage":{"@id":"https:\/\/erozone.org\/produktas\/duratia-90\/#primaryimage"},"image":{"@id":"https:\/\/erozone.org\/produktas\/duratia-90\/#primaryimage"},"thumbnailUrl":"https:\/\/erozone.org\/wp-content\/uploads\/2022\/03\/Duratia-90-org-2.jpg","datePublished":"2022-03-24T21:53:11+00:00","dateModified":"2026-04-25T09:38:46+00:00","description":"Duratia 90 \u2705 Stiprinkite potencij\u0105 su m\u016bs\u0173 papildais u\u017e ger\u0105 kain\u0105 \u2764\ufe0f Gyvenkite aktyv\u0173 gyvenim\u0105! U\u017esisakykite!","breadcrumb":{"@id":"https:\/\/erozone.org\/produktas\/duratia-90\/#breadcrumb"},"inLanguage":"en-US","potentialAction":[{"@type":"ReadAction","target":["https:\/\/erozone.org\/produktas\/duratia-90\/"]}]},{"@type":"ImageObject","inLanguage":"en-US","@id":"https:\/\/erozone.org\/produktas\/duratia-90\/#primaryimage","url":"https:\/\/erozone.org\/wp-content\/uploads\/2022\/03\/Duratia-90-org-2.jpg","contentUrl":"https:\/\/erozone.org\/wp-content\/uploads\/2022\/03\/Duratia-90-org-2.jpg","width":1217,"height":1045},{"@type":"BreadcrumbList","@id":"https:\/\/erozone.org\/produktas\/duratia-90\/#breadcrumb","itemListElement":[{"@type":"ListItem","position":1,"name":"Home","item":"https:\/\/erozone.org\/"},{"@type":"ListItem","position":2,"name":"Katalogas","item":"https:\/\/erozone.org\/katalogas\/"},{"@type":"ListItem","position":3,"name":"Duratia 90"}]},{"@type":"WebSite","@id":"https:\/\/erozone.org\/en\/#website","url":"https:\/\/erozone.org\/en\/","name":"Erozone","description":"prek\u0117s internetu suaugusiems","publisher":{"@id":"https:\/\/erozone.org\/en\/#organization"},"potentialAction":[{"@type":"SearchAction","target":{"@type":"EntryPoint","urlTemplate":"https:\/\/erozone.org\/en\/?s={search_term_string}"},"query-input":{"@type":"PropertyValueSpecification","valueRequired":true,"valueName":"search_term_string"}}],"inLanguage":"en-US"},{"@type":"Organization","@id":"https:\/\/erozone.org\/en\/#organization","name":"Erozone","url":"https:\/\/erozone.org\/en\/","logo":{"@type":"ImageObject","inLanguage":"en-US","@id":"https:\/\/erozone.org\/en\/#\/schema\/logo\/image\/","url":"https:\/\/erozone.org\/wp-content\/uploads\/2023\/01\/logo-1.png","contentUrl":"https:\/\/erozone.org\/wp-content\/uploads\/2023\/01\/logo-1.png","width":182,"height":30,"caption":"Erozone"},"image":{"@id":"https:\/\/erozone.org\/en\/#\/schema\/logo\/image\/"}}]}},"_links":{"self":[{"href":"https:\/\/erozone.org\/en\/wp-json\/wp\/v2\/product\/36316","targetHints":{"allow":["GET"]}}],"collection":[{"href":"https:\/\/erozone.org\/en\/wp-json\/wp\/v2\/product"}],"about":[{"href":"https:\/\/erozone.org\/en\/wp-json\/wp\/v2\/types\/product"}],"version-history":[{"count":0,"href":"https:\/\/erozone.org\/en\/wp-json\/wp\/v2\/product\/36316\/revisions"}],"wp:featuredmedia":[{"embeddable":true,"href":"https:\/\/erozone.org\/en\/wp-json\/wp\/v2\/media\/38258"}],"wp:attachment":[{"href":"https:\/\/erozone.org\/en\/wp-json\/wp\/v2\/media?parent=36316"}],"wp:term":[{"taxonomy":"brand","embeddable":true,"href":"https:\/\/erozone.org\/en\/wp-json\/wp\/v2\/etheme_brands?post=36316"},{"taxonomy":"product_brand","embeddable":true,"href":"https:\/\/erozone.org\/en\/wp-json\/wp\/v2\/product_brand?post=36316"},{"taxonomy":"product_cat","embeddable":true,"href":"https:\/\/erozone.org\/en\/wp-json\/wp\/v2\/product_cat?post=36316"},{"taxonomy":"product_tag","embeddable":true,"href":"https:\/\/erozone.org\/en\/wp-json\/wp\/v2\/product_tag?post=36316"}],"curies":[{"name":"wp","href":"https:\/\/api.w.org\/{rel}","templated":true}]}}