{"id":36321,"date":"2022-03-04T13:04:25","date_gmt":"2022-03-04T11:04:25","guid":{"rendered":"https:\/\/erozone.org\/produktas\/poxet-60\/"},"modified":"2026-04-14T12:16:13","modified_gmt":"2026-04-14T09:16:13","slug":"poxet-60","status":"publish","type":"product","link":"https:\/\/erozone.org\/en\/produktas\/poxet-60\/","title":{"rendered":"Poxet 60"},"content":{"rendered":"<p>Poxet 60 &#8211; a product to stop premature ejaculation, i.e. when a man ends sexual intercourse due to premature ejaculation that he cannot control. Poxet 60 is also suitable for use by those men who want to prolong the duration of intercourse, although they do not have problems with premature ejaculation.<\/p>\n<p>Poxet 60 contains 60 mg of dapoxetine.<br \/>\nDapoxetine prolongs the time from initiation of intercourse to ejaculation and improves ejaculation control. It also helps to reduce frustration or anxiety about rapid ejaculation.<br \/>\nDapoxetine is for men 18 to 64 years of age.<br \/>\nDapoxetine is extremely effective in stopping early (rapid) ejaculation in men, helps control ejaculation and allows you to enjoy longer sexual intercourse. This is the first clinical substance designed to stop premature ejaculation in men, created in 2012.<\/p>\n<p>directions for use:<br \/>\nPoxet 60 should be taken 60 minutes before intercourse with a glass of water. do not drink with food. The maximum daily dose is one tablet.<\/p>\n<p>Storage:<br \/>\nPoxet 30 should be stored at a temperature below 30 degrees C. Keep away from heat and sunlight. Do not store where it is damp, e.g. in the bathroom. Keep out of the reach of children.<\/p>\n","protected":false},"excerpt":{"rendered":"<p>Poxet 60 will help you forget about rapid ejaculation and short intercourse and will allow you to enjoy sex longer!<br \/>\nAn effective tool to overcome premature ejaculation and feel confident during sex!<br \/>\nPoxet 60 will prevent the semen from rapid eruption and help control ejaculation!<\/p>\n","protected":false},"featured_media":38288,"template":"","meta":[],"etheme_brands":[],"product_brand":[],"product_cat":[236,153],"product_tag":[224],"class_list":{"0":"post-36321","1":"product","2":"type-product","3":"status-publish","4":"has-post-thumbnail","6":"product_cat-priligy-dapoksetinas-be-recepto-en","7":"product_cat-for-prolonging-sexual-intercourse","8":"product_tag-priligy-tabletes-en","10":"first","11":"instock","12":"shipping-taxable","13":"purchasable","14":"product-type-simple"},"yoast_head":"<!-- This site is optimized with the Yoast SEO plugin v26.2 - https:\/\/yoast.com\/wordpress\/plugins\/seo\/ -->\n<title>Poxet 60 - Erozone<\/title>\n<meta name=\"description\" content=\"Poxet 60 \u2705 Stiprinkite potencij\u0105 su m\u016bs\u0173 papildais u\u017e ger\u0105 kain\u0105 \u2764\ufe0f Gyvenkite aktyv\u0173 gyvenim\u0105! U\u017esisakykite!\" \/>\n<meta name=\"robots\" content=\"index, follow, max-snippet:-1, max-image-preview:large, max-video-preview:-1\" \/>\n<link rel=\"canonical\" href=\"https:\/\/erozone.org\/produktas\/poxet-60\/\" \/>\n<meta property=\"og:locale\" content=\"en_US\" \/>\n<meta property=\"og:type\" content=\"article\" \/>\n<meta property=\"og:title\" content=\"Poxet 60 - Erozone\" \/>\n<meta property=\"og:description\" content=\"Poxet 60 \u2705 Stiprinkite potencij\u0105 su m\u016bs\u0173 papildais u\u017e ger\u0105 kain\u0105 \u2764\ufe0f Gyvenkite aktyv\u0173 gyvenim\u0105! U\u017esisakykite!\" \/>\n<meta property=\"og:url\" content=\"https:\/\/erozone.org\/produktas\/poxet-60\/\" \/>\n<meta property=\"og:site_name\" content=\"Erozone\" \/>\n<meta property=\"article:modified_time\" content=\"2026-04-14T09:16:13+00:00\" \/>\n<meta property=\"og:image\" content=\"https:\/\/erozone.org\/wp-content\/uploads\/2022\/03\/Poxet-60-org2-2.jpg\" \/>\n\t<meta property=\"og:image:width\" content=\"1479\" \/>\n\t<meta property=\"og:image:height\" content=\"1097\" \/>\n\t<meta property=\"og:image:type\" content=\"image\/jpeg\" \/>\n<meta name=\"twitter:card\" content=\"summary_large_image\" \/>\n<meta name=\"twitter:label1\" content=\"Est. reading time\" \/>\n\t<meta name=\"twitter:data1\" content=\"1 minute\" \/>\n<script type=\"application\/ld+json\" class=\"yoast-schema-graph\">{\"@context\":\"https:\/\/schema.org\",\"@graph\":[{\"@type\":\"WebPage\",\"@id\":\"https:\/\/erozone.org\/produktas\/poxet-60\/\",\"url\":\"https:\/\/erozone.org\/produktas\/poxet-60\/\",\"name\":\"Poxet 60 - Erozone\",\"isPartOf\":{\"@id\":\"https:\/\/erozone.org\/en\/#website\"},\"primaryImageOfPage\":{\"@id\":\"https:\/\/erozone.org\/produktas\/poxet-60\/#primaryimage\"},\"image\":{\"@id\":\"https:\/\/erozone.org\/produktas\/poxet-60\/#primaryimage\"},\"thumbnailUrl\":\"https:\/\/erozone.org\/wp-content\/uploads\/2022\/03\/Poxet-60-org2-2.jpg\",\"datePublished\":\"2022-03-04T11:04:25+00:00\",\"dateModified\":\"2026-04-14T09:16:13+00:00\",\"description\":\"Poxet 60 \u2705 Stiprinkite potencij\u0105 su m\u016bs\u0173 papildais u\u017e ger\u0105 kain\u0105 \u2764\ufe0f Gyvenkite aktyv\u0173 gyvenim\u0105! U\u017esisakykite!\",\"breadcrumb\":{\"@id\":\"https:\/\/erozone.org\/produktas\/poxet-60\/#breadcrumb\"},\"inLanguage\":\"en-US\",\"potentialAction\":[{\"@type\":\"ReadAction\",\"target\":[\"https:\/\/erozone.org\/produktas\/poxet-60\/\"]}]},{\"@type\":\"ImageObject\",\"inLanguage\":\"en-US\",\"@id\":\"https:\/\/erozone.org\/produktas\/poxet-60\/#primaryimage\",\"url\":\"https:\/\/erozone.org\/wp-content\/uploads\/2022\/03\/Poxet-60-org2-2.jpg\",\"contentUrl\":\"https:\/\/erozone.org\/wp-content\/uploads\/2022\/03\/Poxet-60-org2-2.jpg\",\"width\":1479,\"height\":1097},{\"@type\":\"BreadcrumbList\",\"@id\":\"https:\/\/erozone.org\/produktas\/poxet-60\/#breadcrumb\",\"itemListElement\":[{\"@type\":\"ListItem\",\"position\":1,\"name\":\"Home\",\"item\":\"https:\/\/erozone.org\/\"},{\"@type\":\"ListItem\",\"position\":2,\"name\":\"Katalogas\",\"item\":\"https:\/\/erozone.org\/katalogas\/\"},{\"@type\":\"ListItem\",\"position\":3,\"name\":\"Poxet 60\"}]},{\"@type\":\"WebSite\",\"@id\":\"https:\/\/erozone.org\/en\/#website\",\"url\":\"https:\/\/erozone.org\/en\/\",\"name\":\"Erozone\",\"description\":\"prek\u0117s internetu suaugusiems\",\"publisher\":{\"@id\":\"https:\/\/erozone.org\/en\/#organization\"},\"potentialAction\":[{\"@type\":\"SearchAction\",\"target\":{\"@type\":\"EntryPoint\",\"urlTemplate\":\"https:\/\/erozone.org\/en\/?s={search_term_string}\"},\"query-input\":{\"@type\":\"PropertyValueSpecification\",\"valueRequired\":true,\"valueName\":\"search_term_string\"}}],\"inLanguage\":\"en-US\"},{\"@type\":\"Organization\",\"@id\":\"https:\/\/erozone.org\/en\/#organization\",\"name\":\"Erozone\",\"url\":\"https:\/\/erozone.org\/en\/\",\"logo\":{\"@type\":\"ImageObject\",\"inLanguage\":\"en-US\",\"@id\":\"https:\/\/erozone.org\/en\/#\/schema\/logo\/image\/\",\"url\":\"https:\/\/erozone.org\/wp-content\/uploads\/2023\/01\/logo-1.png\",\"contentUrl\":\"https:\/\/erozone.org\/wp-content\/uploads\/2023\/01\/logo-1.png\",\"width\":182,\"height\":30,\"caption\":\"Erozone\"},\"image\":{\"@id\":\"https:\/\/erozone.org\/en\/#\/schema\/logo\/image\/\"}}]}<\/script>\n<!-- \/ Yoast SEO plugin. -->","yoast_head_json":{"title":"Poxet 60 - Erozone","description":"Poxet 60 \u2705 Stiprinkite potencij\u0105 su m\u016bs\u0173 papildais u\u017e ger\u0105 kain\u0105 \u2764\ufe0f Gyvenkite aktyv\u0173 gyvenim\u0105! U\u017esisakykite!","robots":{"index":"index","follow":"follow","max-snippet":"max-snippet:-1","max-image-preview":"max-image-preview:large","max-video-preview":"max-video-preview:-1"},"canonical":"https:\/\/erozone.org\/produktas\/poxet-60\/","og_locale":"en_US","og_type":"article","og_title":"Poxet 60 - Erozone","og_description":"Poxet 60 \u2705 Stiprinkite potencij\u0105 su m\u016bs\u0173 papildais u\u017e ger\u0105 kain\u0105 \u2764\ufe0f Gyvenkite aktyv\u0173 gyvenim\u0105! U\u017esisakykite!","og_url":"https:\/\/erozone.org\/produktas\/poxet-60\/","og_site_name":"Erozone","article_modified_time":"2026-04-14T09:16:13+00:00","og_image":[{"width":1479,"height":1097,"url":"https:\/\/erozone.org\/wp-content\/uploads\/2022\/03\/Poxet-60-org2-2.jpg","type":"image\/jpeg"}],"twitter_card":"summary_large_image","twitter_misc":{"Est. reading time":"1 minute"},"schema":{"@context":"https:\/\/schema.org","@graph":[{"@type":"WebPage","@id":"https:\/\/erozone.org\/produktas\/poxet-60\/","url":"https:\/\/erozone.org\/produktas\/poxet-60\/","name":"Poxet 60 - Erozone","isPartOf":{"@id":"https:\/\/erozone.org\/en\/#website"},"primaryImageOfPage":{"@id":"https:\/\/erozone.org\/produktas\/poxet-60\/#primaryimage"},"image":{"@id":"https:\/\/erozone.org\/produktas\/poxet-60\/#primaryimage"},"thumbnailUrl":"https:\/\/erozone.org\/wp-content\/uploads\/2022\/03\/Poxet-60-org2-2.jpg","datePublished":"2022-03-04T11:04:25+00:00","dateModified":"2026-04-14T09:16:13+00:00","description":"Poxet 60 \u2705 Stiprinkite potencij\u0105 su m\u016bs\u0173 papildais u\u017e ger\u0105 kain\u0105 \u2764\ufe0f Gyvenkite aktyv\u0173 gyvenim\u0105! U\u017esisakykite!","breadcrumb":{"@id":"https:\/\/erozone.org\/produktas\/poxet-60\/#breadcrumb"},"inLanguage":"en-US","potentialAction":[{"@type":"ReadAction","target":["https:\/\/erozone.org\/produktas\/poxet-60\/"]}]},{"@type":"ImageObject","inLanguage":"en-US","@id":"https:\/\/erozone.org\/produktas\/poxet-60\/#primaryimage","url":"https:\/\/erozone.org\/wp-content\/uploads\/2022\/03\/Poxet-60-org2-2.jpg","contentUrl":"https:\/\/erozone.org\/wp-content\/uploads\/2022\/03\/Poxet-60-org2-2.jpg","width":1479,"height":1097},{"@type":"BreadcrumbList","@id":"https:\/\/erozone.org\/produktas\/poxet-60\/#breadcrumb","itemListElement":[{"@type":"ListItem","position":1,"name":"Home","item":"https:\/\/erozone.org\/"},{"@type":"ListItem","position":2,"name":"Katalogas","item":"https:\/\/erozone.org\/katalogas\/"},{"@type":"ListItem","position":3,"name":"Poxet 60"}]},{"@type":"WebSite","@id":"https:\/\/erozone.org\/en\/#website","url":"https:\/\/erozone.org\/en\/","name":"Erozone","description":"prek\u0117s internetu suaugusiems","publisher":{"@id":"https:\/\/erozone.org\/en\/#organization"},"potentialAction":[{"@type":"SearchAction","target":{"@type":"EntryPoint","urlTemplate":"https:\/\/erozone.org\/en\/?s={search_term_string}"},"query-input":{"@type":"PropertyValueSpecification","valueRequired":true,"valueName":"search_term_string"}}],"inLanguage":"en-US"},{"@type":"Organization","@id":"https:\/\/erozone.org\/en\/#organization","name":"Erozone","url":"https:\/\/erozone.org\/en\/","logo":{"@type":"ImageObject","inLanguage":"en-US","@id":"https:\/\/erozone.org\/en\/#\/schema\/logo\/image\/","url":"https:\/\/erozone.org\/wp-content\/uploads\/2023\/01\/logo-1.png","contentUrl":"https:\/\/erozone.org\/wp-content\/uploads\/2023\/01\/logo-1.png","width":182,"height":30,"caption":"Erozone"},"image":{"@id":"https:\/\/erozone.org\/en\/#\/schema\/logo\/image\/"}}]}},"_links":{"self":[{"href":"https:\/\/erozone.org\/en\/wp-json\/wp\/v2\/product\/36321","targetHints":{"allow":["GET"]}}],"collection":[{"href":"https:\/\/erozone.org\/en\/wp-json\/wp\/v2\/product"}],"about":[{"href":"https:\/\/erozone.org\/en\/wp-json\/wp\/v2\/types\/product"}],"version-history":[{"count":0,"href":"https:\/\/erozone.org\/en\/wp-json\/wp\/v2\/product\/36321\/revisions"}],"wp:featuredmedia":[{"embeddable":true,"href":"https:\/\/erozone.org\/en\/wp-json\/wp\/v2\/media\/38288"}],"wp:attachment":[{"href":"https:\/\/erozone.org\/en\/wp-json\/wp\/v2\/media?parent=36321"}],"wp:term":[{"taxonomy":"brand","embeddable":true,"href":"https:\/\/erozone.org\/en\/wp-json\/wp\/v2\/etheme_brands?post=36321"},{"taxonomy":"product_brand","embeddable":true,"href":"https:\/\/erozone.org\/en\/wp-json\/wp\/v2\/product_brand?post=36321"},{"taxonomy":"product_cat","embeddable":true,"href":"https:\/\/erozone.org\/en\/wp-json\/wp\/v2\/product_cat?post=36321"},{"taxonomy":"product_tag","embeddable":true,"href":"https:\/\/erozone.org\/en\/wp-json\/wp\/v2\/product_tag?post=36321"}],"curies":[{"name":"wp","href":"https:\/\/api.w.org\/{rel}","templated":true}]}}