{"id":36322,"date":"2022-03-04T12:51:24","date_gmt":"2022-03-04T10:51:24","guid":{"rendered":"https:\/\/erozone.org\/produktas\/vriligy-60\/"},"modified":"2026-04-09T20:56:15","modified_gmt":"2026-04-09T17:56:15","slug":"vriligy-60","status":"publish","type":"product","link":"https:\/\/erozone.org\/en\/produktas\/vriligy-60\/","title":{"rendered":"Vriligy"},"content":{"rendered":"<p>Vriligy \u2013 gerai \u017einomas produktas vyrams, ken\u010diantiems nuo prie\u0161laikin\u0117s (per greitos) ejakuliacijos. Vriligy padeda sulaikyti s\u0117kl\u0105 lytinio akto metu, nuo per greito i\u0161siliejimo ir tokiu b\u016bdu leid\u017eia vyrams, kurie per greitai pasiekia kulminacij\u0105, tur\u0117ti pilnaver\u010dius ir ilgesnius lytinius santykius. Vriligy taip pat galima naudoti ir vyrams, kurie neturi per greitos ejakuliacijos problem\u0173, ta\u010diau siekia tur\u0117ti ilgesnius lytinius santykius nei \u012fprastai.<\/p>\n<p>Vriligy savo sud\u0117tyje turi 60 mg dapoksetino.<br \/>\nDapoksetinas \u2013 skirtas 18\u201364 met\u0173 vyrams nuo prie\u0161laikin\u0117s ejakuliacijos.<br \/>\nPrie\u0161laikin\u0117 ejakuliacija yra, kai vyras i\u0161meta s\u0117kl\u0105 po nedidel\u0117s seksualin\u0117s stimuliacijos ir anks\u010diau, nei vyras to nor\u0117t\u0173. Tai gali sukelti problem\u0173 seksualiniame gyvenime.<br \/>\nDapoksetinas skatina ejakuliacijos v\u0117lavim\u0105 seksualinio stimulo metu, taip neleisdamas s\u0117klai i\u0161siver\u017eti pernelyg greitai. Dapoksetinas prailgina laik\u0105 nuo seksualinio stimulo prad\u017eios iki s\u0117klos i\u0161metimo ir pagerina s\u0117klos i\u0161siver\u017eimo kontroliavim\u0105. Tai padeda vyrams, ken\u010diantiems nuo per greitos ejakuliacijos, labiau pasitik\u0117ti savimi ir suma\u017einti nerim\u0105 d\u0117l greitos ejakuliacijos.<br \/>\nDapoksetinas, vartojamas 1\u20133 valandas prie\u0161 seksualin\u0119 veikl\u0105.<\/p>\n<h2>Kod\u0117l verta Vriligy?<\/h2>\n<p>Su Vriligy pamir\u0161ite greitus, neplanuotus s\u0117klos i\u0161siliejimus lytinio akto metu, gal\u0117site kur kas ilgiau m\u0117gautis seksualine veikla bei geb\u0117site kontroliuoti s\u0117klos i\u0161siver\u017eimo moment\u0105.<\/p>\n<h2>Kaip vartoti Vriligy?<\/h2>\n<p>Vriligy rekomenduojama i\u0161gerti 1-2 valandas iki lytinio akto prad\u017eios, u\u017egeriant stikline vandens, neprisivalgius. Nemai\u0161yti su greipfrutas ar j\u0173 sultimimis.<\/p>\n<h2>Vriligy laikymas:<\/h2>\n<p>Laikyti reikia \u017eemesn\u0117je nei 30 laipsni\u0173 temperat\u016broje pagal C. Laikyti toliau nuo kar\u0161\u010dio, saul\u0117s spinduli\u0173. Nelaikyti ten kur dr\u0117gna, pvz. vonioje. Laikyti vaikams nepasiekiamoje vietoje.<\/p>\n<p class=\"tw-data-text tw-text-large tw-ta\" dir=\"ltr\" data-placeholder=\"Vertimas\" aria-label=\"I\u0161verstas tekstas\" data-ved=\"2ahUKEwjX9MHQs7yGAxWkRaQEHStLCz8Q3ewLegQIDxAU\"><span class=\"Y2IQFc\" lang=\"lt\">\u0160alutiniai poveikiai:<\/span><\/p>\n<p class=\"tw-data-text tw-text-large tw-ta\" dir=\"ltr\" data-placeholder=\"Vertimas\" aria-label=\"I\u0161verstas tekstas\" data-ved=\"2ahUKEwjX9MHQs7yGAxWkRaQEHStLCz8Q3ewLegQIDxAU\"><span class=\"Y2IQFc\" lang=\"lt\">Da\u017enas \u0161alutinis poveikis gali b\u016bti galvos skausmas, nugaros skausmas, raumen\u0173 skausmai, paraudimas, vir\u0161kinimo sutrikimai ir nosies u\u017egulimas. \u0160alutinis poveikis da\u017eniausiai pasirei\u0161kia, d\u0117l per didel\u0117s doz\u0117s j\u016bs\u0173 organizmui. Jai doz\u0117 yra tinkama j\u016bs\u0173 organizmui, \u0161alutinis poveikis nepasireik\u0161. \u0160alutinis poveikis da\u017eniausiai trunka neilgai ir nesukelia dideli\u0173 nepatogum\u0173.\u00a0 Retais atvejais gali pasireik\u0161ti sunkus \u0161alutinis poveikis, kuris n\u0117ra nurodytas \u010dia arba ilgiau nei keturias valandas trunkanti erekcija. Nedelsdami kreipkit\u0117s medicinin\u0117s pagalbos, jei pasirei\u0161kia sunkus \u0161alutinis poveikis.\u00a0\u00a0<\/span><\/p>\n<p class=\"tw-data-text tw-text-large tw-ta\" dir=\"ltr\" data-placeholder=\"Vertimas\" aria-label=\"I\u0161verstas tekstas\" data-ved=\"2ahUKEwjX9MHQs7yGAxWkRaQEHStLCz8Q3ewLegQIDxAU\"><span class=\"Y2IQFc\" lang=\"lt\">Atsargumo priemon\u0117s:<\/span><\/p>\n<p class=\"tw-data-text tw-text-large tw-ta\" dir=\"ltr\" data-placeholder=\"Vertimas\" aria-label=\"I\u0161verstas tekstas\" data-ved=\"2ahUKEwjX9MHQs7yGAxWkRaQEHStLCz8Q3ewLegQIDxAU\"><span class=\"Y2IQFc\" lang=\"lt\">Prie\u0161 vartojim\u0105, pasakykite savo sveikatos prie\u017ei\u016bros paslaug\u0173 teik\u0117jui, jei sirgote \u0161irdies liga, auk\u0161tu ar \u017eemu kraujosp\u016bd\u017eiu, kepen\u0173 ar inkst\u0173 liga, skrand\u017eio opa, kraujavimo sutrikimais ar kitomis sveikatos b\u016bkl\u0117mis. Preparatas gali s\u0105veikauti su tam tikrais vaistais ir papildais, tod\u0117l svarbu informuoti savo sveikatos prie\u017ei\u016bros paslaug\u0173 teik\u0117j\u0105 apie visus \u0161iuo metu vartojamus vaistus.<\/span><\/p>\n<p class=\"tw-data-text tw-text-large tw-ta\" dir=\"ltr\" data-placeholder=\"Vertimas\" aria-label=\"I\u0161verstas tekstas\" data-ved=\"2ahUKEwjX9MHQs7yGAxWkRaQEHStLCz8Q3ewLegQIDxAU\"><span class=\"Y2IQFc\" lang=\"lt\">\u012esp\u0117jimai:<\/span><\/p>\n<p class=\"tw-data-text tw-text-large tw-ta\" dir=\"ltr\" data-placeholder=\"Vertimas\" aria-label=\"I\u0161verstas tekstas\" data-ved=\"2ahUKEwjX9MHQs7yGAxWkRaQEHStLCz8Q3ewLegQIDxAU\"><span class=\"Y2IQFc\" lang=\"lt\">Preparato netur\u0117t\u0173 vartoti moterys ar vaikai. Taip pat vartoti negalima, jeigu yra alergija veikliajai med\u017eiagai arba bet kuriai pagalbinei produkto med\u017eiagai. Jei pasirei\u0161kia alergin\u0117 reakcija, pvz., pasunk\u0117j\u0119s kv\u0117pavimas, veido, l\u016bp\u0173, lie\u017euvio ar gerkl\u0117s patinimas, kreipkit\u0117s greitosios medicinos pagalbos.<\/span><\/p>\n<p class=\"tw-data-text tw-text-large tw-ta\" dir=\"ltr\" data-placeholder=\"Vertimas\" aria-label=\"I\u0161verstas tekstas\" data-ved=\"2ahUKEwjX9MHQs7yGAxWkRaQEHStLCz8Q3ewLegQIDxAU\"><span class=\"Y2IQFc\" lang=\"lt\">Vaist\u0173 s\u0105veika:<\/span><\/p>\n<p class=\"tw-data-text tw-text-large tw-ta\" dir=\"ltr\" data-placeholder=\"Vertimas\" aria-label=\"I\u0161verstas tekstas\" data-ved=\"2ahUKEwjX9MHQs7yGAxWkRaQEHStLCz8Q3ewLegQIDxAU\"><span class=\"Y2IQFc\" lang=\"lt\">Produktas gali s\u0105veikauti su tam tikrais vaistais, \u012fskaitant nitratus, vartojamus nuo kr\u016btin\u0117s skausmo ar \u0161irdies problem\u0173, alfa adrenoblokatorius, vartojamus auk\u0161tam kraujosp\u016bd\u017eiui ar prostatos sutrikimams gydyti, ir tam tikrais antibiotikais bei prie\u0161grybeliniais vaistais. Prie\u0161 prad\u0117dami vartoti \u0161\u012f preparat\u0105, informuokite savo sveikatos prie\u017ei\u016bros paslaug\u0173 teik\u0117j\u0105 apie visus \u0161iuo metu vartojamus vaistus.<\/span><\/p>\n","protected":false},"excerpt":{"rendered":"<p>Vriligy &#8211; padeda vyrams sustabdyti per greit\u0105, neplanuot\u0105 ejakuliacij\u0105, lytini\u0173 santyki\u0173 metu ! Taip pat leid\u017eia kur kas ilgiau m\u0117gautis lytiniais santykiais nei \u012fprastai. Tai gerai \u017einomas preparatas, kuris leis jums prailginti sekso trukm\u0119 ir pamir\u0161ti greitukus !<\/p>\n<p>Pakuot\u0117je 10 vnt.<\/p>\n<p>(Prie\u0161 u\u017esakant perskaitykite piln\u0105 produkto apra\u0161ym\u0105, kur\u012f galite atsidaryti paspaud\u0119 ant produkto pavadinimo ar nuotraukos).<\/p>\n","protected":false},"featured_media":38820,"template":"","meta":[],"etheme_brands":[],"product_brand":[],"product_cat":[169,179],"product_tag":[224],"class_list":{"0":"post-36322","1":"product","2":"type-product","3":"status-publish","4":"has-post-thumbnail","6":"product_cat-others","7":"product_cat-kiti-produktai-en","8":"product_tag-priligy-tabletes-en","10":"first","11":"outofstock","12":"shipping-taxable","13":"purchasable","14":"product-type-simple"},"yoast_head":"<!-- This site is optimized with the Yoast SEO plugin v26.2 - https:\/\/yoast.com\/wordpress\/plugins\/seo\/ -->\n<title>Vriligy - Erozone<\/title>\n<meta name=\"description\" content=\"Vriligy \u2705 Stiprinkite potencij\u0105 su m\u016bs\u0173 papildais u\u017e ger\u0105 kain\u0105 \u2764\ufe0f Gyvenkite aktyv\u0173 gyvenim\u0105! U\u017esisakykite!\" \/>\n<meta name=\"robots\" content=\"index, follow, max-snippet:-1, max-image-preview:large, max-video-preview:-1\" \/>\n<link rel=\"canonical\" href=\"https:\/\/erozone.org\/en\/produktas\/vriligy-60\/\" \/>\n<meta property=\"og:locale\" content=\"en_US\" \/>\n<meta property=\"og:type\" content=\"article\" \/>\n<meta property=\"og:title\" content=\"Vriligy - Erozone\" \/>\n<meta property=\"og:description\" content=\"Vriligy \u2705 Stiprinkite potencij\u0105 su m\u016bs\u0173 papildais u\u017e ger\u0105 kain\u0105 \u2764\ufe0f Gyvenkite aktyv\u0173 gyvenim\u0105! U\u017esisakykite!\" \/>\n<meta property=\"og:url\" content=\"https:\/\/erozone.org\/en\/produktas\/vriligy-60\/\" \/>\n<meta property=\"og:site_name\" content=\"Erozone\" \/>\n<meta property=\"article:modified_time\" content=\"2026-04-09T17:56:15+00:00\" \/>\n<meta property=\"og:image\" content=\"https:\/\/erozone.org\/wp-content\/uploads\/2022\/03\/vriligy-60-org2-1.jpg\" \/>\n\t<meta property=\"og:image:width\" content=\"1606\" \/>\n\t<meta property=\"og:image:height\" content=\"1154\" \/>\n\t<meta property=\"og:image:type\" content=\"image\/jpeg\" \/>\n<meta name=\"twitter:card\" content=\"summary_large_image\" \/>\n<meta name=\"twitter:label1\" content=\"Est. reading time\" \/>\n\t<meta name=\"twitter:data1\" content=\"3 minutes\" \/>\n<script type=\"application\/ld+json\" class=\"yoast-schema-graph\">{\"@context\":\"https:\/\/schema.org\",\"@graph\":[{\"@type\":\"WebPage\",\"@id\":\"https:\/\/erozone.org\/en\/produktas\/vriligy-60\/\",\"url\":\"https:\/\/erozone.org\/en\/produktas\/vriligy-60\/\",\"name\":\"Vriligy - Erozone\",\"isPartOf\":{\"@id\":\"https:\/\/erozone.org\/en\/#website\"},\"primaryImageOfPage\":{\"@id\":\"https:\/\/erozone.org\/en\/produktas\/vriligy-60\/#primaryimage\"},\"image\":{\"@id\":\"https:\/\/erozone.org\/en\/produktas\/vriligy-60\/#primaryimage\"},\"thumbnailUrl\":\"https:\/\/erozone.org\/wp-content\/uploads\/2022\/03\/vriligy-60-org2-1.jpg\",\"datePublished\":\"2022-03-04T10:51:24+00:00\",\"dateModified\":\"2026-04-09T17:56:15+00:00\",\"description\":\"Vriligy \u2705 Stiprinkite potencij\u0105 su m\u016bs\u0173 papildais u\u017e ger\u0105 kain\u0105 \u2764\ufe0f Gyvenkite aktyv\u0173 gyvenim\u0105! U\u017esisakykite!\",\"breadcrumb\":{\"@id\":\"https:\/\/erozone.org\/en\/produktas\/vriligy-60\/#breadcrumb\"},\"inLanguage\":\"en-US\",\"potentialAction\":[{\"@type\":\"ReadAction\",\"target\":[\"https:\/\/erozone.org\/en\/produktas\/vriligy-60\/\"]}]},{\"@type\":\"ImageObject\",\"inLanguage\":\"en-US\",\"@id\":\"https:\/\/erozone.org\/en\/produktas\/vriligy-60\/#primaryimage\",\"url\":\"https:\/\/erozone.org\/wp-content\/uploads\/2022\/03\/vriligy-60-org2-1.jpg\",\"contentUrl\":\"https:\/\/erozone.org\/wp-content\/uploads\/2022\/03\/vriligy-60-org2-1.jpg\",\"width\":1606,\"height\":1154},{\"@type\":\"BreadcrumbList\",\"@id\":\"https:\/\/erozone.org\/en\/produktas\/vriligy-60\/#breadcrumb\",\"itemListElement\":[{\"@type\":\"ListItem\",\"position\":1,\"name\":\"Home\",\"item\":\"https:\/\/erozone.org\/\"},{\"@type\":\"ListItem\",\"position\":2,\"name\":\"Katalogas\",\"item\":\"https:\/\/erozone.org\/katalogas\/\"},{\"@type\":\"ListItem\",\"position\":3,\"name\":\"Vriligy\"}]},{\"@type\":\"WebSite\",\"@id\":\"https:\/\/erozone.org\/en\/#website\",\"url\":\"https:\/\/erozone.org\/en\/\",\"name\":\"Erozone\",\"description\":\"prek\u0117s internetu suaugusiems\",\"publisher\":{\"@id\":\"https:\/\/erozone.org\/en\/#organization\"},\"potentialAction\":[{\"@type\":\"SearchAction\",\"target\":{\"@type\":\"EntryPoint\",\"urlTemplate\":\"https:\/\/erozone.org\/en\/?s={search_term_string}\"},\"query-input\":{\"@type\":\"PropertyValueSpecification\",\"valueRequired\":true,\"valueName\":\"search_term_string\"}}],\"inLanguage\":\"en-US\"},{\"@type\":\"Organization\",\"@id\":\"https:\/\/erozone.org\/en\/#organization\",\"name\":\"Erozone\",\"url\":\"https:\/\/erozone.org\/en\/\",\"logo\":{\"@type\":\"ImageObject\",\"inLanguage\":\"en-US\",\"@id\":\"https:\/\/erozone.org\/en\/#\/schema\/logo\/image\/\",\"url\":\"https:\/\/erozone.org\/wp-content\/uploads\/2023\/01\/logo-1.png\",\"contentUrl\":\"https:\/\/erozone.org\/wp-content\/uploads\/2023\/01\/logo-1.png\",\"width\":182,\"height\":30,\"caption\":\"Erozone\"},\"image\":{\"@id\":\"https:\/\/erozone.org\/en\/#\/schema\/logo\/image\/\"}}]}<\/script>\n<!-- \/ Yoast SEO plugin. -->","yoast_head_json":{"title":"Vriligy - Erozone","description":"Vriligy \u2705 Stiprinkite potencij\u0105 su m\u016bs\u0173 papildais u\u017e ger\u0105 kain\u0105 \u2764\ufe0f Gyvenkite aktyv\u0173 gyvenim\u0105! U\u017esisakykite!","robots":{"index":"index","follow":"follow","max-snippet":"max-snippet:-1","max-image-preview":"max-image-preview:large","max-video-preview":"max-video-preview:-1"},"canonical":"https:\/\/erozone.org\/en\/produktas\/vriligy-60\/","og_locale":"en_US","og_type":"article","og_title":"Vriligy - Erozone","og_description":"Vriligy \u2705 Stiprinkite potencij\u0105 su m\u016bs\u0173 papildais u\u017e ger\u0105 kain\u0105 \u2764\ufe0f Gyvenkite aktyv\u0173 gyvenim\u0105! U\u017esisakykite!","og_url":"https:\/\/erozone.org\/en\/produktas\/vriligy-60\/","og_site_name":"Erozone","article_modified_time":"2026-04-09T17:56:15+00:00","og_image":[{"width":1606,"height":1154,"url":"https:\/\/erozone.org\/wp-content\/uploads\/2022\/03\/vriligy-60-org2-1.jpg","type":"image\/jpeg"}],"twitter_card":"summary_large_image","twitter_misc":{"Est. reading time":"3 minutes"},"schema":{"@context":"https:\/\/schema.org","@graph":[{"@type":"WebPage","@id":"https:\/\/erozone.org\/en\/produktas\/vriligy-60\/","url":"https:\/\/erozone.org\/en\/produktas\/vriligy-60\/","name":"Vriligy - Erozone","isPartOf":{"@id":"https:\/\/erozone.org\/en\/#website"},"primaryImageOfPage":{"@id":"https:\/\/erozone.org\/en\/produktas\/vriligy-60\/#primaryimage"},"image":{"@id":"https:\/\/erozone.org\/en\/produktas\/vriligy-60\/#primaryimage"},"thumbnailUrl":"https:\/\/erozone.org\/wp-content\/uploads\/2022\/03\/vriligy-60-org2-1.jpg","datePublished":"2022-03-04T10:51:24+00:00","dateModified":"2026-04-09T17:56:15+00:00","description":"Vriligy \u2705 Stiprinkite potencij\u0105 su m\u016bs\u0173 papildais u\u017e ger\u0105 kain\u0105 \u2764\ufe0f Gyvenkite aktyv\u0173 gyvenim\u0105! U\u017esisakykite!","breadcrumb":{"@id":"https:\/\/erozone.org\/en\/produktas\/vriligy-60\/#breadcrumb"},"inLanguage":"en-US","potentialAction":[{"@type":"ReadAction","target":["https:\/\/erozone.org\/en\/produktas\/vriligy-60\/"]}]},{"@type":"ImageObject","inLanguage":"en-US","@id":"https:\/\/erozone.org\/en\/produktas\/vriligy-60\/#primaryimage","url":"https:\/\/erozone.org\/wp-content\/uploads\/2022\/03\/vriligy-60-org2-1.jpg","contentUrl":"https:\/\/erozone.org\/wp-content\/uploads\/2022\/03\/vriligy-60-org2-1.jpg","width":1606,"height":1154},{"@type":"BreadcrumbList","@id":"https:\/\/erozone.org\/en\/produktas\/vriligy-60\/#breadcrumb","itemListElement":[{"@type":"ListItem","position":1,"name":"Home","item":"https:\/\/erozone.org\/"},{"@type":"ListItem","position":2,"name":"Katalogas","item":"https:\/\/erozone.org\/katalogas\/"},{"@type":"ListItem","position":3,"name":"Vriligy"}]},{"@type":"WebSite","@id":"https:\/\/erozone.org\/en\/#website","url":"https:\/\/erozone.org\/en\/","name":"Erozone","description":"prek\u0117s internetu suaugusiems","publisher":{"@id":"https:\/\/erozone.org\/en\/#organization"},"potentialAction":[{"@type":"SearchAction","target":{"@type":"EntryPoint","urlTemplate":"https:\/\/erozone.org\/en\/?s={search_term_string}"},"query-input":{"@type":"PropertyValueSpecification","valueRequired":true,"valueName":"search_term_string"}}],"inLanguage":"en-US"},{"@type":"Organization","@id":"https:\/\/erozone.org\/en\/#organization","name":"Erozone","url":"https:\/\/erozone.org\/en\/","logo":{"@type":"ImageObject","inLanguage":"en-US","@id":"https:\/\/erozone.org\/en\/#\/schema\/logo\/image\/","url":"https:\/\/erozone.org\/wp-content\/uploads\/2023\/01\/logo-1.png","contentUrl":"https:\/\/erozone.org\/wp-content\/uploads\/2023\/01\/logo-1.png","width":182,"height":30,"caption":"Erozone"},"image":{"@id":"https:\/\/erozone.org\/en\/#\/schema\/logo\/image\/"}}]}},"_links":{"self":[{"href":"https:\/\/erozone.org\/en\/wp-json\/wp\/v2\/product\/36322","targetHints":{"allow":["GET"]}}],"collection":[{"href":"https:\/\/erozone.org\/en\/wp-json\/wp\/v2\/product"}],"about":[{"href":"https:\/\/erozone.org\/en\/wp-json\/wp\/v2\/types\/product"}],"version-history":[{"count":2,"href":"https:\/\/erozone.org\/en\/wp-json\/wp\/v2\/product\/36322\/revisions"}],"predecessor-version":[{"id":48262,"href":"https:\/\/erozone.org\/en\/wp-json\/wp\/v2\/product\/36322\/revisions\/48262"}],"wp:featuredmedia":[{"embeddable":true,"href":"https:\/\/erozone.org\/en\/wp-json\/wp\/v2\/media\/38820"}],"wp:attachment":[{"href":"https:\/\/erozone.org\/en\/wp-json\/wp\/v2\/media?parent=36322"}],"wp:term":[{"taxonomy":"brand","embeddable":true,"href":"https:\/\/erozone.org\/en\/wp-json\/wp\/v2\/etheme_brands?post=36322"},{"taxonomy":"product_brand","embeddable":true,"href":"https:\/\/erozone.org\/en\/wp-json\/wp\/v2\/product_brand?post=36322"},{"taxonomy":"product_cat","embeddable":true,"href":"https:\/\/erozone.org\/en\/wp-json\/wp\/v2\/product_cat?post=36322"},{"taxonomy":"product_tag","embeddable":true,"href":"https:\/\/erozone.org\/en\/wp-json\/wp\/v2\/product_tag?post=36322"}],"curies":[{"name":"wp","href":"https:\/\/api.w.org\/{rel}","templated":true}]}}