{"id":36324,"date":"2022-03-02T16:41:11","date_gmt":"2022-03-02T14:41:11","guid":{"rendered":"https:\/\/erozone.org\/produktas\/regaine-5-minoxidil\/"},"modified":"2026-04-09T20:40:22","modified_gmt":"2026-04-09T17:40:22","slug":"regaine-5-minoxidil","status":"publish","type":"product","link":"https:\/\/erozone.org\/en\/produktas\/regaine-5-minoxidil\/","title":{"rendered":"Regaine 5% Minoxidil"},"content":{"rendered":"<p><img fetchpriority=\"high\" decoding=\"async\" class=\"alignnone size-full wp-image-35869\" src=\"https:\/\/erozone.org\/wp-content\/uploads\/2022\/03\/regaine-1.jpg\" alt=\"\" width=\"1430\" height=\"2045\" \/><\/p>\n","protected":false},"excerpt":{"rendered":"<p>REGAINE 5% Minoxidil tropical solution &#8211; tai plauk\u0173 augim\u0105 skatinantis preparatas, skirtas vartoti vieti\u0161kai. Preparato veiklioji med\u017eiaga minoksidilis veikia \u012fgimt\u0105 su hormonais susijus\u012f plauk\u0173 slinkim\u0105 (androgenin\u0117 alopecija).<br \/>\nRegaine tirpalas vartojamas nuo smarkaus plauk\u0173 slinkimo, kuris paprastai susij\u0119s su hormonais, ir ankstyvo vyr\u0173 nuplikimo (androgenin\u0117 alopecija). Vaistas gali sustabdyti tolesn\u012f plauk\u0173 slinkim\u0105 ir skatinti nauj\u0173 augim\u0105.<\/p>\n<p>Minoksidilis, 50mg\/ml (Ethanolum 0,3ml\/ml), odos tirpalas<br \/>\nVartojimas: vartoti ant odos. Tepti tas vietas, kuriose pasirei\u0161kia plauk\u0173 slinkimas arba tose vietose, kur norima paskatinti plauk\u0173 augim\u0105. Norint ap\u010diuopiamo rezultato Regaine 5% reikia naudoti kasdien bent 6 m\u0117nesius.<\/p>\n<p>\u012egimta alopecija sergantiems vyrams ir moterims i\u0161plon\u0117ja plaukai ir atsiranda nuplikusi\u0173 plot\u0173.<\/p>\n<p>Nauji plaukai pradeda augti ne anks\u010diau kaip po 4\u20118 preparato vartojimo m\u0117nesi\u0173. Plauk\u0173 slinkimas stabilizuojasi po 3 m\u0117nesi\u0173, bet vyrams geresni rezultatai i\u0161ry\u0161k\u0117ja po 12 m\u0117nesi\u0173, o moterims \u2011 po 8 m\u0117nesi\u0173. \u012evairiems pacientams poveikis pradeda ry\u0161k\u0117ti nevienodu laiku, skiriasi ir galvos odos plauk\u0173 tankumas. Jeigu organizmas reaguoja \u012f gydym\u0105, i\u0161 prad\u017ei\u0173 ataugantys plaukai primena p\u016bkelius (veleniniai plaukai), yra vos \u012f\u017ei\u016brimi.<\/p>\n<p>Toliau gydantis vaistu, plaukai tank\u0117ja ir stipr\u0117ja, kol j\u0173 spalva ir sandara nebesiskiria nuo kit\u0173 plauk\u0173. Nutraukus gydym\u0105, naujai i\u0161aug\u0119 plaukai per 3\u20114 m\u0117nesius v\u0117l gali nuslinkti.<\/p>\n<p>Jeigu nuplikimas toli pa\u017eeng\u0119s arba senesnis kaip de\u0161imties met\u0173, vaisto poveikis gali b\u016bti ma\u017eiau pastebimas.<\/p>\n<p>Regaine odos tirpalu galima tepti tik sveik\u0105 galvos od\u0105.<\/p>\n<p>Jeigu yra galvos odos u\u017edegimo po\u017eymi\u0173, ji paraudusi ar skauda, pavyzd\u017eiui, \u012fdegus saul\u0117je arba sergant odos u\u017edegimu, Regaine odos tirpalas turi b\u016bti vartojamas atsargiai. Regaine odos tirpalo negalima vartoti kartu su kitais vietinio poveikio preparatais (tepalais, kremais, losjonais ir pan.).<\/p>\n<p>Svarbi informacija apie kai kurias pagalbines med\u017eiagas<br \/>\nRegaine tirpalo sud\u0117tyje yra alkoholio, tod\u0117l preparatas degus. Pur\u0161kiant Regaine tirpal\u0105 negalima r\u016bkyti, b\u016bti \u0161alia atviros ugnies arba kit\u0173 kar\u0161\u010dio \u0161altini\u0173. Pur\u0161kal\u0105 naudokite atsargiai.<\/p>\n<h2>Kaip vartoti REGAINE?<\/h2>\n<p>Regaine odos tirpalas turi b\u016bti tepamas tik ant visi\u0161kai sausos galvos odos. Du kartus per dien\u0105 kas 12 valand\u0173 1 ml preparato i\u0161tepama pa\u017eeista galvos odos sritis.<\/p>\n<p>Negalima tepti daugiau kaip 1 ml Regaine odos tirpalo ir da\u017eniau kaip du kartus per dien\u0105 (tai nepaspartins plauk\u0173 augimo). Atsargiai paskirstykite Regaine odos tirpal\u0105 ant galvos odos aplikatoriumi arba pir\u0161t\u0173 galais (nemasa\u017euoti!). Tepti pradedama nuo pa\u017eeistos vietos vidurio. Baig\u0119 kruop\u0161\u010diai nusiplaukite rankas, kad Regaine odos tirpalo atsitiktinai nepatekt\u0173 ant kit\u0173 k\u016bno viet\u0173.<\/p>\n<h2>Regaine 5% Minoxidil laikymo s\u0105lygos<\/h2>\n<p>Laikyti vaikams nepasiekiamoje ir nepastebimoje vietoje.<br \/>\n\u0160iam vaistiniam preparatui speciali\u0173 laikymo s\u0105lyg\u0173 nereikia.<br \/>\nAnt pakuot\u0117s nurodytam tinkamumo laikui pasibaigus, preparato vartoti negalima.<\/p>\n<h2>Kita informacija<\/h2>\n<p>Aplikatoriaus naudojimo instrukcija<br \/>\nNuimkite plat\u0173 juod\u0105 i\u0161orin\u012f dangtel\u012f nuo Regaine odos tirpalo butelio ir atsukite balt\u0105 kam\u0161tel\u012f.<\/p>\n<h2>Pumpuojamasis pur\u0161kiklis (dideliems plotams)<\/h2>\n<p>1.U\u017ed\u0117kite pur\u0161kiklio pomp\u0105 ant butelio ir tvirtai u\u017esukite.<br \/>\n2.Nuimkite permatom\u0105 dangtel\u012f.<br \/>\n3.Nukreipkite pomp\u0105 \u012f gydom\u0105 srit\u012f.<br \/>\n6 paspaudimai atitinka 1 ml doz\u0119.<br \/>\nPur\u0161kalo negalima \u012fkv\u0117pti.<br \/>\n4.Plat\u0173 juod\u0105 i\u0161orin\u012f dangtel\u012f u\u017ed\u0117kite atgal ant butelio.<\/p>\n<h2>Pumpuojamasis pur\u0161kiklis su pailgintu antgaliu (ma\u017eesniems plotams arba tepti po naujai i\u0161augusiais plaukais)<\/h2>\n<p>1. U\u017ed\u0117kite pur\u0161kiklio pomp\u0105 ant butelio ir tvirtai u\u017esukite.<br \/>\n2. Nuimkite permatom\u0105 dangtel\u012f ir pur\u0161kiklio gaubtel\u012f.<br \/>\n3. U\u017ed\u0117kite pailgint\u0105 antgal\u012f ir atsargiai prispauskite. Nuimkite ma\u017e\u0105 dangtel\u012f.<br \/>\n4. Nukreipkite pomp\u0105 \u012f gydom\u0105 srit\u012f. 6 paspaudimai atitinka 1 ml doz\u0119. Pir\u0161t\u0173 galais i\u0161tepkite Regaine odos tirpal\u0105 ant pa\u017eeistos odos.<br \/>\nPur\u0161kalo negalima \u012fkv\u0117pti.<br \/>\n5. U\u017ekim\u0161kite pailgint\u0105 antgal\u012f ma\u017eu dangteliu.<\/p>\n<h2>Kontaktinis aplikatorius (nedideliems plotams tepti)<\/h2>\n<p>1. U\u017ed\u0117kite kontaktin\u012f aplikatori\u0173 ant butelio ir tvirtai u\u017esukite.<br \/>\n2. Laikykite butel\u012f sta\u010di\u0105 ir vien\u0105 kart\u0105 paspaud\u0119 pripildykite kontaktinio aplikatoriaus kamer\u0105 iki juodos \u017eym\u0117s. Aplikatoriaus kameroje telpa 1 ml doz\u0117.<br \/>\n3. Paspaud\u0119 aplikatoriaus talpykl\u0119, vis\u0105 joje esant\u012f Regaine odos tirpal\u0105 u\u017etepkite tiesiai ant pa\u017eeistos vietos.<br \/>\n4. Plat\u0173 juod\u0105 i\u0161orin\u012f dangtel\u012f u\u017ed\u0117kite atgal ant butelio.<\/p>\n","protected":false},"featured_media":36188,"template":"","meta":[],"etheme_brands":[],"product_brand":[],"product_cat":[169],"product_tag":[],"class_list":{"0":"post-36324","1":"product","2":"type-product","3":"status-publish","4":"has-post-thumbnail","6":"product_cat-others","8":"first","9":"outofstock","10":"shipping-taxable","11":"purchasable","12":"product-type-simple"},"yoast_head":"<!-- This site is optimized with the Yoast SEO plugin v26.2 - https:\/\/yoast.com\/wordpress\/plugins\/seo\/ -->\n<title>Regaine 5% Minoxidil - Erozone<\/title>\n<meta name=\"description\" content=\"Regaine 5% Minoxidil \u2705 Stiprinkite potencij\u0105 su m\u016bs\u0173 papildais u\u017e ger\u0105 kain\u0105 \u2764\ufe0f Gyvenkite aktyv\u0173 gyvenim\u0105! U\u017esisakykite!\" \/>\n<meta name=\"robots\" content=\"index, follow, max-snippet:-1, max-image-preview:large, max-video-preview:-1\" \/>\n<link rel=\"canonical\" href=\"https:\/\/erozone.org\/en\/produktas\/regaine-5-minoxidil\/\" \/>\n<meta property=\"og:locale\" content=\"en_US\" \/>\n<meta property=\"og:type\" content=\"article\" \/>\n<meta property=\"og:title\" content=\"Regaine 5% Minoxidil - Erozone\" \/>\n<meta property=\"og:description\" content=\"Regaine 5% Minoxidil \u2705 Stiprinkite potencij\u0105 su m\u016bs\u0173 papildais u\u017e ger\u0105 kain\u0105 \u2764\ufe0f Gyvenkite aktyv\u0173 gyvenim\u0105! U\u017esisakykite!\" \/>\n<meta property=\"og:url\" content=\"https:\/\/erozone.org\/en\/produktas\/regaine-5-minoxidil\/\" \/>\n<meta property=\"og:site_name\" content=\"Erozone\" \/>\n<meta property=\"article:modified_time\" content=\"2026-04-09T17:40:22+00:00\" \/>\n<meta property=\"og:image\" content=\"https:\/\/erozone.org\/wp-content\/uploads\/2022\/03\/regaine.jpg\" \/>\n\t<meta property=\"og:image:width\" content=\"1466\" \/>\n\t<meta property=\"og:image:height\" content=\"2016\" \/>\n\t<meta property=\"og:image:type\" content=\"image\/jpeg\" \/>\n<meta name=\"twitter:card\" content=\"summary_large_image\" \/>\n<meta name=\"twitter:label1\" content=\"Est. reading time\" \/>\n\t<meta name=\"twitter:data1\" content=\"1 minute\" \/>\n<script type=\"application\/ld+json\" class=\"yoast-schema-graph\">{\"@context\":\"https:\/\/schema.org\",\"@graph\":[{\"@type\":\"WebPage\",\"@id\":\"https:\/\/erozone.org\/en\/produktas\/regaine-5-minoxidil\/\",\"url\":\"https:\/\/erozone.org\/en\/produktas\/regaine-5-minoxidil\/\",\"name\":\"Regaine 5% Minoxidil - Erozone\",\"isPartOf\":{\"@id\":\"https:\/\/erozone.org\/en\/#website\"},\"primaryImageOfPage\":{\"@id\":\"https:\/\/erozone.org\/en\/produktas\/regaine-5-minoxidil\/#primaryimage\"},\"image\":{\"@id\":\"https:\/\/erozone.org\/en\/produktas\/regaine-5-minoxidil\/#primaryimage\"},\"thumbnailUrl\":\"https:\/\/erozone.org\/wp-content\/uploads\/2022\/03\/regaine.jpg\",\"datePublished\":\"2022-03-02T14:41:11+00:00\",\"dateModified\":\"2026-04-09T17:40:22+00:00\",\"description\":\"Regaine 5% Minoxidil \u2705 Stiprinkite potencij\u0105 su m\u016bs\u0173 papildais u\u017e ger\u0105 kain\u0105 \u2764\ufe0f Gyvenkite aktyv\u0173 gyvenim\u0105! U\u017esisakykite!\",\"breadcrumb\":{\"@id\":\"https:\/\/erozone.org\/en\/produktas\/regaine-5-minoxidil\/#breadcrumb\"},\"inLanguage\":\"en-US\",\"potentialAction\":[{\"@type\":\"ReadAction\",\"target\":[\"https:\/\/erozone.org\/en\/produktas\/regaine-5-minoxidil\/\"]}]},{\"@type\":\"ImageObject\",\"inLanguage\":\"en-US\",\"@id\":\"https:\/\/erozone.org\/en\/produktas\/regaine-5-minoxidil\/#primaryimage\",\"url\":\"https:\/\/erozone.org\/wp-content\/uploads\/2022\/03\/regaine.jpg\",\"contentUrl\":\"https:\/\/erozone.org\/wp-content\/uploads\/2022\/03\/regaine.jpg\",\"width\":1466,\"height\":2016},{\"@type\":\"BreadcrumbList\",\"@id\":\"https:\/\/erozone.org\/en\/produktas\/regaine-5-minoxidil\/#breadcrumb\",\"itemListElement\":[{\"@type\":\"ListItem\",\"position\":1,\"name\":\"Home\",\"item\":\"https:\/\/erozone.org\/\"},{\"@type\":\"ListItem\",\"position\":2,\"name\":\"Katalogas\",\"item\":\"https:\/\/erozone.org\/katalogas\/\"},{\"@type\":\"ListItem\",\"position\":3,\"name\":\"Regaine 5% Minoxidil\"}]},{\"@type\":\"WebSite\",\"@id\":\"https:\/\/erozone.org\/en\/#website\",\"url\":\"https:\/\/erozone.org\/en\/\",\"name\":\"Erozone\",\"description\":\"prek\u0117s internetu suaugusiems\",\"publisher\":{\"@id\":\"https:\/\/erozone.org\/en\/#organization\"},\"potentialAction\":[{\"@type\":\"SearchAction\",\"target\":{\"@type\":\"EntryPoint\",\"urlTemplate\":\"https:\/\/erozone.org\/en\/?s={search_term_string}\"},\"query-input\":{\"@type\":\"PropertyValueSpecification\",\"valueRequired\":true,\"valueName\":\"search_term_string\"}}],\"inLanguage\":\"en-US\"},{\"@type\":\"Organization\",\"@id\":\"https:\/\/erozone.org\/en\/#organization\",\"name\":\"Erozone\",\"url\":\"https:\/\/erozone.org\/en\/\",\"logo\":{\"@type\":\"ImageObject\",\"inLanguage\":\"en-US\",\"@id\":\"https:\/\/erozone.org\/en\/#\/schema\/logo\/image\/\",\"url\":\"https:\/\/erozone.org\/wp-content\/uploads\/2023\/01\/logo-1.png\",\"contentUrl\":\"https:\/\/erozone.org\/wp-content\/uploads\/2023\/01\/logo-1.png\",\"width\":182,\"height\":30,\"caption\":\"Erozone\"},\"image\":{\"@id\":\"https:\/\/erozone.org\/en\/#\/schema\/logo\/image\/\"}}]}<\/script>\n<!-- \/ Yoast SEO plugin. -->","yoast_head_json":{"title":"Regaine 5% Minoxidil - Erozone","description":"Regaine 5% Minoxidil \u2705 Stiprinkite potencij\u0105 su m\u016bs\u0173 papildais u\u017e ger\u0105 kain\u0105 \u2764\ufe0f Gyvenkite aktyv\u0173 gyvenim\u0105! U\u017esisakykite!","robots":{"index":"index","follow":"follow","max-snippet":"max-snippet:-1","max-image-preview":"max-image-preview:large","max-video-preview":"max-video-preview:-1"},"canonical":"https:\/\/erozone.org\/en\/produktas\/regaine-5-minoxidil\/","og_locale":"en_US","og_type":"article","og_title":"Regaine 5% Minoxidil - Erozone","og_description":"Regaine 5% Minoxidil \u2705 Stiprinkite potencij\u0105 su m\u016bs\u0173 papildais u\u017e ger\u0105 kain\u0105 \u2764\ufe0f Gyvenkite aktyv\u0173 gyvenim\u0105! U\u017esisakykite!","og_url":"https:\/\/erozone.org\/en\/produktas\/regaine-5-minoxidil\/","og_site_name":"Erozone","article_modified_time":"2026-04-09T17:40:22+00:00","og_image":[{"width":1466,"height":2016,"url":"https:\/\/erozone.org\/wp-content\/uploads\/2022\/03\/regaine.jpg","type":"image\/jpeg"}],"twitter_card":"summary_large_image","twitter_misc":{"Est. reading time":"1 minute"},"schema":{"@context":"https:\/\/schema.org","@graph":[{"@type":"WebPage","@id":"https:\/\/erozone.org\/en\/produktas\/regaine-5-minoxidil\/","url":"https:\/\/erozone.org\/en\/produktas\/regaine-5-minoxidil\/","name":"Regaine 5% Minoxidil - Erozone","isPartOf":{"@id":"https:\/\/erozone.org\/en\/#website"},"primaryImageOfPage":{"@id":"https:\/\/erozone.org\/en\/produktas\/regaine-5-minoxidil\/#primaryimage"},"image":{"@id":"https:\/\/erozone.org\/en\/produktas\/regaine-5-minoxidil\/#primaryimage"},"thumbnailUrl":"https:\/\/erozone.org\/wp-content\/uploads\/2022\/03\/regaine.jpg","datePublished":"2022-03-02T14:41:11+00:00","dateModified":"2026-04-09T17:40:22+00:00","description":"Regaine 5% Minoxidil \u2705 Stiprinkite potencij\u0105 su m\u016bs\u0173 papildais u\u017e ger\u0105 kain\u0105 \u2764\ufe0f Gyvenkite aktyv\u0173 gyvenim\u0105! U\u017esisakykite!","breadcrumb":{"@id":"https:\/\/erozone.org\/en\/produktas\/regaine-5-minoxidil\/#breadcrumb"},"inLanguage":"en-US","potentialAction":[{"@type":"ReadAction","target":["https:\/\/erozone.org\/en\/produktas\/regaine-5-minoxidil\/"]}]},{"@type":"ImageObject","inLanguage":"en-US","@id":"https:\/\/erozone.org\/en\/produktas\/regaine-5-minoxidil\/#primaryimage","url":"https:\/\/erozone.org\/wp-content\/uploads\/2022\/03\/regaine.jpg","contentUrl":"https:\/\/erozone.org\/wp-content\/uploads\/2022\/03\/regaine.jpg","width":1466,"height":2016},{"@type":"BreadcrumbList","@id":"https:\/\/erozone.org\/en\/produktas\/regaine-5-minoxidil\/#breadcrumb","itemListElement":[{"@type":"ListItem","position":1,"name":"Home","item":"https:\/\/erozone.org\/"},{"@type":"ListItem","position":2,"name":"Katalogas","item":"https:\/\/erozone.org\/katalogas\/"},{"@type":"ListItem","position":3,"name":"Regaine 5% Minoxidil"}]},{"@type":"WebSite","@id":"https:\/\/erozone.org\/en\/#website","url":"https:\/\/erozone.org\/en\/","name":"Erozone","description":"prek\u0117s internetu suaugusiems","publisher":{"@id":"https:\/\/erozone.org\/en\/#organization"},"potentialAction":[{"@type":"SearchAction","target":{"@type":"EntryPoint","urlTemplate":"https:\/\/erozone.org\/en\/?s={search_term_string}"},"query-input":{"@type":"PropertyValueSpecification","valueRequired":true,"valueName":"search_term_string"}}],"inLanguage":"en-US"},{"@type":"Organization","@id":"https:\/\/erozone.org\/en\/#organization","name":"Erozone","url":"https:\/\/erozone.org\/en\/","logo":{"@type":"ImageObject","inLanguage":"en-US","@id":"https:\/\/erozone.org\/en\/#\/schema\/logo\/image\/","url":"https:\/\/erozone.org\/wp-content\/uploads\/2023\/01\/logo-1.png","contentUrl":"https:\/\/erozone.org\/wp-content\/uploads\/2023\/01\/logo-1.png","width":182,"height":30,"caption":"Erozone"},"image":{"@id":"https:\/\/erozone.org\/en\/#\/schema\/logo\/image\/"}}]}},"_links":{"self":[{"href":"https:\/\/erozone.org\/en\/wp-json\/wp\/v2\/product\/36324","targetHints":{"allow":["GET"]}}],"collection":[{"href":"https:\/\/erozone.org\/en\/wp-json\/wp\/v2\/product"}],"about":[{"href":"https:\/\/erozone.org\/en\/wp-json\/wp\/v2\/types\/product"}],"version-history":[{"count":1,"href":"https:\/\/erozone.org\/en\/wp-json\/wp\/v2\/product\/36324\/revisions"}],"predecessor-version":[{"id":49164,"href":"https:\/\/erozone.org\/en\/wp-json\/wp\/v2\/product\/36324\/revisions\/49164"}],"wp:featuredmedia":[{"embeddable":true,"href":"https:\/\/erozone.org\/en\/wp-json\/wp\/v2\/media\/36188"}],"wp:attachment":[{"href":"https:\/\/erozone.org\/en\/wp-json\/wp\/v2\/media?parent=36324"}],"wp:term":[{"taxonomy":"brand","embeddable":true,"href":"https:\/\/erozone.org\/en\/wp-json\/wp\/v2\/etheme_brands?post=36324"},{"taxonomy":"product_brand","embeddable":true,"href":"https:\/\/erozone.org\/en\/wp-json\/wp\/v2\/product_brand?post=36324"},{"taxonomy":"product_cat","embeddable":true,"href":"https:\/\/erozone.org\/en\/wp-json\/wp\/v2\/product_cat?post=36324"},{"taxonomy":"product_tag","embeddable":true,"href":"https:\/\/erozone.org\/en\/wp-json\/wp\/v2\/product_tag?post=36324"}],"curies":[{"name":"wp","href":"https:\/\/api.w.org\/{rel}","templated":true}]}}