{"id":36325,"date":"2022-03-02T16:37:18","date_gmt":"2022-03-02T14:37:18","guid":{"rendered":"https:\/\/erozone.org\/produktas\/stud-5000\/"},"modified":"2025-05-28T16:25:37","modified_gmt":"2025-05-28T13:25:37","slug":"stud-5000","status":"publish","type":"product","link":"https:\/\/erozone.org\/en\/produktas\/stud-5000\/","title":{"rendered":"Stud 5000"},"content":{"rendered":"<p><img fetchpriority=\"high\" decoding=\"async\" class=\"alignnone size-full wp-image-36453\" src=\"https:\/\/erozone.org\/wp-content\/uploads\/2022\/03\/stud5000-1-1.jpg\" alt=\"\" width=\"639\" height=\"1059\" \/><\/p>\n","protected":false},"excerpt":{"rendered":"<p>Stud 5000 yra pur\u0161kiklis u\u017edels\u0117jas, ilgai veikiantis paskutin\u0117s kulminacijos u\u017edelsimo lubrikantas, kuris yra pur\u0161kiamo tipo lubrikantas, leid\u017eiantis atitolinti ejakuliacij\u0105.<\/p>\n<p>Stud 5000 yra \u017einomas pur\u0161kiklis u\u017edels\u0117jas, naudojamas poreli\u0173, siekiant prailginti lytini\u0173 malonum\u0173 laik\u0105. Stud5000 padeda vyrams kovojant su prie\u0161laikine ejakuliacija !<br \/>\n\u0160is pur\u0161kiklis u\u017edels\u0117jas sukelia nejautr\u0105 (suma\u017eina jautrum\u0105), tod\u0117l vyras naudodamas Stud5000 gali ilgiau tempti lytinio akto metu, nes varpa nereaguoja taip jautriai \u012f trint\u012f !<\/p>\n<p>Stud 5000 pur\u0161kiklio veiklioji med\u017eiaga yra lidokainas (10%), geriau \u017einomas kaip anestetikas, u\u017edelsimo lubrikantas. Jis skirtas vyrams, turintiems problem\u0173 su prie\u0161laikine ejakuliacija. Jis suma\u017eina varpos jautrum\u0105, taip atitolindamas vyro s\u0117klos i\u0161siver\u017eim\u0105.<\/p>\n<h2>Stud 5000 naudojimas:<\/h2>\n<p>Stud5000 reikia purk\u0161ti ant varpos galvut\u0117s laikant pur\u0161kikl\u012f 10cm atstumu nuo varpos. U\u017epur\u0161kus i\u0161trinti. prad\u0117ti nuo vieno papur\u0161kimo. papur\u0161kus nusiplauti rankas. Palaukti 5-10 minu\u010di\u0173. Tuomet galima nusiplauti ir varp\u0105, jei juntamas nemalonus kvapas. Nuspr\u0119sti ar pakanka vieno papur\u0161kimo ar reikia daugiau. Nerekomenduotina daugiau kaip 5 papur\u0161kimai prie\u0161 lytin\u012f akt\u0105. Negalima naudoti jei yra odos u\u017edegimas, arba jei j\u016bs\u0173 partner\u0117 yra n\u0117\u0161\u010dia. Jei turite, arba tur\u0117jote kepen\u0173 ar inkst\u0173 problem\u0173. Nerekomenduojama naudoti pagyvenusiems \u017emon\u0117ms. *<br \/>\nButeliuke yra 200 fiksuot\u0173 dozi\u0173. 20g buteliukas.<br \/>\nStud 5000 gali b\u016bti naudojamas tiek su lateksiniais, tiek ir be latekso prezervatyvais.<\/p>\n<h2>Kod\u0117l verta vartoti Stud 5000?<\/h2>\n<p>Stud500 nujautrina varp\u0105, padeda prailginti lytin\u012f akt\u0105, suma\u017einant varpos jautrum\u0105.<br \/>\nGreitai veikia, pakanka vos 5\u201310 minu\u010di\u0173 prie\u0161 seks\u0105.<br \/>\nN\u0117ra stipraus \u0161alutinio poveikio.<br \/>\nEfektas juntamas net 2 valandas ar daugiau.<\/p>\n<h2>Stud 5000 laikymas:<\/h2>\n<p>Laikyti ne auk\u0161tesn\u0117je kaip 35 \u00b0 C temperat\u016broje. Saugoti nuo kar\u0161\u010dio ir saul\u0117s spinduli\u0173.<\/p>\n<p>Nepurk\u0161ti veido srityje ir \u0161alia aki\u0173. Nepurk\u0161i ant ugnies ar kaitraus \u0161altinio. Vengti pur\u0161kalo \u012fkv\u0117pimo. Nepurk\u0161ti \u012f burnos ertm\u0119. Saugoti nuo vaik\u0173.<\/p>\n","protected":false},"featured_media":36451,"template":"","meta":[],"etheme_brands":[],"product_brand":[],"product_cat":[179],"product_tag":[],"class_list":{"0":"post-36325","1":"product","2":"type-product","3":"status-publish","4":"has-post-thumbnail","6":"product_cat-kiti-produktai-en","8":"first","9":"outofstock","10":"shipping-taxable","11":"purchasable","12":"product-type-simple"},"yoast_head":"<!-- This site is optimized with the Yoast SEO plugin v26.2 - https:\/\/yoast.com\/wordpress\/plugins\/seo\/ -->\n<title>Stud 5000 - Erozone<\/title>\n<meta name=\"description\" content=\"Stud 5000 \u2705 Stiprinkite potencij\u0105 su m\u016bs\u0173 papildais u\u017e ger\u0105 kain\u0105 \u2764\ufe0f Gyvenkite aktyv\u0173 gyvenim\u0105! U\u017esisakykite!\" \/>\n<meta name=\"robots\" content=\"index, follow, max-snippet:-1, max-image-preview:large, max-video-preview:-1\" \/>\n<link rel=\"canonical\" href=\"https:\/\/erozone.org\/produktas\/stud-5000\/\" \/>\n<meta property=\"og:locale\" content=\"en_US\" \/>\n<meta property=\"og:type\" content=\"article\" \/>\n<meta property=\"og:title\" content=\"Stud 5000 - Erozone\" \/>\n<meta property=\"og:description\" content=\"Stud 5000 \u2705 Stiprinkite potencij\u0105 su m\u016bs\u0173 papildais u\u017e ger\u0105 kain\u0105 \u2764\ufe0f Gyvenkite aktyv\u0173 gyvenim\u0105! U\u017esisakykite!\" \/>\n<meta property=\"og:url\" content=\"https:\/\/erozone.org\/produktas\/stud-5000\/\" \/>\n<meta property=\"og:site_name\" content=\"Erozone\" \/>\n<meta property=\"article:modified_time\" content=\"2025-05-28T13:25:37+00:00\" \/>\n<meta property=\"og:image\" content=\"https:\/\/erozone.org\/wp-content\/uploads\/2022\/03\/stud5000-2.jpg\" \/>\n\t<meta property=\"og:image:width\" content=\"1636\" \/>\n\t<meta property=\"og:image:height\" content=\"1517\" \/>\n\t<meta property=\"og:image:type\" content=\"image\/jpeg\" \/>\n<meta name=\"twitter:card\" content=\"summary_large_image\" \/>\n<script type=\"application\/ld+json\" class=\"yoast-schema-graph\">{\"@context\":\"https:\/\/schema.org\",\"@graph\":[{\"@type\":\"WebPage\",\"@id\":\"https:\/\/erozone.org\/produktas\/stud-5000\/\",\"url\":\"https:\/\/erozone.org\/produktas\/stud-5000\/\",\"name\":\"Stud 5000 - Erozone\",\"isPartOf\":{\"@id\":\"https:\/\/erozone.org\/en\/#website\"},\"primaryImageOfPage\":{\"@id\":\"https:\/\/erozone.org\/produktas\/stud-5000\/#primaryimage\"},\"image\":{\"@id\":\"https:\/\/erozone.org\/produktas\/stud-5000\/#primaryimage\"},\"thumbnailUrl\":\"https:\/\/erozone.org\/wp-content\/uploads\/2022\/03\/stud5000-2.jpg\",\"datePublished\":\"2022-03-02T14:37:18+00:00\",\"dateModified\":\"2025-05-28T13:25:37+00:00\",\"description\":\"Stud 5000 \u2705 Stiprinkite potencij\u0105 su m\u016bs\u0173 papildais u\u017e ger\u0105 kain\u0105 \u2764\ufe0f Gyvenkite aktyv\u0173 gyvenim\u0105! U\u017esisakykite!\",\"breadcrumb\":{\"@id\":\"https:\/\/erozone.org\/produktas\/stud-5000\/#breadcrumb\"},\"inLanguage\":\"en-US\",\"potentialAction\":[{\"@type\":\"ReadAction\",\"target\":[\"https:\/\/erozone.org\/produktas\/stud-5000\/\"]}]},{\"@type\":\"ImageObject\",\"inLanguage\":\"en-US\",\"@id\":\"https:\/\/erozone.org\/produktas\/stud-5000\/#primaryimage\",\"url\":\"https:\/\/erozone.org\/wp-content\/uploads\/2022\/03\/stud5000-2.jpg\",\"contentUrl\":\"https:\/\/erozone.org\/wp-content\/uploads\/2022\/03\/stud5000-2.jpg\",\"width\":1636,\"height\":1517},{\"@type\":\"BreadcrumbList\",\"@id\":\"https:\/\/erozone.org\/produktas\/stud-5000\/#breadcrumb\",\"itemListElement\":[{\"@type\":\"ListItem\",\"position\":1,\"name\":\"Home\",\"item\":\"https:\/\/erozone.org\/\"},{\"@type\":\"ListItem\",\"position\":2,\"name\":\"Katalogas\",\"item\":\"https:\/\/erozone.org\/katalogas\/\"},{\"@type\":\"ListItem\",\"position\":3,\"name\":\"Stud 5000\"}]},{\"@type\":\"WebSite\",\"@id\":\"https:\/\/erozone.org\/en\/#website\",\"url\":\"https:\/\/erozone.org\/en\/\",\"name\":\"Erozone\",\"description\":\"prek\u0117s internetu suaugusiems\",\"publisher\":{\"@id\":\"https:\/\/erozone.org\/en\/#organization\"},\"potentialAction\":[{\"@type\":\"SearchAction\",\"target\":{\"@type\":\"EntryPoint\",\"urlTemplate\":\"https:\/\/erozone.org\/en\/?s={search_term_string}\"},\"query-input\":{\"@type\":\"PropertyValueSpecification\",\"valueRequired\":true,\"valueName\":\"search_term_string\"}}],\"inLanguage\":\"en-US\"},{\"@type\":\"Organization\",\"@id\":\"https:\/\/erozone.org\/en\/#organization\",\"name\":\"Erozone\",\"url\":\"https:\/\/erozone.org\/en\/\",\"logo\":{\"@type\":\"ImageObject\",\"inLanguage\":\"en-US\",\"@id\":\"https:\/\/erozone.org\/en\/#\/schema\/logo\/image\/\",\"url\":\"https:\/\/erozone.org\/wp-content\/uploads\/2023\/01\/logo-1.png\",\"contentUrl\":\"https:\/\/erozone.org\/wp-content\/uploads\/2023\/01\/logo-1.png\",\"width\":182,\"height\":30,\"caption\":\"Erozone\"},\"image\":{\"@id\":\"https:\/\/erozone.org\/en\/#\/schema\/logo\/image\/\"}}]}<\/script>\n<!-- \/ Yoast SEO plugin. -->","yoast_head_json":{"title":"Stud 5000 - Erozone","description":"Stud 5000 \u2705 Stiprinkite potencij\u0105 su m\u016bs\u0173 papildais u\u017e ger\u0105 kain\u0105 \u2764\ufe0f Gyvenkite aktyv\u0173 gyvenim\u0105! U\u017esisakykite!","robots":{"index":"index","follow":"follow","max-snippet":"max-snippet:-1","max-image-preview":"max-image-preview:large","max-video-preview":"max-video-preview:-1"},"canonical":"https:\/\/erozone.org\/produktas\/stud-5000\/","og_locale":"en_US","og_type":"article","og_title":"Stud 5000 - Erozone","og_description":"Stud 5000 \u2705 Stiprinkite potencij\u0105 su m\u016bs\u0173 papildais u\u017e ger\u0105 kain\u0105 \u2764\ufe0f Gyvenkite aktyv\u0173 gyvenim\u0105! U\u017esisakykite!","og_url":"https:\/\/erozone.org\/produktas\/stud-5000\/","og_site_name":"Erozone","article_modified_time":"2025-05-28T13:25:37+00:00","og_image":[{"width":1636,"height":1517,"url":"https:\/\/erozone.org\/wp-content\/uploads\/2022\/03\/stud5000-2.jpg","type":"image\/jpeg"}],"twitter_card":"summary_large_image","schema":{"@context":"https:\/\/schema.org","@graph":[{"@type":"WebPage","@id":"https:\/\/erozone.org\/produktas\/stud-5000\/","url":"https:\/\/erozone.org\/produktas\/stud-5000\/","name":"Stud 5000 - Erozone","isPartOf":{"@id":"https:\/\/erozone.org\/en\/#website"},"primaryImageOfPage":{"@id":"https:\/\/erozone.org\/produktas\/stud-5000\/#primaryimage"},"image":{"@id":"https:\/\/erozone.org\/produktas\/stud-5000\/#primaryimage"},"thumbnailUrl":"https:\/\/erozone.org\/wp-content\/uploads\/2022\/03\/stud5000-2.jpg","datePublished":"2022-03-02T14:37:18+00:00","dateModified":"2025-05-28T13:25:37+00:00","description":"Stud 5000 \u2705 Stiprinkite potencij\u0105 su m\u016bs\u0173 papildais u\u017e ger\u0105 kain\u0105 \u2764\ufe0f Gyvenkite aktyv\u0173 gyvenim\u0105! U\u017esisakykite!","breadcrumb":{"@id":"https:\/\/erozone.org\/produktas\/stud-5000\/#breadcrumb"},"inLanguage":"en-US","potentialAction":[{"@type":"ReadAction","target":["https:\/\/erozone.org\/produktas\/stud-5000\/"]}]},{"@type":"ImageObject","inLanguage":"en-US","@id":"https:\/\/erozone.org\/produktas\/stud-5000\/#primaryimage","url":"https:\/\/erozone.org\/wp-content\/uploads\/2022\/03\/stud5000-2.jpg","contentUrl":"https:\/\/erozone.org\/wp-content\/uploads\/2022\/03\/stud5000-2.jpg","width":1636,"height":1517},{"@type":"BreadcrumbList","@id":"https:\/\/erozone.org\/produktas\/stud-5000\/#breadcrumb","itemListElement":[{"@type":"ListItem","position":1,"name":"Home","item":"https:\/\/erozone.org\/"},{"@type":"ListItem","position":2,"name":"Katalogas","item":"https:\/\/erozone.org\/katalogas\/"},{"@type":"ListItem","position":3,"name":"Stud 5000"}]},{"@type":"WebSite","@id":"https:\/\/erozone.org\/en\/#website","url":"https:\/\/erozone.org\/en\/","name":"Erozone","description":"prek\u0117s internetu suaugusiems","publisher":{"@id":"https:\/\/erozone.org\/en\/#organization"},"potentialAction":[{"@type":"SearchAction","target":{"@type":"EntryPoint","urlTemplate":"https:\/\/erozone.org\/en\/?s={search_term_string}"},"query-input":{"@type":"PropertyValueSpecification","valueRequired":true,"valueName":"search_term_string"}}],"inLanguage":"en-US"},{"@type":"Organization","@id":"https:\/\/erozone.org\/en\/#organization","name":"Erozone","url":"https:\/\/erozone.org\/en\/","logo":{"@type":"ImageObject","inLanguage":"en-US","@id":"https:\/\/erozone.org\/en\/#\/schema\/logo\/image\/","url":"https:\/\/erozone.org\/wp-content\/uploads\/2023\/01\/logo-1.png","contentUrl":"https:\/\/erozone.org\/wp-content\/uploads\/2023\/01\/logo-1.png","width":182,"height":30,"caption":"Erozone"},"image":{"@id":"https:\/\/erozone.org\/en\/#\/schema\/logo\/image\/"}}]}},"_links":{"self":[{"href":"https:\/\/erozone.org\/en\/wp-json\/wp\/v2\/product\/36325","targetHints":{"allow":["GET"]}}],"collection":[{"href":"https:\/\/erozone.org\/en\/wp-json\/wp\/v2\/product"}],"about":[{"href":"https:\/\/erozone.org\/en\/wp-json\/wp\/v2\/types\/product"}],"version-history":[{"count":2,"href":"https:\/\/erozone.org\/en\/wp-json\/wp\/v2\/product\/36325\/revisions"}],"predecessor-version":[{"id":48240,"href":"https:\/\/erozone.org\/en\/wp-json\/wp\/v2\/product\/36325\/revisions\/48240"}],"wp:featuredmedia":[{"embeddable":true,"href":"https:\/\/erozone.org\/en\/wp-json\/wp\/v2\/media\/36451"}],"wp:attachment":[{"href":"https:\/\/erozone.org\/en\/wp-json\/wp\/v2\/media?parent=36325"}],"wp:term":[{"taxonomy":"brand","embeddable":true,"href":"https:\/\/erozone.org\/en\/wp-json\/wp\/v2\/etheme_brands?post=36325"},{"taxonomy":"product_brand","embeddable":true,"href":"https:\/\/erozone.org\/en\/wp-json\/wp\/v2\/product_brand?post=36325"},{"taxonomy":"product_cat","embeddable":true,"href":"https:\/\/erozone.org\/en\/wp-json\/wp\/v2\/product_cat?post=36325"},{"taxonomy":"product_tag","embeddable":true,"href":"https:\/\/erozone.org\/en\/wp-json\/wp\/v2\/product_tag?post=36325"}],"curies":[{"name":"wp","href":"https:\/\/api.w.org\/{rel}","templated":true}]}}