{"id":36327,"date":"2022-03-02T16:28:04","date_gmt":"2022-03-02T14:28:04","guid":{"rendered":"https:\/\/erozone.org\/produktas\/kamagra-effervescent\/"},"modified":"2023-05-19T10:23:30","modified_gmt":"2023-05-19T07:23:30","slug":"kamagra-effervescent","status":"publish","type":"product","link":"https:\/\/erozone.org\/en\/produktas\/kamagra-effervescent\/","title":{"rendered":"Kamagra Effervescent"},"content":{"rendered":"<p>Kamagra effervescent &#8211; Tai tirpstan\u010dios vandenyje tablet\u0117s, skirtos vyr\u0173 potencijai sustiprinti. Suvartojus vien\u0105 tablet\u0119 Kamagra Effervescent, poveikis jau\u010diamas jau po 5-10 minu\u010di\u0173!! Tai grei\u010diausiai suveikian\u010dios tablet\u0117s erekcijai rinkoje.<br \/>\nPoveikis trunka apie 6-7 val. Taigi Kamagra effervescent prana\u0161umas prie\u0161 kitus preparatus erekcijai yra jos greitas suveikimas, jums nereik\u0117s ilgai laukti kol papildas suveiks, tod\u0117l tai yra labai paranku netik\u0117tose situacijose !<\/p>\n<p>Kamagra effervescent sud\u0117tyje yra 100 mg sildenafil. Sildenafil priklauso preparat\u0173, vadinam\u0173 penkto tipo fosfodiesteraz\u0117s (FDE5) inhibitoriais, grupei. FDE5 inhibitoriai, yra pirmaeiliai vaistai, kuriais gydomas erekcijos funkcijos sutrikimas.<br \/>\nSildenafil skatina varpos kraujagysli\u0173 i\u0161sipl\u0117tim\u0105 Seksualin\u0117s stimuliacijos metu, tod\u0117l \u012f varp\u0105 priteka daugiau kraujo ir tai leid\u017eia pasiekti ir i\u0161laikyti tvirt\u0105 erekcij\u0105 viso lytinio akto metu.<\/p>\n<p>Kamagra effervescent naudoti galima siekiant pasiekti tvirtesn\u0119 erekcij\u0105, i\u0161laikyti erekcij\u0105 stand\u017ei\u0105 viso lytinio akto metu ar erekcijos disfunkcijos gydymui.<br \/>\nPapild\u0105 taip pat patogu ir skanu vartoti, nes tablet\u0117s yra apelsin\u0173 skonio ir i\u0161tirpsta vandenyje, tod4\u0117l gaunasi skanus g\u0117rimas. Tai idealus preparatas tiems, kurie nenori laukti kol suveiks kietosios tablet\u0117s.<\/p>\n<p>\u0160is preparatas labai pagerins vyr\u0173 seksualin\u0119 sveikat\u0105 ir leis u\u017etikrintai bei greitai pasiekti norim\u0105 efekt\u0105!<\/p>\n<p>Vartojimas:<\/p>\n<p>Kamagra Effervescent reikia i\u0161gerti 5-10 minu\u010di\u0173 prie\u0161 lytin\u012f akt\u0105, i\u0161tirpininant tablet\u0119 stiklin\u0117je vandens, geriausiai ant tu\u0161\u010dio skrand\u017eio.<br \/>\nD\u0117\u017eut\u0117je yra 7 tablet\u0117s. Maksimali paros doz\u0117 1 tablet\u0117.<\/p>\n","protected":false},"excerpt":{"rendered":"<p>Grei\u010diausiai rinkoje veikiantis papildas, poveikis juntamas vos po 5 minu\u010di\u0173 !<br \/>\nTai tirpstan\u010dios vandenyje Kamagra tablet\u0117s, suteiksian\u010dios tvirt\u0105 erekcij\u0105.<br \/>\nGreitas ir efektyvus rezultatas bei skanus vartojimas !<\/p>\n","protected":false},"featured_media":36864,"template":"","meta":[],"etheme_brands":[],"product_brand":[],"product_cat":[15],"product_tag":[],"class_list":{"0":"post-36327","1":"product","2":"type-product","3":"status-publish","4":"has-post-thumbnail","6":"product_cat-kitos","8":"first","9":"outofstock","10":"shipping-taxable","11":"purchasable","12":"product-type-simple"},"yoast_head":"<!-- This site is optimized with the Yoast SEO plugin v26.2 - https:\/\/yoast.com\/wordpress\/plugins\/seo\/ -->\n<title>Kamagra Effervescent - Erozone<\/title>\n<meta name=\"description\" content=\"Kamagra Effervescent \u2705 Stiprinkite potencij\u0105 su m\u016bs\u0173 papildais u\u017e ger\u0105 kain\u0105 \u2764\ufe0f Gyvenkite aktyv\u0173 gyvenim\u0105! U\u017esisakykite!\" \/>\n<meta name=\"robots\" content=\"index, follow, max-snippet:-1, max-image-preview:large, max-video-preview:-1\" \/>\n<link rel=\"canonical\" href=\"https:\/\/erozone.org\/en\/produktas\/kamagra-effervescent\/\" \/>\n<meta property=\"og:locale\" content=\"en_US\" \/>\n<meta property=\"og:type\" content=\"article\" \/>\n<meta property=\"og:title\" content=\"Kamagra Effervescent - Erozone\" \/>\n<meta property=\"og:description\" content=\"Kamagra Effervescent \u2705 Stiprinkite potencij\u0105 su m\u016bs\u0173 papildais u\u017e ger\u0105 kain\u0105 \u2764\ufe0f Gyvenkite aktyv\u0173 gyvenim\u0105! U\u017esisakykite!\" \/>\n<meta property=\"og:url\" content=\"https:\/\/erozone.org\/en\/produktas\/kamagra-effervescent\/\" \/>\n<meta property=\"og:site_name\" content=\"Erozone\" \/>\n<meta property=\"article:modified_time\" content=\"2023-05-19T07:23:30+00:00\" \/>\n<meta property=\"og:image\" content=\"https:\/\/erozone.org\/wp-content\/uploads\/2022\/03\/Kamagra-effervescent-ez.jpg\" \/>\n\t<meta property=\"og:image:width\" content=\"1541\" \/>\n\t<meta property=\"og:image:height\" content=\"1179\" \/>\n\t<meta property=\"og:image:type\" content=\"image\/jpeg\" \/>\n<meta name=\"twitter:card\" content=\"summary_large_image\" \/>\n<meta name=\"twitter:label1\" content=\"Est. reading time\" \/>\n\t<meta name=\"twitter:data1\" content=\"1 minute\" \/>\n<script type=\"application\/ld+json\" class=\"yoast-schema-graph\">{\"@context\":\"https:\/\/schema.org\",\"@graph\":[{\"@type\":\"WebPage\",\"@id\":\"https:\/\/erozone.org\/en\/produktas\/kamagra-effervescent\/\",\"url\":\"https:\/\/erozone.org\/en\/produktas\/kamagra-effervescent\/\",\"name\":\"Kamagra Effervescent - Erozone\",\"isPartOf\":{\"@id\":\"https:\/\/erozone.org\/en\/#website\"},\"primaryImageOfPage\":{\"@id\":\"https:\/\/erozone.org\/en\/produktas\/kamagra-effervescent\/#primaryimage\"},\"image\":{\"@id\":\"https:\/\/erozone.org\/en\/produktas\/kamagra-effervescent\/#primaryimage\"},\"thumbnailUrl\":\"https:\/\/erozone.org\/wp-content\/uploads\/2022\/03\/Kamagra-effervescent-ez.jpg\",\"datePublished\":\"2022-03-02T14:28:04+00:00\",\"dateModified\":\"2023-05-19T07:23:30+00:00\",\"description\":\"Kamagra Effervescent \u2705 Stiprinkite potencij\u0105 su m\u016bs\u0173 papildais u\u017e ger\u0105 kain\u0105 \u2764\ufe0f Gyvenkite aktyv\u0173 gyvenim\u0105! U\u017esisakykite!\",\"breadcrumb\":{\"@id\":\"https:\/\/erozone.org\/en\/produktas\/kamagra-effervescent\/#breadcrumb\"},\"inLanguage\":\"en-US\",\"potentialAction\":[{\"@type\":\"ReadAction\",\"target\":[\"https:\/\/erozone.org\/en\/produktas\/kamagra-effervescent\/\"]}]},{\"@type\":\"ImageObject\",\"inLanguage\":\"en-US\",\"@id\":\"https:\/\/erozone.org\/en\/produktas\/kamagra-effervescent\/#primaryimage\",\"url\":\"https:\/\/erozone.org\/wp-content\/uploads\/2022\/03\/Kamagra-effervescent-ez.jpg\",\"contentUrl\":\"https:\/\/erozone.org\/wp-content\/uploads\/2022\/03\/Kamagra-effervescent-ez.jpg\",\"width\":1541,\"height\":1179},{\"@type\":\"BreadcrumbList\",\"@id\":\"https:\/\/erozone.org\/en\/produktas\/kamagra-effervescent\/#breadcrumb\",\"itemListElement\":[{\"@type\":\"ListItem\",\"position\":1,\"name\":\"Home\",\"item\":\"https:\/\/erozone.org\/\"},{\"@type\":\"ListItem\",\"position\":2,\"name\":\"Katalogas\",\"item\":\"https:\/\/erozone.org\/katalogas\/\"},{\"@type\":\"ListItem\",\"position\":3,\"name\":\"Kamagra Effervescent\"}]},{\"@type\":\"WebSite\",\"@id\":\"https:\/\/erozone.org\/en\/#website\",\"url\":\"https:\/\/erozone.org\/en\/\",\"name\":\"Erozone\",\"description\":\"prek\u0117s internetu suaugusiems\",\"publisher\":{\"@id\":\"https:\/\/erozone.org\/en\/#organization\"},\"potentialAction\":[{\"@type\":\"SearchAction\",\"target\":{\"@type\":\"EntryPoint\",\"urlTemplate\":\"https:\/\/erozone.org\/en\/?s={search_term_string}\"},\"query-input\":{\"@type\":\"PropertyValueSpecification\",\"valueRequired\":true,\"valueName\":\"search_term_string\"}}],\"inLanguage\":\"en-US\"},{\"@type\":\"Organization\",\"@id\":\"https:\/\/erozone.org\/en\/#organization\",\"name\":\"Erozone\",\"url\":\"https:\/\/erozone.org\/en\/\",\"logo\":{\"@type\":\"ImageObject\",\"inLanguage\":\"en-US\",\"@id\":\"https:\/\/erozone.org\/en\/#\/schema\/logo\/image\/\",\"url\":\"https:\/\/erozone.org\/wp-content\/uploads\/2023\/01\/logo-1.png\",\"contentUrl\":\"https:\/\/erozone.org\/wp-content\/uploads\/2023\/01\/logo-1.png\",\"width\":182,\"height\":30,\"caption\":\"Erozone\"},\"image\":{\"@id\":\"https:\/\/erozone.org\/en\/#\/schema\/logo\/image\/\"}}]}<\/script>\n<!-- \/ Yoast SEO plugin. -->","yoast_head_json":{"title":"Kamagra Effervescent - Erozone","description":"Kamagra Effervescent \u2705 Stiprinkite potencij\u0105 su m\u016bs\u0173 papildais u\u017e ger\u0105 kain\u0105 \u2764\ufe0f Gyvenkite aktyv\u0173 gyvenim\u0105! U\u017esisakykite!","robots":{"index":"index","follow":"follow","max-snippet":"max-snippet:-1","max-image-preview":"max-image-preview:large","max-video-preview":"max-video-preview:-1"},"canonical":"https:\/\/erozone.org\/en\/produktas\/kamagra-effervescent\/","og_locale":"en_US","og_type":"article","og_title":"Kamagra Effervescent - Erozone","og_description":"Kamagra Effervescent \u2705 Stiprinkite potencij\u0105 su m\u016bs\u0173 papildais u\u017e ger\u0105 kain\u0105 \u2764\ufe0f Gyvenkite aktyv\u0173 gyvenim\u0105! U\u017esisakykite!","og_url":"https:\/\/erozone.org\/en\/produktas\/kamagra-effervescent\/","og_site_name":"Erozone","article_modified_time":"2023-05-19T07:23:30+00:00","og_image":[{"width":1541,"height":1179,"url":"https:\/\/erozone.org\/wp-content\/uploads\/2022\/03\/Kamagra-effervescent-ez.jpg","type":"image\/jpeg"}],"twitter_card":"summary_large_image","twitter_misc":{"Est. reading time":"1 minute"},"schema":{"@context":"https:\/\/schema.org","@graph":[{"@type":"WebPage","@id":"https:\/\/erozone.org\/en\/produktas\/kamagra-effervescent\/","url":"https:\/\/erozone.org\/en\/produktas\/kamagra-effervescent\/","name":"Kamagra Effervescent - Erozone","isPartOf":{"@id":"https:\/\/erozone.org\/en\/#website"},"primaryImageOfPage":{"@id":"https:\/\/erozone.org\/en\/produktas\/kamagra-effervescent\/#primaryimage"},"image":{"@id":"https:\/\/erozone.org\/en\/produktas\/kamagra-effervescent\/#primaryimage"},"thumbnailUrl":"https:\/\/erozone.org\/wp-content\/uploads\/2022\/03\/Kamagra-effervescent-ez.jpg","datePublished":"2022-03-02T14:28:04+00:00","dateModified":"2023-05-19T07:23:30+00:00","description":"Kamagra Effervescent \u2705 Stiprinkite potencij\u0105 su m\u016bs\u0173 papildais u\u017e ger\u0105 kain\u0105 \u2764\ufe0f Gyvenkite aktyv\u0173 gyvenim\u0105! U\u017esisakykite!","breadcrumb":{"@id":"https:\/\/erozone.org\/en\/produktas\/kamagra-effervescent\/#breadcrumb"},"inLanguage":"en-US","potentialAction":[{"@type":"ReadAction","target":["https:\/\/erozone.org\/en\/produktas\/kamagra-effervescent\/"]}]},{"@type":"ImageObject","inLanguage":"en-US","@id":"https:\/\/erozone.org\/en\/produktas\/kamagra-effervescent\/#primaryimage","url":"https:\/\/erozone.org\/wp-content\/uploads\/2022\/03\/Kamagra-effervescent-ez.jpg","contentUrl":"https:\/\/erozone.org\/wp-content\/uploads\/2022\/03\/Kamagra-effervescent-ez.jpg","width":1541,"height":1179},{"@type":"BreadcrumbList","@id":"https:\/\/erozone.org\/en\/produktas\/kamagra-effervescent\/#breadcrumb","itemListElement":[{"@type":"ListItem","position":1,"name":"Home","item":"https:\/\/erozone.org\/"},{"@type":"ListItem","position":2,"name":"Katalogas","item":"https:\/\/erozone.org\/katalogas\/"},{"@type":"ListItem","position":3,"name":"Kamagra Effervescent"}]},{"@type":"WebSite","@id":"https:\/\/erozone.org\/en\/#website","url":"https:\/\/erozone.org\/en\/","name":"Erozone","description":"prek\u0117s internetu suaugusiems","publisher":{"@id":"https:\/\/erozone.org\/en\/#organization"},"potentialAction":[{"@type":"SearchAction","target":{"@type":"EntryPoint","urlTemplate":"https:\/\/erozone.org\/en\/?s={search_term_string}"},"query-input":{"@type":"PropertyValueSpecification","valueRequired":true,"valueName":"search_term_string"}}],"inLanguage":"en-US"},{"@type":"Organization","@id":"https:\/\/erozone.org\/en\/#organization","name":"Erozone","url":"https:\/\/erozone.org\/en\/","logo":{"@type":"ImageObject","inLanguage":"en-US","@id":"https:\/\/erozone.org\/en\/#\/schema\/logo\/image\/","url":"https:\/\/erozone.org\/wp-content\/uploads\/2023\/01\/logo-1.png","contentUrl":"https:\/\/erozone.org\/wp-content\/uploads\/2023\/01\/logo-1.png","width":182,"height":30,"caption":"Erozone"},"image":{"@id":"https:\/\/erozone.org\/en\/#\/schema\/logo\/image\/"}}]}},"_links":{"self":[{"href":"https:\/\/erozone.org\/en\/wp-json\/wp\/v2\/product\/36327","targetHints":{"allow":["GET"]}}],"collection":[{"href":"https:\/\/erozone.org\/en\/wp-json\/wp\/v2\/product"}],"about":[{"href":"https:\/\/erozone.org\/en\/wp-json\/wp\/v2\/types\/product"}],"version-history":[{"count":0,"href":"https:\/\/erozone.org\/en\/wp-json\/wp\/v2\/product\/36327\/revisions"}],"wp:featuredmedia":[{"embeddable":true,"href":"https:\/\/erozone.org\/en\/wp-json\/wp\/v2\/media\/36864"}],"wp:attachment":[{"href":"https:\/\/erozone.org\/en\/wp-json\/wp\/v2\/media?parent=36327"}],"wp:term":[{"taxonomy":"brand","embeddable":true,"href":"https:\/\/erozone.org\/en\/wp-json\/wp\/v2\/etheme_brands?post=36327"},{"taxonomy":"product_brand","embeddable":true,"href":"https:\/\/erozone.org\/en\/wp-json\/wp\/v2\/product_brand?post=36327"},{"taxonomy":"product_cat","embeddable":true,"href":"https:\/\/erozone.org\/en\/wp-json\/wp\/v2\/product_cat?post=36327"},{"taxonomy":"product_tag","embeddable":true,"href":"https:\/\/erozone.org\/en\/wp-json\/wp\/v2\/product_tag?post=36327"}],"curies":[{"name":"wp","href":"https:\/\/api.w.org\/{rel}","templated":true}]}}