{"id":36329,"date":"2022-03-02T12:09:43","date_gmt":"2022-03-02T10:09:43","guid":{"rendered":"https:\/\/erozone.org\/produktas\/p-force-fort\/"},"modified":"2025-06-03T15:49:07","modified_gmt":"2025-06-03T12:49:07","slug":"p-force-fort","status":"publish","type":"product","link":"https:\/\/erozone.org\/en\/produktas\/p-force-fort\/","title":{"rendered":"P Force Fort"},"content":{"rendered":"<p>P Force Fort &#8211; tai stiprus preparatas vyr\u0173 potencijai gerinti ar erekcijos disfunkcijai gydyti.<\/p>\n<p>P Force Fort sud\u0117tyje yra 150mg sildenafil veikliosios med\u017eiagos, t.y. P Force Fort yra 1.5x karto stipresnis nei dauguma autenti\u0161k\u0173 sildenafil produkt\u0173.<\/p>\n<p>Sildenafil priklauso vaist\u0173, vadinam\u0173 penkto tipo fosfodiesteraz\u0117s (FDE5) inhibitoriais, grupei. FDE5 inhibitoriai, yra pirmaeiliai vaistai, kuriais gydomas erekcijos funkcijos sutrikimas. Sildenafil pagerina vyr\u0173 seksualin\u0119 sveikat\u0105. \u0160i veiklioji med\u017eiaga veikia seksualin\u0117s stimuliacijos metu, skatindama varpos kraujagysli\u0173 i\u0161sipl\u0117tim\u0105 ir padidindama \u012f varpos srit\u012f patenkan\u010dio kraujo sraut\u0105. To pasekoje pasiekti erekcij\u0105 tampa kur kas lengviau, erekcijos b\u016bna tvirtesn\u0117s nei \u012fprastai ir galima be problem\u0173 m\u0117gautis lytiniais santykiais.<\/p>\n<p>P Force Fort sukurtas patenkinti augant\u012f vyr\u0173 poreik\u012f bei leis pasiekti erekcij\u0105 net ir po didelio streso ar nuovargio.<\/p>\n<p>P Force Fort pad\u0117s jums i\u0161laikyti stand\u017ei\u0105 erekcij\u0105, pad\u0117s \u012fveikti erekcijos sutrikimus, pagerins potencij\u0105, padidins pasitik\u0117jim\u0105 savimi.<\/p>\n<h2>P Force Fort vartojimas<\/h2>\n<p>45-90 minu\u010di\u0173 iki seksualini\u0173 santyki\u0173, u\u017egeriant stikline vandens ant tu\u0161tesnio skrand\u017eio. Galima gerti pus\u0119 tablet\u0117s arba vis\u0105, pagal poreik\u012f. Nemai\u0161yti su dideliu kiekiu maisto ar riebiu maistu. Nemai\u0161yti su greipfurtais ar j\u0173 produktais. Paros norma 1 tab. Naudoti reguliariai neb\u016btina.<br \/>\nP Force Fort efektas trunka nuo 8 iki 10 valand\u0173 ir pasirei\u0161kia seksualin\u0117s stimuliacijos metu.<\/p>\n","protected":false},"excerpt":{"rendered":"<p>Sustiprink penio j\u0117g\u0105 su P Force Fort ! Rezultatai: tvirta ir ilgiau trunkanti erekcija !<br \/>\nPad\u0117s vyrams patiriantiems erekcijos sutrikimus ar norintiems padidinti lytin\u012f paj\u0117gum\u0105 dar labiau !<br \/>\nSud\u0117tyje 150 mg sildenafil.<\/p>\n","protected":false},"featured_media":37256,"template":"","meta":[],"etheme_brands":[],"product_brand":[],"product_cat":[179],"product_tag":[182,230,220],"class_list":{"0":"post-36329","1":"product","2":"type-product","3":"status-publish","4":"has-post-thumbnail","6":"product_cat-kiti-produktai-en","7":"product_tag-cenforce-en","8":"product_tag-p-force-en","9":"product_tag-sildigra-en","11":"first","12":"outofstock","13":"shipping-taxable","14":"purchasable","15":"product-type-simple"},"yoast_head":"<!-- This site is optimized with the Yoast SEO plugin v26.2 - https:\/\/yoast.com\/wordpress\/plugins\/seo\/ -->\n<title>P Force Fort - Erozone<\/title>\n<meta name=\"description\" content=\"P Force Fort \u2705 Stiprinkite potencij\u0105 su m\u016bs\u0173 papildais u\u017e ger\u0105 kain\u0105 \u2764\ufe0f Gyvenkite aktyv\u0173 gyvenim\u0105! U\u017esisakykite!\" \/>\n<meta name=\"robots\" content=\"index, follow, max-snippet:-1, max-image-preview:large, max-video-preview:-1\" \/>\n<link rel=\"canonical\" href=\"https:\/\/erozone.org\/produktas\/p-force-fort\/\" \/>\n<meta property=\"og:locale\" content=\"en_US\" \/>\n<meta property=\"og:type\" content=\"article\" \/>\n<meta property=\"og:title\" content=\"P Force Fort - Erozone\" \/>\n<meta property=\"og:description\" content=\"P Force Fort \u2705 Stiprinkite potencij\u0105 su m\u016bs\u0173 papildais u\u017e ger\u0105 kain\u0105 \u2764\ufe0f Gyvenkite aktyv\u0173 gyvenim\u0105! U\u017esisakykite!\" \/>\n<meta property=\"og:url\" content=\"https:\/\/erozone.org\/produktas\/p-force-fort\/\" \/>\n<meta property=\"og:site_name\" content=\"Erozone\" \/>\n<meta property=\"article:modified_time\" content=\"2025-06-03T12:49:07+00:00\" \/>\n<meta property=\"og:image\" content=\"https:\/\/erozone.org\/wp-content\/uploads\/2022\/03\/P-Force-Fort-org_edited.jpg\" \/>\n\t<meta property=\"og:image:width\" content=\"1552\" \/>\n\t<meta property=\"og:image:height\" content=\"1181\" \/>\n\t<meta property=\"og:image:type\" content=\"image\/jpeg\" \/>\n<meta name=\"twitter:card\" content=\"summary_large_image\" \/>\n<meta name=\"twitter:label1\" content=\"Est. reading time\" \/>\n\t<meta name=\"twitter:data1\" content=\"1 minute\" \/>\n<script type=\"application\/ld+json\" class=\"yoast-schema-graph\">{\"@context\":\"https:\/\/schema.org\",\"@graph\":[{\"@type\":\"WebPage\",\"@id\":\"https:\/\/erozone.org\/produktas\/p-force-fort\/\",\"url\":\"https:\/\/erozone.org\/produktas\/p-force-fort\/\",\"name\":\"P Force Fort - Erozone\",\"isPartOf\":{\"@id\":\"https:\/\/erozone.org\/en\/#website\"},\"primaryImageOfPage\":{\"@id\":\"https:\/\/erozone.org\/produktas\/p-force-fort\/#primaryimage\"},\"image\":{\"@id\":\"https:\/\/erozone.org\/produktas\/p-force-fort\/#primaryimage\"},\"thumbnailUrl\":\"https:\/\/erozone.org\/wp-content\/uploads\/2022\/03\/P-Force-Fort-org_edited.jpg\",\"datePublished\":\"2022-03-02T10:09:43+00:00\",\"dateModified\":\"2025-06-03T12:49:07+00:00\",\"description\":\"P Force Fort \u2705 Stiprinkite potencij\u0105 su m\u016bs\u0173 papildais u\u017e ger\u0105 kain\u0105 \u2764\ufe0f Gyvenkite aktyv\u0173 gyvenim\u0105! U\u017esisakykite!\",\"breadcrumb\":{\"@id\":\"https:\/\/erozone.org\/produktas\/p-force-fort\/#breadcrumb\"},\"inLanguage\":\"en-US\",\"potentialAction\":[{\"@type\":\"ReadAction\",\"target\":[\"https:\/\/erozone.org\/produktas\/p-force-fort\/\"]}]},{\"@type\":\"ImageObject\",\"inLanguage\":\"en-US\",\"@id\":\"https:\/\/erozone.org\/produktas\/p-force-fort\/#primaryimage\",\"url\":\"https:\/\/erozone.org\/wp-content\/uploads\/2022\/03\/P-Force-Fort-org_edited.jpg\",\"contentUrl\":\"https:\/\/erozone.org\/wp-content\/uploads\/2022\/03\/P-Force-Fort-org_edited.jpg\",\"width\":1552,\"height\":1181},{\"@type\":\"BreadcrumbList\",\"@id\":\"https:\/\/erozone.org\/produktas\/p-force-fort\/#breadcrumb\",\"itemListElement\":[{\"@type\":\"ListItem\",\"position\":1,\"name\":\"Home\",\"item\":\"https:\/\/erozone.org\/\"},{\"@type\":\"ListItem\",\"position\":2,\"name\":\"Katalogas\",\"item\":\"https:\/\/erozone.org\/katalogas\/\"},{\"@type\":\"ListItem\",\"position\":3,\"name\":\"P Force Fort\"}]},{\"@type\":\"WebSite\",\"@id\":\"https:\/\/erozone.org\/en\/#website\",\"url\":\"https:\/\/erozone.org\/en\/\",\"name\":\"Erozone\",\"description\":\"prek\u0117s internetu suaugusiems\",\"publisher\":{\"@id\":\"https:\/\/erozone.org\/en\/#organization\"},\"potentialAction\":[{\"@type\":\"SearchAction\",\"target\":{\"@type\":\"EntryPoint\",\"urlTemplate\":\"https:\/\/erozone.org\/en\/?s={search_term_string}\"},\"query-input\":{\"@type\":\"PropertyValueSpecification\",\"valueRequired\":true,\"valueName\":\"search_term_string\"}}],\"inLanguage\":\"en-US\"},{\"@type\":\"Organization\",\"@id\":\"https:\/\/erozone.org\/en\/#organization\",\"name\":\"Erozone\",\"url\":\"https:\/\/erozone.org\/en\/\",\"logo\":{\"@type\":\"ImageObject\",\"inLanguage\":\"en-US\",\"@id\":\"https:\/\/erozone.org\/en\/#\/schema\/logo\/image\/\",\"url\":\"https:\/\/erozone.org\/wp-content\/uploads\/2023\/01\/logo-1.png\",\"contentUrl\":\"https:\/\/erozone.org\/wp-content\/uploads\/2023\/01\/logo-1.png\",\"width\":182,\"height\":30,\"caption\":\"Erozone\"},\"image\":{\"@id\":\"https:\/\/erozone.org\/en\/#\/schema\/logo\/image\/\"}}]}<\/script>\n<!-- \/ Yoast SEO plugin. -->","yoast_head_json":{"title":"P Force Fort - Erozone","description":"P Force Fort \u2705 Stiprinkite potencij\u0105 su m\u016bs\u0173 papildais u\u017e ger\u0105 kain\u0105 \u2764\ufe0f Gyvenkite aktyv\u0173 gyvenim\u0105! U\u017esisakykite!","robots":{"index":"index","follow":"follow","max-snippet":"max-snippet:-1","max-image-preview":"max-image-preview:large","max-video-preview":"max-video-preview:-1"},"canonical":"https:\/\/erozone.org\/produktas\/p-force-fort\/","og_locale":"en_US","og_type":"article","og_title":"P Force Fort - Erozone","og_description":"P Force Fort \u2705 Stiprinkite potencij\u0105 su m\u016bs\u0173 papildais u\u017e ger\u0105 kain\u0105 \u2764\ufe0f Gyvenkite aktyv\u0173 gyvenim\u0105! U\u017esisakykite!","og_url":"https:\/\/erozone.org\/produktas\/p-force-fort\/","og_site_name":"Erozone","article_modified_time":"2025-06-03T12:49:07+00:00","og_image":[{"width":1552,"height":1181,"url":"https:\/\/erozone.org\/wp-content\/uploads\/2022\/03\/P-Force-Fort-org_edited.jpg","type":"image\/jpeg"}],"twitter_card":"summary_large_image","twitter_misc":{"Est. reading time":"1 minute"},"schema":{"@context":"https:\/\/schema.org","@graph":[{"@type":"WebPage","@id":"https:\/\/erozone.org\/produktas\/p-force-fort\/","url":"https:\/\/erozone.org\/produktas\/p-force-fort\/","name":"P Force Fort - Erozone","isPartOf":{"@id":"https:\/\/erozone.org\/en\/#website"},"primaryImageOfPage":{"@id":"https:\/\/erozone.org\/produktas\/p-force-fort\/#primaryimage"},"image":{"@id":"https:\/\/erozone.org\/produktas\/p-force-fort\/#primaryimage"},"thumbnailUrl":"https:\/\/erozone.org\/wp-content\/uploads\/2022\/03\/P-Force-Fort-org_edited.jpg","datePublished":"2022-03-02T10:09:43+00:00","dateModified":"2025-06-03T12:49:07+00:00","description":"P Force Fort \u2705 Stiprinkite potencij\u0105 su m\u016bs\u0173 papildais u\u017e ger\u0105 kain\u0105 \u2764\ufe0f Gyvenkite aktyv\u0173 gyvenim\u0105! U\u017esisakykite!","breadcrumb":{"@id":"https:\/\/erozone.org\/produktas\/p-force-fort\/#breadcrumb"},"inLanguage":"en-US","potentialAction":[{"@type":"ReadAction","target":["https:\/\/erozone.org\/produktas\/p-force-fort\/"]}]},{"@type":"ImageObject","inLanguage":"en-US","@id":"https:\/\/erozone.org\/produktas\/p-force-fort\/#primaryimage","url":"https:\/\/erozone.org\/wp-content\/uploads\/2022\/03\/P-Force-Fort-org_edited.jpg","contentUrl":"https:\/\/erozone.org\/wp-content\/uploads\/2022\/03\/P-Force-Fort-org_edited.jpg","width":1552,"height":1181},{"@type":"BreadcrumbList","@id":"https:\/\/erozone.org\/produktas\/p-force-fort\/#breadcrumb","itemListElement":[{"@type":"ListItem","position":1,"name":"Home","item":"https:\/\/erozone.org\/"},{"@type":"ListItem","position":2,"name":"Katalogas","item":"https:\/\/erozone.org\/katalogas\/"},{"@type":"ListItem","position":3,"name":"P Force Fort"}]},{"@type":"WebSite","@id":"https:\/\/erozone.org\/en\/#website","url":"https:\/\/erozone.org\/en\/","name":"Erozone","description":"prek\u0117s internetu suaugusiems","publisher":{"@id":"https:\/\/erozone.org\/en\/#organization"},"potentialAction":[{"@type":"SearchAction","target":{"@type":"EntryPoint","urlTemplate":"https:\/\/erozone.org\/en\/?s={search_term_string}"},"query-input":{"@type":"PropertyValueSpecification","valueRequired":true,"valueName":"search_term_string"}}],"inLanguage":"en-US"},{"@type":"Organization","@id":"https:\/\/erozone.org\/en\/#organization","name":"Erozone","url":"https:\/\/erozone.org\/en\/","logo":{"@type":"ImageObject","inLanguage":"en-US","@id":"https:\/\/erozone.org\/en\/#\/schema\/logo\/image\/","url":"https:\/\/erozone.org\/wp-content\/uploads\/2023\/01\/logo-1.png","contentUrl":"https:\/\/erozone.org\/wp-content\/uploads\/2023\/01\/logo-1.png","width":182,"height":30,"caption":"Erozone"},"image":{"@id":"https:\/\/erozone.org\/en\/#\/schema\/logo\/image\/"}}]}},"_links":{"self":[{"href":"https:\/\/erozone.org\/en\/wp-json\/wp\/v2\/product\/36329","targetHints":{"allow":["GET"]}}],"collection":[{"href":"https:\/\/erozone.org\/en\/wp-json\/wp\/v2\/product"}],"about":[{"href":"https:\/\/erozone.org\/en\/wp-json\/wp\/v2\/types\/product"}],"version-history":[{"count":2,"href":"https:\/\/erozone.org\/en\/wp-json\/wp\/v2\/product\/36329\/revisions"}],"predecessor-version":[{"id":48407,"href":"https:\/\/erozone.org\/en\/wp-json\/wp\/v2\/product\/36329\/revisions\/48407"}],"wp:featuredmedia":[{"embeddable":true,"href":"https:\/\/erozone.org\/en\/wp-json\/wp\/v2\/media\/37256"}],"wp:attachment":[{"href":"https:\/\/erozone.org\/en\/wp-json\/wp\/v2\/media?parent=36329"}],"wp:term":[{"taxonomy":"brand","embeddable":true,"href":"https:\/\/erozone.org\/en\/wp-json\/wp\/v2\/etheme_brands?post=36329"},{"taxonomy":"product_brand","embeddable":true,"href":"https:\/\/erozone.org\/en\/wp-json\/wp\/v2\/product_brand?post=36329"},{"taxonomy":"product_cat","embeddable":true,"href":"https:\/\/erozone.org\/en\/wp-json\/wp\/v2\/product_cat?post=36329"},{"taxonomy":"product_tag","embeddable":true,"href":"https:\/\/erozone.org\/en\/wp-json\/wp\/v2\/product_tag?post=36329"}],"curies":[{"name":"wp","href":"https:\/\/api.w.org\/{rel}","templated":true}]}}