{"id":36330,"date":"2022-03-01T20:30:32","date_gmt":"2022-03-01T18:30:32","guid":{"rendered":"https:\/\/erozone.org\/produktas\/lovegra\/"},"modified":"2026-05-02T13:03:37","modified_gmt":"2026-05-02T10:03:37","slug":"lovegra","status":"publish","type":"product","link":"https:\/\/erozone.org\/en\/produktas\/lovegra\/","title":{"rendered":"Lovegra"},"content":{"rendered":"<p>Lovegra &#8211; taip pat \u017einoma kaip &#8220;Viagra moterims&#8221;, yra populiari sildenafilio citrato table\u010di\u0173 forma, sukurta specialiai moterims. Lovegra skirta moterims, kurios patiria seksualinio susijaudinimo sutrikim\u0173 ar kitoki\u0105 seksualin\u0119 disfunkcij\u0105.<\/p>\n<p>Moterims, vartojan\u010dioms Lovegra, gali padid\u0117ti kraujo tek\u0117jimas ir jautrumas mak\u0161ties srityje, d\u0117l to pager\u0117ja vaginos dr\u0117gm\u0117 susijaudinimo metu ir sensacija tampa dar didesn\u0117 lytini\u0173 santyki\u0173 metu. Moterims b\u016bdingi seksualini\u0173 sutrikim\u0173 simptomai gali b\u016bti pagr\u012fsti fiziologiniais arba psichologiniais veiksniais, o Lovegra gali pad\u0117ti abiem atvejais.<\/p>\n<p>Veiklioji Lovegra med\u017eiaga yra sildenafilio citratas. Jis priklauso vaist\u0173, \u017einom\u0173 kaip PDE-5 inhibitoriai, klasei \u2013 jie ple\u010dia organizmo kraujagysles, ypa\u010d aplink genitalijas. Lovegra n\u0117ra afrodiziakas, tod\u0117l norint pasiekti rezultat\u0173 reik\u0117s seksualin\u0117s stimuliacijos.<\/p>\n<h2>Lovegra privalumai:<\/h2>\n<p>Lovegra yra moksli\u0161kai sukurta siekiant suteikti intensyv\u0173 seksualin\u012f pasitenkinim\u0105 moterims, v\u0117l ie\u0161kan\u010dioms malonumo. Ji veikia padidindama lytini\u0173 organ\u0173 kraujotak\u0105 ir mak\u0161ties dr\u0117gnum\u0105, tod\u0117l seksualin\u0117s veiklos metu jau\u010diamas intensyvesnis malonumas bei patiriamas stipresnis orgazmas.<\/p>\n<p><strong>Lovegra prana\u0161umai yra \u0161ie:<\/strong><\/p>\n<p>&#8211; seksualini\u0173 poj\u016b\u010di\u0173 stipriklis, sukurtas b\u016btent moterims;<\/p>\n<p>&#8211; didesnis jautrumas mak\u0161ties srityje;<\/p>\n<p>&#8211; ilgesn\u0117 lytini\u0173 santyki\u0173 trukm\u0117;<\/p>\n<p>&#8211; didesn\u0117 i\u0161tverm\u0117 ir na\u0161umas;<\/p>\n<p>&#8211; didesnis seksualinis susijaudinimas;<\/p>\n<p>&#8211; stipresnis orgazmas;<\/p>\n<h2>Naudojimas:<\/h2>\n<p>Lovegra n\u0117\u0161tumo metu vartoti negalima. Saugi nurodyta Lovegra doz\u0117 per 24 valandas yra 1 tablet\u0117.<br \/>\nPoveikis trunka 4-6 valandas. Vartokite u\u017egerdami didele stikline vandens apie valand\u0105 iki lytinio akto prad\u017eios. Venkite didelio kiekio ar riebaus maisto, kai ketinate vartoti Lovegra. Be to, venkite reguliariai vartoti didelius kiekius greipfrut\u0173 ir greipfrut\u0173 sul\u010di\u0173. Greipfrutas gali padidinti j\u016bs\u0173 organizmo kraujo koncentracij\u0105 ir u\u017edelsti laik\u0105, kurio reikia, kol Lovegra prad\u0117s veikti.<\/p>\n<h2>Laikymas:<\/h2>\n<p>Lovegra tablet\u0117s turi b\u016bti laikomos kambario temperat\u016broje, apsaugotoje nuo dr\u0117gm\u0117s ir kar\u0161\u010dio. Tabletes laikykite vaikams ir naminiams gyv\u016bn\u0117liams nepasiekiamoje vietoje.<\/p>\n<h2 class=\"tw-data-text tw-text-large tw-ta\" dir=\"ltr\" data-placeholder=\"Vertimas\" aria-label=\"I\u0161verstas tekstas\" data-ved=\"2ahUKEwjX9MHQs7yGAxWkRaQEHStLCz8Q3ewLegQIDxAU\"><span class=\"Y2IQFc\" lang=\"lt\">\u0160alutiniai poveikiai:<\/span><\/h2>\n<p id=\"tw-target-text\" class=\"tw-data-text tw-text-large tw-ta\" dir=\"ltr\" data-placeholder=\"Vertimas\" aria-label=\"I\u0161verstas tekstas\" data-ved=\"2ahUKEwjX9MHQs7yGAxWkRaQEHStLCz8Q3ewLegQIDxAU\"><span class=\"Y2IQFc\" lang=\"lt\">Lovegra gali sukelti galvos skausm\u0105, viduriavim\u0105, dispepsij\u0105, paraudim\u0105 (\u0161ilumos poj\u016btis veide, ausyse, kakle ir liemenyje), gal\u016bni\u0173 skausm\u0105. \u0160alutinis poveikis da\u017eniausiai trunka neilgai arba i\u0161vis nejuntamas, ta\u010diau jai preparato doz\u0117 yra per didel\u0117 j\u016bs\u0173 organizmui, padid\u0117ja \u0161alutinio poveikio tikimyb\u0117.<\/span><\/p>\n<h2 class=\"tw-data-text tw-text-large tw-ta\" dir=\"ltr\" data-placeholder=\"Vertimas\" aria-label=\"I\u0161verstas tekstas\" data-ved=\"2ahUKEwjX9MHQs7yGAxWkRaQEHStLCz8Q3ewLegQIDxAU\"><span class=\"Y2IQFc\" lang=\"lt\">Atsargumo priemon\u0117s:<\/span><\/h2>\n<p class=\"tw-data-text tw-text-large tw-ta\" dir=\"ltr\" data-placeholder=\"Vertimas\" aria-label=\"I\u0161verstas tekstas\" data-ved=\"2ahUKEwjX9MHQs7yGAxWkRaQEHStLCz8Q3ewLegQIDxAU\"><span class=\"Y2IQFc\" lang=\"lt\">Prie\u0161 prad\u0117dami vartoti Lovegra tabletes, pasakykite savo sveikatos prie\u017ei\u016bros paslaug\u0173 teik\u0117jui, jei sirgote \u0161irdies liga, auk\u0161tu ar \u017eemu kraujosp\u016bd\u017eiu, kepen\u0173 ar inkst\u0173 liga, skrand\u017eio opa, kraujavimo sutrikimais ar kitomis sveikatos b\u016bkl\u0117mis. Lovegra gali s\u0105veikauti su tam tikrais vaistais ir papildais, tod\u0117l svarbu informuoti savo sveikatos prie\u017ei\u016bros paslaug\u0173 teik\u0117j\u0105 apie visus \u0161iuo metu vartojamus vaistus.<\/span><\/p>\n<h2 class=\"tw-data-text tw-text-large tw-ta\" dir=\"ltr\" data-placeholder=\"Vertimas\" aria-label=\"I\u0161verstas tekstas\" data-ved=\"2ahUKEwjX9MHQs7yGAxWkRaQEHStLCz8Q3ewLegQIDxAU\"><span class=\"Y2IQFc\" lang=\"lt\">\u012esp\u0117jimai:<\/span><\/h2>\n<p class=\"tw-data-text tw-text-large tw-ta\" dir=\"ltr\" data-placeholder=\"Vertimas\" aria-label=\"I\u0161verstas tekstas\" data-ved=\"2ahUKEwjX9MHQs7yGAxWkRaQEHStLCz8Q3ewLegQIDxAU\"><span class=\"Y2IQFc\" lang=\"lt\">Lovegra table\u010di\u0173 netur\u0117t\u0173 vartoti vaikai ir moterys n\u0117\u0161tumo metu. Lovegra vartoti negalima, jeigu yra alergija jam arba bet kuriai pagalbinei jo med\u017eiagai. Jei pasirei\u0161kia alergin\u0117 reakcija, pvz., pasunk\u0117j\u0119s kv\u0117pavimas, veido, l\u016bp\u0173, lie\u017euvio ar gerkl\u0117s patinimas, kreipkit\u0117s greitosios medicinos pagalbos.<\/span><\/p>\n<h2 class=\"tw-data-text tw-text-large tw-ta\" dir=\"ltr\" data-placeholder=\"Vertimas\" aria-label=\"I\u0161verstas tekstas\" data-ved=\"2ahUKEwjX9MHQs7yGAxWkRaQEHStLCz8Q3ewLegQIDxAU\"><span class=\"Y2IQFc\" lang=\"lt\">Vaist\u0173 s\u0105veika:<\/span><\/h2>\n<p class=\"tw-data-text tw-text-large tw-ta\" dir=\"ltr\" data-placeholder=\"Vertimas\" aria-label=\"I\u0161verstas tekstas\" data-ved=\"2ahUKEwjX9MHQs7yGAxWkRaQEHStLCz8Q3ewLegQIDxAU\"><span class=\"Y2IQFc\" lang=\"lt\">Lovegra gali s\u0105veikauti su tam tikrais vaistais, \u012fskaitant nitratus, vartojamus nuo kr\u016btin\u0117s skausmo ar \u0161irdies problem\u0173, alfa adrenoblokatorius, vartojamus auk\u0161tam kraujosp\u016bd\u017eiui ar prostatos sutrikimams gydyti, ir tam tikrais antibiotikais bei prie\u0161grybeliniais vaistais. Prie\u0161 prad\u0117dami vartoti Lovegra, informuokite savo sveikatos prie\u017ei\u016bros paslaug\u0173 teik\u0117j\u0105 apie visus \u0161iuo metu vartojamus vaistus.<\/span><\/p>\n<p>&nbsp;<\/p>\n","protected":false},"excerpt":{"rendered":"<p>Lovegra &#8211; yra viagra sukurta b\u016btent moterims !<br \/>\nJi pad\u0117s pasiekti didesn\u012f susijaudinim\u0105, mak\u0161ties tepim\u0105, suintensyvins seksualinius poj\u016b\u010dius, pad\u0117s patirti stipresn\u012f orgazm\u0105 !<\/p>\n<p>&nbsp;<\/p>\n","protected":false},"featured_media":37340,"template":"","meta":[],"etheme_brands":[],"product_brand":[],"product_cat":[233,232,152],"product_tag":[258,223,259],"class_list":{"0":"post-36330","1":"product","2":"type-product","3":"status-publish","4":"has-post-thumbnail","6":"product_cat-libido-skatintojai-moterims-en","7":"product_cat-viagra-moterims-en","8":"product_cat-for-women","9":"product_tag-lovegra-moterims-en","10":"product_tag-lovegra-en","11":"product_tag-lovegra-tabletes-en","13":"first","14":"instock","15":"shipping-taxable","16":"purchasable","17":"product-type-simple"},"yoast_head":"<!-- This site is optimized with the Yoast SEO plugin v26.2 - https:\/\/yoast.com\/wordpress\/plugins\/seo\/ -->\n<title>Lovegra - Erozone<\/title>\n<meta name=\"description\" content=\"Lovegra \u2705 Stiprinkite potencij\u0105 su m\u016bs\u0173 papildais u\u017e ger\u0105 kain\u0105 \u2764\ufe0f Gyvenkite aktyv\u0173 gyvenim\u0105! U\u017esisakykite!\" \/>\n<meta name=\"robots\" content=\"index, follow, max-snippet:-1, max-image-preview:large, max-video-preview:-1\" \/>\n<link rel=\"canonical\" href=\"https:\/\/erozone.org\/en\/produktas\/lovegra\/\" \/>\n<meta property=\"og:locale\" content=\"en_US\" \/>\n<meta property=\"og:type\" content=\"article\" \/>\n<meta property=\"og:title\" content=\"Lovegra - Erozone\" \/>\n<meta property=\"og:description\" content=\"Lovegra \u2705 Stiprinkite potencij\u0105 su m\u016bs\u0173 papildais u\u017e ger\u0105 kain\u0105 \u2764\ufe0f Gyvenkite aktyv\u0173 gyvenim\u0105! U\u017esisakykite!\" \/>\n<meta property=\"og:url\" content=\"https:\/\/erozone.org\/en\/produktas\/lovegra\/\" \/>\n<meta property=\"og:site_name\" content=\"Erozone\" \/>\n<meta property=\"article:modified_time\" content=\"2026-05-02T10:03:37+00:00\" \/>\n<meta property=\"og:image\" content=\"https:\/\/erozone.org\/wp-content\/uploads\/2022\/03\/Lovegra-100-org2.jpg\" \/>\n\t<meta property=\"og:image:width\" content=\"1205\" \/>\n\t<meta property=\"og:image:height\" content=\"834\" \/>\n\t<meta property=\"og:image:type\" content=\"image\/jpeg\" \/>\n<meta name=\"twitter:card\" content=\"summary_large_image\" \/>\n<meta name=\"twitter:label1\" content=\"Est. reading time\" \/>\n\t<meta name=\"twitter:data1\" content=\"3 minutes\" \/>\n<script type=\"application\/ld+json\" class=\"yoast-schema-graph\">{\"@context\":\"https:\/\/schema.org\",\"@graph\":[{\"@type\":\"WebPage\",\"@id\":\"https:\/\/erozone.org\/en\/produktas\/lovegra\/\",\"url\":\"https:\/\/erozone.org\/en\/produktas\/lovegra\/\",\"name\":\"Lovegra - Erozone\",\"isPartOf\":{\"@id\":\"https:\/\/erozone.org\/en\/#website\"},\"primaryImageOfPage\":{\"@id\":\"https:\/\/erozone.org\/en\/produktas\/lovegra\/#primaryimage\"},\"image\":{\"@id\":\"https:\/\/erozone.org\/en\/produktas\/lovegra\/#primaryimage\"},\"thumbnailUrl\":\"https:\/\/erozone.org\/wp-content\/uploads\/2022\/03\/Lovegra-100-org2.jpg\",\"datePublished\":\"2022-03-01T18:30:32+00:00\",\"dateModified\":\"2026-05-02T10:03:37+00:00\",\"description\":\"Lovegra \u2705 Stiprinkite potencij\u0105 su m\u016bs\u0173 papildais u\u017e ger\u0105 kain\u0105 \u2764\ufe0f Gyvenkite aktyv\u0173 gyvenim\u0105! U\u017esisakykite!\",\"breadcrumb\":{\"@id\":\"https:\/\/erozone.org\/en\/produktas\/lovegra\/#breadcrumb\"},\"inLanguage\":\"en-US\",\"potentialAction\":[{\"@type\":\"ReadAction\",\"target\":[\"https:\/\/erozone.org\/en\/produktas\/lovegra\/\"]}]},{\"@type\":\"ImageObject\",\"inLanguage\":\"en-US\",\"@id\":\"https:\/\/erozone.org\/en\/produktas\/lovegra\/#primaryimage\",\"url\":\"https:\/\/erozone.org\/wp-content\/uploads\/2022\/03\/Lovegra-100-org2.jpg\",\"contentUrl\":\"https:\/\/erozone.org\/wp-content\/uploads\/2022\/03\/Lovegra-100-org2.jpg\",\"width\":1205,\"height\":834},{\"@type\":\"BreadcrumbList\",\"@id\":\"https:\/\/erozone.org\/en\/produktas\/lovegra\/#breadcrumb\",\"itemListElement\":[{\"@type\":\"ListItem\",\"position\":1,\"name\":\"Home\",\"item\":\"https:\/\/erozone.org\/\"},{\"@type\":\"ListItem\",\"position\":2,\"name\":\"Katalogas\",\"item\":\"https:\/\/erozone.org\/katalogas\/\"},{\"@type\":\"ListItem\",\"position\":3,\"name\":\"Lovegra\"}]},{\"@type\":\"WebSite\",\"@id\":\"https:\/\/erozone.org\/en\/#website\",\"url\":\"https:\/\/erozone.org\/en\/\",\"name\":\"Erozone\",\"description\":\"prek\u0117s internetu suaugusiems\",\"publisher\":{\"@id\":\"https:\/\/erozone.org\/en\/#organization\"},\"potentialAction\":[{\"@type\":\"SearchAction\",\"target\":{\"@type\":\"EntryPoint\",\"urlTemplate\":\"https:\/\/erozone.org\/en\/?s={search_term_string}\"},\"query-input\":{\"@type\":\"PropertyValueSpecification\",\"valueRequired\":true,\"valueName\":\"search_term_string\"}}],\"inLanguage\":\"en-US\"},{\"@type\":\"Organization\",\"@id\":\"https:\/\/erozone.org\/en\/#organization\",\"name\":\"Erozone\",\"url\":\"https:\/\/erozone.org\/en\/\",\"logo\":{\"@type\":\"ImageObject\",\"inLanguage\":\"en-US\",\"@id\":\"https:\/\/erozone.org\/en\/#\/schema\/logo\/image\/\",\"url\":\"https:\/\/erozone.org\/wp-content\/uploads\/2023\/01\/logo-1.png\",\"contentUrl\":\"https:\/\/erozone.org\/wp-content\/uploads\/2023\/01\/logo-1.png\",\"width\":182,\"height\":30,\"caption\":\"Erozone\"},\"image\":{\"@id\":\"https:\/\/erozone.org\/en\/#\/schema\/logo\/image\/\"}}]}<\/script>\n<!-- \/ Yoast SEO plugin. -->","yoast_head_json":{"title":"Lovegra - Erozone","description":"Lovegra \u2705 Stiprinkite potencij\u0105 su m\u016bs\u0173 papildais u\u017e ger\u0105 kain\u0105 \u2764\ufe0f Gyvenkite aktyv\u0173 gyvenim\u0105! U\u017esisakykite!","robots":{"index":"index","follow":"follow","max-snippet":"max-snippet:-1","max-image-preview":"max-image-preview:large","max-video-preview":"max-video-preview:-1"},"canonical":"https:\/\/erozone.org\/en\/produktas\/lovegra\/","og_locale":"en_US","og_type":"article","og_title":"Lovegra - Erozone","og_description":"Lovegra \u2705 Stiprinkite potencij\u0105 su m\u016bs\u0173 papildais u\u017e ger\u0105 kain\u0105 \u2764\ufe0f Gyvenkite aktyv\u0173 gyvenim\u0105! U\u017esisakykite!","og_url":"https:\/\/erozone.org\/en\/produktas\/lovegra\/","og_site_name":"Erozone","article_modified_time":"2026-05-02T10:03:37+00:00","og_image":[{"width":1205,"height":834,"url":"https:\/\/erozone.org\/wp-content\/uploads\/2022\/03\/Lovegra-100-org2.jpg","type":"image\/jpeg"}],"twitter_card":"summary_large_image","twitter_misc":{"Est. reading time":"3 minutes"},"schema":{"@context":"https:\/\/schema.org","@graph":[{"@type":"WebPage","@id":"https:\/\/erozone.org\/en\/produktas\/lovegra\/","url":"https:\/\/erozone.org\/en\/produktas\/lovegra\/","name":"Lovegra - Erozone","isPartOf":{"@id":"https:\/\/erozone.org\/en\/#website"},"primaryImageOfPage":{"@id":"https:\/\/erozone.org\/en\/produktas\/lovegra\/#primaryimage"},"image":{"@id":"https:\/\/erozone.org\/en\/produktas\/lovegra\/#primaryimage"},"thumbnailUrl":"https:\/\/erozone.org\/wp-content\/uploads\/2022\/03\/Lovegra-100-org2.jpg","datePublished":"2022-03-01T18:30:32+00:00","dateModified":"2026-05-02T10:03:37+00:00","description":"Lovegra \u2705 Stiprinkite potencij\u0105 su m\u016bs\u0173 papildais u\u017e ger\u0105 kain\u0105 \u2764\ufe0f Gyvenkite aktyv\u0173 gyvenim\u0105! U\u017esisakykite!","breadcrumb":{"@id":"https:\/\/erozone.org\/en\/produktas\/lovegra\/#breadcrumb"},"inLanguage":"en-US","potentialAction":[{"@type":"ReadAction","target":["https:\/\/erozone.org\/en\/produktas\/lovegra\/"]}]},{"@type":"ImageObject","inLanguage":"en-US","@id":"https:\/\/erozone.org\/en\/produktas\/lovegra\/#primaryimage","url":"https:\/\/erozone.org\/wp-content\/uploads\/2022\/03\/Lovegra-100-org2.jpg","contentUrl":"https:\/\/erozone.org\/wp-content\/uploads\/2022\/03\/Lovegra-100-org2.jpg","width":1205,"height":834},{"@type":"BreadcrumbList","@id":"https:\/\/erozone.org\/en\/produktas\/lovegra\/#breadcrumb","itemListElement":[{"@type":"ListItem","position":1,"name":"Home","item":"https:\/\/erozone.org\/"},{"@type":"ListItem","position":2,"name":"Katalogas","item":"https:\/\/erozone.org\/katalogas\/"},{"@type":"ListItem","position":3,"name":"Lovegra"}]},{"@type":"WebSite","@id":"https:\/\/erozone.org\/en\/#website","url":"https:\/\/erozone.org\/en\/","name":"Erozone","description":"prek\u0117s internetu suaugusiems","publisher":{"@id":"https:\/\/erozone.org\/en\/#organization"},"potentialAction":[{"@type":"SearchAction","target":{"@type":"EntryPoint","urlTemplate":"https:\/\/erozone.org\/en\/?s={search_term_string}"},"query-input":{"@type":"PropertyValueSpecification","valueRequired":true,"valueName":"search_term_string"}}],"inLanguage":"en-US"},{"@type":"Organization","@id":"https:\/\/erozone.org\/en\/#organization","name":"Erozone","url":"https:\/\/erozone.org\/en\/","logo":{"@type":"ImageObject","inLanguage":"en-US","@id":"https:\/\/erozone.org\/en\/#\/schema\/logo\/image\/","url":"https:\/\/erozone.org\/wp-content\/uploads\/2023\/01\/logo-1.png","contentUrl":"https:\/\/erozone.org\/wp-content\/uploads\/2023\/01\/logo-1.png","width":182,"height":30,"caption":"Erozone"},"image":{"@id":"https:\/\/erozone.org\/en\/#\/schema\/logo\/image\/"}}]}},"_links":{"self":[{"href":"https:\/\/erozone.org\/en\/wp-json\/wp\/v2\/product\/36330","targetHints":{"allow":["GET"]}}],"collection":[{"href":"https:\/\/erozone.org\/en\/wp-json\/wp\/v2\/product"}],"about":[{"href":"https:\/\/erozone.org\/en\/wp-json\/wp\/v2\/types\/product"}],"version-history":[{"count":2,"href":"https:\/\/erozone.org\/en\/wp-json\/wp\/v2\/product\/36330\/revisions"}],"predecessor-version":[{"id":49699,"href":"https:\/\/erozone.org\/en\/wp-json\/wp\/v2\/product\/36330\/revisions\/49699"}],"wp:featuredmedia":[{"embeddable":true,"href":"https:\/\/erozone.org\/en\/wp-json\/wp\/v2\/media\/37340"}],"wp:attachment":[{"href":"https:\/\/erozone.org\/en\/wp-json\/wp\/v2\/media?parent=36330"}],"wp:term":[{"taxonomy":"brand","embeddable":true,"href":"https:\/\/erozone.org\/en\/wp-json\/wp\/v2\/etheme_brands?post=36330"},{"taxonomy":"product_brand","embeddable":true,"href":"https:\/\/erozone.org\/en\/wp-json\/wp\/v2\/product_brand?post=36330"},{"taxonomy":"product_cat","embeddable":true,"href":"https:\/\/erozone.org\/en\/wp-json\/wp\/v2\/product_cat?post=36330"},{"taxonomy":"product_tag","embeddable":true,"href":"https:\/\/erozone.org\/en\/wp-json\/wp\/v2\/product_tag?post=36330"}],"curies":[{"name":"wp","href":"https:\/\/api.w.org\/{rel}","templated":true}]}}