{"id":36340,"date":"2022-02-06T20:52:52","date_gmt":"2022-02-06T18:52:52","guid":{"rendered":"https:\/\/erozone.org\/produktas\/tadarise-60\/"},"modified":"2026-05-02T13:10:04","modified_gmt":"2026-05-02T10:10:04","slug":"tadarise-60","status":"publish","type":"product","link":"https:\/\/erozone.org\/en\/produktas\/tadarise-60\/","title":{"rendered":"Tadarise 60"},"content":{"rendered":"<p>Tadarise 60 \u2013 skirtas vyrams nuo erekcijos disfunkcijos (impotencijos). Tadarise 60 taip pat galima naudoti ir nesant erekcijos sutrikim\u0173, ta\u010diau norint sustiprinti savo lytin\u012f paj\u0117gum\u0105. Tadarise 60 yra labai stiprus preparatas vyrams (nuo 18 iki 64 met\u0173 am\u017eiaus), kuris suteiks stipr\u0173 potencijos poveik\u012f (seksualinio stimulo metu) ilgiau nei par\u0105 laiko. Tadarise 60 suteikia tvirtesnes erekcijas, sustiprina rytines erekcijas, padeda i\u0161laikyti erekcij\u0105 stand\u017ei\u0105 viso lytinio akto metu, padeda \u012fveikti erekcijos sutrikimus, padidina seksualin\u012f na\u0161um\u0105 ir pasitik\u0117jim\u0105 savimi intymiose situacijose. Tadarise 60 sud\u0117tyje yra 60 mg Tadalafil.<\/p>\n<p>Tadalafil yra 5 tipo fosfodiesteraz\u0117s inhibitoriaus, kuris buvo sukurtas vyrams, ken\u010diantiems nuo erekcijos disfunkcijos ir impotencijos. \u0160ios veikliosios med\u017eiagos poveikis pasirei\u0161kia atpalaiduojant varpos akytk\u016bnio raumen\u012f ir ple\u010diant varpos kraujagysles. To pasekoje daug didesnis kraujo srautas patenka \u012f varpos srit\u012f, bei taip garantuojama standi ir ilgalaik\u0117 erekcija lytinio akto metu.<\/p>\n<p>Tadalafil poveikis paprastai pasirei\u0161kia po 1-2 valand\u0173 po tablet\u0117s i\u0161g\u0117rimo ir efektas juntamas net iki 36 valand\u0173. Tadalafilis naudojamas pad\u0117ti vyrams, turintiems erekcijos disfunkcijos problem\u0173. J\u012f prakti\u0161kai gali naudoti vis\u0173 am\u017eiaus grupi\u0173 vyrai, nor\u0117dami pasiekti ir palaikyti kokybi\u0161k\u0105 erekcij\u0105 bei j\u0105 sustiprinti.<\/p>\n<p>Tadarise 60 yra auk\u0161tos kokyb\u0117s tadalafil produktas, kuris pad\u0117s jums \u012fveikti erekcijos problemas bei sustiprins j\u016bs\u0173 potencij\u0105 dar labiau. Su Tadarise 60 pasieksite stand\u017ei\u0105 ir stipresn\u0119 erekcij\u0105 bet kuriuo paros metu, kai b\u016bsite seksualiai stimuliuojamas. Tadarise 60 rekomenduojama naudoti ne da\u017eniau kaip kas antr\u0105 par\u0105.<\/p>\n<h2>Tadarise 60 naudojimas:<\/h2>\n<p>Tadarise 60 d\u0117l savo stiprios koncentracijos patartina naudoti tik tiems, kas yra jau naudoj\u0119 ma\u017eesn\u0117s koncentracijos Tadarise produktus. Tadarise 60 patartina gerti po puse tablet\u0117s u\u017egeriant stikline vandens. Vartoti vis\u0105 tablet\u0119 patartina tik esant i\u0161skirtiniam poreikiui. Nemai\u0161yti su dideliu kiekiu maisto ar riebiu maistu. I\u0161gerti galima bet kuriuo paros metu, bet ne ma\u017eiau kaip valand\u0105 iki lytinio akto prad\u017eios. Nemai\u0161yti su greipfrutais ar j\u0173 produktais. Paros norma \u2013 puse tabblet\u0117s. Rekomenduojama gerti ne da\u017eniau kaip kas antr\u0105 par\u0105. Naudoti reguliariai neb\u016btina.<\/p>\n<h2>Tadarise 60 laikymas:<\/h2>\n<p>Laikyti ne auk\u0161tesn\u0117je kaip 30\u00b0 C temperat\u016broje. Laikyti atokiau nuo kar\u0161\u010dio ir tiesiogini\u0173 saul\u0117s spinduli\u0173. Nelaikykite ten, kur dr\u0117gna, pvz. vonia. Saugoti nuo vaik\u0173.<\/p>\n<h2 class=\"tw-data-text tw-text-large tw-ta\" dir=\"ltr\" data-placeholder=\"Vertimas\" aria-label=\"I\u0161verstas tekstas\" data-ved=\"2ahUKEwjX9MHQs7yGAxWkRaQEHStLCz8Q3ewLegQIDxAU\"><span class=\"Y2IQFc\" lang=\"lt\">\u0160alutiniai poveikiai:<\/span><\/h2>\n<p class=\"tw-data-text tw-text-large tw-ta\" dir=\"ltr\" data-placeholder=\"Vertimas\" aria-label=\"I\u0161verstas tekstas\" data-ved=\"2ahUKEwjX9MHQs7yGAxWkRaQEHStLCz8Q3ewLegQIDxAU\"><span class=\"Y2IQFc\" lang=\"lt\">Da\u017enas \u0161alutinis poveikis gali b\u016bti galvos skausmas, nugaros skausmas, raumen\u0173 skausmai, paraudimas, vir\u0161kinimo sutrikimai ir nosies u\u017egulimas. \u0160alutinis poveikis da\u017eniausiai pasirei\u0161kia, d\u0117l per didel\u0117s doz\u0117s j\u016bs\u0173 organizmui. Jai doz\u0117 yra tinkama j\u016bs\u0173 organizmui, \u0161alutinis poveikis nepasireik\u0161. \u0160alutinis poveikis da\u017eniausiai trunka neilgai ir nesukelia dideli\u0173 nepatogum\u0173.\u00a0 Retais atvejais gali pasireik\u0161ti sunkus \u0161alutinis poveikis, kuris n\u0117ra nurodytas \u010dia arba ilgiau nei keturias valandas trunkanti erekcija. Nedelsdami kreipkit\u0117s medicinin\u0117s pagalbos, jei pasirei\u0161kia sunkus \u0161alutinis poveikis.\u00a0\u00a0<\/span><\/p>\n<h2 class=\"tw-data-text tw-text-large tw-ta\" dir=\"ltr\" data-placeholder=\"Vertimas\" aria-label=\"I\u0161verstas tekstas\" data-ved=\"2ahUKEwjX9MHQs7yGAxWkRaQEHStLCz8Q3ewLegQIDxAU\"><span class=\"Y2IQFc\" lang=\"lt\">Atsargumo priemon\u0117s:<\/span><\/h2>\n<p class=\"tw-data-text tw-text-large tw-ta\" dir=\"ltr\" data-placeholder=\"Vertimas\" aria-label=\"I\u0161verstas tekstas\" data-ved=\"2ahUKEwjX9MHQs7yGAxWkRaQEHStLCz8Q3ewLegQIDxAU\"><span class=\"Y2IQFc\" lang=\"lt\">Prie\u0161 vartojim\u0105, pasakykite savo sveikatos prie\u017ei\u016bros paslaug\u0173 teik\u0117jui, jei sirgote \u0161irdies liga, auk\u0161tu ar \u017eemu kraujosp\u016bd\u017eiu, kepen\u0173 ar inkst\u0173 liga, skrand\u017eio opa, kraujavimo sutrikimais ar kitomis sveikatos b\u016bkl\u0117mis. Preparatas gali s\u0105veikauti su tam tikrais vaistais ir papildais, tod\u0117l svarbu informuoti savo sveikatos prie\u017ei\u016bros paslaug\u0173 teik\u0117j\u0105 apie visus \u0161iuo metu vartojamus vaistus.<\/span><\/p>\n<h2 class=\"tw-data-text tw-text-large tw-ta\" dir=\"ltr\" data-placeholder=\"Vertimas\" aria-label=\"I\u0161verstas tekstas\" data-ved=\"2ahUKEwjX9MHQs7yGAxWkRaQEHStLCz8Q3ewLegQIDxAU\"><span class=\"Y2IQFc\" lang=\"lt\">\u012esp\u0117jimai:<\/span><\/h2>\n<p class=\"tw-data-text tw-text-large tw-ta\" dir=\"ltr\" data-placeholder=\"Vertimas\" aria-label=\"I\u0161verstas tekstas\" data-ved=\"2ahUKEwjX9MHQs7yGAxWkRaQEHStLCz8Q3ewLegQIDxAU\"><span class=\"Y2IQFc\" lang=\"lt\">Preparato netur\u0117t\u0173 vartoti moterys ar vaikai. Taip pat vartoti negalima, jeigu yra alergija veikliajai med\u017eiagai arba bet kuriai pagalbinei produkto med\u017eiagai. Jei pasirei\u0161kia alergin\u0117 reakcija, pvz., pasunk\u0117j\u0119s kv\u0117pavimas, veido, l\u016bp\u0173, lie\u017euvio ar gerkl\u0117s patinimas, kreipkit\u0117s greitosios medicinos pagalbos.<\/span><\/p>\n<h2 class=\"tw-data-text tw-text-large tw-ta\" dir=\"ltr\" data-placeholder=\"Vertimas\" aria-label=\"I\u0161verstas tekstas\" data-ved=\"2ahUKEwjX9MHQs7yGAxWkRaQEHStLCz8Q3ewLegQIDxAU\"><span class=\"Y2IQFc\" lang=\"lt\">Vaist\u0173 s\u0105veika:<\/span><\/h2>\n<p class=\"tw-data-text tw-text-large tw-ta\" dir=\"ltr\" data-placeholder=\"Vertimas\" aria-label=\"I\u0161verstas tekstas\" data-ved=\"2ahUKEwjX9MHQs7yGAxWkRaQEHStLCz8Q3ewLegQIDxAU\"><span class=\"Y2IQFc\" lang=\"lt\">Produktas gali s\u0105veikauti su tam tikrais vaistais, \u012fskaitant nitratus, vartojamus nuo kr\u016btin\u0117s skausmo ar \u0161irdies problem\u0173, alfa adrenoblokatorius, vartojamus auk\u0161tam kraujosp\u016bd\u017eiui ar prostatos sutrikimams gydyti, ir tam tikrais antibiotikais bei prie\u0161grybeliniais vaistais. Prie\u0161 prad\u0117dami vartoti \u0161\u012f preparat\u0105, informuokite savo sveikatos prie\u017ei\u016bros paslaug\u0173 teik\u0117j\u0105 apie visus \u0161iuo metu vartojamus vaistus.<\/span><\/p>\n","protected":false},"excerpt":{"rendered":"<p>Tadarise 60 \u2013 ilgo poveikio (savaitgalin\u0117s), labai stiprios koncentracijos tablet\u0117s\u00a0nuo erecijos sutrikim\u0173 bei potencijai stiprinti.<br \/>\nEfektas juntamas ilgiau nei par\u0105 laiko ! Tadarise 60 raple\u010dia varpos kraujagysles ir leid\u017eia pasiekti tvirtesnes erekcijas bet kuriuo paros metu! Sustiprinkite potencij\u0105 ir pamir\u0161kite erekcijos sutrikimus su Tadarise 60 !<\/p>\n<p>Pakuot\u0117je 10 vnt. Rekomenduotina tik band\u017eiusiems ma\u017eesnes Tadarise koncetracijas.<\/p>\n<p>Tadarise 60 yra stiprios koncentracijos produktas, tod\u0117l rekomenduojama vartoti atsakingai ir susipa\u017einti su vartojimo instrukcijomis.<\/p>\n<p>(Prie\u0161 u\u017esakant perskaitykite piln\u0105 produkto apra\u0161ym\u0105, kur\u012f galite atsidaryti paspaud\u0119 ant produkto pavadinimo ar nuotraukos).<\/p>\n","protected":false},"featured_media":37808,"template":"","meta":[],"etheme_brands":[],"product_brand":[],"product_cat":[162,166],"product_tag":[217],"class_list":{"0":"post-36340","1":"product","2":"type-product","3":"status-publish","4":"has-post-thumbnail","6":"product_cat-for-erection","7":"product_cat-tadalafil-en","8":"product_tag-tadarise-en","10":"first","11":"instock","12":"shipping-taxable","13":"purchasable","14":"product-type-simple"},"yoast_head":"<!-- This site is optimized with the Yoast SEO plugin v26.2 - https:\/\/yoast.com\/wordpress\/plugins\/seo\/ -->\n<title>Tadarise 60 - Erozone<\/title>\n<meta name=\"description\" content=\"Tadarise 60 \u2705 Stiprinkite potencij\u0105 su m\u016bs\u0173 papildais u\u017e ger\u0105 kain\u0105 \u2764\ufe0f Gyvenkite aktyv\u0173 gyvenim\u0105! U\u017esisakykite!\" \/>\n<meta name=\"robots\" content=\"index, follow, max-snippet:-1, max-image-preview:large, max-video-preview:-1\" \/>\n<link rel=\"canonical\" href=\"https:\/\/erozone.org\/en\/produktas\/tadarise-60\/\" \/>\n<meta property=\"og:locale\" content=\"en_US\" \/>\n<meta property=\"og:type\" content=\"article\" \/>\n<meta property=\"og:title\" content=\"Tadarise 60 - Erozone\" \/>\n<meta property=\"og:description\" content=\"Tadarise 60 \u2705 Stiprinkite potencij\u0105 su m\u016bs\u0173 papildais u\u017e ger\u0105 kain\u0105 \u2764\ufe0f Gyvenkite aktyv\u0173 gyvenim\u0105! U\u017esisakykite!\" \/>\n<meta property=\"og:url\" content=\"https:\/\/erozone.org\/en\/produktas\/tadarise-60\/\" \/>\n<meta property=\"og:site_name\" content=\"Erozone\" \/>\n<meta property=\"article:modified_time\" content=\"2026-05-02T10:10:04+00:00\" \/>\n<meta property=\"og:image\" content=\"https:\/\/erozone.org\/wp-content\/uploads\/2022\/02\/Tadarise-60-org-1.jpg\" \/>\n\t<meta property=\"og:image:width\" content=\"1240\" \/>\n\t<meta property=\"og:image:height\" content=\"963\" \/>\n\t<meta property=\"og:image:type\" content=\"image\/jpeg\" \/>\n<meta name=\"twitter:card\" content=\"summary_large_image\" \/>\n<meta name=\"twitter:label1\" content=\"Est. reading time\" \/>\n\t<meta name=\"twitter:data1\" content=\"4 minutes\" \/>\n<script type=\"application\/ld+json\" class=\"yoast-schema-graph\">{\"@context\":\"https:\/\/schema.org\",\"@graph\":[{\"@type\":\"WebPage\",\"@id\":\"https:\/\/erozone.org\/en\/produktas\/tadarise-60\/\",\"url\":\"https:\/\/erozone.org\/en\/produktas\/tadarise-60\/\",\"name\":\"Tadarise 60 - Erozone\",\"isPartOf\":{\"@id\":\"https:\/\/erozone.org\/en\/#website\"},\"primaryImageOfPage\":{\"@id\":\"https:\/\/erozone.org\/en\/produktas\/tadarise-60\/#primaryimage\"},\"image\":{\"@id\":\"https:\/\/erozone.org\/en\/produktas\/tadarise-60\/#primaryimage\"},\"thumbnailUrl\":\"https:\/\/erozone.org\/wp-content\/uploads\/2022\/02\/Tadarise-60-org-1.jpg\",\"datePublished\":\"2022-02-06T18:52:52+00:00\",\"dateModified\":\"2026-05-02T10:10:04+00:00\",\"description\":\"Tadarise 60 \u2705 Stiprinkite potencij\u0105 su m\u016bs\u0173 papildais u\u017e ger\u0105 kain\u0105 \u2764\ufe0f Gyvenkite aktyv\u0173 gyvenim\u0105! U\u017esisakykite!\",\"breadcrumb\":{\"@id\":\"https:\/\/erozone.org\/en\/produktas\/tadarise-60\/#breadcrumb\"},\"inLanguage\":\"en-US\",\"potentialAction\":[{\"@type\":\"ReadAction\",\"target\":[\"https:\/\/erozone.org\/en\/produktas\/tadarise-60\/\"]}]},{\"@type\":\"ImageObject\",\"inLanguage\":\"en-US\",\"@id\":\"https:\/\/erozone.org\/en\/produktas\/tadarise-60\/#primaryimage\",\"url\":\"https:\/\/erozone.org\/wp-content\/uploads\/2022\/02\/Tadarise-60-org-1.jpg\",\"contentUrl\":\"https:\/\/erozone.org\/wp-content\/uploads\/2022\/02\/Tadarise-60-org-1.jpg\",\"width\":1240,\"height\":963},{\"@type\":\"BreadcrumbList\",\"@id\":\"https:\/\/erozone.org\/en\/produktas\/tadarise-60\/#breadcrumb\",\"itemListElement\":[{\"@type\":\"ListItem\",\"position\":1,\"name\":\"Home\",\"item\":\"https:\/\/erozone.org\/\"},{\"@type\":\"ListItem\",\"position\":2,\"name\":\"Katalogas\",\"item\":\"https:\/\/erozone.org\/katalogas\/\"},{\"@type\":\"ListItem\",\"position\":3,\"name\":\"Tadarise 60\"}]},{\"@type\":\"WebSite\",\"@id\":\"https:\/\/erozone.org\/en\/#website\",\"url\":\"https:\/\/erozone.org\/en\/\",\"name\":\"Erozone\",\"description\":\"prek\u0117s internetu suaugusiems\",\"publisher\":{\"@id\":\"https:\/\/erozone.org\/en\/#organization\"},\"potentialAction\":[{\"@type\":\"SearchAction\",\"target\":{\"@type\":\"EntryPoint\",\"urlTemplate\":\"https:\/\/erozone.org\/en\/?s={search_term_string}\"},\"query-input\":{\"@type\":\"PropertyValueSpecification\",\"valueRequired\":true,\"valueName\":\"search_term_string\"}}],\"inLanguage\":\"en-US\"},{\"@type\":\"Organization\",\"@id\":\"https:\/\/erozone.org\/en\/#organization\",\"name\":\"Erozone\",\"url\":\"https:\/\/erozone.org\/en\/\",\"logo\":{\"@type\":\"ImageObject\",\"inLanguage\":\"en-US\",\"@id\":\"https:\/\/erozone.org\/en\/#\/schema\/logo\/image\/\",\"url\":\"https:\/\/erozone.org\/wp-content\/uploads\/2023\/01\/logo-1.png\",\"contentUrl\":\"https:\/\/erozone.org\/wp-content\/uploads\/2023\/01\/logo-1.png\",\"width\":182,\"height\":30,\"caption\":\"Erozone\"},\"image\":{\"@id\":\"https:\/\/erozone.org\/en\/#\/schema\/logo\/image\/\"}}]}<\/script>\n<!-- \/ Yoast SEO plugin. -->","yoast_head_json":{"title":"Tadarise 60 - Erozone","description":"Tadarise 60 \u2705 Stiprinkite potencij\u0105 su m\u016bs\u0173 papildais u\u017e ger\u0105 kain\u0105 \u2764\ufe0f Gyvenkite aktyv\u0173 gyvenim\u0105! U\u017esisakykite!","robots":{"index":"index","follow":"follow","max-snippet":"max-snippet:-1","max-image-preview":"max-image-preview:large","max-video-preview":"max-video-preview:-1"},"canonical":"https:\/\/erozone.org\/en\/produktas\/tadarise-60\/","og_locale":"en_US","og_type":"article","og_title":"Tadarise 60 - Erozone","og_description":"Tadarise 60 \u2705 Stiprinkite potencij\u0105 su m\u016bs\u0173 papildais u\u017e ger\u0105 kain\u0105 \u2764\ufe0f Gyvenkite aktyv\u0173 gyvenim\u0105! U\u017esisakykite!","og_url":"https:\/\/erozone.org\/en\/produktas\/tadarise-60\/","og_site_name":"Erozone","article_modified_time":"2026-05-02T10:10:04+00:00","og_image":[{"width":1240,"height":963,"url":"https:\/\/erozone.org\/wp-content\/uploads\/2022\/02\/Tadarise-60-org-1.jpg","type":"image\/jpeg"}],"twitter_card":"summary_large_image","twitter_misc":{"Est. reading time":"4 minutes"},"schema":{"@context":"https:\/\/schema.org","@graph":[{"@type":"WebPage","@id":"https:\/\/erozone.org\/en\/produktas\/tadarise-60\/","url":"https:\/\/erozone.org\/en\/produktas\/tadarise-60\/","name":"Tadarise 60 - Erozone","isPartOf":{"@id":"https:\/\/erozone.org\/en\/#website"},"primaryImageOfPage":{"@id":"https:\/\/erozone.org\/en\/produktas\/tadarise-60\/#primaryimage"},"image":{"@id":"https:\/\/erozone.org\/en\/produktas\/tadarise-60\/#primaryimage"},"thumbnailUrl":"https:\/\/erozone.org\/wp-content\/uploads\/2022\/02\/Tadarise-60-org-1.jpg","datePublished":"2022-02-06T18:52:52+00:00","dateModified":"2026-05-02T10:10:04+00:00","description":"Tadarise 60 \u2705 Stiprinkite potencij\u0105 su m\u016bs\u0173 papildais u\u017e ger\u0105 kain\u0105 \u2764\ufe0f Gyvenkite aktyv\u0173 gyvenim\u0105! U\u017esisakykite!","breadcrumb":{"@id":"https:\/\/erozone.org\/en\/produktas\/tadarise-60\/#breadcrumb"},"inLanguage":"en-US","potentialAction":[{"@type":"ReadAction","target":["https:\/\/erozone.org\/en\/produktas\/tadarise-60\/"]}]},{"@type":"ImageObject","inLanguage":"en-US","@id":"https:\/\/erozone.org\/en\/produktas\/tadarise-60\/#primaryimage","url":"https:\/\/erozone.org\/wp-content\/uploads\/2022\/02\/Tadarise-60-org-1.jpg","contentUrl":"https:\/\/erozone.org\/wp-content\/uploads\/2022\/02\/Tadarise-60-org-1.jpg","width":1240,"height":963},{"@type":"BreadcrumbList","@id":"https:\/\/erozone.org\/en\/produktas\/tadarise-60\/#breadcrumb","itemListElement":[{"@type":"ListItem","position":1,"name":"Home","item":"https:\/\/erozone.org\/"},{"@type":"ListItem","position":2,"name":"Katalogas","item":"https:\/\/erozone.org\/katalogas\/"},{"@type":"ListItem","position":3,"name":"Tadarise 60"}]},{"@type":"WebSite","@id":"https:\/\/erozone.org\/en\/#website","url":"https:\/\/erozone.org\/en\/","name":"Erozone","description":"prek\u0117s internetu suaugusiems","publisher":{"@id":"https:\/\/erozone.org\/en\/#organization"},"potentialAction":[{"@type":"SearchAction","target":{"@type":"EntryPoint","urlTemplate":"https:\/\/erozone.org\/en\/?s={search_term_string}"},"query-input":{"@type":"PropertyValueSpecification","valueRequired":true,"valueName":"search_term_string"}}],"inLanguage":"en-US"},{"@type":"Organization","@id":"https:\/\/erozone.org\/en\/#organization","name":"Erozone","url":"https:\/\/erozone.org\/en\/","logo":{"@type":"ImageObject","inLanguage":"en-US","@id":"https:\/\/erozone.org\/en\/#\/schema\/logo\/image\/","url":"https:\/\/erozone.org\/wp-content\/uploads\/2023\/01\/logo-1.png","contentUrl":"https:\/\/erozone.org\/wp-content\/uploads\/2023\/01\/logo-1.png","width":182,"height":30,"caption":"Erozone"},"image":{"@id":"https:\/\/erozone.org\/en\/#\/schema\/logo\/image\/"}}]}},"_links":{"self":[{"href":"https:\/\/erozone.org\/en\/wp-json\/wp\/v2\/product\/36340","targetHints":{"allow":["GET"]}}],"collection":[{"href":"https:\/\/erozone.org\/en\/wp-json\/wp\/v2\/product"}],"about":[{"href":"https:\/\/erozone.org\/en\/wp-json\/wp\/v2\/types\/product"}],"version-history":[{"count":2,"href":"https:\/\/erozone.org\/en\/wp-json\/wp\/v2\/product\/36340\/revisions"}],"predecessor-version":[{"id":48313,"href":"https:\/\/erozone.org\/en\/wp-json\/wp\/v2\/product\/36340\/revisions\/48313"}],"wp:featuredmedia":[{"embeddable":true,"href":"https:\/\/erozone.org\/en\/wp-json\/wp\/v2\/media\/37808"}],"wp:attachment":[{"href":"https:\/\/erozone.org\/en\/wp-json\/wp\/v2\/media?parent=36340"}],"wp:term":[{"taxonomy":"brand","embeddable":true,"href":"https:\/\/erozone.org\/en\/wp-json\/wp\/v2\/etheme_brands?post=36340"},{"taxonomy":"product_brand","embeddable":true,"href":"https:\/\/erozone.org\/en\/wp-json\/wp\/v2\/product_brand?post=36340"},{"taxonomy":"product_cat","embeddable":true,"href":"https:\/\/erozone.org\/en\/wp-json\/wp\/v2\/product_cat?post=36340"},{"taxonomy":"product_tag","embeddable":true,"href":"https:\/\/erozone.org\/en\/wp-json\/wp\/v2\/product_tag?post=36340"}],"curies":[{"name":"wp","href":"https:\/\/api.w.org\/{rel}","templated":true}]}}