{"id":36345,"date":"2022-02-04T15:54:31","date_gmt":"2022-02-04T13:54:31","guid":{"rendered":"https:\/\/erozone.org\/produktas\/zudena-200\/"},"modified":"2026-04-09T20:56:44","modified_gmt":"2026-04-09T17:56:44","slug":"zudena-200","status":"publish","type":"product","link":"https:\/\/erozone.org\/en\/produktas\/zudena-200\/","title":{"rendered":"Zudena 200"},"content":{"rendered":"<p>Zudena 200 &#8211; Tai stipresn\u0117 Zudena versija, sukurta vyrams, dar labiau sustiprinti lytin\u012f paj\u0117gum\u0105 bei \u012fveikti erekcijos disfunkcij\u0105.<br \/>\nZudena 200 sud\u0117tyje yra 200 mg Udenafilio.<\/p>\n<p>Udenafilis yra PDE5 inhibitorius (PDE5 inhibitoriai \u2013 pirmaeiliai preparatai skirti nuo erekcijos disfunkcijos), sukurtas pagal auk\u0161\u010diausios kokyb\u0117s standartus Piet\u0173 Kor\u0117joje.<br \/>\nUdenafilis padeda pa\u0161alinti erekcijos sutrikimus, padidindamas kraujo tek\u0117jim\u0105 \u012f varp\u0105 bei atpalaiduodamas vyr\u0173 varpos raumenis. Jis yra gerai toleruojamas organizmo. Poveikis pasirei\u0161kia ma\u017edaug po 30-60 minu\u010di\u0173, i\u0161g\u0117rus tablet\u0119 ant tu\u0161\u010dio skrand\u017eio. Jei Udenafil yra naudojamas kartu su maistu, tai poveikis gali pasireik\u0161ti tik po 4 val. Udenafil efektas trunka iki 12 val., bet stipriausias efektas teikiamas apie 3-4 val. po suvartojimo.<\/p>\n<p>Udenafilis gali b\u016bti naudojamas ir vyr\u0173, kurie neturi erekcijos disfunkcijos sutrikim\u0173, bet siekia dar standesn\u0117s erekcijos nei \u012fprastai ir didesnio lytinio paj\u0117gumo.<\/p>\n<p>Zudena 200 pakuot\u0117je yra 4 vienetai 200 mg udenafil table\u010di\u0173.<\/p>\n<h2>Zudena 200 privalumai:<\/h2>\n<p>&#8211; Dvigubai stipresn\u0117 Udenafil koncentracija.<br \/>\n\u2013 Pad\u0117s \u012fveikti erekcijos sutrikimus.<br \/>\n\u2013 suteiks stangri\u0105 erekcij\u0105.<br \/>\n\u2013 pad\u0117s i\u0161laikyti stangri\u0105 erekcij\u0105 lytinio akto metu.<br \/>\n\u2013 pagerins seksualin\u0119 sveikat\u0105 bei pasitik\u0117jim\u0105.<br \/>\n\u2013 gerai toleruojamas organizmo.<\/p>\n<h2>Kaip vartoti Zudena 200?<\/h2>\n<p>Zudena 200 tablet\u0119 i\u0161gerti 30-60 min. iki lytinio akto prad\u017eios. Gerti ant tu\u0161tesnio skrand\u017eio, neprisivalgius. Nemai\u0161yti su greipfrutais ar j\u0173 produktais.<\/p>\n<h2>Zudena 200 laikymas:<\/h2>\n<p>Laikykite Zudena 200 kambario temperat\u016broje, toliau nuo saul\u0117s spinduli\u0173 ir kar\u0161\u010dio, \u0161varioje ir sausoje vietoje.<\/p>\n","protected":false},"excerpt":{"rendered":"<p>Zudena 200 \u2013 stiprios sud\u0117ties preparatas potencijai sustiprinti ir \u012fveikti erekcijos sutrikimus! Sud\u0117tyje 200 mg Udenafil \u2013 viena naujausi\u0173 rinkoje veikli\u0173j\u0173 med\u017eiag\u0173 erekcijos stiprinimui. Zudena 200 pagerins j\u016bs\u0173 seksualin\u012f gyvenim\u0105 ir leis jaustis u\u017etikrintai.<\/p>\n","protected":false},"featured_media":37896,"template":"","meta":[],"etheme_brands":[],"product_brand":[],"product_cat":[169],"product_tag":[182,228],"class_list":{"0":"post-36345","1":"product","2":"type-product","3":"status-publish","4":"has-post-thumbnail","6":"product_cat-others","7":"product_tag-cenforce-en","8":"product_tag-zudena-en","10":"first","11":"outofstock","12":"shipping-taxable","13":"purchasable","14":"product-type-simple"},"yoast_head":"<!-- This site is optimized with the Yoast SEO plugin v26.2 - https:\/\/yoast.com\/wordpress\/plugins\/seo\/ -->\n<title>Zudena 200 - Erozone<\/title>\n<meta name=\"description\" content=\"Zudena 200 \u2705 Stiprinkite potencij\u0105 su m\u016bs\u0173 papildais u\u017e ger\u0105 kain\u0105 \u2764\ufe0f Gyvenkite aktyv\u0173 gyvenim\u0105! U\u017esisakykite!\" \/>\n<meta name=\"robots\" content=\"index, follow, max-snippet:-1, max-image-preview:large, max-video-preview:-1\" \/>\n<link rel=\"canonical\" href=\"https:\/\/erozone.org\/en\/produktas\/zudena-200\/\" \/>\n<meta property=\"og:locale\" content=\"en_US\" \/>\n<meta property=\"og:type\" content=\"article\" \/>\n<meta property=\"og:title\" content=\"Zudena 200 - Erozone\" \/>\n<meta property=\"og:description\" content=\"Zudena 200 \u2705 Stiprinkite potencij\u0105 su m\u016bs\u0173 papildais u\u017e ger\u0105 kain\u0105 \u2764\ufe0f Gyvenkite aktyv\u0173 gyvenim\u0105! U\u017esisakykite!\" \/>\n<meta property=\"og:url\" content=\"https:\/\/erozone.org\/en\/produktas\/zudena-200\/\" \/>\n<meta property=\"og:site_name\" content=\"Erozone\" \/>\n<meta property=\"article:modified_time\" content=\"2026-04-09T17:56:44+00:00\" \/>\n<meta property=\"og:image\" content=\"https:\/\/erozone.org\/wp-content\/uploads\/2022\/02\/Zudena-200-org3.jpg\" \/>\n\t<meta property=\"og:image:width\" content=\"1152\" \/>\n\t<meta property=\"og:image:height\" content=\"1064\" \/>\n\t<meta property=\"og:image:type\" content=\"image\/jpeg\" \/>\n<meta name=\"twitter:card\" content=\"summary_large_image\" \/>\n<meta name=\"twitter:label1\" content=\"Est. reading time\" \/>\n\t<meta name=\"twitter:data1\" content=\"2 minutes\" \/>\n<script type=\"application\/ld+json\" class=\"yoast-schema-graph\">{\"@context\":\"https:\/\/schema.org\",\"@graph\":[{\"@type\":\"WebPage\",\"@id\":\"https:\/\/erozone.org\/en\/produktas\/zudena-200\/\",\"url\":\"https:\/\/erozone.org\/en\/produktas\/zudena-200\/\",\"name\":\"Zudena 200 - Erozone\",\"isPartOf\":{\"@id\":\"https:\/\/erozone.org\/en\/#website\"},\"primaryImageOfPage\":{\"@id\":\"https:\/\/erozone.org\/en\/produktas\/zudena-200\/#primaryimage\"},\"image\":{\"@id\":\"https:\/\/erozone.org\/en\/produktas\/zudena-200\/#primaryimage\"},\"thumbnailUrl\":\"https:\/\/erozone.org\/wp-content\/uploads\/2022\/02\/Zudena-200-org3.jpg\",\"datePublished\":\"2022-02-04T13:54:31+00:00\",\"dateModified\":\"2026-04-09T17:56:44+00:00\",\"description\":\"Zudena 200 \u2705 Stiprinkite potencij\u0105 su m\u016bs\u0173 papildais u\u017e ger\u0105 kain\u0105 \u2764\ufe0f Gyvenkite aktyv\u0173 gyvenim\u0105! U\u017esisakykite!\",\"breadcrumb\":{\"@id\":\"https:\/\/erozone.org\/en\/produktas\/zudena-200\/#breadcrumb\"},\"inLanguage\":\"en-US\",\"potentialAction\":[{\"@type\":\"ReadAction\",\"target\":[\"https:\/\/erozone.org\/en\/produktas\/zudena-200\/\"]}]},{\"@type\":\"ImageObject\",\"inLanguage\":\"en-US\",\"@id\":\"https:\/\/erozone.org\/en\/produktas\/zudena-200\/#primaryimage\",\"url\":\"https:\/\/erozone.org\/wp-content\/uploads\/2022\/02\/Zudena-200-org3.jpg\",\"contentUrl\":\"https:\/\/erozone.org\/wp-content\/uploads\/2022\/02\/Zudena-200-org3.jpg\",\"width\":1152,\"height\":1064},{\"@type\":\"BreadcrumbList\",\"@id\":\"https:\/\/erozone.org\/en\/produktas\/zudena-200\/#breadcrumb\",\"itemListElement\":[{\"@type\":\"ListItem\",\"position\":1,\"name\":\"Home\",\"item\":\"https:\/\/erozone.org\/\"},{\"@type\":\"ListItem\",\"position\":2,\"name\":\"Katalogas\",\"item\":\"https:\/\/erozone.org\/katalogas\/\"},{\"@type\":\"ListItem\",\"position\":3,\"name\":\"Zudena 200\"}]},{\"@type\":\"WebSite\",\"@id\":\"https:\/\/erozone.org\/en\/#website\",\"url\":\"https:\/\/erozone.org\/en\/\",\"name\":\"Erozone\",\"description\":\"prek\u0117s internetu suaugusiems\",\"publisher\":{\"@id\":\"https:\/\/erozone.org\/en\/#organization\"},\"potentialAction\":[{\"@type\":\"SearchAction\",\"target\":{\"@type\":\"EntryPoint\",\"urlTemplate\":\"https:\/\/erozone.org\/en\/?s={search_term_string}\"},\"query-input\":{\"@type\":\"PropertyValueSpecification\",\"valueRequired\":true,\"valueName\":\"search_term_string\"}}],\"inLanguage\":\"en-US\"},{\"@type\":\"Organization\",\"@id\":\"https:\/\/erozone.org\/en\/#organization\",\"name\":\"Erozone\",\"url\":\"https:\/\/erozone.org\/en\/\",\"logo\":{\"@type\":\"ImageObject\",\"inLanguage\":\"en-US\",\"@id\":\"https:\/\/erozone.org\/en\/#\/schema\/logo\/image\/\",\"url\":\"https:\/\/erozone.org\/wp-content\/uploads\/2023\/01\/logo-1.png\",\"contentUrl\":\"https:\/\/erozone.org\/wp-content\/uploads\/2023\/01\/logo-1.png\",\"width\":182,\"height\":30,\"caption\":\"Erozone\"},\"image\":{\"@id\":\"https:\/\/erozone.org\/en\/#\/schema\/logo\/image\/\"}}]}<\/script>\n<!-- \/ Yoast SEO plugin. -->","yoast_head_json":{"title":"Zudena 200 - Erozone","description":"Zudena 200 \u2705 Stiprinkite potencij\u0105 su m\u016bs\u0173 papildais u\u017e ger\u0105 kain\u0105 \u2764\ufe0f Gyvenkite aktyv\u0173 gyvenim\u0105! U\u017esisakykite!","robots":{"index":"index","follow":"follow","max-snippet":"max-snippet:-1","max-image-preview":"max-image-preview:large","max-video-preview":"max-video-preview:-1"},"canonical":"https:\/\/erozone.org\/en\/produktas\/zudena-200\/","og_locale":"en_US","og_type":"article","og_title":"Zudena 200 - Erozone","og_description":"Zudena 200 \u2705 Stiprinkite potencij\u0105 su m\u016bs\u0173 papildais u\u017e ger\u0105 kain\u0105 \u2764\ufe0f Gyvenkite aktyv\u0173 gyvenim\u0105! U\u017esisakykite!","og_url":"https:\/\/erozone.org\/en\/produktas\/zudena-200\/","og_site_name":"Erozone","article_modified_time":"2026-04-09T17:56:44+00:00","og_image":[{"width":1152,"height":1064,"url":"https:\/\/erozone.org\/wp-content\/uploads\/2022\/02\/Zudena-200-org3.jpg","type":"image\/jpeg"}],"twitter_card":"summary_large_image","twitter_misc":{"Est. reading time":"2 minutes"},"schema":{"@context":"https:\/\/schema.org","@graph":[{"@type":"WebPage","@id":"https:\/\/erozone.org\/en\/produktas\/zudena-200\/","url":"https:\/\/erozone.org\/en\/produktas\/zudena-200\/","name":"Zudena 200 - Erozone","isPartOf":{"@id":"https:\/\/erozone.org\/en\/#website"},"primaryImageOfPage":{"@id":"https:\/\/erozone.org\/en\/produktas\/zudena-200\/#primaryimage"},"image":{"@id":"https:\/\/erozone.org\/en\/produktas\/zudena-200\/#primaryimage"},"thumbnailUrl":"https:\/\/erozone.org\/wp-content\/uploads\/2022\/02\/Zudena-200-org3.jpg","datePublished":"2022-02-04T13:54:31+00:00","dateModified":"2026-04-09T17:56:44+00:00","description":"Zudena 200 \u2705 Stiprinkite potencij\u0105 su m\u016bs\u0173 papildais u\u017e ger\u0105 kain\u0105 \u2764\ufe0f Gyvenkite aktyv\u0173 gyvenim\u0105! U\u017esisakykite!","breadcrumb":{"@id":"https:\/\/erozone.org\/en\/produktas\/zudena-200\/#breadcrumb"},"inLanguage":"en-US","potentialAction":[{"@type":"ReadAction","target":["https:\/\/erozone.org\/en\/produktas\/zudena-200\/"]}]},{"@type":"ImageObject","inLanguage":"en-US","@id":"https:\/\/erozone.org\/en\/produktas\/zudena-200\/#primaryimage","url":"https:\/\/erozone.org\/wp-content\/uploads\/2022\/02\/Zudena-200-org3.jpg","contentUrl":"https:\/\/erozone.org\/wp-content\/uploads\/2022\/02\/Zudena-200-org3.jpg","width":1152,"height":1064},{"@type":"BreadcrumbList","@id":"https:\/\/erozone.org\/en\/produktas\/zudena-200\/#breadcrumb","itemListElement":[{"@type":"ListItem","position":1,"name":"Home","item":"https:\/\/erozone.org\/"},{"@type":"ListItem","position":2,"name":"Katalogas","item":"https:\/\/erozone.org\/katalogas\/"},{"@type":"ListItem","position":3,"name":"Zudena 200"}]},{"@type":"WebSite","@id":"https:\/\/erozone.org\/en\/#website","url":"https:\/\/erozone.org\/en\/","name":"Erozone","description":"prek\u0117s internetu suaugusiems","publisher":{"@id":"https:\/\/erozone.org\/en\/#organization"},"potentialAction":[{"@type":"SearchAction","target":{"@type":"EntryPoint","urlTemplate":"https:\/\/erozone.org\/en\/?s={search_term_string}"},"query-input":{"@type":"PropertyValueSpecification","valueRequired":true,"valueName":"search_term_string"}}],"inLanguage":"en-US"},{"@type":"Organization","@id":"https:\/\/erozone.org\/en\/#organization","name":"Erozone","url":"https:\/\/erozone.org\/en\/","logo":{"@type":"ImageObject","inLanguage":"en-US","@id":"https:\/\/erozone.org\/en\/#\/schema\/logo\/image\/","url":"https:\/\/erozone.org\/wp-content\/uploads\/2023\/01\/logo-1.png","contentUrl":"https:\/\/erozone.org\/wp-content\/uploads\/2023\/01\/logo-1.png","width":182,"height":30,"caption":"Erozone"},"image":{"@id":"https:\/\/erozone.org\/en\/#\/schema\/logo\/image\/"}}]}},"_links":{"self":[{"href":"https:\/\/erozone.org\/en\/wp-json\/wp\/v2\/product\/36345","targetHints":{"allow":["GET"]}}],"collection":[{"href":"https:\/\/erozone.org\/en\/wp-json\/wp\/v2\/product"}],"about":[{"href":"https:\/\/erozone.org\/en\/wp-json\/wp\/v2\/types\/product"}],"version-history":[{"count":2,"href":"https:\/\/erozone.org\/en\/wp-json\/wp\/v2\/product\/36345\/revisions"}],"predecessor-version":[{"id":48245,"href":"https:\/\/erozone.org\/en\/wp-json\/wp\/v2\/product\/36345\/revisions\/48245"}],"wp:featuredmedia":[{"embeddable":true,"href":"https:\/\/erozone.org\/en\/wp-json\/wp\/v2\/media\/37896"}],"wp:attachment":[{"href":"https:\/\/erozone.org\/en\/wp-json\/wp\/v2\/media?parent=36345"}],"wp:term":[{"taxonomy":"brand","embeddable":true,"href":"https:\/\/erozone.org\/en\/wp-json\/wp\/v2\/etheme_brands?post=36345"},{"taxonomy":"product_brand","embeddable":true,"href":"https:\/\/erozone.org\/en\/wp-json\/wp\/v2\/product_brand?post=36345"},{"taxonomy":"product_cat","embeddable":true,"href":"https:\/\/erozone.org\/en\/wp-json\/wp\/v2\/product_cat?post=36345"},{"taxonomy":"product_tag","embeddable":true,"href":"https:\/\/erozone.org\/en\/wp-json\/wp\/v2\/product_tag?post=36345"}],"curies":[{"name":"wp","href":"https:\/\/api.w.org\/{rel}","templated":true}]}}