{"id":36346,"date":"2022-02-01T19:09:41","date_gmt":"2022-02-01T17:09:41","guid":{"rendered":"https:\/\/erozone.org\/produktas\/zudena-100\/"},"modified":"2026-04-03T15:04:41","modified_gmt":"2026-04-03T12:04:41","slug":"zudena-100","status":"publish","type":"product","link":"https:\/\/erozone.org\/en\/produktas\/zudena-100\/","title":{"rendered":"Zudena 100"},"content":{"rendered":"<p>Zudena 100 &#8211; sukurtas vyrams, turintiems seksualini\u0173 problem\u0173, lytiniam paj\u0117gumui sustiprinti bei erekcijos sutrikimams pa\u0161alinti. Zudena 100 yra efektyvus, auk\u0161tos kokyb\u0117s preparatas, kuris gali pad\u0117ti atstatyti sutrikusi\u0105 potencij\u0105 bei pakelti j\u016bs\u0173 seksualin\u012f paj\u0117gum\u0105 \u012f nauj\u0105 lygmen\u012f.<br \/>\nZudena 100 sud\u0117tyje yra 100 mg Udenafil.<\/p>\n<p>Udenafilis yra PDE5 inhibitorius (PDE5 inhibitoriai &#8211; pirmaeiliai preparatai, sukurti nuo erekcijos disfunkcijos), sukurtas pagal auk\u0161\u010diausios kokyb\u0117s standartus Piet\u0173 Kor\u0117joje.<br \/>\nUdenafilis padeda pa\u0161alinti erekcijos sutrikimus, padidindamas kraujo tek\u0117jim\u0105 \u012f varp\u0105 bei atpalaiduodamas vyr\u0173 varpos raumenis. Jis yra gerai toleruojamas organizmo. Poveikis pasirei\u0161kia ma\u017edaug po 30-60 minu\u010di\u0173, i\u0161g\u0117rus tablet\u0119 ant tu\u0161\u010dio skrand\u017eio. Jei Udenafil yra naudojamas kartu su maistu, tai poveikis gali pasireik\u0161ti tik po 4 val. Udenafil efektas trunka iki 12 val., bet stipriausias efektas teikiamas apie 3-4 val. po suvartojimo.<\/p>\n<p>Udenafilis gali b\u016bti naudojamas ir vyr\u0173, kurie neturi erekcijos disfunkcijos sutrikim\u0173, bet siekia dar standesn\u0117s erekcijos nei \u012fprastai ir didesnio lytinio paj\u0117gumo.<\/p>\n<p>Zudena 100 pakuot\u0117je yra 4 vienetai 100 mg udenafil table\u010di\u0173.<\/p>\n<h2>Zudena 100 privalumai:<\/h2>\n<p>&#8211; Pad\u0117s \u012fveikti erekcijos sutrikimus;<\/p>\n<p>&#8211; suteiks stangri\u0105 erekcij\u0105;<\/p>\n<p>&#8211; pad\u0117s i\u0161laikyti stangri\u0105 erekcij\u0105 viso lytinio akto metu;<\/p>\n<p>&#8211; pagerins seksualin\u0119 sveikat\u0105 bei pasitik\u0117jim\u0105 savimi;<\/p>\n<p>&#8211; gerai toleruojamas organizmo;<\/p>\n<p>&#8211; sukurtas pagal auk\u0161\u010diausius kokyb\u0117s standartus.<\/p>\n<h2>Kaip vartoti Zudena 100?<\/h2>\n<p>Zudena 100 tablet\u0119 i\u0161gerti 30-60 min. iki lytinio akto prad\u017eios. Gerti ant tu\u0161tesnio skrand\u017eio, neprisivalgius. Nemai\u0161yti su greipfrutais ar j\u0173 produktais.<\/p>\n<p>Laikymas:<br \/>\nLaikykite Zudena 100 kambario temperat\u016broje, toliau nuo saul\u0117s spinduli\u0173 ir kar\u0161\u010dio, \u0161varioje ir sausoje vietoje.<\/p>\n<h2 class=\"tw-data-text tw-text-large tw-ta\" dir=\"ltr\" data-placeholder=\"Vertimas\" aria-label=\"I\u0161verstas tekstas\" data-ved=\"2ahUKEwjX9MHQs7yGAxWkRaQEHStLCz8Q3ewLegQIDxAU\"><span class=\"Y2IQFc\" lang=\"lt\">\u0160alutiniai poveikiai:<\/span><\/h2>\n<p class=\"tw-data-text tw-text-large tw-ta\" dir=\"ltr\" data-placeholder=\"Vertimas\" aria-label=\"I\u0161verstas tekstas\" data-ved=\"2ahUKEwjX9MHQs7yGAxWkRaQEHStLCz8Q3ewLegQIDxAU\"><span class=\"Y2IQFc\" lang=\"lt\">Da\u017enas \u0161alutinis poveikis gali b\u016bti galvos skausmas, nugaros skausmas, raumen\u0173 skausmai, paraudimas, vir\u0161kinimo sutrikimai ir nosies u\u017egulimas. \u0160alutinis poveikis da\u017eniausiai pasirei\u0161kia, d\u0117l per didel\u0117s doz\u0117s j\u016bs\u0173 organizmui. Jai doz\u0117 yra tinkama j\u016bs\u0173 organizmui, \u0161alutinis poveikis nepasireik\u0161. \u0160alutinis poveikis da\u017eniausiai trunka neilgai ir nesukelia dideli\u0173 nepatogum\u0173.\u00a0 Retais atvejais gali pasireik\u0161ti sunkus \u0161alutinis poveikis, kuris n\u0117ra nurodytas \u010dia arba ilgiau nei keturias valandas trunkanti erekcija. Nedelsdami kreipkit\u0117s medicinin\u0117s pagalbos, jei pasirei\u0161kia sunkus \u0161alutinis poveikis.\u00a0\u00a0<\/span><\/p>\n<h2 class=\"tw-data-text tw-text-large tw-ta\" dir=\"ltr\" data-placeholder=\"Vertimas\" aria-label=\"I\u0161verstas tekstas\" data-ved=\"2ahUKEwjX9MHQs7yGAxWkRaQEHStLCz8Q3ewLegQIDxAU\"><span class=\"Y2IQFc\" lang=\"lt\">Atsargumo priemon\u0117s:<\/span><\/h2>\n<p class=\"tw-data-text tw-text-large tw-ta\" dir=\"ltr\" data-placeholder=\"Vertimas\" aria-label=\"I\u0161verstas tekstas\" data-ved=\"2ahUKEwjX9MHQs7yGAxWkRaQEHStLCz8Q3ewLegQIDxAU\"><span class=\"Y2IQFc\" lang=\"lt\">Prie\u0161 vartojim\u0105, pasakykite savo sveikatos prie\u017ei\u016bros paslaug\u0173 teik\u0117jui, jei sirgote \u0161irdies liga, auk\u0161tu ar \u017eemu kraujosp\u016bd\u017eiu, kepen\u0173 ar inkst\u0173 liga, skrand\u017eio opa, kraujavimo sutrikimais ar kitomis sveikatos b\u016bkl\u0117mis. Preparatas gali s\u0105veikauti su tam tikrais vaistais ir papildais, tod\u0117l svarbu informuoti savo sveikatos prie\u017ei\u016bros paslaug\u0173 teik\u0117j\u0105 apie visus \u0161iuo metu vartojamus vaistus.<\/span><\/p>\n<h2 class=\"tw-data-text tw-text-large tw-ta\" dir=\"ltr\" data-placeholder=\"Vertimas\" aria-label=\"I\u0161verstas tekstas\" data-ved=\"2ahUKEwjX9MHQs7yGAxWkRaQEHStLCz8Q3ewLegQIDxAU\"><span class=\"Y2IQFc\" lang=\"lt\">\u012esp\u0117jimai:<\/span><\/h2>\n<p class=\"tw-data-text tw-text-large tw-ta\" dir=\"ltr\" data-placeholder=\"Vertimas\" aria-label=\"I\u0161verstas tekstas\" data-ved=\"2ahUKEwjX9MHQs7yGAxWkRaQEHStLCz8Q3ewLegQIDxAU\"><span class=\"Y2IQFc\" lang=\"lt\">Preparato netur\u0117t\u0173 vartoti moterys ar vaikai. Taip pat vartoti negalima, jeigu yra alergija veikliajai med\u017eiagai arba bet kuriai pagalbinei produkto med\u017eiagai. Jei pasirei\u0161kia alergin\u0117 reakcija, pvz., pasunk\u0117j\u0119s kv\u0117pavimas, veido, l\u016bp\u0173, lie\u017euvio ar gerkl\u0117s patinimas, kreipkit\u0117s greitosios medicinos pagalbos.<\/span><\/p>\n<h2 class=\"tw-data-text tw-text-large tw-ta\" dir=\"ltr\" data-placeholder=\"Vertimas\" aria-label=\"I\u0161verstas tekstas\" data-ved=\"2ahUKEwjX9MHQs7yGAxWkRaQEHStLCz8Q3ewLegQIDxAU\"><span class=\"Y2IQFc\" lang=\"lt\">Vaist\u0173 s\u0105veika:<\/span><\/h2>\n<p class=\"tw-data-text tw-text-large tw-ta\" dir=\"ltr\" data-placeholder=\"Vertimas\" aria-label=\"I\u0161verstas tekstas\" data-ved=\"2ahUKEwjX9MHQs7yGAxWkRaQEHStLCz8Q3ewLegQIDxAU\"><span class=\"Y2IQFc\" lang=\"lt\">Produktas gali s\u0105veikauti su tam tikrais vaistais, \u012fskaitant nitratus, vartojamus nuo kr\u016btin\u0117s skausmo ar \u0161irdies problem\u0173, alfa adrenoblokatorius, vartojamus auk\u0161tam kraujosp\u016bd\u017eiui ar prostatos sutrikimams gydyti, ir tam tikrais antibiotikais bei prie\u0161grybeliniais vaistais. Prie\u0161 prad\u0117dami vartoti \u0161\u012f preparat\u0105, informuokite savo sveikatos prie\u017ei\u016bros paslaug\u0173 teik\u0117j\u0105 apie visus \u0161iuo metu vartojamus vaistus.<\/span><\/p>\n","protected":false},"excerpt":{"rendered":"<p>Zudena 100 &#8211; auk\u0161tos kokyb\u0117s produktas vyrams, kuris pad\u0117s atstatyti sutrikusi\u0105 potencijos funkcij\u0105 ir padidins j\u016bs\u0173 lytin\u012f paj\u0117gum\u0105 ! Su Zudena 100 pasieksite tvirtesnes erekcijas ir pamir\u0161ite erekcijos sutrikimus!<\/p>\n<p>Zudena 100 pagerins j\u016bs\u0173 seksualin\u012f gyvenim\u0105 ir leis jaustis u\u017etikrintai.<\/p>\n<p>Pakuot\u0117je 4 vnt.<\/p>\n<p>(Prie\u0161 u\u017esakant perskaitykite piln\u0105 produkto apra\u0161ym\u0105, kur\u012f galite atsidaryti paspaud\u0119 ant produkto pavadinimo ar nuotraukos).<\/p>\n","protected":false},"featured_media":37882,"template":"","meta":[],"etheme_brands":[],"product_brand":[],"product_cat":[162,167],"product_tag":[182,228],"class_list":{"0":"post-36346","1":"product","2":"type-product","3":"status-publish","4":"has-post-thumbnail","6":"product_cat-for-erection","7":"product_cat-udenafil-en","8":"product_tag-cenforce-en","9":"product_tag-zudena-en","11":"first","12":"instock","13":"shipping-taxable","14":"purchasable","15":"product-type-simple"},"yoast_head":"<!-- This site is optimized with the Yoast SEO plugin v26.2 - https:\/\/yoast.com\/wordpress\/plugins\/seo\/ -->\n<title>Zudena 100 - Erozone<\/title>\n<meta name=\"description\" content=\"Zudena 100 \u2705 Stiprinkite potencij\u0105 su m\u016bs\u0173 papildais u\u017e ger\u0105 kain\u0105 \u2764\ufe0f Gyvenkite aktyv\u0173 gyvenim\u0105! U\u017esisakykite!\" \/>\n<meta name=\"robots\" content=\"index, follow, max-snippet:-1, max-image-preview:large, max-video-preview:-1\" \/>\n<link rel=\"canonical\" href=\"https:\/\/erozone.org\/en\/produktas\/zudena-100\/\" \/>\n<meta property=\"og:locale\" content=\"en_US\" \/>\n<meta property=\"og:type\" content=\"article\" \/>\n<meta property=\"og:title\" content=\"Zudena 100 - Erozone\" \/>\n<meta property=\"og:description\" content=\"Zudena 100 \u2705 Stiprinkite potencij\u0105 su m\u016bs\u0173 papildais u\u017e ger\u0105 kain\u0105 \u2764\ufe0f Gyvenkite aktyv\u0173 gyvenim\u0105! U\u017esisakykite!\" \/>\n<meta property=\"og:url\" content=\"https:\/\/erozone.org\/en\/produktas\/zudena-100\/\" \/>\n<meta property=\"og:site_name\" content=\"Erozone\" \/>\n<meta property=\"article:modified_time\" content=\"2026-04-03T12:04:41+00:00\" \/>\n<meta property=\"og:image\" content=\"https:\/\/erozone.org\/wp-content\/uploads\/2022\/02\/Zudena-100-org-1.jpg\" \/>\n\t<meta property=\"og:image:width\" content=\"1313\" \/>\n\t<meta property=\"og:image:height\" content=\"1047\" \/>\n\t<meta property=\"og:image:type\" content=\"image\/jpeg\" \/>\n<meta name=\"twitter:card\" content=\"summary_large_image\" \/>\n<meta name=\"twitter:label1\" content=\"Est. reading time\" \/>\n\t<meta name=\"twitter:data1\" content=\"3 minutes\" \/>\n<script type=\"application\/ld+json\" class=\"yoast-schema-graph\">{\"@context\":\"https:\/\/schema.org\",\"@graph\":[{\"@type\":\"WebPage\",\"@id\":\"https:\/\/erozone.org\/en\/produktas\/zudena-100\/\",\"url\":\"https:\/\/erozone.org\/en\/produktas\/zudena-100\/\",\"name\":\"Zudena 100 - Erozone\",\"isPartOf\":{\"@id\":\"https:\/\/erozone.org\/en\/#website\"},\"primaryImageOfPage\":{\"@id\":\"https:\/\/erozone.org\/en\/produktas\/zudena-100\/#primaryimage\"},\"image\":{\"@id\":\"https:\/\/erozone.org\/en\/produktas\/zudena-100\/#primaryimage\"},\"thumbnailUrl\":\"https:\/\/erozone.org\/wp-content\/uploads\/2022\/02\/Zudena-100-org-1.jpg\",\"datePublished\":\"2022-02-01T17:09:41+00:00\",\"dateModified\":\"2026-04-03T12:04:41+00:00\",\"description\":\"Zudena 100 \u2705 Stiprinkite potencij\u0105 su m\u016bs\u0173 papildais u\u017e ger\u0105 kain\u0105 \u2764\ufe0f Gyvenkite aktyv\u0173 gyvenim\u0105! U\u017esisakykite!\",\"breadcrumb\":{\"@id\":\"https:\/\/erozone.org\/en\/produktas\/zudena-100\/#breadcrumb\"},\"inLanguage\":\"en-US\",\"potentialAction\":[{\"@type\":\"ReadAction\",\"target\":[\"https:\/\/erozone.org\/en\/produktas\/zudena-100\/\"]}]},{\"@type\":\"ImageObject\",\"inLanguage\":\"en-US\",\"@id\":\"https:\/\/erozone.org\/en\/produktas\/zudena-100\/#primaryimage\",\"url\":\"https:\/\/erozone.org\/wp-content\/uploads\/2022\/02\/Zudena-100-org-1.jpg\",\"contentUrl\":\"https:\/\/erozone.org\/wp-content\/uploads\/2022\/02\/Zudena-100-org-1.jpg\",\"width\":1313,\"height\":1047},{\"@type\":\"BreadcrumbList\",\"@id\":\"https:\/\/erozone.org\/en\/produktas\/zudena-100\/#breadcrumb\",\"itemListElement\":[{\"@type\":\"ListItem\",\"position\":1,\"name\":\"Home\",\"item\":\"https:\/\/erozone.org\/\"},{\"@type\":\"ListItem\",\"position\":2,\"name\":\"Katalogas\",\"item\":\"https:\/\/erozone.org\/katalogas\/\"},{\"@type\":\"ListItem\",\"position\":3,\"name\":\"Zudena 100\"}]},{\"@type\":\"WebSite\",\"@id\":\"https:\/\/erozone.org\/en\/#website\",\"url\":\"https:\/\/erozone.org\/en\/\",\"name\":\"Erozone\",\"description\":\"prek\u0117s internetu suaugusiems\",\"publisher\":{\"@id\":\"https:\/\/erozone.org\/en\/#organization\"},\"potentialAction\":[{\"@type\":\"SearchAction\",\"target\":{\"@type\":\"EntryPoint\",\"urlTemplate\":\"https:\/\/erozone.org\/en\/?s={search_term_string}\"},\"query-input\":{\"@type\":\"PropertyValueSpecification\",\"valueRequired\":true,\"valueName\":\"search_term_string\"}}],\"inLanguage\":\"en-US\"},{\"@type\":\"Organization\",\"@id\":\"https:\/\/erozone.org\/en\/#organization\",\"name\":\"Erozone\",\"url\":\"https:\/\/erozone.org\/en\/\",\"logo\":{\"@type\":\"ImageObject\",\"inLanguage\":\"en-US\",\"@id\":\"https:\/\/erozone.org\/en\/#\/schema\/logo\/image\/\",\"url\":\"https:\/\/erozone.org\/wp-content\/uploads\/2023\/01\/logo-1.png\",\"contentUrl\":\"https:\/\/erozone.org\/wp-content\/uploads\/2023\/01\/logo-1.png\",\"width\":182,\"height\":30,\"caption\":\"Erozone\"},\"image\":{\"@id\":\"https:\/\/erozone.org\/en\/#\/schema\/logo\/image\/\"}}]}<\/script>\n<!-- \/ Yoast SEO plugin. -->","yoast_head_json":{"title":"Zudena 100 - Erozone","description":"Zudena 100 \u2705 Stiprinkite potencij\u0105 su m\u016bs\u0173 papildais u\u017e ger\u0105 kain\u0105 \u2764\ufe0f Gyvenkite aktyv\u0173 gyvenim\u0105! U\u017esisakykite!","robots":{"index":"index","follow":"follow","max-snippet":"max-snippet:-1","max-image-preview":"max-image-preview:large","max-video-preview":"max-video-preview:-1"},"canonical":"https:\/\/erozone.org\/en\/produktas\/zudena-100\/","og_locale":"en_US","og_type":"article","og_title":"Zudena 100 - Erozone","og_description":"Zudena 100 \u2705 Stiprinkite potencij\u0105 su m\u016bs\u0173 papildais u\u017e ger\u0105 kain\u0105 \u2764\ufe0f Gyvenkite aktyv\u0173 gyvenim\u0105! U\u017esisakykite!","og_url":"https:\/\/erozone.org\/en\/produktas\/zudena-100\/","og_site_name":"Erozone","article_modified_time":"2026-04-03T12:04:41+00:00","og_image":[{"width":1313,"height":1047,"url":"https:\/\/erozone.org\/wp-content\/uploads\/2022\/02\/Zudena-100-org-1.jpg","type":"image\/jpeg"}],"twitter_card":"summary_large_image","twitter_misc":{"Est. reading time":"3 minutes"},"schema":{"@context":"https:\/\/schema.org","@graph":[{"@type":"WebPage","@id":"https:\/\/erozone.org\/en\/produktas\/zudena-100\/","url":"https:\/\/erozone.org\/en\/produktas\/zudena-100\/","name":"Zudena 100 - Erozone","isPartOf":{"@id":"https:\/\/erozone.org\/en\/#website"},"primaryImageOfPage":{"@id":"https:\/\/erozone.org\/en\/produktas\/zudena-100\/#primaryimage"},"image":{"@id":"https:\/\/erozone.org\/en\/produktas\/zudena-100\/#primaryimage"},"thumbnailUrl":"https:\/\/erozone.org\/wp-content\/uploads\/2022\/02\/Zudena-100-org-1.jpg","datePublished":"2022-02-01T17:09:41+00:00","dateModified":"2026-04-03T12:04:41+00:00","description":"Zudena 100 \u2705 Stiprinkite potencij\u0105 su m\u016bs\u0173 papildais u\u017e ger\u0105 kain\u0105 \u2764\ufe0f Gyvenkite aktyv\u0173 gyvenim\u0105! U\u017esisakykite!","breadcrumb":{"@id":"https:\/\/erozone.org\/en\/produktas\/zudena-100\/#breadcrumb"},"inLanguage":"en-US","potentialAction":[{"@type":"ReadAction","target":["https:\/\/erozone.org\/en\/produktas\/zudena-100\/"]}]},{"@type":"ImageObject","inLanguage":"en-US","@id":"https:\/\/erozone.org\/en\/produktas\/zudena-100\/#primaryimage","url":"https:\/\/erozone.org\/wp-content\/uploads\/2022\/02\/Zudena-100-org-1.jpg","contentUrl":"https:\/\/erozone.org\/wp-content\/uploads\/2022\/02\/Zudena-100-org-1.jpg","width":1313,"height":1047},{"@type":"BreadcrumbList","@id":"https:\/\/erozone.org\/en\/produktas\/zudena-100\/#breadcrumb","itemListElement":[{"@type":"ListItem","position":1,"name":"Home","item":"https:\/\/erozone.org\/"},{"@type":"ListItem","position":2,"name":"Katalogas","item":"https:\/\/erozone.org\/katalogas\/"},{"@type":"ListItem","position":3,"name":"Zudena 100"}]},{"@type":"WebSite","@id":"https:\/\/erozone.org\/en\/#website","url":"https:\/\/erozone.org\/en\/","name":"Erozone","description":"prek\u0117s internetu suaugusiems","publisher":{"@id":"https:\/\/erozone.org\/en\/#organization"},"potentialAction":[{"@type":"SearchAction","target":{"@type":"EntryPoint","urlTemplate":"https:\/\/erozone.org\/en\/?s={search_term_string}"},"query-input":{"@type":"PropertyValueSpecification","valueRequired":true,"valueName":"search_term_string"}}],"inLanguage":"en-US"},{"@type":"Organization","@id":"https:\/\/erozone.org\/en\/#organization","name":"Erozone","url":"https:\/\/erozone.org\/en\/","logo":{"@type":"ImageObject","inLanguage":"en-US","@id":"https:\/\/erozone.org\/en\/#\/schema\/logo\/image\/","url":"https:\/\/erozone.org\/wp-content\/uploads\/2023\/01\/logo-1.png","contentUrl":"https:\/\/erozone.org\/wp-content\/uploads\/2023\/01\/logo-1.png","width":182,"height":30,"caption":"Erozone"},"image":{"@id":"https:\/\/erozone.org\/en\/#\/schema\/logo\/image\/"}}]}},"_links":{"self":[{"href":"https:\/\/erozone.org\/en\/wp-json\/wp\/v2\/product\/36346","targetHints":{"allow":["GET"]}}],"collection":[{"href":"https:\/\/erozone.org\/en\/wp-json\/wp\/v2\/product"}],"about":[{"href":"https:\/\/erozone.org\/en\/wp-json\/wp\/v2\/types\/product"}],"version-history":[{"count":2,"href":"https:\/\/erozone.org\/en\/wp-json\/wp\/v2\/product\/36346\/revisions"}],"predecessor-version":[{"id":48950,"href":"https:\/\/erozone.org\/en\/wp-json\/wp\/v2\/product\/36346\/revisions\/48950"}],"wp:featuredmedia":[{"embeddable":true,"href":"https:\/\/erozone.org\/en\/wp-json\/wp\/v2\/media\/37882"}],"wp:attachment":[{"href":"https:\/\/erozone.org\/en\/wp-json\/wp\/v2\/media?parent=36346"}],"wp:term":[{"taxonomy":"brand","embeddable":true,"href":"https:\/\/erozone.org\/en\/wp-json\/wp\/v2\/etheme_brands?post=36346"},{"taxonomy":"product_brand","embeddable":true,"href":"https:\/\/erozone.org\/en\/wp-json\/wp\/v2\/product_brand?post=36346"},{"taxonomy":"product_cat","embeddable":true,"href":"https:\/\/erozone.org\/en\/wp-json\/wp\/v2\/product_cat?post=36346"},{"taxonomy":"product_tag","embeddable":true,"href":"https:\/\/erozone.org\/en\/wp-json\/wp\/v2\/product_tag?post=36346"}],"curies":[{"name":"wp","href":"https:\/\/api.w.org\/{rel}","templated":true}]}}