{"id":36351,"date":"2022-01-29T21:46:07","date_gmt":"2022-01-29T19:46:07","guid":{"rendered":"https:\/\/erozone.org\/produktas\/kamagra-polo\/"},"modified":"2026-04-28T12:58:50","modified_gmt":"2026-04-28T09:58:50","slug":"kamagra-polo","status":"publish","type":"product","link":"https:\/\/erozone.org\/en\/produktas\/kamagra-polo\/","title":{"rendered":"Kamagra 100 chewable (Pineapple with Mint)"},"content":{"rendered":"<p style=\"text-align: left;\">Kamagra 100 chewable (Pineapple with Mint) &#8211; Tai kramtomos, ananas\u0173 ir m\u0117tos skonio Kamagra 100 tablet\u0117s, skirtos erekcijos disfunkcijai gydyti ar potencijai stiprinti. Pakuot\u0117je yra 4 vienetai ananas\u0173 ir m\u0117tos skonio table\u010di\u0173.<br \/>\nTai itin greito poveikio tablet\u0117s, kurios grei\u010diau absorbuojamos organizmo nei \u012fprastos Kamagra 100 tablet\u0117s, tod\u0117l poveikis pasirei\u0161kia daug grei\u010diau. Kamagra 100 chewable (Pineapple with Mint) vartoti taip pat yra malonu d\u0117l j\u0173 ananas\u0173 ir m\u0117tos skonio.<\/p>\n<p>Vienoje Kamagra 100 chewable (Pineapple with Mint) tablet\u0117je yra 100 mg sildenafil.<br \/>\nSildenafil \u2013 veiklioji med\u017eiaga suteikianti stand\u017ei\u0105 erekcij\u0105 ir taip pat skirta vyr\u0173 erekcijos sutrikimams gydyti. Sildenafil praple\u010dia varpos kraujagysles ir padidina kraujotak\u0105 varpos srityje seksualin\u0117s stimuliacijos metu. \u0160is padid\u0117j\u0119s kraujo srautas sukelia stipri\u0105 erekcij\u0105 ir padeda m\u0117gautis lytiniais santykiais. Rekomenduojama maksimali sildenafil paros norma yra 100 mg. Kamagra 100 chewable (Pineapple with Mint) poveikis trunka apie 4-6 valandas.<\/p>\n<h2>Kaip naudoti Kamagra 100 chewable (Pineapple with Mint)?<\/h2>\n<p>Kamagra 100 chewable (Pineapple with Mint) reikia sukramtyti arba i\u0161tirpinti po lie\u017euviu likus 10 &#8211; 15 min. iki lytinio akto. Nevartoti su maistu, nes tai prailgins veikli\u0173j\u0173 med\u017eiag\u0173 \u012fsisavinimo laik\u0105. Nemai\u0161yti su greipfrut\u0173 sultimis ar j\u0173 produktais. Did\u017eiausia paros norma \u2013 1 tablet\u0117.<\/p>\n<h2>Kod\u0117l verta vartoti Kamagra 100 chewable (Pineapple with Mint)?<\/h2>\n<p>Kamagra 100 chewable (Pineapple with Mint) suteiks stipri\u0105 erekcij\u0105 vos per 10-15 minu\u010di\u0173 ir leis j\u0105 i\u0161laikyti stand\u017ei\u0105 viso lytinio akto metu. Taip pat \u0161is produktas pad\u0117s \u012fveikti erekcijos sutrikimus ir sustiprins vyr\u0173 potencij\u0105.<\/p>\n<h2>Kamagra 100 chewable (Pineapple with Mint) laikymas:<\/h2>\n<p>Laikyti ne auk\u0161tesn\u0117je kaip 28\u00b0C temperat\u016broje. Saugoti nuo kar\u0161\u010dio ir saul\u0117s spinduli\u0173. Nelaikykite ten, kur dr\u0117gna, pvz. vonia. Saugoti nuo vaik\u0173.<\/p>\n<h2 class=\"tw-data-text tw-text-large tw-ta\" dir=\"ltr\" data-placeholder=\"Vertimas\" aria-label=\"I\u0161verstas tekstas\" data-ved=\"2ahUKEwjX9MHQs7yGAxWkRaQEHStLCz8Q3ewLegQIDxAU\"><span class=\"Y2IQFc\" lang=\"lt\">\u0160alutiniai poveikiai:<\/span><\/h2>\n<p class=\"tw-data-text tw-text-large tw-ta\" dir=\"ltr\" data-placeholder=\"Vertimas\" aria-label=\"I\u0161verstas tekstas\" data-ved=\"2ahUKEwjX9MHQs7yGAxWkRaQEHStLCz8Q3ewLegQIDxAU\"><span class=\"Y2IQFc\" lang=\"lt\">Da\u017enas \u0161alutinis poveikis gali b\u016bti galvos skausmas, nugaros skausmas, raumen\u0173 skausmai, paraudimas, vir\u0161kinimo sutrikimai ir nosies u\u017egulimas. \u0160alutinis poveikis da\u017eniausiai pasirei\u0161kia, d\u0117l per didel\u0117s doz\u0117s j\u016bs\u0173 organizmui. Jai doz\u0117 yra tinkama j\u016bs\u0173 organizmui, \u0161alutinis poveikis nepasireik\u0161. \u0160alutinis poveikis da\u017eniausiai trunka neilgai ir nesukelia dideli\u0173 nepatogum\u0173.\u00a0 Retais atvejais gali pasireik\u0161ti sunkus \u0161alutinis poveikis, kuris n\u0117ra nurodytas \u010dia arba ilgiau nei keturias valandas trunkanti erekcija. Nedelsdami kreipkit\u0117s medicinin\u0117s pagalbos, jei pasirei\u0161kia sunkus \u0161alutinis poveikis.\u00a0\u00a0<\/span><\/p>\n<h2 class=\"tw-data-text tw-text-large tw-ta\" dir=\"ltr\" data-placeholder=\"Vertimas\" aria-label=\"I\u0161verstas tekstas\" data-ved=\"2ahUKEwjX9MHQs7yGAxWkRaQEHStLCz8Q3ewLegQIDxAU\"><span class=\"Y2IQFc\" lang=\"lt\">Atsargumo priemon\u0117s:<\/span><\/h2>\n<p class=\"tw-data-text tw-text-large tw-ta\" dir=\"ltr\" data-placeholder=\"Vertimas\" aria-label=\"I\u0161verstas tekstas\" data-ved=\"2ahUKEwjX9MHQs7yGAxWkRaQEHStLCz8Q3ewLegQIDxAU\"><span class=\"Y2IQFc\" lang=\"lt\">Prie\u0161 vartojim\u0105, pasakykite savo sveikatos prie\u017ei\u016bros paslaug\u0173 teik\u0117jui, jei sirgote \u0161irdies liga, auk\u0161tu ar \u017eemu kraujosp\u016bd\u017eiu, kepen\u0173 ar inkst\u0173 liga, skrand\u017eio opa, kraujavimo sutrikimais ar kitomis sveikatos b\u016bkl\u0117mis. Preparatas gali s\u0105veikauti su tam tikrais vaistais ir papildais, tod\u0117l svarbu informuoti savo sveikatos prie\u017ei\u016bros paslaug\u0173 teik\u0117j\u0105 apie visus \u0161iuo metu vartojamus vaistus.<\/span><\/p>\n<h2 class=\"tw-data-text tw-text-large tw-ta\" dir=\"ltr\" data-placeholder=\"Vertimas\" aria-label=\"I\u0161verstas tekstas\" data-ved=\"2ahUKEwjX9MHQs7yGAxWkRaQEHStLCz8Q3ewLegQIDxAU\"><span class=\"Y2IQFc\" lang=\"lt\">\u012esp\u0117jimai:<\/span><\/h2>\n<p class=\"tw-data-text tw-text-large tw-ta\" dir=\"ltr\" data-placeholder=\"Vertimas\" aria-label=\"I\u0161verstas tekstas\" data-ved=\"2ahUKEwjX9MHQs7yGAxWkRaQEHStLCz8Q3ewLegQIDxAU\"><span class=\"Y2IQFc\" lang=\"lt\">Preparato netur\u0117t\u0173 vartoti moterys ar vaikai. Taip pat vartoti negalima, jeigu yra alergija veikliajai med\u017eiagai arba bet kuriai pagalbinei produkto med\u017eiagai. Jei pasirei\u0161kia alergin\u0117 reakcija, pvz., pasunk\u0117j\u0119s kv\u0117pavimas, veido, l\u016bp\u0173, lie\u017euvio ar gerkl\u0117s patinimas, kreipkit\u0117s greitosios medicinos pagalbos.<\/span><\/p>\n<h2 class=\"tw-data-text tw-text-large tw-ta\" dir=\"ltr\" data-placeholder=\"Vertimas\" aria-label=\"I\u0161verstas tekstas\" data-ved=\"2ahUKEwjX9MHQs7yGAxWkRaQEHStLCz8Q3ewLegQIDxAU\"><span class=\"Y2IQFc\" lang=\"lt\">Vaist\u0173 s\u0105veika:<\/span><\/h2>\n<p class=\"tw-data-text tw-text-large tw-ta\" dir=\"ltr\" data-placeholder=\"Vertimas\" aria-label=\"I\u0161verstas tekstas\" data-ved=\"2ahUKEwjX9MHQs7yGAxWkRaQEHStLCz8Q3ewLegQIDxAU\"><span class=\"Y2IQFc\" lang=\"lt\">Produktas gali s\u0105veikauti su tam tikrais vaistais, \u012fskaitant nitratus, vartojamus nuo kr\u016btin\u0117s skausmo ar \u0161irdies problem\u0173, alfa adrenoblokatorius, vartojamus auk\u0161tam kraujosp\u016bd\u017eiui ar prostatos sutrikimams gydyti, ir tam tikrais antibiotikais bei prie\u0161grybeliniais vaistais. Prie\u0161 prad\u0117dami vartoti \u0161\u012f preparat\u0105, informuokite savo sveikatos prie\u017ei\u016bros paslaug\u0173 teik\u0117j\u0105 apie visus \u0161iuo metu vartojamus vaistus.<\/span><\/p>\n","protected":false},"excerpt":{"rendered":"<p>Kramtoma Kamagra 100 ananaso ir m\u0117tos skonio &#8211; labai greito veikimo preparatas pad\u0117siantis \u012fveikti erekcijos sutrikimus bei dar labiau sustiprinantis vyr\u0173 potencij\u0105. Greitai ir efektyviai pasieksite tvirtesnes erekcijas ir gal\u0117site m\u0117gautis intensyvesniais lytiniais santykiais !<\/p>\n<p>Pakuot\u0117je 4 vnt.<\/p>\n<p>(Prie\u0161 u\u017esakant perskaitykite piln\u0105 produkto apra\u0161ym\u0105, kur\u012f galite atsidaryti paspaud\u0119 ant produkto pavadinimo ar nuotraukos).<\/p>\n","protected":false},"featured_media":38807,"template":"","meta":[],"etheme_brands":[],"product_brand":[],"product_cat":[162,165],"product_tag":[219],"class_list":{"0":"post-36351","1":"product","2":"type-product","3":"status-publish","4":"has-post-thumbnail","6":"product_cat-for-erection","7":"product_cat-sildenafil-en","8":"product_tag-kamagra-tabletes-geliai-en","10":"first","11":"instock","12":"shipping-taxable","13":"purchasable","14":"product-type-simple"},"yoast_head":"<!-- This site is optimized with the Yoast SEO plugin v26.2 - https:\/\/yoast.com\/wordpress\/plugins\/seo\/ -->\n<title>Kamagra 100 chewable (Pineapple with Mint) - Erozone<\/title>\n<meta name=\"description\" content=\"Kamagra 100 chewable (Pineapple with Mint) \u2705 Stiprinkite potencij\u0105 su m\u016bs\u0173 papildais u\u017e ger\u0105 kain\u0105 \u2764\ufe0f Gyvenkite aktyv\u0173 gyvenim\u0105! U\u017esisakykite!\" \/>\n<meta name=\"robots\" content=\"index, follow, max-snippet:-1, max-image-preview:large, max-video-preview:-1\" \/>\n<link rel=\"canonical\" href=\"https:\/\/erozone.org\/en\/produktas\/kamagra-polo\/\" \/>\n<meta property=\"og:locale\" content=\"en_US\" \/>\n<meta property=\"og:type\" content=\"article\" \/>\n<meta property=\"og:title\" content=\"Kamagra 100 chewable (Pineapple with Mint) - Erozone\" \/>\n<meta property=\"og:description\" content=\"Kamagra 100 chewable (Pineapple with Mint) \u2705 Stiprinkite potencij\u0105 su m\u016bs\u0173 papildais u\u017e ger\u0105 kain\u0105 \u2764\ufe0f Gyvenkite aktyv\u0173 gyvenim\u0105! U\u017esisakykite!\" \/>\n<meta property=\"og:url\" content=\"https:\/\/erozone.org\/en\/produktas\/kamagra-polo\/\" \/>\n<meta property=\"og:site_name\" content=\"Erozone\" \/>\n<meta property=\"article:modified_time\" content=\"2026-04-28T09:58:50+00:00\" \/>\n<meta property=\"og:image\" content=\"https:\/\/erozone.org\/wp-content\/uploads\/2022\/01\/Kamagra-Polo-Org2.jpg\" \/>\n\t<meta property=\"og:image:width\" content=\"1922\" \/>\n\t<meta property=\"og:image:height\" content=\"1198\" \/>\n\t<meta property=\"og:image:type\" content=\"image\/jpeg\" \/>\n<meta name=\"twitter:card\" content=\"summary_large_image\" \/>\n<meta name=\"twitter:label1\" content=\"Est. reading time\" \/>\n\t<meta name=\"twitter:data1\" content=\"3 minutes\" \/>\n<script type=\"application\/ld+json\" class=\"yoast-schema-graph\">{\"@context\":\"https:\/\/schema.org\",\"@graph\":[{\"@type\":\"WebPage\",\"@id\":\"https:\/\/erozone.org\/en\/produktas\/kamagra-polo\/\",\"url\":\"https:\/\/erozone.org\/en\/produktas\/kamagra-polo\/\",\"name\":\"Kamagra 100 chewable (Pineapple with Mint) - Erozone\",\"isPartOf\":{\"@id\":\"https:\/\/erozone.org\/en\/#website\"},\"primaryImageOfPage\":{\"@id\":\"https:\/\/erozone.org\/en\/produktas\/kamagra-polo\/#primaryimage\"},\"image\":{\"@id\":\"https:\/\/erozone.org\/en\/produktas\/kamagra-polo\/#primaryimage\"},\"thumbnailUrl\":\"https:\/\/erozone.org\/wp-content\/uploads\/2022\/01\/Kamagra-Polo-Org2.jpg\",\"datePublished\":\"2022-01-29T19:46:07+00:00\",\"dateModified\":\"2026-04-28T09:58:50+00:00\",\"description\":\"Kamagra 100 chewable (Pineapple with Mint) \u2705 Stiprinkite potencij\u0105 su m\u016bs\u0173 papildais u\u017e ger\u0105 kain\u0105 \u2764\ufe0f Gyvenkite aktyv\u0173 gyvenim\u0105! U\u017esisakykite!\",\"breadcrumb\":{\"@id\":\"https:\/\/erozone.org\/en\/produktas\/kamagra-polo\/#breadcrumb\"},\"inLanguage\":\"en-US\",\"potentialAction\":[{\"@type\":\"ReadAction\",\"target\":[\"https:\/\/erozone.org\/en\/produktas\/kamagra-polo\/\"]}]},{\"@type\":\"ImageObject\",\"inLanguage\":\"en-US\",\"@id\":\"https:\/\/erozone.org\/en\/produktas\/kamagra-polo\/#primaryimage\",\"url\":\"https:\/\/erozone.org\/wp-content\/uploads\/2022\/01\/Kamagra-Polo-Org2.jpg\",\"contentUrl\":\"https:\/\/erozone.org\/wp-content\/uploads\/2022\/01\/Kamagra-Polo-Org2.jpg\",\"width\":1922,\"height\":1198},{\"@type\":\"BreadcrumbList\",\"@id\":\"https:\/\/erozone.org\/en\/produktas\/kamagra-polo\/#breadcrumb\",\"itemListElement\":[{\"@type\":\"ListItem\",\"position\":1,\"name\":\"Home\",\"item\":\"https:\/\/erozone.org\/\"},{\"@type\":\"ListItem\",\"position\":2,\"name\":\"Katalogas\",\"item\":\"https:\/\/erozone.org\/katalogas\/\"},{\"@type\":\"ListItem\",\"position\":3,\"name\":\"Kamagra 100 chewable (Pineapple with Mint)\"}]},{\"@type\":\"WebSite\",\"@id\":\"https:\/\/erozone.org\/en\/#website\",\"url\":\"https:\/\/erozone.org\/en\/\",\"name\":\"Erozone\",\"description\":\"prek\u0117s internetu suaugusiems\",\"publisher\":{\"@id\":\"https:\/\/erozone.org\/en\/#organization\"},\"potentialAction\":[{\"@type\":\"SearchAction\",\"target\":{\"@type\":\"EntryPoint\",\"urlTemplate\":\"https:\/\/erozone.org\/en\/?s={search_term_string}\"},\"query-input\":{\"@type\":\"PropertyValueSpecification\",\"valueRequired\":true,\"valueName\":\"search_term_string\"}}],\"inLanguage\":\"en-US\"},{\"@type\":\"Organization\",\"@id\":\"https:\/\/erozone.org\/en\/#organization\",\"name\":\"Erozone\",\"url\":\"https:\/\/erozone.org\/en\/\",\"logo\":{\"@type\":\"ImageObject\",\"inLanguage\":\"en-US\",\"@id\":\"https:\/\/erozone.org\/en\/#\/schema\/logo\/image\/\",\"url\":\"https:\/\/erozone.org\/wp-content\/uploads\/2023\/01\/logo-1.png\",\"contentUrl\":\"https:\/\/erozone.org\/wp-content\/uploads\/2023\/01\/logo-1.png\",\"width\":182,\"height\":30,\"caption\":\"Erozone\"},\"image\":{\"@id\":\"https:\/\/erozone.org\/en\/#\/schema\/logo\/image\/\"}}]}<\/script>\n<!-- \/ Yoast SEO plugin. -->","yoast_head_json":{"title":"Kamagra 100 chewable (Pineapple with Mint) - Erozone","description":"Kamagra 100 chewable (Pineapple with Mint) \u2705 Stiprinkite potencij\u0105 su m\u016bs\u0173 papildais u\u017e ger\u0105 kain\u0105 \u2764\ufe0f Gyvenkite aktyv\u0173 gyvenim\u0105! U\u017esisakykite!","robots":{"index":"index","follow":"follow","max-snippet":"max-snippet:-1","max-image-preview":"max-image-preview:large","max-video-preview":"max-video-preview:-1"},"canonical":"https:\/\/erozone.org\/en\/produktas\/kamagra-polo\/","og_locale":"en_US","og_type":"article","og_title":"Kamagra 100 chewable (Pineapple with Mint) - Erozone","og_description":"Kamagra 100 chewable (Pineapple with Mint) \u2705 Stiprinkite potencij\u0105 su m\u016bs\u0173 papildais u\u017e ger\u0105 kain\u0105 \u2764\ufe0f Gyvenkite aktyv\u0173 gyvenim\u0105! U\u017esisakykite!","og_url":"https:\/\/erozone.org\/en\/produktas\/kamagra-polo\/","og_site_name":"Erozone","article_modified_time":"2026-04-28T09:58:50+00:00","og_image":[{"width":1922,"height":1198,"url":"https:\/\/erozone.org\/wp-content\/uploads\/2022\/01\/Kamagra-Polo-Org2.jpg","type":"image\/jpeg"}],"twitter_card":"summary_large_image","twitter_misc":{"Est. reading time":"3 minutes"},"schema":{"@context":"https:\/\/schema.org","@graph":[{"@type":"WebPage","@id":"https:\/\/erozone.org\/en\/produktas\/kamagra-polo\/","url":"https:\/\/erozone.org\/en\/produktas\/kamagra-polo\/","name":"Kamagra 100 chewable (Pineapple with Mint) - Erozone","isPartOf":{"@id":"https:\/\/erozone.org\/en\/#website"},"primaryImageOfPage":{"@id":"https:\/\/erozone.org\/en\/produktas\/kamagra-polo\/#primaryimage"},"image":{"@id":"https:\/\/erozone.org\/en\/produktas\/kamagra-polo\/#primaryimage"},"thumbnailUrl":"https:\/\/erozone.org\/wp-content\/uploads\/2022\/01\/Kamagra-Polo-Org2.jpg","datePublished":"2022-01-29T19:46:07+00:00","dateModified":"2026-04-28T09:58:50+00:00","description":"Kamagra 100 chewable (Pineapple with Mint) \u2705 Stiprinkite potencij\u0105 su m\u016bs\u0173 papildais u\u017e ger\u0105 kain\u0105 \u2764\ufe0f Gyvenkite aktyv\u0173 gyvenim\u0105! U\u017esisakykite!","breadcrumb":{"@id":"https:\/\/erozone.org\/en\/produktas\/kamagra-polo\/#breadcrumb"},"inLanguage":"en-US","potentialAction":[{"@type":"ReadAction","target":["https:\/\/erozone.org\/en\/produktas\/kamagra-polo\/"]}]},{"@type":"ImageObject","inLanguage":"en-US","@id":"https:\/\/erozone.org\/en\/produktas\/kamagra-polo\/#primaryimage","url":"https:\/\/erozone.org\/wp-content\/uploads\/2022\/01\/Kamagra-Polo-Org2.jpg","contentUrl":"https:\/\/erozone.org\/wp-content\/uploads\/2022\/01\/Kamagra-Polo-Org2.jpg","width":1922,"height":1198},{"@type":"BreadcrumbList","@id":"https:\/\/erozone.org\/en\/produktas\/kamagra-polo\/#breadcrumb","itemListElement":[{"@type":"ListItem","position":1,"name":"Home","item":"https:\/\/erozone.org\/"},{"@type":"ListItem","position":2,"name":"Katalogas","item":"https:\/\/erozone.org\/katalogas\/"},{"@type":"ListItem","position":3,"name":"Kamagra 100 chewable (Pineapple with Mint)"}]},{"@type":"WebSite","@id":"https:\/\/erozone.org\/en\/#website","url":"https:\/\/erozone.org\/en\/","name":"Erozone","description":"prek\u0117s internetu suaugusiems","publisher":{"@id":"https:\/\/erozone.org\/en\/#organization"},"potentialAction":[{"@type":"SearchAction","target":{"@type":"EntryPoint","urlTemplate":"https:\/\/erozone.org\/en\/?s={search_term_string}"},"query-input":{"@type":"PropertyValueSpecification","valueRequired":true,"valueName":"search_term_string"}}],"inLanguage":"en-US"},{"@type":"Organization","@id":"https:\/\/erozone.org\/en\/#organization","name":"Erozone","url":"https:\/\/erozone.org\/en\/","logo":{"@type":"ImageObject","inLanguage":"en-US","@id":"https:\/\/erozone.org\/en\/#\/schema\/logo\/image\/","url":"https:\/\/erozone.org\/wp-content\/uploads\/2023\/01\/logo-1.png","contentUrl":"https:\/\/erozone.org\/wp-content\/uploads\/2023\/01\/logo-1.png","width":182,"height":30,"caption":"Erozone"},"image":{"@id":"https:\/\/erozone.org\/en\/#\/schema\/logo\/image\/"}}]}},"_links":{"self":[{"href":"https:\/\/erozone.org\/en\/wp-json\/wp\/v2\/product\/36351","targetHints":{"allow":["GET"]}}],"collection":[{"href":"https:\/\/erozone.org\/en\/wp-json\/wp\/v2\/product"}],"about":[{"href":"https:\/\/erozone.org\/en\/wp-json\/wp\/v2\/types\/product"}],"version-history":[{"count":3,"href":"https:\/\/erozone.org\/en\/wp-json\/wp\/v2\/product\/36351\/revisions"}],"predecessor-version":[{"id":48230,"href":"https:\/\/erozone.org\/en\/wp-json\/wp\/v2\/product\/36351\/revisions\/48230"}],"wp:featuredmedia":[{"embeddable":true,"href":"https:\/\/erozone.org\/en\/wp-json\/wp\/v2\/media\/38807"}],"wp:attachment":[{"href":"https:\/\/erozone.org\/en\/wp-json\/wp\/v2\/media?parent=36351"}],"wp:term":[{"taxonomy":"brand","embeddable":true,"href":"https:\/\/erozone.org\/en\/wp-json\/wp\/v2\/etheme_brands?post=36351"},{"taxonomy":"product_brand","embeddable":true,"href":"https:\/\/erozone.org\/en\/wp-json\/wp\/v2\/product_brand?post=36351"},{"taxonomy":"product_cat","embeddable":true,"href":"https:\/\/erozone.org\/en\/wp-json\/wp\/v2\/product_cat?post=36351"},{"taxonomy":"product_tag","embeddable":true,"href":"https:\/\/erozone.org\/en\/wp-json\/wp\/v2\/product_tag?post=36351"}],"curies":[{"name":"wp","href":"https:\/\/api.w.org\/{rel}","templated":true}]}}