{"id":36352,"date":"2022-01-29T21:41:07","date_gmt":"2022-01-29T19:41:07","guid":{"rendered":"https:\/\/erozone.org\/produktas\/kamagra-oral-jelly\/"},"modified":"2026-04-14T16:22:19","modified_gmt":"2026-04-14T13:22:19","slug":"kamagra-oral-jelly","status":"publish","type":"product","link":"https:\/\/erozone.org\/en\/produktas\/kamagra-oral-jelly\/","title":{"rendered":"Kamagra Oral Jelly"},"content":{"rendered":"<p>Kamagra Oral Jelly &#8211; Tai skystos formos oralinis gelis erekcijai, kurio poveikis pasirei\u0161kia jau po 15 min. nuo paket\u0117lio suvartojimo, tod\u0117l tai itin greito veikimo preparatas !<\/p>\n<p>Kamagra Oral Jelly sud\u0117tyje yra 100 mg sildenafil.<br \/>\nSildenafil skatina varpos kraujagysli\u0173 i\u0161sipl\u0117tim\u0105 bei kraujo nukreipim\u0105 \u012f varpos srit\u012f, tod\u0117l \u012f varp\u0105 priteka gerokai daugiau kraujo, o tai lemia daug stipresn\u0119 erekcij\u0105 nei \u012fprastai. Sildenafil yra naudojamas erekcijos disfunkcijai gydyti (t.y. kai vyras negali pasiekti erekcijos ar jos i\u0161laikyti). Sildenafil taip pat galima naudoti ir nesant erekcijos disfunkcijos, ta\u010diau norint pasiekti standesn\u0119 ir ilgesn\u012f laik\u0105 trunkan\u010di\u0105 erekcij\u0105.<\/p>\n<p>Kamagra Oral Jelly \u012fpatingai pravartus tuomet, jei reikia pasiekti erekcij\u0105 spontani\u0161kai ir greitai, kai juntamas nuovargis ar stresas, b\u016btent tokie veiksniai, kurie neigiamai veikia erekcij\u0105. Kamagra Oral Jelly d\u0117l savo skystos konsistencijos, lengviau absorbuojamas organizme ir tod\u0117l poveikis juntamas daug grei\u010diau.<br \/>\nKamagra Oral Jelly taip pat skirtas ir gydyti vyrus su sutrikusia erekcija, t.y. kai vyro varpa nesustand\u0117ja arba standi nei\u0161lieka tiek, kiek reikia lytiniam aktui atlikti.<\/p>\n<p>Kamagra Oral Jelly d\u0117\u017eut\u0117je yra 7 pakeliai 100 mg sildenafil skystojo gelio, kuris yra \u012fvairi\u0173 vaisini\u0173 skoni\u0173, tod\u0117l vartojimas kartu yra ir malonesnis.<\/p>\n<h2>Kod\u0117l verta rinktis Kamagra Oral Jelly?<\/h2>\n<p>\u2013 itin greitas efektas stipresniai potencijai;<\/p>\n<p>\u2013 padidina seksualin\u012f pasitik\u0117jim\u0105;<\/p>\n<p>\u2013 standesn\u0117s erekcijos;<\/p>\n<p>\u2013 ilgiau trunkan\u010dios erekcijos;<\/p>\n<p>\u2013 didesn\u0117 seksualin\u0117 i\u0161tverm\u0117;<\/p>\n<p>\u2013 padeda \u012fveikti erekcijos sutrikimus;<\/p>\n<p>\u2013 grei\u010diau pasiekiamos erekcijos.<\/p>\n<h2>Kamagra Oral Jelly naudojimas:<\/h2>\n<p>Kam\u00e1gra Oral Jelly pakel\u012f reikia perlau\u017eti pusiau ir i\u0161spausti gel\u012f \u012f burn\u0105 ir nuryti. Geriausia tai padaryti neprisivalgius, nes maistas suma\u017eina preparato \u012fsis\u0105vinim\u0105. Gelis prad\u0117s veikti jau po 10-15 min.<\/p>\n<h2>Kamagra Oral Jelly laikymo s\u0105lygos:<\/h2>\n<p class=\"tw-data-text tw-text-large tw-ta\" dir=\"ltr\" data-placeholder=\"Vertimas\" aria-label=\"I\u0161verstas tekstas\" data-ved=\"2ahUKEwjX9MHQs7yGAxWkRaQEHStLCz8Q3ewLegQIDxAU\"><span class=\"Y2IQFc\" lang=\"lt\">Produktas turi b\u016bti laikomos kambario temperat\u016broje, apsaugotoje nuo dr\u0117gm\u0117s ir kar\u0161\u010dio. Tabletes laikykite vaikams ir naminiams gyv\u016bn\u0117liams nepasiekiamoje vietoje.<\/span><\/p>\n<h2>\u0160alutiniai poveikiai:<\/h2>\n<p class=\"tw-data-text tw-text-large tw-ta\" dir=\"ltr\" data-placeholder=\"Vertimas\" aria-label=\"I\u0161verstas tekstas\" data-ved=\"2ahUKEwjX9MHQs7yGAxWkRaQEHStLCz8Q3ewLegQIDxAU\"><span class=\"Y2IQFc\" lang=\"lt\">Da\u017enas \u0161alutinis poveikis gali b\u016bti galvos skausmas, nugaros skausmas, raumen\u0173 skausmai, paraudimas, vir\u0161kinimo sutrikimai ir nosies u\u017egulimas. \u0160alutinis poveikis da\u017eniausiai pasirei\u0161kia, d\u0117l per didel\u0117s doz\u0117s j\u016bs\u0173 organizmui. Jai doz\u0117 yra tinkama j\u016bs\u0173 organizmui, \u0161alutinis poveikis nepasireik\u0161. \u0160alutinis poveikis da\u017eniausiai trunka neilgai ir nesukelia dideli\u0173 nepatogum\u0173.\u00a0 Retais atvejais gali pasireik\u0161ti sunkus \u0161alutinis poveikis, kuris n\u0117ra nurodytas \u010dia arba ilgiau nei keturias valandas trunkanti erekcija. Nedelsdami kreipkit\u0117s medicinin\u0117s pagalbos, jei pasirei\u0161kia sunkus \u0161alutinis poveikis.\u00a0\u00a0<\/span><\/p>\n<h2 dir=\"ltr\" data-placeholder=\"Vertimas\" aria-label=\"I\u0161verstas tekstas\" data-ved=\"2ahUKEwjX9MHQs7yGAxWkRaQEHStLCz8Q3ewLegQIDxAU\">Atsargumo priemon\u0117s:<\/h2>\n<p class=\"tw-data-text tw-text-large tw-ta\" dir=\"ltr\" data-placeholder=\"Vertimas\" aria-label=\"I\u0161verstas tekstas\" data-ved=\"2ahUKEwjX9MHQs7yGAxWkRaQEHStLCz8Q3ewLegQIDxAU\"><span class=\"Y2IQFc\" lang=\"lt\">Prie\u0161 vartojim\u0105, pasakykite savo sveikatos prie\u017ei\u016bros paslaug\u0173 teik\u0117jui, jei sirgote \u0161irdies liga, auk\u0161tu ar \u017eemu kraujosp\u016bd\u017eiu, kepen\u0173 ar inkst\u0173 liga, skrand\u017eio opa, kraujavimo sutrikimais ar kitomis sveikatos b\u016bkl\u0117mis. Preparatas gali s\u0105veikauti su tam tikrais vaistais ir papildais, tod\u0117l svarbu informuoti savo sveikatos prie\u017ei\u016bros paslaug\u0173 teik\u0117j\u0105 apie visus \u0161iuo metu vartojamus vaistus.<\/span><\/p>\n<h2 dir=\"ltr\" data-placeholder=\"Vertimas\" aria-label=\"I\u0161verstas tekstas\" data-ved=\"2ahUKEwjX9MHQs7yGAxWkRaQEHStLCz8Q3ewLegQIDxAU\">\u012esp\u0117jimai:<\/h2>\n<p class=\"tw-data-text tw-text-large tw-ta\" dir=\"ltr\" data-placeholder=\"Vertimas\" aria-label=\"I\u0161verstas tekstas\" data-ved=\"2ahUKEwjX9MHQs7yGAxWkRaQEHStLCz8Q3ewLegQIDxAU\"><span class=\"Y2IQFc\" lang=\"lt\">Preparato netur\u0117t\u0173 vartoti moterys ar vaikai. Taip pat vartoti negalima, jeigu yra alergija veikliajai med\u017eiagai arba bet kuriai pagalbinei produkto med\u017eiagai. Jei pasirei\u0161kia alergin\u0117 reakcija, pvz., pasunk\u0117j\u0119s kv\u0117pavimas, veido, l\u016bp\u0173, lie\u017euvio ar gerkl\u0117s patinimas, kreipkit\u0117s greitosios medicinos pagalbos.<\/span><\/p>\n<h2 dir=\"ltr\" data-placeholder=\"Vertimas\" aria-label=\"I\u0161verstas tekstas\" data-ved=\"2ahUKEwjX9MHQs7yGAxWkRaQEHStLCz8Q3ewLegQIDxAU\">Vaist\u0173 s\u0105veika:<\/h2>\n<p class=\"tw-data-text tw-text-large tw-ta\" dir=\"ltr\" data-placeholder=\"Vertimas\" aria-label=\"I\u0161verstas tekstas\" data-ved=\"2ahUKEwjX9MHQs7yGAxWkRaQEHStLCz8Q3ewLegQIDxAU\"><span class=\"Y2IQFc\" lang=\"lt\">Produktas gali s\u0105veikauti su tam tikrais vaistais, \u012fskaitant nitratus, vartojamus nuo kr\u016btin\u0117s skausmo ar \u0161irdies problem\u0173, alfa adrenoblokatorius, vartojamus auk\u0161tam kraujosp\u016bd\u017eiui ar prostatos sutrikimams gydyti, ir tam tikrais antibiotikais bei prie\u0161grybeliniais vaistais. Prie\u0161 prad\u0117dami vartoti \u0161\u012f preparat\u0105, informuokite savo sveikatos prie\u017ei\u016bros paslaug\u0173 teik\u0117j\u0105 apie visus \u0161iuo metu vartojamus vaistus.<\/span><\/p>\n","protected":false},"excerpt":{"rendered":"<p>Kamagra Oral Jelly &#8211; gerai \u017einomas, itin efektyvus oralinis geliukas, suteiksiantis stand\u017ei\u0105 erekcij\u0105 labai greitai, vos per 15 minu\u010di\u0173 nuo paket\u0117lio suvartojimo ! Pamir\u0161kite erekcijos sutrikimus ir m\u0117gaukit\u0117s stipresne lytine potencija !<\/p>\n<p>D\u0117\u017eut\u0117je 7 vnt. skirting\u0173 vaisini\u0173 skoni\u0173 geliuk\u0173.<\/p>\n<p>(Prie\u0161 u\u017esakant perskaitykite piln\u0105 produkto apra\u0161ym\u0105, kur\u012f galite atsidaryti paspaud\u0119 ant produkto pavadinimo ar nuotraukos).<\/p>\n","protected":false},"featured_media":37238,"template":"","meta":[],"etheme_brands":[],"product_brand":[],"product_cat":[162,165],"product_tag":[219],"class_list":{"0":"post-36352","1":"product","2":"type-product","3":"status-publish","4":"has-post-thumbnail","6":"product_cat-for-erection","7":"product_cat-sildenafil-en","8":"product_tag-kamagra-tabletes-geliai-en","10":"first","11":"instock","12":"shipping-taxable","13":"purchasable","14":"product-type-simple"},"yoast_head":"<!-- This site is optimized with the Yoast SEO plugin v26.2 - https:\/\/yoast.com\/wordpress\/plugins\/seo\/ -->\n<title>Kamagra Oral Jelly - Erozone<\/title>\n<meta name=\"description\" content=\"Kamagra Oral Jelly \u2705 Stiprinkite potencij\u0105 su m\u016bs\u0173 papildais u\u017e ger\u0105 kain\u0105 \u2764\ufe0f Gyvenkite aktyv\u0173 gyvenim\u0105! U\u017esisakykite!\" \/>\n<meta name=\"robots\" content=\"index, follow, max-snippet:-1, max-image-preview:large, max-video-preview:-1\" \/>\n<link rel=\"canonical\" href=\"https:\/\/erozone.org\/en\/produktas\/kamagra-oral-jelly\/\" \/>\n<meta property=\"og:locale\" content=\"en_US\" \/>\n<meta property=\"og:type\" content=\"article\" \/>\n<meta property=\"og:title\" content=\"Kamagra Oral Jelly - Erozone\" \/>\n<meta property=\"og:description\" content=\"Kamagra Oral Jelly \u2705 Stiprinkite potencij\u0105 su m\u016bs\u0173 papildais u\u017e ger\u0105 kain\u0105 \u2764\ufe0f Gyvenkite aktyv\u0173 gyvenim\u0105! U\u017esisakykite!\" \/>\n<meta property=\"og:url\" content=\"https:\/\/erozone.org\/en\/produktas\/kamagra-oral-jelly\/\" \/>\n<meta property=\"og:site_name\" content=\"Erozone\" \/>\n<meta property=\"article:modified_time\" content=\"2026-04-14T13:22:19+00:00\" \/>\n<meta property=\"og:image\" content=\"https:\/\/erozone.org\/wp-content\/uploads\/2022\/01\/Kamagra-Oral-Jelly-org3.jpg\" \/>\n\t<meta property=\"og:image:width\" content=\"1465\" \/>\n\t<meta property=\"og:image:height\" content=\"1226\" \/>\n\t<meta property=\"og:image:type\" content=\"image\/jpeg\" \/>\n<meta name=\"twitter:card\" content=\"summary_large_image\" \/>\n<meta name=\"twitter:label1\" content=\"Est. reading time\" \/>\n\t<meta name=\"twitter:data1\" content=\"3 minutes\" \/>\n<script type=\"application\/ld+json\" class=\"yoast-schema-graph\">{\"@context\":\"https:\/\/schema.org\",\"@graph\":[{\"@type\":\"WebPage\",\"@id\":\"https:\/\/erozone.org\/en\/produktas\/kamagra-oral-jelly\/\",\"url\":\"https:\/\/erozone.org\/en\/produktas\/kamagra-oral-jelly\/\",\"name\":\"Kamagra Oral Jelly - Erozone\",\"isPartOf\":{\"@id\":\"https:\/\/erozone.org\/en\/#website\"},\"primaryImageOfPage\":{\"@id\":\"https:\/\/erozone.org\/en\/produktas\/kamagra-oral-jelly\/#primaryimage\"},\"image\":{\"@id\":\"https:\/\/erozone.org\/en\/produktas\/kamagra-oral-jelly\/#primaryimage\"},\"thumbnailUrl\":\"https:\/\/erozone.org\/wp-content\/uploads\/2022\/01\/Kamagra-Oral-Jelly-org3.jpg\",\"datePublished\":\"2022-01-29T19:41:07+00:00\",\"dateModified\":\"2026-04-14T13:22:19+00:00\",\"description\":\"Kamagra Oral Jelly \u2705 Stiprinkite potencij\u0105 su m\u016bs\u0173 papildais u\u017e ger\u0105 kain\u0105 \u2764\ufe0f Gyvenkite aktyv\u0173 gyvenim\u0105! U\u017esisakykite!\",\"breadcrumb\":{\"@id\":\"https:\/\/erozone.org\/en\/produktas\/kamagra-oral-jelly\/#breadcrumb\"},\"inLanguage\":\"en-US\",\"potentialAction\":[{\"@type\":\"ReadAction\",\"target\":[\"https:\/\/erozone.org\/en\/produktas\/kamagra-oral-jelly\/\"]}]},{\"@type\":\"ImageObject\",\"inLanguage\":\"en-US\",\"@id\":\"https:\/\/erozone.org\/en\/produktas\/kamagra-oral-jelly\/#primaryimage\",\"url\":\"https:\/\/erozone.org\/wp-content\/uploads\/2022\/01\/Kamagra-Oral-Jelly-org3.jpg\",\"contentUrl\":\"https:\/\/erozone.org\/wp-content\/uploads\/2022\/01\/Kamagra-Oral-Jelly-org3.jpg\",\"width\":1465,\"height\":1226},{\"@type\":\"BreadcrumbList\",\"@id\":\"https:\/\/erozone.org\/en\/produktas\/kamagra-oral-jelly\/#breadcrumb\",\"itemListElement\":[{\"@type\":\"ListItem\",\"position\":1,\"name\":\"Home\",\"item\":\"https:\/\/erozone.org\/\"},{\"@type\":\"ListItem\",\"position\":2,\"name\":\"Katalogas\",\"item\":\"https:\/\/erozone.org\/katalogas\/\"},{\"@type\":\"ListItem\",\"position\":3,\"name\":\"Kamagra Oral Jelly\"}]},{\"@type\":\"WebSite\",\"@id\":\"https:\/\/erozone.org\/en\/#website\",\"url\":\"https:\/\/erozone.org\/en\/\",\"name\":\"Erozone\",\"description\":\"prek\u0117s internetu suaugusiems\",\"publisher\":{\"@id\":\"https:\/\/erozone.org\/en\/#organization\"},\"potentialAction\":[{\"@type\":\"SearchAction\",\"target\":{\"@type\":\"EntryPoint\",\"urlTemplate\":\"https:\/\/erozone.org\/en\/?s={search_term_string}\"},\"query-input\":{\"@type\":\"PropertyValueSpecification\",\"valueRequired\":true,\"valueName\":\"search_term_string\"}}],\"inLanguage\":\"en-US\"},{\"@type\":\"Organization\",\"@id\":\"https:\/\/erozone.org\/en\/#organization\",\"name\":\"Erozone\",\"url\":\"https:\/\/erozone.org\/en\/\",\"logo\":{\"@type\":\"ImageObject\",\"inLanguage\":\"en-US\",\"@id\":\"https:\/\/erozone.org\/en\/#\/schema\/logo\/image\/\",\"url\":\"https:\/\/erozone.org\/wp-content\/uploads\/2023\/01\/logo-1.png\",\"contentUrl\":\"https:\/\/erozone.org\/wp-content\/uploads\/2023\/01\/logo-1.png\",\"width\":182,\"height\":30,\"caption\":\"Erozone\"},\"image\":{\"@id\":\"https:\/\/erozone.org\/en\/#\/schema\/logo\/image\/\"}}]}<\/script>\n<!-- \/ Yoast SEO plugin. -->","yoast_head_json":{"title":"Kamagra Oral Jelly - Erozone","description":"Kamagra Oral Jelly \u2705 Stiprinkite potencij\u0105 su m\u016bs\u0173 papildais u\u017e ger\u0105 kain\u0105 \u2764\ufe0f Gyvenkite aktyv\u0173 gyvenim\u0105! U\u017esisakykite!","robots":{"index":"index","follow":"follow","max-snippet":"max-snippet:-1","max-image-preview":"max-image-preview:large","max-video-preview":"max-video-preview:-1"},"canonical":"https:\/\/erozone.org\/en\/produktas\/kamagra-oral-jelly\/","og_locale":"en_US","og_type":"article","og_title":"Kamagra Oral Jelly - Erozone","og_description":"Kamagra Oral Jelly \u2705 Stiprinkite potencij\u0105 su m\u016bs\u0173 papildais u\u017e ger\u0105 kain\u0105 \u2764\ufe0f Gyvenkite aktyv\u0173 gyvenim\u0105! U\u017esisakykite!","og_url":"https:\/\/erozone.org\/en\/produktas\/kamagra-oral-jelly\/","og_site_name":"Erozone","article_modified_time":"2026-04-14T13:22:19+00:00","og_image":[{"width":1465,"height":1226,"url":"https:\/\/erozone.org\/wp-content\/uploads\/2022\/01\/Kamagra-Oral-Jelly-org3.jpg","type":"image\/jpeg"}],"twitter_card":"summary_large_image","twitter_misc":{"Est. reading time":"3 minutes"},"schema":{"@context":"https:\/\/schema.org","@graph":[{"@type":"WebPage","@id":"https:\/\/erozone.org\/en\/produktas\/kamagra-oral-jelly\/","url":"https:\/\/erozone.org\/en\/produktas\/kamagra-oral-jelly\/","name":"Kamagra Oral Jelly - Erozone","isPartOf":{"@id":"https:\/\/erozone.org\/en\/#website"},"primaryImageOfPage":{"@id":"https:\/\/erozone.org\/en\/produktas\/kamagra-oral-jelly\/#primaryimage"},"image":{"@id":"https:\/\/erozone.org\/en\/produktas\/kamagra-oral-jelly\/#primaryimage"},"thumbnailUrl":"https:\/\/erozone.org\/wp-content\/uploads\/2022\/01\/Kamagra-Oral-Jelly-org3.jpg","datePublished":"2022-01-29T19:41:07+00:00","dateModified":"2026-04-14T13:22:19+00:00","description":"Kamagra Oral Jelly \u2705 Stiprinkite potencij\u0105 su m\u016bs\u0173 papildais u\u017e ger\u0105 kain\u0105 \u2764\ufe0f Gyvenkite aktyv\u0173 gyvenim\u0105! U\u017esisakykite!","breadcrumb":{"@id":"https:\/\/erozone.org\/en\/produktas\/kamagra-oral-jelly\/#breadcrumb"},"inLanguage":"en-US","potentialAction":[{"@type":"ReadAction","target":["https:\/\/erozone.org\/en\/produktas\/kamagra-oral-jelly\/"]}]},{"@type":"ImageObject","inLanguage":"en-US","@id":"https:\/\/erozone.org\/en\/produktas\/kamagra-oral-jelly\/#primaryimage","url":"https:\/\/erozone.org\/wp-content\/uploads\/2022\/01\/Kamagra-Oral-Jelly-org3.jpg","contentUrl":"https:\/\/erozone.org\/wp-content\/uploads\/2022\/01\/Kamagra-Oral-Jelly-org3.jpg","width":1465,"height":1226},{"@type":"BreadcrumbList","@id":"https:\/\/erozone.org\/en\/produktas\/kamagra-oral-jelly\/#breadcrumb","itemListElement":[{"@type":"ListItem","position":1,"name":"Home","item":"https:\/\/erozone.org\/"},{"@type":"ListItem","position":2,"name":"Katalogas","item":"https:\/\/erozone.org\/katalogas\/"},{"@type":"ListItem","position":3,"name":"Kamagra Oral Jelly"}]},{"@type":"WebSite","@id":"https:\/\/erozone.org\/en\/#website","url":"https:\/\/erozone.org\/en\/","name":"Erozone","description":"prek\u0117s internetu suaugusiems","publisher":{"@id":"https:\/\/erozone.org\/en\/#organization"},"potentialAction":[{"@type":"SearchAction","target":{"@type":"EntryPoint","urlTemplate":"https:\/\/erozone.org\/en\/?s={search_term_string}"},"query-input":{"@type":"PropertyValueSpecification","valueRequired":true,"valueName":"search_term_string"}}],"inLanguage":"en-US"},{"@type":"Organization","@id":"https:\/\/erozone.org\/en\/#organization","name":"Erozone","url":"https:\/\/erozone.org\/en\/","logo":{"@type":"ImageObject","inLanguage":"en-US","@id":"https:\/\/erozone.org\/en\/#\/schema\/logo\/image\/","url":"https:\/\/erozone.org\/wp-content\/uploads\/2023\/01\/logo-1.png","contentUrl":"https:\/\/erozone.org\/wp-content\/uploads\/2023\/01\/logo-1.png","width":182,"height":30,"caption":"Erozone"},"image":{"@id":"https:\/\/erozone.org\/en\/#\/schema\/logo\/image\/"}}]}},"_links":{"self":[{"href":"https:\/\/erozone.org\/en\/wp-json\/wp\/v2\/product\/36352","targetHints":{"allow":["GET"]}}],"collection":[{"href":"https:\/\/erozone.org\/en\/wp-json\/wp\/v2\/product"}],"about":[{"href":"https:\/\/erozone.org\/en\/wp-json\/wp\/v2\/types\/product"}],"version-history":[{"count":4,"href":"https:\/\/erozone.org\/en\/wp-json\/wp\/v2\/product\/36352\/revisions"}],"predecessor-version":[{"id":48221,"href":"https:\/\/erozone.org\/en\/wp-json\/wp\/v2\/product\/36352\/revisions\/48221"}],"wp:featuredmedia":[{"embeddable":true,"href":"https:\/\/erozone.org\/en\/wp-json\/wp\/v2\/media\/37238"}],"wp:attachment":[{"href":"https:\/\/erozone.org\/en\/wp-json\/wp\/v2\/media?parent=36352"}],"wp:term":[{"taxonomy":"brand","embeddable":true,"href":"https:\/\/erozone.org\/en\/wp-json\/wp\/v2\/etheme_brands?post=36352"},{"taxonomy":"product_brand","embeddable":true,"href":"https:\/\/erozone.org\/en\/wp-json\/wp\/v2\/product_brand?post=36352"},{"taxonomy":"product_cat","embeddable":true,"href":"https:\/\/erozone.org\/en\/wp-json\/wp\/v2\/product_cat?post=36352"},{"taxonomy":"product_tag","embeddable":true,"href":"https:\/\/erozone.org\/en\/wp-json\/wp\/v2\/product_tag?post=36352"}],"curies":[{"name":"wp","href":"https:\/\/api.w.org\/{rel}","templated":true}]}}