{"id":36356,"date":"2022-01-27T18:51:49","date_gmt":"2022-01-27T16:51:49","guid":{"rendered":"https:\/\/erozone.org\/produktas\/super-p-force-oral-jelly\/"},"modified":"2026-05-02T16:06:12","modified_gmt":"2026-05-02T13:06:12","slug":"super-p-force-oral-jelly","status":"publish","type":"product","link":"https:\/\/erozone.org\/en\/produktas\/super-p-force-oral-jelly\/","title":{"rendered":"Super P Force Oral Jelly"},"content":{"rendered":"<p>Super P-Force Oral Jelly \u2013 skystos formos dvigubo veikimo preparatas vyrams, pad\u0117siantis \u012fveikti erekcijos disfunkcij\u0105 (b\u016bsena kai vyras negali pasiekti ar i\u0161laikyti erekcijos) ir prie\u0161laikin\u0119 ejakuliacij\u0105 (Kai vyrui s\u0117kla i\u0161siver\u017eia nesavalaikiai ir greitai lytinio akto metu). Sud\u0117tyje yra 100mg Sildenafil ir 60 mg Dapoksetino. Super P Force Oral Jelly galima naudoti ir vyrams neturintiems erekcijos disfunkcijos ar prie\u0161laikin\u0117s ejakuliacijos sutrikim\u0173, ta\u010diau norintiems padidinti savo seksualin\u012f paj\u0117gum\u0105.<\/p>\n<p>Super P Force Oral Jelly d\u0117l savo skystos formos grei\u010diau absorbuojamas kraujyje ir suveikia itin greitai, vidutini\u0161kai per 15-20 minu\u010di\u0173 po suvartojimo. Tai yra vienas i\u0161 privalum\u0173 tiems, kam sunku nuryti kietos formos tabletes, ar tiems, kurie nori pajusti preparato efekt\u0105 gerokai grei\u010diau. \u0160\u012f produkt\u0105 yra lengva vartoti, paket\u0117lis prapl\u0117\u0161iamas ir jo turinys i\u0161spaud\u017eiamas \u012f burn\u0105 bei nuryjamas.<\/p>\n<p>Super P Force Oral Jelly pakuot\u0117je yra 7 pakeliai skystos formos apelsin\u0173 skonio oralinio geliuko.<\/p>\n<p>Sildenafil yra naudojamas gydyti vyr\u0173 erekcijos disfunkcij\u0105 ir sustiprinti erekcij\u0105. Sildenafil praple\u010dia varpos kraujagysles ir padidinda kraujo pritek\u0117jim\u0105 \u012f varp\u0105 seksualin\u0117s stimuliacijos metu. \u0160is padid\u0117j\u0119s kraujo srautas suteikia tvirt\u0105 erekcij\u0105 bei padeda j\u0105 i\u0161laikyti stand\u017ei\u0105 viso lytinio akto metu.<\/p>\n<p>Dapoksetinas gydo ankstyv\u0105j\u0105 (greit\u0105) vyr\u0173 ejakuliacij\u0105. Jis yra trumpo veikimo selektyvus serotonino reabsorbcijos inhibitorius (SSRI), slopinantis ejakuliacijos i\u0161st\u016bmimo refleks\u0105. Dapoksetinas yra gerai toleruojamas preparatas, kuris pagerina visas lytines funkcijas, kurios yra susijusios su ankstyva vyr\u0173 ejakuliacija. Dapoksetinas ne tik prailgina laik\u0105 nuo sueities iki s\u0117klos i\u0161metimo bet ir pagerina ejakuliacijos kontroliavim\u0105.<br \/>\nDapoksetinas veikia apie 12 valand\u0173, ta\u010diau stipriausias jo efektas trunka pirmas tris valandas po suveikimo.<\/p>\n<h2>Super P Force Oral Jelly naudojimas:<\/h2>\n<p>Super P Force Oral Jelly reikia naudoti 15-20 minu\u010di\u0173 prie\u0161 lytinius santykius i\u0161spaud\u017eiant paket\u0117lio turin\u012f \u012f burn\u0105 ir nuryti. Did\u017eiausia paros doz\u0117 yra vienas paket\u0117lis. Nevartoti sunkiai prisivalgius ir nemai\u0161yti su greipfrutais ar j\u0173 produktais.<\/p>\n<h2>Super P Force Oral Jelly laikymas:<\/h2>\n<p>Papild\u0105 laikyti reikia \u017eemesn\u0117je nei 30 laipsni\u0173 temperat\u016broje pagal C. Laikyti toliau nuo kar\u0161\u010dio, saul\u0117s spinduli\u0173. Nelaikyti ten kur dr\u0117gna pvz. vonioje. Laikyti vaikams nepasiekiamoje vietoje.<\/p>\n","protected":false},"excerpt":{"rendered":"<p>Super P Force Oral Jelly \u2013 tai super penio j\u0117ga apelsin\u0173 skonio oraliniai geliukai ! Efektas \u2013 tvirta erekcija ir ilgesnis lytinis aktas vos per 15 minu\u010di\u0173 ! Sud\u0117tyje esantis Sildenafil leis pasiekti stand\u017ei\u0105 erekcij\u0105, o Dapoksetinas leis padidinti lytinio akto trukm\u0119 !<\/p>\n<p>Su Super P-Force Oral Jelly j\u016bs\u0173 seksualinis paj\u0117gumas gerokai sustipr\u0117s !<\/p>\n","protected":false},"featured_media":37317,"template":"","meta":[],"etheme_brands":[],"product_brand":[],"product_cat":[162,165,154,156],"product_tag":[182,230],"class_list":{"0":"post-36356","1":"product","2":"type-product","3":"status-publish","4":"has-post-thumbnail","6":"product_cat-for-erection","7":"product_cat-sildenafil-en","8":"product_cat-2in1-sex-supplements","9":"product_cat-sildenafil-dapoxetine-en","10":"product_tag-cenforce-en","11":"product_tag-p-force-en","13":"first","14":"instock","15":"shipping-taxable","16":"purchasable","17":"product-type-simple"},"yoast_head":"<!-- This site is optimized with the Yoast SEO plugin v26.2 - https:\/\/yoast.com\/wordpress\/plugins\/seo\/ -->\n<title>Super P Force Oral Jelly - Erozone<\/title>\n<meta name=\"description\" content=\"Super P Force Oral Jelly \u2705 Stiprinkite potencij\u0105 su m\u016bs\u0173 papildais u\u017e ger\u0105 kain\u0105 \u2764\ufe0f Gyvenkite aktyv\u0173 gyvenim\u0105! U\u017esisakykite!\" \/>\n<meta name=\"robots\" content=\"index, follow, max-snippet:-1, max-image-preview:large, max-video-preview:-1\" \/>\n<link rel=\"canonical\" href=\"https:\/\/erozone.org\/en\/produktas\/super-p-force-oral-jelly\/\" \/>\n<meta property=\"og:locale\" content=\"en_US\" \/>\n<meta property=\"og:type\" content=\"article\" \/>\n<meta property=\"og:title\" content=\"Super P Force Oral Jelly - Erozone\" \/>\n<meta property=\"og:description\" content=\"Super P Force Oral Jelly \u2705 Stiprinkite potencij\u0105 su m\u016bs\u0173 papildais u\u017e ger\u0105 kain\u0105 \u2764\ufe0f Gyvenkite aktyv\u0173 gyvenim\u0105! U\u017esisakykite!\" \/>\n<meta property=\"og:url\" content=\"https:\/\/erozone.org\/en\/produktas\/super-p-force-oral-jelly\/\" \/>\n<meta property=\"og:site_name\" content=\"Erozone\" \/>\n<meta property=\"article:modified_time\" content=\"2026-05-02T13:06:12+00:00\" \/>\n<meta property=\"og:image\" content=\"https:\/\/erozone.org\/wp-content\/uploads\/2022\/01\/Super-P-Force-Oral-Jelly-org-2.jpg\" \/>\n\t<meta property=\"og:image:width\" content=\"1417\" \/>\n\t<meta property=\"og:image:height\" content=\"1213\" \/>\n\t<meta property=\"og:image:type\" content=\"image\/jpeg\" \/>\n<meta name=\"twitter:card\" content=\"summary_large_image\" \/>\n<meta name=\"twitter:label1\" content=\"Est. reading time\" \/>\n\t<meta name=\"twitter:data1\" content=\"2 minutes\" \/>\n<script type=\"application\/ld+json\" class=\"yoast-schema-graph\">{\"@context\":\"https:\/\/schema.org\",\"@graph\":[{\"@type\":\"WebPage\",\"@id\":\"https:\/\/erozone.org\/en\/produktas\/super-p-force-oral-jelly\/\",\"url\":\"https:\/\/erozone.org\/en\/produktas\/super-p-force-oral-jelly\/\",\"name\":\"Super P Force Oral Jelly - Erozone\",\"isPartOf\":{\"@id\":\"https:\/\/erozone.org\/en\/#website\"},\"primaryImageOfPage\":{\"@id\":\"https:\/\/erozone.org\/en\/produktas\/super-p-force-oral-jelly\/#primaryimage\"},\"image\":{\"@id\":\"https:\/\/erozone.org\/en\/produktas\/super-p-force-oral-jelly\/#primaryimage\"},\"thumbnailUrl\":\"https:\/\/erozone.org\/wp-content\/uploads\/2022\/01\/Super-P-Force-Oral-Jelly-org-2.jpg\",\"datePublished\":\"2022-01-27T16:51:49+00:00\",\"dateModified\":\"2026-05-02T13:06:12+00:00\",\"description\":\"Super P Force Oral Jelly \u2705 Stiprinkite potencij\u0105 su m\u016bs\u0173 papildais u\u017e ger\u0105 kain\u0105 \u2764\ufe0f Gyvenkite aktyv\u0173 gyvenim\u0105! U\u017esisakykite!\",\"breadcrumb\":{\"@id\":\"https:\/\/erozone.org\/en\/produktas\/super-p-force-oral-jelly\/#breadcrumb\"},\"inLanguage\":\"en-US\",\"potentialAction\":[{\"@type\":\"ReadAction\",\"target\":[\"https:\/\/erozone.org\/en\/produktas\/super-p-force-oral-jelly\/\"]}]},{\"@type\":\"ImageObject\",\"inLanguage\":\"en-US\",\"@id\":\"https:\/\/erozone.org\/en\/produktas\/super-p-force-oral-jelly\/#primaryimage\",\"url\":\"https:\/\/erozone.org\/wp-content\/uploads\/2022\/01\/Super-P-Force-Oral-Jelly-org-2.jpg\",\"contentUrl\":\"https:\/\/erozone.org\/wp-content\/uploads\/2022\/01\/Super-P-Force-Oral-Jelly-org-2.jpg\",\"width\":1417,\"height\":1213},{\"@type\":\"BreadcrumbList\",\"@id\":\"https:\/\/erozone.org\/en\/produktas\/super-p-force-oral-jelly\/#breadcrumb\",\"itemListElement\":[{\"@type\":\"ListItem\",\"position\":1,\"name\":\"Home\",\"item\":\"https:\/\/erozone.org\/\"},{\"@type\":\"ListItem\",\"position\":2,\"name\":\"Katalogas\",\"item\":\"https:\/\/erozone.org\/katalogas\/\"},{\"@type\":\"ListItem\",\"position\":3,\"name\":\"Super P Force Oral Jelly\"}]},{\"@type\":\"WebSite\",\"@id\":\"https:\/\/erozone.org\/en\/#website\",\"url\":\"https:\/\/erozone.org\/en\/\",\"name\":\"Erozone\",\"description\":\"prek\u0117s internetu suaugusiems\",\"publisher\":{\"@id\":\"https:\/\/erozone.org\/en\/#organization\"},\"potentialAction\":[{\"@type\":\"SearchAction\",\"target\":{\"@type\":\"EntryPoint\",\"urlTemplate\":\"https:\/\/erozone.org\/en\/?s={search_term_string}\"},\"query-input\":{\"@type\":\"PropertyValueSpecification\",\"valueRequired\":true,\"valueName\":\"search_term_string\"}}],\"inLanguage\":\"en-US\"},{\"@type\":\"Organization\",\"@id\":\"https:\/\/erozone.org\/en\/#organization\",\"name\":\"Erozone\",\"url\":\"https:\/\/erozone.org\/en\/\",\"logo\":{\"@type\":\"ImageObject\",\"inLanguage\":\"en-US\",\"@id\":\"https:\/\/erozone.org\/en\/#\/schema\/logo\/image\/\",\"url\":\"https:\/\/erozone.org\/wp-content\/uploads\/2023\/01\/logo-1.png\",\"contentUrl\":\"https:\/\/erozone.org\/wp-content\/uploads\/2023\/01\/logo-1.png\",\"width\":182,\"height\":30,\"caption\":\"Erozone\"},\"image\":{\"@id\":\"https:\/\/erozone.org\/en\/#\/schema\/logo\/image\/\"}}]}<\/script>\n<!-- \/ Yoast SEO plugin. -->","yoast_head_json":{"title":"Super P Force Oral Jelly - Erozone","description":"Super P Force Oral Jelly \u2705 Stiprinkite potencij\u0105 su m\u016bs\u0173 papildais u\u017e ger\u0105 kain\u0105 \u2764\ufe0f Gyvenkite aktyv\u0173 gyvenim\u0105! U\u017esisakykite!","robots":{"index":"index","follow":"follow","max-snippet":"max-snippet:-1","max-image-preview":"max-image-preview:large","max-video-preview":"max-video-preview:-1"},"canonical":"https:\/\/erozone.org\/en\/produktas\/super-p-force-oral-jelly\/","og_locale":"en_US","og_type":"article","og_title":"Super P Force Oral Jelly - Erozone","og_description":"Super P Force Oral Jelly \u2705 Stiprinkite potencij\u0105 su m\u016bs\u0173 papildais u\u017e ger\u0105 kain\u0105 \u2764\ufe0f Gyvenkite aktyv\u0173 gyvenim\u0105! U\u017esisakykite!","og_url":"https:\/\/erozone.org\/en\/produktas\/super-p-force-oral-jelly\/","og_site_name":"Erozone","article_modified_time":"2026-05-02T13:06:12+00:00","og_image":[{"width":1417,"height":1213,"url":"https:\/\/erozone.org\/wp-content\/uploads\/2022\/01\/Super-P-Force-Oral-Jelly-org-2.jpg","type":"image\/jpeg"}],"twitter_card":"summary_large_image","twitter_misc":{"Est. reading time":"2 minutes"},"schema":{"@context":"https:\/\/schema.org","@graph":[{"@type":"WebPage","@id":"https:\/\/erozone.org\/en\/produktas\/super-p-force-oral-jelly\/","url":"https:\/\/erozone.org\/en\/produktas\/super-p-force-oral-jelly\/","name":"Super P Force Oral Jelly - Erozone","isPartOf":{"@id":"https:\/\/erozone.org\/en\/#website"},"primaryImageOfPage":{"@id":"https:\/\/erozone.org\/en\/produktas\/super-p-force-oral-jelly\/#primaryimage"},"image":{"@id":"https:\/\/erozone.org\/en\/produktas\/super-p-force-oral-jelly\/#primaryimage"},"thumbnailUrl":"https:\/\/erozone.org\/wp-content\/uploads\/2022\/01\/Super-P-Force-Oral-Jelly-org-2.jpg","datePublished":"2022-01-27T16:51:49+00:00","dateModified":"2026-05-02T13:06:12+00:00","description":"Super P Force Oral Jelly \u2705 Stiprinkite potencij\u0105 su m\u016bs\u0173 papildais u\u017e ger\u0105 kain\u0105 \u2764\ufe0f Gyvenkite aktyv\u0173 gyvenim\u0105! U\u017esisakykite!","breadcrumb":{"@id":"https:\/\/erozone.org\/en\/produktas\/super-p-force-oral-jelly\/#breadcrumb"},"inLanguage":"en-US","potentialAction":[{"@type":"ReadAction","target":["https:\/\/erozone.org\/en\/produktas\/super-p-force-oral-jelly\/"]}]},{"@type":"ImageObject","inLanguage":"en-US","@id":"https:\/\/erozone.org\/en\/produktas\/super-p-force-oral-jelly\/#primaryimage","url":"https:\/\/erozone.org\/wp-content\/uploads\/2022\/01\/Super-P-Force-Oral-Jelly-org-2.jpg","contentUrl":"https:\/\/erozone.org\/wp-content\/uploads\/2022\/01\/Super-P-Force-Oral-Jelly-org-2.jpg","width":1417,"height":1213},{"@type":"BreadcrumbList","@id":"https:\/\/erozone.org\/en\/produktas\/super-p-force-oral-jelly\/#breadcrumb","itemListElement":[{"@type":"ListItem","position":1,"name":"Home","item":"https:\/\/erozone.org\/"},{"@type":"ListItem","position":2,"name":"Katalogas","item":"https:\/\/erozone.org\/katalogas\/"},{"@type":"ListItem","position":3,"name":"Super P Force Oral Jelly"}]},{"@type":"WebSite","@id":"https:\/\/erozone.org\/en\/#website","url":"https:\/\/erozone.org\/en\/","name":"Erozone","description":"prek\u0117s internetu suaugusiems","publisher":{"@id":"https:\/\/erozone.org\/en\/#organization"},"potentialAction":[{"@type":"SearchAction","target":{"@type":"EntryPoint","urlTemplate":"https:\/\/erozone.org\/en\/?s={search_term_string}"},"query-input":{"@type":"PropertyValueSpecification","valueRequired":true,"valueName":"search_term_string"}}],"inLanguage":"en-US"},{"@type":"Organization","@id":"https:\/\/erozone.org\/en\/#organization","name":"Erozone","url":"https:\/\/erozone.org\/en\/","logo":{"@type":"ImageObject","inLanguage":"en-US","@id":"https:\/\/erozone.org\/en\/#\/schema\/logo\/image\/","url":"https:\/\/erozone.org\/wp-content\/uploads\/2023\/01\/logo-1.png","contentUrl":"https:\/\/erozone.org\/wp-content\/uploads\/2023\/01\/logo-1.png","width":182,"height":30,"caption":"Erozone"},"image":{"@id":"https:\/\/erozone.org\/en\/#\/schema\/logo\/image\/"}}]}},"_links":{"self":[{"href":"https:\/\/erozone.org\/en\/wp-json\/wp\/v2\/product\/36356","targetHints":{"allow":["GET"]}}],"collection":[{"href":"https:\/\/erozone.org\/en\/wp-json\/wp\/v2\/product"}],"about":[{"href":"https:\/\/erozone.org\/en\/wp-json\/wp\/v2\/types\/product"}],"version-history":[{"count":3,"href":"https:\/\/erozone.org\/en\/wp-json\/wp\/v2\/product\/36356\/revisions"}],"predecessor-version":[{"id":48247,"href":"https:\/\/erozone.org\/en\/wp-json\/wp\/v2\/product\/36356\/revisions\/48247"}],"wp:featuredmedia":[{"embeddable":true,"href":"https:\/\/erozone.org\/en\/wp-json\/wp\/v2\/media\/37317"}],"wp:attachment":[{"href":"https:\/\/erozone.org\/en\/wp-json\/wp\/v2\/media?parent=36356"}],"wp:term":[{"taxonomy":"brand","embeddable":true,"href":"https:\/\/erozone.org\/en\/wp-json\/wp\/v2\/etheme_brands?post=36356"},{"taxonomy":"product_brand","embeddable":true,"href":"https:\/\/erozone.org\/en\/wp-json\/wp\/v2\/product_brand?post=36356"},{"taxonomy":"product_cat","embeddable":true,"href":"https:\/\/erozone.org\/en\/wp-json\/wp\/v2\/product_cat?post=36356"},{"taxonomy":"product_tag","embeddable":true,"href":"https:\/\/erozone.org\/en\/wp-json\/wp\/v2\/product_tag?post=36356"}],"curies":[{"name":"wp","href":"https:\/\/api.w.org\/{rel}","templated":true}]}}