{"id":36359,"date":"2022-01-27T17:27:09","date_gmt":"2022-01-27T15:27:09","guid":{"rendered":"https:\/\/erozone.org\/produktas\/extra-super-p-force\/"},"modified":"2026-05-02T16:03:09","modified_gmt":"2026-05-02T13:03:09","slug":"extra-super-p-force","status":"publish","type":"product","link":"https:\/\/erozone.org\/en\/produktas\/extra-super-p-force\/","title":{"rendered":"Extra Super P Force"},"content":{"rendered":"<p>Extra Super P-Force &#8211; dvigubo veikimo preparatas vyrams, pad\u0117siantis \u012fveikti erekcijos disfunkcij\u0105 (b\u016bsena kai vyras negali pasiekti ar i\u0161laikyti erekcijos) ir prie\u0161laikin\u0119 ejakuliacij\u0105 (Kai vyrui s\u0117kla i\u0161siver\u017eia nesavalaikiai ir greitai lytinio akto metu). Sud\u0117tyje yra 100mg Sildenafil ir net 100mg Dapoksetino (Standartin\u0117 dapoksetino paros doz\u0117 30-60 mg). Extra Super P Force galima naudoti ir vyrams neturintiems erekcijos disfunkcijos ar prie\u0161laikin\u0117s ejakuliacijos sutrikim\u0173, ta\u010diau norintiems padidinti savo seksualin\u012f paj\u0117gum\u0105.<\/p>\n<p>Dapoksetinas gydo ankstyv\u0105j\u0105 (greit\u0105) vyr\u0173 ejakuliacij\u0105. Jis yra trumpo veikimo selektyvus serotonino reabsorbcijos inhibitorius (SSRI), slopinantis ejakuliacijos i\u0161st\u016bmimo refleks\u0105. Dapoksetinas yra gerai toleruojamas preparatas, kuris pagerina visas lytines funkcijas, kurios yra susijusios su ankstyva vyr\u0173 ejakuliacija. Dapoksetinas ne tik prailgina laik\u0105 nuo sueities iki s\u0117klos i\u0161metimo bet ir pagerina ejakuliacijos kontroliavim\u0105.<br \/>\nDapoksetinas veikia apie 12 valand\u0173, ta\u010diau stipriausias jo efektas trunka pirmas tris valandas po suveikimo.<\/p>\n<p>Sildenafil yra naudojamas gydyti vyr\u0173 erekcijos disfunkcij\u0105 ir sustiprinti erekcij\u0105. Sildenafil praple\u010dia varpos kraujagysles ir padidinda kraujo pritek\u0117jim\u0105 \u012f varp\u0105 seksualin\u0117s stimuliacijos metu. \u0160is padid\u0117j\u0119s kraujo srautas suteikia tvirt\u0105 erekcij\u0105 bei padeda j\u0105 i\u0161laikyti stand\u017ei\u0105 viso lytinio akto metu.<\/p>\n<p>Klinikinis Sildenafil ir Dapoksetino derinys labai stipriai pagerina vyr\u0173 seksualin\u0119 sveikat\u0105, padeda stipriai sustangrinti varp\u0105 bei gerokai prailginti lytin\u012f akt\u0105 !<\/p>\n<h2>Extra Super P Force naudojimas<\/h2>\n<p>EXTRA Super P-Force reikia i\u0161gerti 60 minu\u010di\u0173 prie\u0161 lytin\u012f akt\u0105, u\u017egeriant stikline vandens. Maksimali paros doz\u0117 \u2013 viena tablet\u0117. Nevartoti sunkiai prisivalgius ir nemai\u0161yti su greipfrutais ar j\u0173 produktais.<\/p>\n<h2>Extra Super P Force laikymas:<\/h2>\n<p>Papild\u0105 laikyti reikia \u017eemesn\u0117je nei 30 laipsni\u0173 temperat\u016broje pagal C. Laikyti toliau nuo kar\u0161\u010dio, saul\u0117s spinduli\u0173. Nelaikyti ten kur dr\u0117gna pvz. vonioje. Laikyti vaikams nepasiekiamoje vietoje.<\/p>\n","protected":false},"excerpt":{"rendered":"<p>Extra Super P-Force &#8211; tai ekstra super penio j\u0117ga ! galingas papildas vyrams, sustiprinantis erekcij\u0105 ir ypatingai tinkantis seksualin\u0117s veiklos prailginimui ! Sud\u0117tyje esantis Sildenafil leis pasiekti stand\u017ei\u0105 erekcij\u0105 bei gerokai didesn\u0117 doz\u0117 Dapoksetino, nei kituose 2in1 papilduose, leis prailginti lytin\u012f akt\u0105 dar ilgiau !<\/p>\n<p>Su Extra Super P-Force j\u016bs\u0173 seksualinis paj\u0117gumas \u017eymiai sustipr\u0117s !<\/p>\n","protected":false},"featured_media":37295,"template":"","meta":[],"etheme_brands":[],"product_brand":[],"product_cat":[162,165,154,156],"product_tag":[230],"class_list":{"0":"post-36359","1":"product","2":"type-product","3":"status-publish","4":"has-post-thumbnail","6":"product_cat-for-erection","7":"product_cat-sildenafil-en","8":"product_cat-2in1-sex-supplements","9":"product_cat-sildenafil-dapoxetine-en","10":"product_tag-p-force-en","12":"first","13":"instock","14":"shipping-taxable","15":"purchasable","16":"product-type-simple"},"yoast_head":"<!-- This site is optimized with the Yoast SEO plugin v26.2 - https:\/\/yoast.com\/wordpress\/plugins\/seo\/ -->\n<title>Extra Super P Force - Erozone<\/title>\n<meta name=\"description\" content=\"Extra Super P Force \u2705 Stiprinkite potencij\u0105 su m\u016bs\u0173 papildais u\u017e ger\u0105 kain\u0105 \u2764\ufe0f Gyvenkite aktyv\u0173 gyvenim\u0105! U\u017esisakykite!\" \/>\n<meta name=\"robots\" content=\"index, follow, max-snippet:-1, max-image-preview:large, max-video-preview:-1\" \/>\n<link rel=\"canonical\" href=\"https:\/\/erozone.org\/en\/produktas\/extra-super-p-force\/\" \/>\n<meta property=\"og:locale\" content=\"en_US\" \/>\n<meta property=\"og:type\" content=\"article\" \/>\n<meta property=\"og:title\" content=\"Extra Super P Force - Erozone\" \/>\n<meta property=\"og:description\" content=\"Extra Super P Force \u2705 Stiprinkite potencij\u0105 su m\u016bs\u0173 papildais u\u017e ger\u0105 kain\u0105 \u2764\ufe0f Gyvenkite aktyv\u0173 gyvenim\u0105! U\u017esisakykite!\" \/>\n<meta property=\"og:url\" content=\"https:\/\/erozone.org\/en\/produktas\/extra-super-p-force\/\" \/>\n<meta property=\"og:site_name\" content=\"Erozone\" \/>\n<meta property=\"article:modified_time\" content=\"2026-05-02T13:03:09+00:00\" \/>\n<meta property=\"og:image\" content=\"https:\/\/erozone.org\/wp-content\/uploads\/2022\/01\/Extra-Super-P-Force-org-2.jpg\" \/>\n\t<meta property=\"og:image:width\" content=\"1454\" \/>\n\t<meta property=\"og:image:height\" content=\"1118\" \/>\n\t<meta property=\"og:image:type\" content=\"image\/jpeg\" \/>\n<meta name=\"twitter:card\" content=\"summary_large_image\" \/>\n<meta name=\"twitter:label1\" content=\"Est. reading time\" \/>\n\t<meta name=\"twitter:data1\" content=\"2 minutes\" \/>\n<script type=\"application\/ld+json\" class=\"yoast-schema-graph\">{\"@context\":\"https:\/\/schema.org\",\"@graph\":[{\"@type\":\"WebPage\",\"@id\":\"https:\/\/erozone.org\/en\/produktas\/extra-super-p-force\/\",\"url\":\"https:\/\/erozone.org\/en\/produktas\/extra-super-p-force\/\",\"name\":\"Extra Super P Force - Erozone\",\"isPartOf\":{\"@id\":\"https:\/\/erozone.org\/en\/#website\"},\"primaryImageOfPage\":{\"@id\":\"https:\/\/erozone.org\/en\/produktas\/extra-super-p-force\/#primaryimage\"},\"image\":{\"@id\":\"https:\/\/erozone.org\/en\/produktas\/extra-super-p-force\/#primaryimage\"},\"thumbnailUrl\":\"https:\/\/erozone.org\/wp-content\/uploads\/2022\/01\/Extra-Super-P-Force-org-2.jpg\",\"datePublished\":\"2022-01-27T15:27:09+00:00\",\"dateModified\":\"2026-05-02T13:03:09+00:00\",\"description\":\"Extra Super P Force \u2705 Stiprinkite potencij\u0105 su m\u016bs\u0173 papildais u\u017e ger\u0105 kain\u0105 \u2764\ufe0f Gyvenkite aktyv\u0173 gyvenim\u0105! U\u017esisakykite!\",\"breadcrumb\":{\"@id\":\"https:\/\/erozone.org\/en\/produktas\/extra-super-p-force\/#breadcrumb\"},\"inLanguage\":\"en-US\",\"potentialAction\":[{\"@type\":\"ReadAction\",\"target\":[\"https:\/\/erozone.org\/en\/produktas\/extra-super-p-force\/\"]}]},{\"@type\":\"ImageObject\",\"inLanguage\":\"en-US\",\"@id\":\"https:\/\/erozone.org\/en\/produktas\/extra-super-p-force\/#primaryimage\",\"url\":\"https:\/\/erozone.org\/wp-content\/uploads\/2022\/01\/Extra-Super-P-Force-org-2.jpg\",\"contentUrl\":\"https:\/\/erozone.org\/wp-content\/uploads\/2022\/01\/Extra-Super-P-Force-org-2.jpg\",\"width\":1454,\"height\":1118},{\"@type\":\"BreadcrumbList\",\"@id\":\"https:\/\/erozone.org\/en\/produktas\/extra-super-p-force\/#breadcrumb\",\"itemListElement\":[{\"@type\":\"ListItem\",\"position\":1,\"name\":\"Home\",\"item\":\"https:\/\/erozone.org\/\"},{\"@type\":\"ListItem\",\"position\":2,\"name\":\"Katalogas\",\"item\":\"https:\/\/erozone.org\/katalogas\/\"},{\"@type\":\"ListItem\",\"position\":3,\"name\":\"Extra Super P Force\"}]},{\"@type\":\"WebSite\",\"@id\":\"https:\/\/erozone.org\/en\/#website\",\"url\":\"https:\/\/erozone.org\/en\/\",\"name\":\"Erozone\",\"description\":\"prek\u0117s internetu suaugusiems\",\"publisher\":{\"@id\":\"https:\/\/erozone.org\/en\/#organization\"},\"potentialAction\":[{\"@type\":\"SearchAction\",\"target\":{\"@type\":\"EntryPoint\",\"urlTemplate\":\"https:\/\/erozone.org\/en\/?s={search_term_string}\"},\"query-input\":{\"@type\":\"PropertyValueSpecification\",\"valueRequired\":true,\"valueName\":\"search_term_string\"}}],\"inLanguage\":\"en-US\"},{\"@type\":\"Organization\",\"@id\":\"https:\/\/erozone.org\/en\/#organization\",\"name\":\"Erozone\",\"url\":\"https:\/\/erozone.org\/en\/\",\"logo\":{\"@type\":\"ImageObject\",\"inLanguage\":\"en-US\",\"@id\":\"https:\/\/erozone.org\/en\/#\/schema\/logo\/image\/\",\"url\":\"https:\/\/erozone.org\/wp-content\/uploads\/2023\/01\/logo-1.png\",\"contentUrl\":\"https:\/\/erozone.org\/wp-content\/uploads\/2023\/01\/logo-1.png\",\"width\":182,\"height\":30,\"caption\":\"Erozone\"},\"image\":{\"@id\":\"https:\/\/erozone.org\/en\/#\/schema\/logo\/image\/\"}}]}<\/script>\n<!-- \/ Yoast SEO plugin. -->","yoast_head_json":{"title":"Extra Super P Force - Erozone","description":"Extra Super P Force \u2705 Stiprinkite potencij\u0105 su m\u016bs\u0173 papildais u\u017e ger\u0105 kain\u0105 \u2764\ufe0f Gyvenkite aktyv\u0173 gyvenim\u0105! U\u017esisakykite!","robots":{"index":"index","follow":"follow","max-snippet":"max-snippet:-1","max-image-preview":"max-image-preview:large","max-video-preview":"max-video-preview:-1"},"canonical":"https:\/\/erozone.org\/en\/produktas\/extra-super-p-force\/","og_locale":"en_US","og_type":"article","og_title":"Extra Super P Force - Erozone","og_description":"Extra Super P Force \u2705 Stiprinkite potencij\u0105 su m\u016bs\u0173 papildais u\u017e ger\u0105 kain\u0105 \u2764\ufe0f Gyvenkite aktyv\u0173 gyvenim\u0105! U\u017esisakykite!","og_url":"https:\/\/erozone.org\/en\/produktas\/extra-super-p-force\/","og_site_name":"Erozone","article_modified_time":"2026-05-02T13:03:09+00:00","og_image":[{"width":1454,"height":1118,"url":"https:\/\/erozone.org\/wp-content\/uploads\/2022\/01\/Extra-Super-P-Force-org-2.jpg","type":"image\/jpeg"}],"twitter_card":"summary_large_image","twitter_misc":{"Est. reading time":"2 minutes"},"schema":{"@context":"https:\/\/schema.org","@graph":[{"@type":"WebPage","@id":"https:\/\/erozone.org\/en\/produktas\/extra-super-p-force\/","url":"https:\/\/erozone.org\/en\/produktas\/extra-super-p-force\/","name":"Extra Super P Force - Erozone","isPartOf":{"@id":"https:\/\/erozone.org\/en\/#website"},"primaryImageOfPage":{"@id":"https:\/\/erozone.org\/en\/produktas\/extra-super-p-force\/#primaryimage"},"image":{"@id":"https:\/\/erozone.org\/en\/produktas\/extra-super-p-force\/#primaryimage"},"thumbnailUrl":"https:\/\/erozone.org\/wp-content\/uploads\/2022\/01\/Extra-Super-P-Force-org-2.jpg","datePublished":"2022-01-27T15:27:09+00:00","dateModified":"2026-05-02T13:03:09+00:00","description":"Extra Super P Force \u2705 Stiprinkite potencij\u0105 su m\u016bs\u0173 papildais u\u017e ger\u0105 kain\u0105 \u2764\ufe0f Gyvenkite aktyv\u0173 gyvenim\u0105! U\u017esisakykite!","breadcrumb":{"@id":"https:\/\/erozone.org\/en\/produktas\/extra-super-p-force\/#breadcrumb"},"inLanguage":"en-US","potentialAction":[{"@type":"ReadAction","target":["https:\/\/erozone.org\/en\/produktas\/extra-super-p-force\/"]}]},{"@type":"ImageObject","inLanguage":"en-US","@id":"https:\/\/erozone.org\/en\/produktas\/extra-super-p-force\/#primaryimage","url":"https:\/\/erozone.org\/wp-content\/uploads\/2022\/01\/Extra-Super-P-Force-org-2.jpg","contentUrl":"https:\/\/erozone.org\/wp-content\/uploads\/2022\/01\/Extra-Super-P-Force-org-2.jpg","width":1454,"height":1118},{"@type":"BreadcrumbList","@id":"https:\/\/erozone.org\/en\/produktas\/extra-super-p-force\/#breadcrumb","itemListElement":[{"@type":"ListItem","position":1,"name":"Home","item":"https:\/\/erozone.org\/"},{"@type":"ListItem","position":2,"name":"Katalogas","item":"https:\/\/erozone.org\/katalogas\/"},{"@type":"ListItem","position":3,"name":"Extra Super P Force"}]},{"@type":"WebSite","@id":"https:\/\/erozone.org\/en\/#website","url":"https:\/\/erozone.org\/en\/","name":"Erozone","description":"prek\u0117s internetu suaugusiems","publisher":{"@id":"https:\/\/erozone.org\/en\/#organization"},"potentialAction":[{"@type":"SearchAction","target":{"@type":"EntryPoint","urlTemplate":"https:\/\/erozone.org\/en\/?s={search_term_string}"},"query-input":{"@type":"PropertyValueSpecification","valueRequired":true,"valueName":"search_term_string"}}],"inLanguage":"en-US"},{"@type":"Organization","@id":"https:\/\/erozone.org\/en\/#organization","name":"Erozone","url":"https:\/\/erozone.org\/en\/","logo":{"@type":"ImageObject","inLanguage":"en-US","@id":"https:\/\/erozone.org\/en\/#\/schema\/logo\/image\/","url":"https:\/\/erozone.org\/wp-content\/uploads\/2023\/01\/logo-1.png","contentUrl":"https:\/\/erozone.org\/wp-content\/uploads\/2023\/01\/logo-1.png","width":182,"height":30,"caption":"Erozone"},"image":{"@id":"https:\/\/erozone.org\/en\/#\/schema\/logo\/image\/"}}]}},"_links":{"self":[{"href":"https:\/\/erozone.org\/en\/wp-json\/wp\/v2\/product\/36359","targetHints":{"allow":["GET"]}}],"collection":[{"href":"https:\/\/erozone.org\/en\/wp-json\/wp\/v2\/product"}],"about":[{"href":"https:\/\/erozone.org\/en\/wp-json\/wp\/v2\/types\/product"}],"version-history":[{"count":2,"href":"https:\/\/erozone.org\/en\/wp-json\/wp\/v2\/product\/36359\/revisions"}],"predecessor-version":[{"id":48409,"href":"https:\/\/erozone.org\/en\/wp-json\/wp\/v2\/product\/36359\/revisions\/48409"}],"wp:featuredmedia":[{"embeddable":true,"href":"https:\/\/erozone.org\/en\/wp-json\/wp\/v2\/media\/37295"}],"wp:attachment":[{"href":"https:\/\/erozone.org\/en\/wp-json\/wp\/v2\/media?parent=36359"}],"wp:term":[{"taxonomy":"brand","embeddable":true,"href":"https:\/\/erozone.org\/en\/wp-json\/wp\/v2\/etheme_brands?post=36359"},{"taxonomy":"product_brand","embeddable":true,"href":"https:\/\/erozone.org\/en\/wp-json\/wp\/v2\/product_brand?post=36359"},{"taxonomy":"product_cat","embeddable":true,"href":"https:\/\/erozone.org\/en\/wp-json\/wp\/v2\/product_cat?post=36359"},{"taxonomy":"product_tag","embeddable":true,"href":"https:\/\/erozone.org\/en\/wp-json\/wp\/v2\/product_tag?post=36359"}],"curies":[{"name":"wp","href":"https:\/\/api.w.org\/{rel}","templated":true}]}}