{"id":36360,"date":"2022-01-27T17:23:27","date_gmt":"2022-01-27T15:23:27","guid":{"rendered":"https:\/\/erozone.org\/produktas\/cenforce-d-160\/"},"modified":"2026-05-02T16:02:43","modified_gmt":"2026-05-02T13:02:43","slug":"cenforce-d-160","status":"publish","type":"product","link":"https:\/\/erozone.org\/en\/produktas\/cenforce-d-160\/","title":{"rendered":"Cenforce &#8211; D 160"},"content":{"rendered":"<p>C\u00e8nforce-D 160 &#8211; preparatas vyrams, skirtas sustiprinti potencij\u0105 ar gydyti erekcijos disfunkcij\u0105 ir kartu pad\u0117ti kontroliuoti s\u0117klos i\u0161siver\u017eim\u0105 ar gydyti prie\u0161laikin\u0119 ejakulia\u010dij\u0105.<\/p>\n<p>Revoliucin\u0117 C\u00e8nforce-D 160 formul\u0117 yra dviej\u0173 itin efektyvi\u0173 veikli\u0173j\u0173 med\u017eiag\u0173: Sildenafil ir Dapoksetino sintez\u0117.<\/p>\n<p>Sildenafil &#8211; vienas i\u0161 geriausi\u0173 komponent\u0173 erekcijos disfunkcijos gydimui bei potencijos stiprinimui. Sildenafil padeda \u012fveikti erekcijos problemas ir u\u017etikrina stabili\u0105 stand\u017ei\u0105 erekcij\u0105 viso lytinio akto metu.<br \/>\n\u0160i veiklioji med\u017eiaga priklauso vaist\u0173, vadinam\u0173 penkto tipo fosfodiesteraz\u0117s (FDE5) inhibitoriais, grupei. Sildenafil skatina varpos kraujagysli\u0173 i\u0161sipl\u0117tim\u0105 Seksualin\u0117s stimuliacijos metu, tod\u0117l \u012f varp\u0105 priteka gerokai daugiau kraujo ir tai leid\u017eia pasiekti itin tvirt\u0105 erekcij\u0105.<\/p>\n<p>Dapoksetinas &#8211; Vokie\u010di\u0173 sukurta veiklioji med\u017eiaga, kuri gydo vyr\u0173 ankstyv\u0105 ejakuliacij\u0105 lytinio akto metu.<br \/>\nDapoksetinas priklauso vaist\u0173, vadinam\u0173 selektyviaisiais serotonino reabsorbcijos inhibitoriais (SSRI), grupei. \u0160is vaistas prailgina laik\u0105 nuo sueities iki s\u0117klos i\u0161siver\u017eimo ir pagerina ejakuliacijos kontroliavim\u0105. Dapoksetinas skirtas prie\u0161laikinei ejakuliacijai gydyti suaugusiems nuo 18 iki 64 met\u0173 am\u017eiaus vyrams.Prie\u0161laikin\u0117 ejakuliacija vadinama, kai vyras i\u0161meta s\u0117kl\u0105 po nedidel\u0117s seksualin\u0117s stimuliacijos ir anks\u010diau, nei vyras to nori. Tai gali sukelti problem\u0173 vyrui ir gali sukelti problemas lytiniuose santykiuose.<\/p>\n<p>Rezultatas i\u0161 Dapoksetino ir Sildenafil s\u0105veikos &#8211; ilgalaikis lytinis paj\u0117gumas, tvirta erekcija ir ilgas lytinis aktas. Poveikis pasirei\u0161kia po 60-90 minu\u010di\u0173. Veikliosios med\u017eiagos organizme veikia nuo 9 iki 15 valand\u0173.<\/p>\n<h2>Kaip naudoti Cenforce &#8211; D 160?<\/h2>\n<p>Cenforce-D 160 reikia naudoti 60-90 minu\u010di\u0173 prie\u0161 lytinius santykius i\u0161geriant tablet\u0119 su vandeniu. Preparato nenaudoti su maistu, nes tai prailgins veikli\u0173j\u0173 med\u017eiag\u0173 \u012fsisavinimo laik\u0105. Nemai\u0161yti su greipfrut\u0173 sultimis ar j\u0173 produktais. Did\u017eiausia paros norma &#8211; 1 tablet\u0117.<\/p>\n<h2>Kod\u0117l verta vartoti Cenforce &#8211; D 160?<\/h2>\n<p>Cenforce-D 160 \u017eymiai pagerina vyr\u0173 seksualin\u0119 sveikat\u0105, padeda sustangrinti varp\u0105 ir i\u0161laikyti j\u0105 stand\u017ei\u0105 viso lytinio akto metu bei gerokai prailginti lytinio akto trukm\u0119 !<\/p>\n<h2>Cenforce &#8211; D 160 laikymas:<\/h2>\n<p>Laikyti ne auk\u0161tesn\u0117je kaip 28 \u00b0 C temperat\u016broje. Saugoti nuo kar\u0161\u010dio ir saul\u0117s spinduli\u0173. Nelaikykite ten, kur dr\u0117gna, pvz. vonia. Saugoti nuo vaik\u0173.<\/p>\n","protected":false},"excerpt":{"rendered":"<p>Cenforce-D 160 &#8211; Vienas geriausi\u0173 ir pirm\u0173j\u0173 preparat\u0173 vienu metu suteikian\u010di\u0173 dvigub\u0105 efekt\u0105: Tvirt\u0105 erekcij\u0105 ir kartu prailginantis lytinio akto trukm\u0119.<br \/>\nTai populiarus pasirinkimas tarp vyr\u0173 ir labai efektyvus papildas potencijai bei ejakuliacijos kontrolei.<br \/>\nPadeda \u012fveikti erekcijos disfunkcij\u0105 ar prie\u0161laikin\u0119 ejakuliacij\u0105.<br \/>\nCenforce-D 160 &#8211; savo vard\u0105 u\u017esitarnav\u0119s ir vienas \u017einomiausi\u0173 2in1 papild\u0173 !<\/p>\n","protected":false},"featured_media":37291,"template":"","meta":[],"etheme_brands":[],"product_brand":[],"product_cat":[162,165,154,156],"product_tag":[182],"class_list":{"0":"post-36360","1":"product","2":"type-product","3":"status-publish","4":"has-post-thumbnail","6":"product_cat-for-erection","7":"product_cat-sildenafil-en","8":"product_cat-2in1-sex-supplements","9":"product_cat-sildenafil-dapoxetine-en","10":"product_tag-cenforce-en","12":"first","13":"instock","14":"shipping-taxable","15":"purchasable","16":"product-type-simple"},"yoast_head":"<!-- This site is optimized with the Yoast SEO plugin v26.2 - https:\/\/yoast.com\/wordpress\/plugins\/seo\/ -->\n<title>Cenforce - D 160 - Erozone<\/title>\n<meta name=\"description\" content=\"Cenforce - D 160 \u2705 Stiprinkite potencij\u0105 su m\u016bs\u0173 papildais u\u017e ger\u0105 kain\u0105 \u2764\ufe0f Gyvenkite aktyv\u0173 gyvenim\u0105! U\u017esisakykite!\" \/>\n<meta name=\"robots\" content=\"index, follow, max-snippet:-1, max-image-preview:large, max-video-preview:-1\" \/>\n<link rel=\"canonical\" href=\"https:\/\/erozone.org\/en\/produktas\/cenforce-d-160\/\" \/>\n<meta property=\"og:locale\" content=\"en_US\" \/>\n<meta property=\"og:type\" content=\"article\" \/>\n<meta property=\"og:title\" content=\"Cenforce - D 160 - Erozone\" \/>\n<meta property=\"og:description\" content=\"Cenforce - D 160 \u2705 Stiprinkite potencij\u0105 su m\u016bs\u0173 papildais u\u017e ger\u0105 kain\u0105 \u2764\ufe0f Gyvenkite aktyv\u0173 gyvenim\u0105! U\u017esisakykite!\" \/>\n<meta property=\"og:url\" content=\"https:\/\/erozone.org\/en\/produktas\/cenforce-d-160\/\" \/>\n<meta property=\"og:site_name\" content=\"Erozone\" \/>\n<meta property=\"article:modified_time\" content=\"2026-05-02T13:02:43+00:00\" \/>\n<meta property=\"og:image\" content=\"https:\/\/erozone.org\/wp-content\/uploads\/2022\/01\/CenforceD-org2.jpg\" \/>\n\t<meta property=\"og:image:width\" content=\"1371\" \/>\n\t<meta property=\"og:image:height\" content=\"1081\" \/>\n\t<meta property=\"og:image:type\" content=\"image\/jpeg\" \/>\n<meta name=\"twitter:card\" content=\"summary_large_image\" \/>\n<meta name=\"twitter:label1\" content=\"Est. reading time\" \/>\n\t<meta name=\"twitter:data1\" content=\"2 minutes\" \/>\n<script type=\"application\/ld+json\" class=\"yoast-schema-graph\">{\"@context\":\"https:\/\/schema.org\",\"@graph\":[{\"@type\":\"WebPage\",\"@id\":\"https:\/\/erozone.org\/en\/produktas\/cenforce-d-160\/\",\"url\":\"https:\/\/erozone.org\/en\/produktas\/cenforce-d-160\/\",\"name\":\"Cenforce - D 160 - Erozone\",\"isPartOf\":{\"@id\":\"https:\/\/erozone.org\/en\/#website\"},\"primaryImageOfPage\":{\"@id\":\"https:\/\/erozone.org\/en\/produktas\/cenforce-d-160\/#primaryimage\"},\"image\":{\"@id\":\"https:\/\/erozone.org\/en\/produktas\/cenforce-d-160\/#primaryimage\"},\"thumbnailUrl\":\"https:\/\/erozone.org\/wp-content\/uploads\/2022\/01\/CenforceD-org2.jpg\",\"datePublished\":\"2022-01-27T15:23:27+00:00\",\"dateModified\":\"2026-05-02T13:02:43+00:00\",\"description\":\"Cenforce - D 160 \u2705 Stiprinkite potencij\u0105 su m\u016bs\u0173 papildais u\u017e ger\u0105 kain\u0105 \u2764\ufe0f Gyvenkite aktyv\u0173 gyvenim\u0105! U\u017esisakykite!\",\"breadcrumb\":{\"@id\":\"https:\/\/erozone.org\/en\/produktas\/cenforce-d-160\/#breadcrumb\"},\"inLanguage\":\"en-US\",\"potentialAction\":[{\"@type\":\"ReadAction\",\"target\":[\"https:\/\/erozone.org\/en\/produktas\/cenforce-d-160\/\"]}]},{\"@type\":\"ImageObject\",\"inLanguage\":\"en-US\",\"@id\":\"https:\/\/erozone.org\/en\/produktas\/cenforce-d-160\/#primaryimage\",\"url\":\"https:\/\/erozone.org\/wp-content\/uploads\/2022\/01\/CenforceD-org2.jpg\",\"contentUrl\":\"https:\/\/erozone.org\/wp-content\/uploads\/2022\/01\/CenforceD-org2.jpg\",\"width\":1371,\"height\":1081},{\"@type\":\"BreadcrumbList\",\"@id\":\"https:\/\/erozone.org\/en\/produktas\/cenforce-d-160\/#breadcrumb\",\"itemListElement\":[{\"@type\":\"ListItem\",\"position\":1,\"name\":\"Home\",\"item\":\"https:\/\/erozone.org\/\"},{\"@type\":\"ListItem\",\"position\":2,\"name\":\"Katalogas\",\"item\":\"https:\/\/erozone.org\/katalogas\/\"},{\"@type\":\"ListItem\",\"position\":3,\"name\":\"Cenforce &#8211; D 160\"}]},{\"@type\":\"WebSite\",\"@id\":\"https:\/\/erozone.org\/en\/#website\",\"url\":\"https:\/\/erozone.org\/en\/\",\"name\":\"Erozone\",\"description\":\"prek\u0117s internetu suaugusiems\",\"publisher\":{\"@id\":\"https:\/\/erozone.org\/en\/#organization\"},\"potentialAction\":[{\"@type\":\"SearchAction\",\"target\":{\"@type\":\"EntryPoint\",\"urlTemplate\":\"https:\/\/erozone.org\/en\/?s={search_term_string}\"},\"query-input\":{\"@type\":\"PropertyValueSpecification\",\"valueRequired\":true,\"valueName\":\"search_term_string\"}}],\"inLanguage\":\"en-US\"},{\"@type\":\"Organization\",\"@id\":\"https:\/\/erozone.org\/en\/#organization\",\"name\":\"Erozone\",\"url\":\"https:\/\/erozone.org\/en\/\",\"logo\":{\"@type\":\"ImageObject\",\"inLanguage\":\"en-US\",\"@id\":\"https:\/\/erozone.org\/en\/#\/schema\/logo\/image\/\",\"url\":\"https:\/\/erozone.org\/wp-content\/uploads\/2023\/01\/logo-1.png\",\"contentUrl\":\"https:\/\/erozone.org\/wp-content\/uploads\/2023\/01\/logo-1.png\",\"width\":182,\"height\":30,\"caption\":\"Erozone\"},\"image\":{\"@id\":\"https:\/\/erozone.org\/en\/#\/schema\/logo\/image\/\"}}]}<\/script>\n<!-- \/ Yoast SEO plugin. -->","yoast_head_json":{"title":"Cenforce - D 160 - Erozone","description":"Cenforce - D 160 \u2705 Stiprinkite potencij\u0105 su m\u016bs\u0173 papildais u\u017e ger\u0105 kain\u0105 \u2764\ufe0f Gyvenkite aktyv\u0173 gyvenim\u0105! U\u017esisakykite!","robots":{"index":"index","follow":"follow","max-snippet":"max-snippet:-1","max-image-preview":"max-image-preview:large","max-video-preview":"max-video-preview:-1"},"canonical":"https:\/\/erozone.org\/en\/produktas\/cenforce-d-160\/","og_locale":"en_US","og_type":"article","og_title":"Cenforce - D 160 - Erozone","og_description":"Cenforce - D 160 \u2705 Stiprinkite potencij\u0105 su m\u016bs\u0173 papildais u\u017e ger\u0105 kain\u0105 \u2764\ufe0f Gyvenkite aktyv\u0173 gyvenim\u0105! U\u017esisakykite!","og_url":"https:\/\/erozone.org\/en\/produktas\/cenforce-d-160\/","og_site_name":"Erozone","article_modified_time":"2026-05-02T13:02:43+00:00","og_image":[{"width":1371,"height":1081,"url":"https:\/\/erozone.org\/wp-content\/uploads\/2022\/01\/CenforceD-org2.jpg","type":"image\/jpeg"}],"twitter_card":"summary_large_image","twitter_misc":{"Est. reading time":"2 minutes"},"schema":{"@context":"https:\/\/schema.org","@graph":[{"@type":"WebPage","@id":"https:\/\/erozone.org\/en\/produktas\/cenforce-d-160\/","url":"https:\/\/erozone.org\/en\/produktas\/cenforce-d-160\/","name":"Cenforce - D 160 - Erozone","isPartOf":{"@id":"https:\/\/erozone.org\/en\/#website"},"primaryImageOfPage":{"@id":"https:\/\/erozone.org\/en\/produktas\/cenforce-d-160\/#primaryimage"},"image":{"@id":"https:\/\/erozone.org\/en\/produktas\/cenforce-d-160\/#primaryimage"},"thumbnailUrl":"https:\/\/erozone.org\/wp-content\/uploads\/2022\/01\/CenforceD-org2.jpg","datePublished":"2022-01-27T15:23:27+00:00","dateModified":"2026-05-02T13:02:43+00:00","description":"Cenforce - D 160 \u2705 Stiprinkite potencij\u0105 su m\u016bs\u0173 papildais u\u017e ger\u0105 kain\u0105 \u2764\ufe0f Gyvenkite aktyv\u0173 gyvenim\u0105! U\u017esisakykite!","breadcrumb":{"@id":"https:\/\/erozone.org\/en\/produktas\/cenforce-d-160\/#breadcrumb"},"inLanguage":"en-US","potentialAction":[{"@type":"ReadAction","target":["https:\/\/erozone.org\/en\/produktas\/cenforce-d-160\/"]}]},{"@type":"ImageObject","inLanguage":"en-US","@id":"https:\/\/erozone.org\/en\/produktas\/cenforce-d-160\/#primaryimage","url":"https:\/\/erozone.org\/wp-content\/uploads\/2022\/01\/CenforceD-org2.jpg","contentUrl":"https:\/\/erozone.org\/wp-content\/uploads\/2022\/01\/CenforceD-org2.jpg","width":1371,"height":1081},{"@type":"BreadcrumbList","@id":"https:\/\/erozone.org\/en\/produktas\/cenforce-d-160\/#breadcrumb","itemListElement":[{"@type":"ListItem","position":1,"name":"Home","item":"https:\/\/erozone.org\/"},{"@type":"ListItem","position":2,"name":"Katalogas","item":"https:\/\/erozone.org\/katalogas\/"},{"@type":"ListItem","position":3,"name":"Cenforce &#8211; D 160"}]},{"@type":"WebSite","@id":"https:\/\/erozone.org\/en\/#website","url":"https:\/\/erozone.org\/en\/","name":"Erozone","description":"prek\u0117s internetu suaugusiems","publisher":{"@id":"https:\/\/erozone.org\/en\/#organization"},"potentialAction":[{"@type":"SearchAction","target":{"@type":"EntryPoint","urlTemplate":"https:\/\/erozone.org\/en\/?s={search_term_string}"},"query-input":{"@type":"PropertyValueSpecification","valueRequired":true,"valueName":"search_term_string"}}],"inLanguage":"en-US"},{"@type":"Organization","@id":"https:\/\/erozone.org\/en\/#organization","name":"Erozone","url":"https:\/\/erozone.org\/en\/","logo":{"@type":"ImageObject","inLanguage":"en-US","@id":"https:\/\/erozone.org\/en\/#\/schema\/logo\/image\/","url":"https:\/\/erozone.org\/wp-content\/uploads\/2023\/01\/logo-1.png","contentUrl":"https:\/\/erozone.org\/wp-content\/uploads\/2023\/01\/logo-1.png","width":182,"height":30,"caption":"Erozone"},"image":{"@id":"https:\/\/erozone.org\/en\/#\/schema\/logo\/image\/"}}]}},"_links":{"self":[{"href":"https:\/\/erozone.org\/en\/wp-json\/wp\/v2\/product\/36360","targetHints":{"allow":["GET"]}}],"collection":[{"href":"https:\/\/erozone.org\/en\/wp-json\/wp\/v2\/product"}],"about":[{"href":"https:\/\/erozone.org\/en\/wp-json\/wp\/v2\/types\/product"}],"version-history":[{"count":2,"href":"https:\/\/erozone.org\/en\/wp-json\/wp\/v2\/product\/36360\/revisions"}],"predecessor-version":[{"id":49141,"href":"https:\/\/erozone.org\/en\/wp-json\/wp\/v2\/product\/36360\/revisions\/49141"}],"wp:featuredmedia":[{"embeddable":true,"href":"https:\/\/erozone.org\/en\/wp-json\/wp\/v2\/media\/37291"}],"wp:attachment":[{"href":"https:\/\/erozone.org\/en\/wp-json\/wp\/v2\/media?parent=36360"}],"wp:term":[{"taxonomy":"brand","embeddable":true,"href":"https:\/\/erozone.org\/en\/wp-json\/wp\/v2\/etheme_brands?post=36360"},{"taxonomy":"product_brand","embeddable":true,"href":"https:\/\/erozone.org\/en\/wp-json\/wp\/v2\/product_brand?post=36360"},{"taxonomy":"product_cat","embeddable":true,"href":"https:\/\/erozone.org\/en\/wp-json\/wp\/v2\/product_cat?post=36360"},{"taxonomy":"product_tag","embeddable":true,"href":"https:\/\/erozone.org\/en\/wp-json\/wp\/v2\/product_tag?post=36360"}],"curies":[{"name":"wp","href":"https:\/\/api.w.org\/{rel}","templated":true}]}}