{"id":36363,"date":"2022-01-24T15:12:44","date_gmt":"2022-01-24T13:12:44","guid":{"rendered":"https:\/\/erozone.org\/produktas\/super-vilitra\/"},"modified":"2026-02-09T07:48:05","modified_gmt":"2026-02-09T05:48:05","slug":"super-vilitra","status":"publish","type":"product","link":"https:\/\/erozone.org\/en\/produktas\/super-vilitra\/","title":{"rendered":"Super Vilitra"},"content":{"rendered":"<p>Super Vilitra is a product that will strengthen your sexual performance by simultaneously attacking both erection and premature ejaculation problems. Erectile dysfunction occurs when a man cannot achieve or maintain an erection during sexual intercourse, and premature ejaculation occurs when the semen is released unplanned and too quickly during sexual intercourse.<br \/>\nSuper Vilitra contains 20 mg Vardenafil and 60 mg Dapoxetine.<\/p>\n<p>Vardenafil is an active substance developed for men, which helps to overcome erectile dysfunction and generally strengthens male potency. Vardenafil belongs to the group of phosphodiesterase (FDE5) inhibitors. FDE5 inhibitors help eliminate erectile dysfunction.<br \/>\nVardenafil works by relaxing the vascular muscles and increasing blood flow to the penis during sexual stimulation. Increased blood flow in the penile area helps achieve and maintain a hard erection.<br \/>\nVardenafil can also be effective in slightly prolonging the duration of intercourse, as it has the ability to prevent the ejaculation of semen too quickly.<br \/>\nThe recommended dose of Vardenafil is 5 mg to 20 mg per day.<\/p>\n<p>Dapoxetine is used to stop premature (rapid) ejaculation in men. This product is well tolerated by the body and improves all sexual functions associated with premature ejaculation. Dapoxetine prevents semen from being released too quickly during intercourse and not only prolongs the time from intercourse to ejaculation, but also improves ejaculation control, so the duration of intercourse can be controlled.<br \/>\nDapoxetine works for about 12 hours, but its strongest effect lasts for the first three hours after consumption. Dapoxetine will help eliminate psychological problems due to premature ejaculation, which will improve sexual satisfaction.<\/p>\n<p>Why is it worth it?<br \/>\nSuper Vilitra will provide a stronger erection, keep it rigid during intercourse, help overcome erectile dysfunction, stop premature ejaculation, extend the duration of intercourse, increase your sexual capacity and confidence.<\/p>\n<p>Directions for use:<br \/>\nTake a Super Vilitra tablet or half of it approximately 60-90 minutes before sexual intercourse with a glass of water. Do not take Super Vilitra more than once a day. The effect of Super Vilitra lasts 8-12 hours.<\/p>\n","protected":false},"excerpt":{"rendered":"<p>Super Vilitra &#8211; will strengthen potency and allow you to enjoy sexual intercourse longer! At the same time, Super Vilitra ensures a stronger erection and prolongs the duration of the sexual act, because it prevents the sperm from escaping quickly! <\/p>\n<p>Super Vilitra &#8211; will help overcome the problems of erection and untimely ejaculation!<\/p>\n","protected":false},"featured_media":38156,"template":"","meta":[],"etheme_brands":[],"product_brand":[],"product_cat":[162,168,154,170],"product_tag":[],"class_list":{"0":"post-36363","1":"product","2":"type-product","3":"status-publish","4":"has-post-thumbnail","6":"product_cat-for-erection","7":"product_cat-vardenafil-en","8":"product_cat-2in1-sex-supplements","9":"product_cat-vardenafil-dapoxetine-en","11":"first","12":"instock","13":"shipping-taxable","14":"purchasable","15":"product-type-simple"},"yoast_head":"<!-- This site is optimized with the Yoast SEO plugin v26.2 - https:\/\/yoast.com\/wordpress\/plugins\/seo\/ -->\n<title>Super Vilitra - Erozone<\/title>\n<meta name=\"description\" content=\"Super Vilitra \u2705 Stiprinkite potencij\u0105 su m\u016bs\u0173 papildais u\u017e ger\u0105 kain\u0105 \u2764\ufe0f Gyvenkite aktyv\u0173 gyvenim\u0105! U\u017esisakykite!\" \/>\n<meta name=\"robots\" content=\"index, follow, max-snippet:-1, max-image-preview:large, max-video-preview:-1\" \/>\n<link rel=\"canonical\" href=\"https:\/\/erozone.org\/produktas\/super-vilitra\/\" \/>\n<meta property=\"og:locale\" content=\"en_US\" \/>\n<meta property=\"og:type\" content=\"article\" \/>\n<meta property=\"og:title\" content=\"Super Vilitra - Erozone\" \/>\n<meta property=\"og:description\" content=\"Super Vilitra \u2705 Stiprinkite potencij\u0105 su m\u016bs\u0173 papildais u\u017e ger\u0105 kain\u0105 \u2764\ufe0f Gyvenkite aktyv\u0173 gyvenim\u0105! U\u017esisakykite!\" \/>\n<meta property=\"og:url\" content=\"https:\/\/erozone.org\/produktas\/super-vilitra\/\" \/>\n<meta property=\"og:site_name\" content=\"Erozone\" \/>\n<meta property=\"article:modified_time\" content=\"2026-02-09T05:48:05+00:00\" \/>\n<meta property=\"og:image\" content=\"https:\/\/erozone.org\/wp-content\/uploads\/2022\/01\/Super-Vilitra-org2.jpg\" \/>\n\t<meta property=\"og:image:width\" content=\"1508\" \/>\n\t<meta property=\"og:image:height\" content=\"1108\" \/>\n\t<meta property=\"og:image:type\" content=\"image\/jpeg\" \/>\n<meta name=\"twitter:card\" content=\"summary_large_image\" \/>\n<meta name=\"twitter:label1\" content=\"Est. reading time\" \/>\n\t<meta name=\"twitter:data1\" content=\"2 minutes\" \/>\n<script type=\"application\/ld+json\" class=\"yoast-schema-graph\">{\"@context\":\"https:\/\/schema.org\",\"@graph\":[{\"@type\":\"WebPage\",\"@id\":\"https:\/\/erozone.org\/produktas\/super-vilitra\/\",\"url\":\"https:\/\/erozone.org\/produktas\/super-vilitra\/\",\"name\":\"Super Vilitra - Erozone\",\"isPartOf\":{\"@id\":\"https:\/\/erozone.org\/en\/#website\"},\"primaryImageOfPage\":{\"@id\":\"https:\/\/erozone.org\/produktas\/super-vilitra\/#primaryimage\"},\"image\":{\"@id\":\"https:\/\/erozone.org\/produktas\/super-vilitra\/#primaryimage\"},\"thumbnailUrl\":\"https:\/\/erozone.org\/wp-content\/uploads\/2022\/01\/Super-Vilitra-org2.jpg\",\"datePublished\":\"2022-01-24T13:12:44+00:00\",\"dateModified\":\"2026-02-09T05:48:05+00:00\",\"description\":\"Super Vilitra \u2705 Stiprinkite potencij\u0105 su m\u016bs\u0173 papildais u\u017e ger\u0105 kain\u0105 \u2764\ufe0f Gyvenkite aktyv\u0173 gyvenim\u0105! U\u017esisakykite!\",\"breadcrumb\":{\"@id\":\"https:\/\/erozone.org\/produktas\/super-vilitra\/#breadcrumb\"},\"inLanguage\":\"en-US\",\"potentialAction\":[{\"@type\":\"ReadAction\",\"target\":[\"https:\/\/erozone.org\/produktas\/super-vilitra\/\"]}]},{\"@type\":\"ImageObject\",\"inLanguage\":\"en-US\",\"@id\":\"https:\/\/erozone.org\/produktas\/super-vilitra\/#primaryimage\",\"url\":\"https:\/\/erozone.org\/wp-content\/uploads\/2022\/01\/Super-Vilitra-org2.jpg\",\"contentUrl\":\"https:\/\/erozone.org\/wp-content\/uploads\/2022\/01\/Super-Vilitra-org2.jpg\",\"width\":1508,\"height\":1108},{\"@type\":\"BreadcrumbList\",\"@id\":\"https:\/\/erozone.org\/produktas\/super-vilitra\/#breadcrumb\",\"itemListElement\":[{\"@type\":\"ListItem\",\"position\":1,\"name\":\"Home\",\"item\":\"https:\/\/erozone.org\/\"},{\"@type\":\"ListItem\",\"position\":2,\"name\":\"Katalogas\",\"item\":\"https:\/\/erozone.org\/katalogas\/\"},{\"@type\":\"ListItem\",\"position\":3,\"name\":\"Super Vilitra\"}]},{\"@type\":\"WebSite\",\"@id\":\"https:\/\/erozone.org\/en\/#website\",\"url\":\"https:\/\/erozone.org\/en\/\",\"name\":\"Erozone\",\"description\":\"prek\u0117s internetu suaugusiems\",\"publisher\":{\"@id\":\"https:\/\/erozone.org\/en\/#organization\"},\"potentialAction\":[{\"@type\":\"SearchAction\",\"target\":{\"@type\":\"EntryPoint\",\"urlTemplate\":\"https:\/\/erozone.org\/en\/?s={search_term_string}\"},\"query-input\":{\"@type\":\"PropertyValueSpecification\",\"valueRequired\":true,\"valueName\":\"search_term_string\"}}],\"inLanguage\":\"en-US\"},{\"@type\":\"Organization\",\"@id\":\"https:\/\/erozone.org\/en\/#organization\",\"name\":\"Erozone\",\"url\":\"https:\/\/erozone.org\/en\/\",\"logo\":{\"@type\":\"ImageObject\",\"inLanguage\":\"en-US\",\"@id\":\"https:\/\/erozone.org\/en\/#\/schema\/logo\/image\/\",\"url\":\"https:\/\/erozone.org\/wp-content\/uploads\/2023\/01\/logo-1.png\",\"contentUrl\":\"https:\/\/erozone.org\/wp-content\/uploads\/2023\/01\/logo-1.png\",\"width\":182,\"height\":30,\"caption\":\"Erozone\"},\"image\":{\"@id\":\"https:\/\/erozone.org\/en\/#\/schema\/logo\/image\/\"}}]}<\/script>\n<!-- \/ Yoast SEO plugin. -->","yoast_head_json":{"title":"Super Vilitra - Erozone","description":"Super Vilitra \u2705 Stiprinkite potencij\u0105 su m\u016bs\u0173 papildais u\u017e ger\u0105 kain\u0105 \u2764\ufe0f Gyvenkite aktyv\u0173 gyvenim\u0105! U\u017esisakykite!","robots":{"index":"index","follow":"follow","max-snippet":"max-snippet:-1","max-image-preview":"max-image-preview:large","max-video-preview":"max-video-preview:-1"},"canonical":"https:\/\/erozone.org\/produktas\/super-vilitra\/","og_locale":"en_US","og_type":"article","og_title":"Super Vilitra - Erozone","og_description":"Super Vilitra \u2705 Stiprinkite potencij\u0105 su m\u016bs\u0173 papildais u\u017e ger\u0105 kain\u0105 \u2764\ufe0f Gyvenkite aktyv\u0173 gyvenim\u0105! U\u017esisakykite!","og_url":"https:\/\/erozone.org\/produktas\/super-vilitra\/","og_site_name":"Erozone","article_modified_time":"2026-02-09T05:48:05+00:00","og_image":[{"width":1508,"height":1108,"url":"https:\/\/erozone.org\/wp-content\/uploads\/2022\/01\/Super-Vilitra-org2.jpg","type":"image\/jpeg"}],"twitter_card":"summary_large_image","twitter_misc":{"Est. reading time":"2 minutes"},"schema":{"@context":"https:\/\/schema.org","@graph":[{"@type":"WebPage","@id":"https:\/\/erozone.org\/produktas\/super-vilitra\/","url":"https:\/\/erozone.org\/produktas\/super-vilitra\/","name":"Super Vilitra - Erozone","isPartOf":{"@id":"https:\/\/erozone.org\/en\/#website"},"primaryImageOfPage":{"@id":"https:\/\/erozone.org\/produktas\/super-vilitra\/#primaryimage"},"image":{"@id":"https:\/\/erozone.org\/produktas\/super-vilitra\/#primaryimage"},"thumbnailUrl":"https:\/\/erozone.org\/wp-content\/uploads\/2022\/01\/Super-Vilitra-org2.jpg","datePublished":"2022-01-24T13:12:44+00:00","dateModified":"2026-02-09T05:48:05+00:00","description":"Super Vilitra \u2705 Stiprinkite potencij\u0105 su m\u016bs\u0173 papildais u\u017e ger\u0105 kain\u0105 \u2764\ufe0f Gyvenkite aktyv\u0173 gyvenim\u0105! U\u017esisakykite!","breadcrumb":{"@id":"https:\/\/erozone.org\/produktas\/super-vilitra\/#breadcrumb"},"inLanguage":"en-US","potentialAction":[{"@type":"ReadAction","target":["https:\/\/erozone.org\/produktas\/super-vilitra\/"]}]},{"@type":"ImageObject","inLanguage":"en-US","@id":"https:\/\/erozone.org\/produktas\/super-vilitra\/#primaryimage","url":"https:\/\/erozone.org\/wp-content\/uploads\/2022\/01\/Super-Vilitra-org2.jpg","contentUrl":"https:\/\/erozone.org\/wp-content\/uploads\/2022\/01\/Super-Vilitra-org2.jpg","width":1508,"height":1108},{"@type":"BreadcrumbList","@id":"https:\/\/erozone.org\/produktas\/super-vilitra\/#breadcrumb","itemListElement":[{"@type":"ListItem","position":1,"name":"Home","item":"https:\/\/erozone.org\/"},{"@type":"ListItem","position":2,"name":"Katalogas","item":"https:\/\/erozone.org\/katalogas\/"},{"@type":"ListItem","position":3,"name":"Super Vilitra"}]},{"@type":"WebSite","@id":"https:\/\/erozone.org\/en\/#website","url":"https:\/\/erozone.org\/en\/","name":"Erozone","description":"prek\u0117s internetu suaugusiems","publisher":{"@id":"https:\/\/erozone.org\/en\/#organization"},"potentialAction":[{"@type":"SearchAction","target":{"@type":"EntryPoint","urlTemplate":"https:\/\/erozone.org\/en\/?s={search_term_string}"},"query-input":{"@type":"PropertyValueSpecification","valueRequired":true,"valueName":"search_term_string"}}],"inLanguage":"en-US"},{"@type":"Organization","@id":"https:\/\/erozone.org\/en\/#organization","name":"Erozone","url":"https:\/\/erozone.org\/en\/","logo":{"@type":"ImageObject","inLanguage":"en-US","@id":"https:\/\/erozone.org\/en\/#\/schema\/logo\/image\/","url":"https:\/\/erozone.org\/wp-content\/uploads\/2023\/01\/logo-1.png","contentUrl":"https:\/\/erozone.org\/wp-content\/uploads\/2023\/01\/logo-1.png","width":182,"height":30,"caption":"Erozone"},"image":{"@id":"https:\/\/erozone.org\/en\/#\/schema\/logo\/image\/"}}]}},"_links":{"self":[{"href":"https:\/\/erozone.org\/en\/wp-json\/wp\/v2\/product\/36363","targetHints":{"allow":["GET"]}}],"collection":[{"href":"https:\/\/erozone.org\/en\/wp-json\/wp\/v2\/product"}],"about":[{"href":"https:\/\/erozone.org\/en\/wp-json\/wp\/v2\/types\/product"}],"version-history":[{"count":0,"href":"https:\/\/erozone.org\/en\/wp-json\/wp\/v2\/product\/36363\/revisions"}],"wp:featuredmedia":[{"embeddable":true,"href":"https:\/\/erozone.org\/en\/wp-json\/wp\/v2\/media\/38156"}],"wp:attachment":[{"href":"https:\/\/erozone.org\/en\/wp-json\/wp\/v2\/media?parent=36363"}],"wp:term":[{"taxonomy":"brand","embeddable":true,"href":"https:\/\/erozone.org\/en\/wp-json\/wp\/v2\/etheme_brands?post=36363"},{"taxonomy":"product_brand","embeddable":true,"href":"https:\/\/erozone.org\/en\/wp-json\/wp\/v2\/product_brand?post=36363"},{"taxonomy":"product_cat","embeddable":true,"href":"https:\/\/erozone.org\/en\/wp-json\/wp\/v2\/product_cat?post=36363"},{"taxonomy":"product_tag","embeddable":true,"href":"https:\/\/erozone.org\/en\/wp-json\/wp\/v2\/product_tag?post=36363"}],"curies":[{"name":"wp","href":"https:\/\/api.w.org\/{rel}","templated":true}]}}