{"id":36366,"date":"2022-01-18T21:51:28","date_gmt":"2022-01-18T19:51:28","guid":{"rendered":"https:\/\/erozone.org\/produktas\/super-tadarise\/"},"modified":"2026-05-02T16:07:11","modified_gmt":"2026-05-02T13:07:11","slug":"super-tadarise","status":"publish","type":"product","link":"https:\/\/erozone.org\/en\/produktas\/super-tadarise\/","title":{"rendered":"Super Tadarise"},"content":{"rendered":"<p>Super Tadarise \u2013 dvigubo poveikio Tadarise produktas, kurio sud\u0117tyje yra 20 mg tadalafil erekcijai ir 60 mg dapoksetino lytinio akto prailginimui.<\/p>\n<p>Tadalafil yra naudojamas gydyti vyr\u0173 erekcijos disfunkcij\u0105 (impotencij\u0105, arba kai vyras negali santykiauti d\u0117l nestand\u017eios ar laikinai sustand\u0117jan\u010dios varpos) bei potencijos stiprinimui. Tadalafil veikia atpalaiduodamas varpos raumenis ir pl\u0117sdamas varpos kraujagysles. Tadalafil taip pat padidina kraujo sraut\u0105 \u012f varp\u0105 seksualin\u0117s stimuliacijos metu. Visi \u0161ie veiksniai leid\u017eia pasiekti tvirt\u0105, stand\u017ei\u0105, ilgalaik\u0119 erekcij\u0105 ir padeda be problem\u0173 m\u0117gautis lytiniu aktu.<\/p>\n<p>Dapoksetinas esantis Super tadarise sud\u0117tyje, gydo ankstyv\u0105j\u0105 (greit\u0105) vyr\u0173 ejakuliacij\u0105 bei leid\u017eia ilgiau m\u0117gautis lytiniu aktu ir kontroliuoti ejakuliacij\u0105. Dapoksetinas yra gerai toleruojamas preparatas, kuris pagerina visas lytines funkcijas, kurios yra susijusios su ankstyvaja ejakuliacija. Depoksetinas padeda panaikinti psichologines problemas d\u0117l prie\u0161laikin\u0117s ejakuliacijos, d\u0117lto pager\u0117ja lytinis pasitenkinimas.<\/p>\n<h2>Kaip vartoti Super Tadarise?<\/h2>\n<p>Super Tadarise i\u0161gerti u\u017egeriant stikline vandens. Preparatas pradeda veikti ma\u017edaug po 50-60 minu\u010di\u0173 ir poveikis ejakuliacijos stabdymui trunka apie 10 val., o poveikis erekcijai net iki 36 val. Maksimali paros doz\u0117 &#8211; viena tablet\u0117.<\/p>\n<h2>Kod\u0117l verta naudoti Super Tadarise?<\/h2>\n<p>Klinikinis Tadalafil ir Dapoksetino derinys, esantis Super Tadarise sud\u0117tyje, labai stipriai pagerina vyr\u0173 seksualin\u0119 sveikat\u0105, padeda sustangrinti varp\u0105 bei gerokai prailginti lytin\u012f akt\u0105.<\/p>\n<h2>Super Tadarise laikymas:<\/h2>\n<p>Laikyti reikia \u017eemesn\u0117je nei 28 laipsni\u0173 temperat\u016broje pagal C. Laikyti toliau nuo kar\u0161\u010dio, saul\u0117s spinduli\u0173. Nelaikyti ten kur dr\u0117gna pvz. vonioje. Laikyti vaikams nepasiekiamoje vietoje.<\/p>\n<p>&#8211;<\/p>\n<p>&nbsp;<\/p>\n<p>&nbsp;<\/p>\n","protected":false},"excerpt":{"rendered":"<p>Super Tadarise &#8211; dvigubo veikimo savaitgalin\u0117s tablet\u0117s, pad\u0117sian\u010dios i\u0161spr\u0119sti erekcijos bei prie\u0161laikin\u0117s ejakuliacijos problemas.<\/p>\n<p>Super Tadarise pad\u0117s kontroliuoti ejakuliacij\u0105 ir prailginti lytinio akto trukm\u0119, bei ilgalaikis poveikis stipresniai erekcijai, leis pasiekti erekcij\u0105 bet kuriuo paros metu!<\/p>\n<p>&nbsp;<\/p>\n<p>&nbsp;<\/p>\n","protected":false},"featured_media":37510,"template":"","meta":[],"etheme_brands":[],"product_brand":[],"product_cat":[162,166,154,159],"product_tag":[217],"class_list":{"0":"post-36366","1":"product","2":"type-product","3":"status-publish","4":"has-post-thumbnail","6":"product_cat-for-erection","7":"product_cat-tadalafil-en","8":"product_cat-2in1-sex-supplements","9":"product_cat-tadalafil-dapoxetine-en","10":"product_tag-tadarise-en","12":"first","13":"instock","14":"shipping-taxable","15":"purchasable","16":"product-type-simple"},"yoast_head":"<!-- This site is optimized with the Yoast SEO plugin v26.2 - https:\/\/yoast.com\/wordpress\/plugins\/seo\/ -->\n<title>Super Tadarise - Erozone<\/title>\n<meta name=\"description\" content=\"Super Tadarise \u2705 Stiprinkite potencij\u0105 su m\u016bs\u0173 papildais u\u017e ger\u0105 kain\u0105 \u2764\ufe0f Gyvenkite aktyv\u0173 gyvenim\u0105! U\u017esisakykite!\" \/>\n<meta name=\"robots\" content=\"index, follow, max-snippet:-1, max-image-preview:large, max-video-preview:-1\" \/>\n<link rel=\"canonical\" href=\"https:\/\/erozone.org\/en\/produktas\/super-tadarise\/\" \/>\n<meta property=\"og:locale\" content=\"en_US\" \/>\n<meta property=\"og:type\" content=\"article\" \/>\n<meta property=\"og:title\" content=\"Super Tadarise - Erozone\" \/>\n<meta property=\"og:description\" content=\"Super Tadarise \u2705 Stiprinkite potencij\u0105 su m\u016bs\u0173 papildais u\u017e ger\u0105 kain\u0105 \u2764\ufe0f Gyvenkite aktyv\u0173 gyvenim\u0105! U\u017esisakykite!\" \/>\n<meta property=\"og:url\" content=\"https:\/\/erozone.org\/en\/produktas\/super-tadarise\/\" \/>\n<meta property=\"og:site_name\" content=\"Erozone\" \/>\n<meta property=\"article:modified_time\" content=\"2026-05-02T13:07:11+00:00\" \/>\n<meta property=\"og:image\" content=\"https:\/\/erozone.org\/wp-content\/uploads\/2022\/01\/Super-Tadarise-Org-2.jpg\" \/>\n\t<meta property=\"og:image:width\" content=\"1573\" \/>\n\t<meta property=\"og:image:height\" content=\"1058\" \/>\n\t<meta property=\"og:image:type\" content=\"image\/jpeg\" \/>\n<meta name=\"twitter:card\" content=\"summary_large_image\" \/>\n<meta name=\"twitter:label1\" content=\"Est. reading time\" \/>\n\t<meta name=\"twitter:data1\" content=\"1 minute\" \/>\n<script type=\"application\/ld+json\" class=\"yoast-schema-graph\">{\"@context\":\"https:\/\/schema.org\",\"@graph\":[{\"@type\":\"WebPage\",\"@id\":\"https:\/\/erozone.org\/en\/produktas\/super-tadarise\/\",\"url\":\"https:\/\/erozone.org\/en\/produktas\/super-tadarise\/\",\"name\":\"Super Tadarise - Erozone\",\"isPartOf\":{\"@id\":\"https:\/\/erozone.org\/en\/#website\"},\"primaryImageOfPage\":{\"@id\":\"https:\/\/erozone.org\/en\/produktas\/super-tadarise\/#primaryimage\"},\"image\":{\"@id\":\"https:\/\/erozone.org\/en\/produktas\/super-tadarise\/#primaryimage\"},\"thumbnailUrl\":\"https:\/\/erozone.org\/wp-content\/uploads\/2022\/01\/Super-Tadarise-Org-2.jpg\",\"datePublished\":\"2022-01-18T19:51:28+00:00\",\"dateModified\":\"2026-05-02T13:07:11+00:00\",\"description\":\"Super Tadarise \u2705 Stiprinkite potencij\u0105 su m\u016bs\u0173 papildais u\u017e ger\u0105 kain\u0105 \u2764\ufe0f Gyvenkite aktyv\u0173 gyvenim\u0105! U\u017esisakykite!\",\"breadcrumb\":{\"@id\":\"https:\/\/erozone.org\/en\/produktas\/super-tadarise\/#breadcrumb\"},\"inLanguage\":\"en-US\",\"potentialAction\":[{\"@type\":\"ReadAction\",\"target\":[\"https:\/\/erozone.org\/en\/produktas\/super-tadarise\/\"]}]},{\"@type\":\"ImageObject\",\"inLanguage\":\"en-US\",\"@id\":\"https:\/\/erozone.org\/en\/produktas\/super-tadarise\/#primaryimage\",\"url\":\"https:\/\/erozone.org\/wp-content\/uploads\/2022\/01\/Super-Tadarise-Org-2.jpg\",\"contentUrl\":\"https:\/\/erozone.org\/wp-content\/uploads\/2022\/01\/Super-Tadarise-Org-2.jpg\",\"width\":1573,\"height\":1058},{\"@type\":\"BreadcrumbList\",\"@id\":\"https:\/\/erozone.org\/en\/produktas\/super-tadarise\/#breadcrumb\",\"itemListElement\":[{\"@type\":\"ListItem\",\"position\":1,\"name\":\"Home\",\"item\":\"https:\/\/erozone.org\/\"},{\"@type\":\"ListItem\",\"position\":2,\"name\":\"Katalogas\",\"item\":\"https:\/\/erozone.org\/katalogas\/\"},{\"@type\":\"ListItem\",\"position\":3,\"name\":\"Super Tadarise\"}]},{\"@type\":\"WebSite\",\"@id\":\"https:\/\/erozone.org\/en\/#website\",\"url\":\"https:\/\/erozone.org\/en\/\",\"name\":\"Erozone\",\"description\":\"prek\u0117s internetu suaugusiems\",\"publisher\":{\"@id\":\"https:\/\/erozone.org\/en\/#organization\"},\"potentialAction\":[{\"@type\":\"SearchAction\",\"target\":{\"@type\":\"EntryPoint\",\"urlTemplate\":\"https:\/\/erozone.org\/en\/?s={search_term_string}\"},\"query-input\":{\"@type\":\"PropertyValueSpecification\",\"valueRequired\":true,\"valueName\":\"search_term_string\"}}],\"inLanguage\":\"en-US\"},{\"@type\":\"Organization\",\"@id\":\"https:\/\/erozone.org\/en\/#organization\",\"name\":\"Erozone\",\"url\":\"https:\/\/erozone.org\/en\/\",\"logo\":{\"@type\":\"ImageObject\",\"inLanguage\":\"en-US\",\"@id\":\"https:\/\/erozone.org\/en\/#\/schema\/logo\/image\/\",\"url\":\"https:\/\/erozone.org\/wp-content\/uploads\/2023\/01\/logo-1.png\",\"contentUrl\":\"https:\/\/erozone.org\/wp-content\/uploads\/2023\/01\/logo-1.png\",\"width\":182,\"height\":30,\"caption\":\"Erozone\"},\"image\":{\"@id\":\"https:\/\/erozone.org\/en\/#\/schema\/logo\/image\/\"}}]}<\/script>\n<!-- \/ Yoast SEO plugin. -->","yoast_head_json":{"title":"Super Tadarise - Erozone","description":"Super Tadarise \u2705 Stiprinkite potencij\u0105 su m\u016bs\u0173 papildais u\u017e ger\u0105 kain\u0105 \u2764\ufe0f Gyvenkite aktyv\u0173 gyvenim\u0105! U\u017esisakykite!","robots":{"index":"index","follow":"follow","max-snippet":"max-snippet:-1","max-image-preview":"max-image-preview:large","max-video-preview":"max-video-preview:-1"},"canonical":"https:\/\/erozone.org\/en\/produktas\/super-tadarise\/","og_locale":"en_US","og_type":"article","og_title":"Super Tadarise - Erozone","og_description":"Super Tadarise \u2705 Stiprinkite potencij\u0105 su m\u016bs\u0173 papildais u\u017e ger\u0105 kain\u0105 \u2764\ufe0f Gyvenkite aktyv\u0173 gyvenim\u0105! U\u017esisakykite!","og_url":"https:\/\/erozone.org\/en\/produktas\/super-tadarise\/","og_site_name":"Erozone","article_modified_time":"2026-05-02T13:07:11+00:00","og_image":[{"width":1573,"height":1058,"url":"https:\/\/erozone.org\/wp-content\/uploads\/2022\/01\/Super-Tadarise-Org-2.jpg","type":"image\/jpeg"}],"twitter_card":"summary_large_image","twitter_misc":{"Est. reading time":"1 minute"},"schema":{"@context":"https:\/\/schema.org","@graph":[{"@type":"WebPage","@id":"https:\/\/erozone.org\/en\/produktas\/super-tadarise\/","url":"https:\/\/erozone.org\/en\/produktas\/super-tadarise\/","name":"Super Tadarise - Erozone","isPartOf":{"@id":"https:\/\/erozone.org\/en\/#website"},"primaryImageOfPage":{"@id":"https:\/\/erozone.org\/en\/produktas\/super-tadarise\/#primaryimage"},"image":{"@id":"https:\/\/erozone.org\/en\/produktas\/super-tadarise\/#primaryimage"},"thumbnailUrl":"https:\/\/erozone.org\/wp-content\/uploads\/2022\/01\/Super-Tadarise-Org-2.jpg","datePublished":"2022-01-18T19:51:28+00:00","dateModified":"2026-05-02T13:07:11+00:00","description":"Super Tadarise \u2705 Stiprinkite potencij\u0105 su m\u016bs\u0173 papildais u\u017e ger\u0105 kain\u0105 \u2764\ufe0f Gyvenkite aktyv\u0173 gyvenim\u0105! U\u017esisakykite!","breadcrumb":{"@id":"https:\/\/erozone.org\/en\/produktas\/super-tadarise\/#breadcrumb"},"inLanguage":"en-US","potentialAction":[{"@type":"ReadAction","target":["https:\/\/erozone.org\/en\/produktas\/super-tadarise\/"]}]},{"@type":"ImageObject","inLanguage":"en-US","@id":"https:\/\/erozone.org\/en\/produktas\/super-tadarise\/#primaryimage","url":"https:\/\/erozone.org\/wp-content\/uploads\/2022\/01\/Super-Tadarise-Org-2.jpg","contentUrl":"https:\/\/erozone.org\/wp-content\/uploads\/2022\/01\/Super-Tadarise-Org-2.jpg","width":1573,"height":1058},{"@type":"BreadcrumbList","@id":"https:\/\/erozone.org\/en\/produktas\/super-tadarise\/#breadcrumb","itemListElement":[{"@type":"ListItem","position":1,"name":"Home","item":"https:\/\/erozone.org\/"},{"@type":"ListItem","position":2,"name":"Katalogas","item":"https:\/\/erozone.org\/katalogas\/"},{"@type":"ListItem","position":3,"name":"Super Tadarise"}]},{"@type":"WebSite","@id":"https:\/\/erozone.org\/en\/#website","url":"https:\/\/erozone.org\/en\/","name":"Erozone","description":"prek\u0117s internetu suaugusiems","publisher":{"@id":"https:\/\/erozone.org\/en\/#organization"},"potentialAction":[{"@type":"SearchAction","target":{"@type":"EntryPoint","urlTemplate":"https:\/\/erozone.org\/en\/?s={search_term_string}"},"query-input":{"@type":"PropertyValueSpecification","valueRequired":true,"valueName":"search_term_string"}}],"inLanguage":"en-US"},{"@type":"Organization","@id":"https:\/\/erozone.org\/en\/#organization","name":"Erozone","url":"https:\/\/erozone.org\/en\/","logo":{"@type":"ImageObject","inLanguage":"en-US","@id":"https:\/\/erozone.org\/en\/#\/schema\/logo\/image\/","url":"https:\/\/erozone.org\/wp-content\/uploads\/2023\/01\/logo-1.png","contentUrl":"https:\/\/erozone.org\/wp-content\/uploads\/2023\/01\/logo-1.png","width":182,"height":30,"caption":"Erozone"},"image":{"@id":"https:\/\/erozone.org\/en\/#\/schema\/logo\/image\/"}}]}},"_links":{"self":[{"href":"https:\/\/erozone.org\/en\/wp-json\/wp\/v2\/product\/36366","targetHints":{"allow":["GET"]}}],"collection":[{"href":"https:\/\/erozone.org\/en\/wp-json\/wp\/v2\/product"}],"about":[{"href":"https:\/\/erozone.org\/en\/wp-json\/wp\/v2\/types\/product"}],"version-history":[{"count":3,"href":"https:\/\/erozone.org\/en\/wp-json\/wp\/v2\/product\/36366\/revisions"}],"predecessor-version":[{"id":49756,"href":"https:\/\/erozone.org\/en\/wp-json\/wp\/v2\/product\/36366\/revisions\/49756"}],"wp:featuredmedia":[{"embeddable":true,"href":"https:\/\/erozone.org\/en\/wp-json\/wp\/v2\/media\/37510"}],"wp:attachment":[{"href":"https:\/\/erozone.org\/en\/wp-json\/wp\/v2\/media?parent=36366"}],"wp:term":[{"taxonomy":"brand","embeddable":true,"href":"https:\/\/erozone.org\/en\/wp-json\/wp\/v2\/etheme_brands?post=36366"},{"taxonomy":"product_brand","embeddable":true,"href":"https:\/\/erozone.org\/en\/wp-json\/wp\/v2\/product_brand?post=36366"},{"taxonomy":"product_cat","embeddable":true,"href":"https:\/\/erozone.org\/en\/wp-json\/wp\/v2\/product_cat?post=36366"},{"taxonomy":"product_tag","embeddable":true,"href":"https:\/\/erozone.org\/en\/wp-json\/wp\/v2\/product_tag?post=36366"}],"curies":[{"name":"wp","href":"https:\/\/api.w.org\/{rel}","templated":true}]}}