{"id":36367,"date":"2022-01-18T21:46:23","date_gmt":"2022-01-18T19:46:23","guid":{"rendered":"https:\/\/erozone.org\/produktas\/super-tadapox\/"},"modified":"2026-05-02T16:07:03","modified_gmt":"2026-05-02T13:07:03","slug":"super-tadapox","status":"publish","type":"product","link":"https:\/\/erozone.org\/en\/produktas\/super-tadapox\/","title":{"rendered":"Super Tadapox"},"content":{"rendered":"<p>Super Tadapox \u2013 dvigubo veikimo, stiprios sud\u0117ties preparatas erekcijai ir lytinio akto prailginimui. Super Tadapox vienu metu pad\u0117s atakuoti dvi seksualines problemas &#8211; erekcijos disfunkcij\u0105 bei prie\u0161laikin\u0119 ejakuliacij\u0105. Super Tadapox gaminamas pagal auk\u0161tos kokyb\u0117s standartus, siekiant u\u017etikrinti jo saugum\u0105 ir efektyvum\u0105.<br \/>\nSuper Tadapox yra sukurtas, d\u0117l augan\u010dio vyr\u0173 poreikio. Sud\u0117tyje yra 40 mg tadalafil ir 60 mg dapoksetino.<\/p>\n<p>Tadalafil yra selektyvus PDE-5 inhibitorius, kuris panaikina seksualin\u0119 impotencij\u0105. 5 tipo fosfodiesteraz\u0117s (PDE-5) slopinimas padidina erekcijos funkcij\u0105, padidindamas cGMP kiek\u012f. cGMP yra med\u017eiaga, atpalaiduojanti ir ple\u010dianti kraujagysles ir lygi\u0173j\u0173 raumen\u0173 l\u0105steles. Esant didesniam cGMP kiekiui kraujyje, kraujas be vargo teka \u012f varp\u0105, tod\u0117l pasiekiama \u017eymiai tvirtesn\u0117 erekcija nei \u012fprastai. Tadalafil leid\u017eia erekcij\u0105 i\u0161laikyti stand\u017ei\u0105 ilg\u0105 laik\u0105.<\/p>\n<p>Dapoksetinas yra trumpo veikimo selektyvus serotonino reabsorbcijos inhibitorius (SSRI), sustabdantis prie\u0161laikin\u0119 ejakuliacij\u0105. Dapoksetinas slopina ejakuliacijos i\u0161st\u016bmimo refleks\u0105. Dapoksetinas ne tik prailgina laik\u0105 nuo sueities iki s\u0117klos i\u0161metimo bet ir pagerina ejakuliacijos kontroliavim\u0105. Dapoksetinas pad\u0117s \u012fveikti nerim\u0105 d\u0117l greitos ejakuliacijos. Dapoksetinas skirtas suaugusiems, nuo 18 iki 64 met\u0173 am\u017eiaus vyrams.<\/p>\n<p>Super Tadapox yra vienas stipriausi\u0173 dvigubo veikimo preparat\u0173. Super Tadapox sud\u0117tyje esantis tadalafil kiekis yra dvigubai didesnis nei Tadapox sud\u0117tyje, tod\u0117l erekcija stimuliuojama dar stipriau.<\/p>\n<h2>Super Tadapox privalumai:<\/h2>\n<p>\u2013 ilgas veiksmingas poveikio laikas (iki 36 valand\u0173 erekcijai ir iki 15 valand\u0173 prie\u0161laikin\u0117s ejakuliacijos stabdymas).<br \/>\n\u2013 padid\u0117jusi i\u0161tverm\u0117 ir sekso kokyb\u0117.<br \/>\n\u2013 ilgalaik\u0117 lytini\u0173 santyki\u0173 trukm\u0117.<br \/>\n\u2013 tvirtesn\u0117s erekcijos.<br \/>\n\u2013 stiprus erekcijos standumas ilg\u0105 laik\u0105.<br \/>\n\u2013 ejakuliacijos kontrol\u0117.<br \/>\n\u2013 seksualinis pasitik\u0117jimas.<br \/>\n&#8211; dar stipresn\u0117 sud\u0117tis potencijai gerinti.<\/p>\n<h2>Super Tadapox vartojimas:<\/h2>\n<p>\u2013 Visada vartokite Super Tadapox u\u017egerdami didele stikline vandens. Naudokite vien\u0105 ar pus\u0119 tablet\u0117s bent 60 minu\u010di\u0173 iki planuojamo lytinio akto. Super Tadapox poveikis juntamas seksualin\u0117s stimuliacijos metu. (Seksualin\u0117 stimuliacija gali pasireik\u0161ti \u012fvairiai \u2013 seksulain\u0117s mintys, vaizdiniai, kvapai, prisilietimas, sueitis).<br \/>\n\u2013 1 tablet\u0117 per 36 valandas.<br \/>\nSuper Tadapox negalima vartoti vyrams, kuriems seksualin\u0117 veikla nepatartina d\u0117l \u0161irdies ir kraujagysli\u0173 sistemos b\u016bkl\u0117s.<\/p>\n","protected":false},"excerpt":{"rendered":"<p>Super Tadapox \u2013 dar stipresn\u0117s erekcijos bei ilgesnis lytinis aktas ! Super Tadapox yra sustiprintos sud\u0117ties erekcijos standumui, dvigubo veikimo preparatas, pad\u0117siantis i\u0161spr\u0119sti erekcijos bei prie\u0161laikin\u0117s ejakuliacijos problemas.<\/p>\n<p>Super Tadapox leis pasiekti ir i\u0161laikyti erekcij\u0105 standesn\u0119 ir pad\u0117s kontroliuoti ejakuliacij\u0105 bei gerokai prailginti lytinio akto trukm\u0119.<br \/>\nSuper Tadapox efekt\u0105 teikia ilgiau nei par\u0105 laiko !<\/p>\n","protected":false},"featured_media":37857,"template":"","meta":[],"etheme_brands":[],"product_brand":[],"product_cat":[162,166,154,159],"product_tag":[213,231,217],"class_list":{"0":"post-36367","1":"product","2":"type-product","3":"status-publish","4":"has-post-thumbnail","6":"product_cat-for-erection","7":"product_cat-tadalafil-en","8":"product_cat-2in1-sex-supplements","9":"product_cat-tadalafil-dapoxetine-en","10":"product_tag-tadalis-en","11":"product_tag-tadapox-tabletes-en","12":"product_tag-tadarise-en","14":"first","15":"instock","16":"shipping-taxable","17":"purchasable","18":"product-type-simple"},"yoast_head":"<!-- This site is optimized with the Yoast SEO plugin v26.2 - https:\/\/yoast.com\/wordpress\/plugins\/seo\/ -->\n<title>Super Tadapox - Erozone<\/title>\n<meta name=\"description\" content=\"Super Tadapox \u2705 Stiprinkite potencij\u0105 su m\u016bs\u0173 papildais u\u017e ger\u0105 kain\u0105 \u2764\ufe0f Gyvenkite aktyv\u0173 gyvenim\u0105! U\u017esisakykite!\" \/>\n<meta name=\"robots\" content=\"index, follow, max-snippet:-1, max-image-preview:large, max-video-preview:-1\" \/>\n<link rel=\"canonical\" href=\"https:\/\/erozone.org\/en\/produktas\/super-tadapox\/\" \/>\n<meta property=\"og:locale\" content=\"en_US\" \/>\n<meta property=\"og:type\" content=\"article\" \/>\n<meta property=\"og:title\" content=\"Super Tadapox - Erozone\" \/>\n<meta property=\"og:description\" content=\"Super Tadapox \u2705 Stiprinkite potencij\u0105 su m\u016bs\u0173 papildais u\u017e ger\u0105 kain\u0105 \u2764\ufe0f Gyvenkite aktyv\u0173 gyvenim\u0105! U\u017esisakykite!\" \/>\n<meta property=\"og:url\" content=\"https:\/\/erozone.org\/en\/produktas\/super-tadapox\/\" \/>\n<meta property=\"og:site_name\" content=\"Erozone\" \/>\n<meta property=\"article:modified_time\" content=\"2026-05-02T13:07:03+00:00\" \/>\n<meta property=\"og:image\" content=\"https:\/\/erozone.org\/wp-content\/uploads\/2022\/01\/Super-Tadapox-org2-1.jpg\" \/>\n\t<meta property=\"og:image:width\" content=\"1265\" \/>\n\t<meta property=\"og:image:height\" content=\"960\" \/>\n\t<meta property=\"og:image:type\" content=\"image\/jpeg\" \/>\n<meta name=\"twitter:card\" content=\"summary_large_image\" \/>\n<meta name=\"twitter:label1\" content=\"Est. reading time\" \/>\n\t<meta name=\"twitter:data1\" content=\"2 minutes\" \/>\n<script type=\"application\/ld+json\" class=\"yoast-schema-graph\">{\"@context\":\"https:\/\/schema.org\",\"@graph\":[{\"@type\":\"WebPage\",\"@id\":\"https:\/\/erozone.org\/en\/produktas\/super-tadapox\/\",\"url\":\"https:\/\/erozone.org\/en\/produktas\/super-tadapox\/\",\"name\":\"Super Tadapox - Erozone\",\"isPartOf\":{\"@id\":\"https:\/\/erozone.org\/en\/#website\"},\"primaryImageOfPage\":{\"@id\":\"https:\/\/erozone.org\/en\/produktas\/super-tadapox\/#primaryimage\"},\"image\":{\"@id\":\"https:\/\/erozone.org\/en\/produktas\/super-tadapox\/#primaryimage\"},\"thumbnailUrl\":\"https:\/\/erozone.org\/wp-content\/uploads\/2022\/01\/Super-Tadapox-org2-1.jpg\",\"datePublished\":\"2022-01-18T19:46:23+00:00\",\"dateModified\":\"2026-05-02T13:07:03+00:00\",\"description\":\"Super Tadapox \u2705 Stiprinkite potencij\u0105 su m\u016bs\u0173 papildais u\u017e ger\u0105 kain\u0105 \u2764\ufe0f Gyvenkite aktyv\u0173 gyvenim\u0105! U\u017esisakykite!\",\"breadcrumb\":{\"@id\":\"https:\/\/erozone.org\/en\/produktas\/super-tadapox\/#breadcrumb\"},\"inLanguage\":\"en-US\",\"potentialAction\":[{\"@type\":\"ReadAction\",\"target\":[\"https:\/\/erozone.org\/en\/produktas\/super-tadapox\/\"]}]},{\"@type\":\"ImageObject\",\"inLanguage\":\"en-US\",\"@id\":\"https:\/\/erozone.org\/en\/produktas\/super-tadapox\/#primaryimage\",\"url\":\"https:\/\/erozone.org\/wp-content\/uploads\/2022\/01\/Super-Tadapox-org2-1.jpg\",\"contentUrl\":\"https:\/\/erozone.org\/wp-content\/uploads\/2022\/01\/Super-Tadapox-org2-1.jpg\",\"width\":1265,\"height\":960},{\"@type\":\"BreadcrumbList\",\"@id\":\"https:\/\/erozone.org\/en\/produktas\/super-tadapox\/#breadcrumb\",\"itemListElement\":[{\"@type\":\"ListItem\",\"position\":1,\"name\":\"Home\",\"item\":\"https:\/\/erozone.org\/\"},{\"@type\":\"ListItem\",\"position\":2,\"name\":\"Katalogas\",\"item\":\"https:\/\/erozone.org\/katalogas\/\"},{\"@type\":\"ListItem\",\"position\":3,\"name\":\"Super Tadapox\"}]},{\"@type\":\"WebSite\",\"@id\":\"https:\/\/erozone.org\/en\/#website\",\"url\":\"https:\/\/erozone.org\/en\/\",\"name\":\"Erozone\",\"description\":\"prek\u0117s internetu suaugusiems\",\"publisher\":{\"@id\":\"https:\/\/erozone.org\/en\/#organization\"},\"potentialAction\":[{\"@type\":\"SearchAction\",\"target\":{\"@type\":\"EntryPoint\",\"urlTemplate\":\"https:\/\/erozone.org\/en\/?s={search_term_string}\"},\"query-input\":{\"@type\":\"PropertyValueSpecification\",\"valueRequired\":true,\"valueName\":\"search_term_string\"}}],\"inLanguage\":\"en-US\"},{\"@type\":\"Organization\",\"@id\":\"https:\/\/erozone.org\/en\/#organization\",\"name\":\"Erozone\",\"url\":\"https:\/\/erozone.org\/en\/\",\"logo\":{\"@type\":\"ImageObject\",\"inLanguage\":\"en-US\",\"@id\":\"https:\/\/erozone.org\/en\/#\/schema\/logo\/image\/\",\"url\":\"https:\/\/erozone.org\/wp-content\/uploads\/2023\/01\/logo-1.png\",\"contentUrl\":\"https:\/\/erozone.org\/wp-content\/uploads\/2023\/01\/logo-1.png\",\"width\":182,\"height\":30,\"caption\":\"Erozone\"},\"image\":{\"@id\":\"https:\/\/erozone.org\/en\/#\/schema\/logo\/image\/\"}}]}<\/script>\n<!-- \/ Yoast SEO plugin. -->","yoast_head_json":{"title":"Super Tadapox - Erozone","description":"Super Tadapox \u2705 Stiprinkite potencij\u0105 su m\u016bs\u0173 papildais u\u017e ger\u0105 kain\u0105 \u2764\ufe0f Gyvenkite aktyv\u0173 gyvenim\u0105! U\u017esisakykite!","robots":{"index":"index","follow":"follow","max-snippet":"max-snippet:-1","max-image-preview":"max-image-preview:large","max-video-preview":"max-video-preview:-1"},"canonical":"https:\/\/erozone.org\/en\/produktas\/super-tadapox\/","og_locale":"en_US","og_type":"article","og_title":"Super Tadapox - Erozone","og_description":"Super Tadapox \u2705 Stiprinkite potencij\u0105 su m\u016bs\u0173 papildais u\u017e ger\u0105 kain\u0105 \u2764\ufe0f Gyvenkite aktyv\u0173 gyvenim\u0105! U\u017esisakykite!","og_url":"https:\/\/erozone.org\/en\/produktas\/super-tadapox\/","og_site_name":"Erozone","article_modified_time":"2026-05-02T13:07:03+00:00","og_image":[{"width":1265,"height":960,"url":"https:\/\/erozone.org\/wp-content\/uploads\/2022\/01\/Super-Tadapox-org2-1.jpg","type":"image\/jpeg"}],"twitter_card":"summary_large_image","twitter_misc":{"Est. reading time":"2 minutes"},"schema":{"@context":"https:\/\/schema.org","@graph":[{"@type":"WebPage","@id":"https:\/\/erozone.org\/en\/produktas\/super-tadapox\/","url":"https:\/\/erozone.org\/en\/produktas\/super-tadapox\/","name":"Super Tadapox - Erozone","isPartOf":{"@id":"https:\/\/erozone.org\/en\/#website"},"primaryImageOfPage":{"@id":"https:\/\/erozone.org\/en\/produktas\/super-tadapox\/#primaryimage"},"image":{"@id":"https:\/\/erozone.org\/en\/produktas\/super-tadapox\/#primaryimage"},"thumbnailUrl":"https:\/\/erozone.org\/wp-content\/uploads\/2022\/01\/Super-Tadapox-org2-1.jpg","datePublished":"2022-01-18T19:46:23+00:00","dateModified":"2026-05-02T13:07:03+00:00","description":"Super Tadapox \u2705 Stiprinkite potencij\u0105 su m\u016bs\u0173 papildais u\u017e ger\u0105 kain\u0105 \u2764\ufe0f Gyvenkite aktyv\u0173 gyvenim\u0105! U\u017esisakykite!","breadcrumb":{"@id":"https:\/\/erozone.org\/en\/produktas\/super-tadapox\/#breadcrumb"},"inLanguage":"en-US","potentialAction":[{"@type":"ReadAction","target":["https:\/\/erozone.org\/en\/produktas\/super-tadapox\/"]}]},{"@type":"ImageObject","inLanguage":"en-US","@id":"https:\/\/erozone.org\/en\/produktas\/super-tadapox\/#primaryimage","url":"https:\/\/erozone.org\/wp-content\/uploads\/2022\/01\/Super-Tadapox-org2-1.jpg","contentUrl":"https:\/\/erozone.org\/wp-content\/uploads\/2022\/01\/Super-Tadapox-org2-1.jpg","width":1265,"height":960},{"@type":"BreadcrumbList","@id":"https:\/\/erozone.org\/en\/produktas\/super-tadapox\/#breadcrumb","itemListElement":[{"@type":"ListItem","position":1,"name":"Home","item":"https:\/\/erozone.org\/"},{"@type":"ListItem","position":2,"name":"Katalogas","item":"https:\/\/erozone.org\/katalogas\/"},{"@type":"ListItem","position":3,"name":"Super Tadapox"}]},{"@type":"WebSite","@id":"https:\/\/erozone.org\/en\/#website","url":"https:\/\/erozone.org\/en\/","name":"Erozone","description":"prek\u0117s internetu suaugusiems","publisher":{"@id":"https:\/\/erozone.org\/en\/#organization"},"potentialAction":[{"@type":"SearchAction","target":{"@type":"EntryPoint","urlTemplate":"https:\/\/erozone.org\/en\/?s={search_term_string}"},"query-input":{"@type":"PropertyValueSpecification","valueRequired":true,"valueName":"search_term_string"}}],"inLanguage":"en-US"},{"@type":"Organization","@id":"https:\/\/erozone.org\/en\/#organization","name":"Erozone","url":"https:\/\/erozone.org\/en\/","logo":{"@type":"ImageObject","inLanguage":"en-US","@id":"https:\/\/erozone.org\/en\/#\/schema\/logo\/image\/","url":"https:\/\/erozone.org\/wp-content\/uploads\/2023\/01\/logo-1.png","contentUrl":"https:\/\/erozone.org\/wp-content\/uploads\/2023\/01\/logo-1.png","width":182,"height":30,"caption":"Erozone"},"image":{"@id":"https:\/\/erozone.org\/en\/#\/schema\/logo\/image\/"}}]}},"_links":{"self":[{"href":"https:\/\/erozone.org\/en\/wp-json\/wp\/v2\/product\/36367","targetHints":{"allow":["GET"]}}],"collection":[{"href":"https:\/\/erozone.org\/en\/wp-json\/wp\/v2\/product"}],"about":[{"href":"https:\/\/erozone.org\/en\/wp-json\/wp\/v2\/types\/product"}],"version-history":[{"count":3,"href":"https:\/\/erozone.org\/en\/wp-json\/wp\/v2\/product\/36367\/revisions"}],"predecessor-version":[{"id":48257,"href":"https:\/\/erozone.org\/en\/wp-json\/wp\/v2\/product\/36367\/revisions\/48257"}],"wp:featuredmedia":[{"embeddable":true,"href":"https:\/\/erozone.org\/en\/wp-json\/wp\/v2\/media\/37857"}],"wp:attachment":[{"href":"https:\/\/erozone.org\/en\/wp-json\/wp\/v2\/media?parent=36367"}],"wp:term":[{"taxonomy":"brand","embeddable":true,"href":"https:\/\/erozone.org\/en\/wp-json\/wp\/v2\/etheme_brands?post=36367"},{"taxonomy":"product_brand","embeddable":true,"href":"https:\/\/erozone.org\/en\/wp-json\/wp\/v2\/product_brand?post=36367"},{"taxonomy":"product_cat","embeddable":true,"href":"https:\/\/erozone.org\/en\/wp-json\/wp\/v2\/product_cat?post=36367"},{"taxonomy":"product_tag","embeddable":true,"href":"https:\/\/erozone.org\/en\/wp-json\/wp\/v2\/product_tag?post=36367"}],"curies":[{"name":"wp","href":"https:\/\/api.w.org\/{rel}","templated":true}]}}