{"id":38189,"date":"2022-10-05T23:15:00","date_gmt":"2022-10-05T20:15:00","guid":{"rendered":"https:\/\/erozone.org\/produktas\/extra-super-zhewitra\/"},"modified":"2023-11-05T23:00:12","modified_gmt":"2023-11-05T21:00:12","slug":"extra-super-zhewitra","status":"publish","type":"product","link":"https:\/\/erozone.org\/en\/produktas\/extra-super-zhewitra\/","title":{"rendered":"Extra Super Zhewitra"},"content":{"rendered":"<p>Extra Super Zhewitra contains a combination of 40 mg vardenafil and 60 mg dapoxetine, designed to overcome premature ejaculation and erectile dysfunction. Extra Super Zhewitra is developed in response to the growing demand of men and has an even stronger composition than Super Zhewitra.<\/p>\n<p>Vardenafil is used to treat erectile dysfunction (inability to achieve or maintain an erection) in men. It is also suitable for use to enhance potency and maintain a hard erection for a longer period of time during sexual intercourse. Vardenafil works by relaxing the blood vessels in the penis and increasing blood flow to the penile area.<br \/>\nThis increased blood flow helps to achieve a firm erection. Vardenafil has been clinically proven to improve erections even in men with high cholesterol, hypertension or diabetes.<br \/>\nExtra Super Zhewitra contains 40mg of vardenafil (twice as much as most vardenafil supplements for men).<\/p>\n<p>Dapoxetine is used to stop premature ejaculation or to prolong sexual intercourse for recreational purposes. Dapoxetine affects the ejaculation reflex and prolongs the time from the start of intercourse to ejaculation and improves ejaculation control. This active substance is well tolerated and improves all sexual functions associated with premature ejaculation.<br \/>\nExtra Super Zhewitra contains 60mg of dapoxetine (a standard dose of dapoxetine that allows you to extend the duration of intercourse up to 3 times, although for men who do not have problems with premature ejaculation, such a dose of dapoxetine can make it difficult to reach climax, i.e. it can become much more difficult to achieve ejaculation) .<\/p>\n<p>Why is it worth it?<br \/>\nExtra Super Zhewitra is a strong and effective product that simultaneously improves erection and prevents semen from unplanned spillage. Extra Super Zhewitra will help you feel confident during intercourse and improve your sex life. Extra Super Zhewitra will help overcome erectile dysfunction and premature ejaculation.<\/p>\n<p>usage recommendations<br \/>\nTake Extra Super Zhewitra tablet or half of it at any time of the day approximately 1 hour or more before intercourse with a glass of water.<\/p>\n","protected":false},"excerpt":{"rendered":"<p>Extra Super Zhewitra is a 2 in 1 product with a strong composition, which will provide an extremely strong erection and allow you to extend the duration of sexual intercourse. The sexual act will be of higher quality and last longer.<br \/>\nExtra Super Zhewitra will help solve erectile dysfunction and stop premature ejaculation!<\/p>\n","protected":false},"featured_media":38174,"template":"","meta":[],"etheme_brands":[],"product_brand":[],"product_cat":[169],"product_tag":[],"class_list":{"0":"post-38189","1":"product","2":"type-product","3":"status-publish","4":"has-post-thumbnail","6":"product_cat-others","8":"first","9":"outofstock","10":"shipping-taxable","11":"purchasable","12":"product-type-simple"},"yoast_head":"<!-- This site is optimized with the Yoast SEO plugin v26.2 - https:\/\/yoast.com\/wordpress\/plugins\/seo\/ -->\n<title>Extra Super Zhewitra - Erozone<\/title>\n<meta name=\"description\" content=\"Extra Super Zhewitra \u2705 Stiprinkite potencij\u0105 su m\u016bs\u0173 papildais u\u017e ger\u0105 kain\u0105 \u2764\ufe0f Gyvenkite aktyv\u0173 gyvenim\u0105! U\u017esisakykite!\" \/>\n<meta name=\"robots\" content=\"index, follow, max-snippet:-1, max-image-preview:large, max-video-preview:-1\" \/>\n<link rel=\"canonical\" href=\"https:\/\/erozone.org\/en\/produktas\/extra-super-zhewitra\/\" \/>\n<meta property=\"og:locale\" content=\"en_US\" \/>\n<meta property=\"og:type\" content=\"article\" \/>\n<meta property=\"og:title\" content=\"Extra Super Zhewitra - Erozone\" \/>\n<meta property=\"og:description\" content=\"Extra Super Zhewitra \u2705 Stiprinkite potencij\u0105 su m\u016bs\u0173 papildais u\u017e ger\u0105 kain\u0105 \u2764\ufe0f Gyvenkite aktyv\u0173 gyvenim\u0105! U\u017esisakykite!\" \/>\n<meta property=\"og:url\" content=\"https:\/\/erozone.org\/en\/produktas\/extra-super-zhewitra\/\" \/>\n<meta property=\"og:site_name\" content=\"Erozone\" \/>\n<meta property=\"article:modified_time\" content=\"2023-11-05T21:00:12+00:00\" \/>\n<meta property=\"og:image\" content=\"https:\/\/erozone.org\/wp-content\/uploads\/2022\/10\/Extra-Super-Zhewitra-org2.jpg\" \/>\n\t<meta property=\"og:image:width\" content=\"1377\" \/>\n\t<meta property=\"og:image:height\" content=\"1024\" \/>\n\t<meta property=\"og:image:type\" content=\"image\/jpeg\" \/>\n<meta name=\"twitter:card\" content=\"summary_large_image\" \/>\n<meta name=\"twitter:label1\" content=\"Est. reading time\" \/>\n\t<meta name=\"twitter:data1\" content=\"2 minutes\" \/>\n<script type=\"application\/ld+json\" class=\"yoast-schema-graph\">{\"@context\":\"https:\/\/schema.org\",\"@graph\":[{\"@type\":\"WebPage\",\"@id\":\"https:\/\/erozone.org\/en\/produktas\/extra-super-zhewitra\/\",\"url\":\"https:\/\/erozone.org\/en\/produktas\/extra-super-zhewitra\/\",\"name\":\"Extra Super Zhewitra - Erozone\",\"isPartOf\":{\"@id\":\"https:\/\/erozone.org\/en\/#website\"},\"primaryImageOfPage\":{\"@id\":\"https:\/\/erozone.org\/en\/produktas\/extra-super-zhewitra\/#primaryimage\"},\"image\":{\"@id\":\"https:\/\/erozone.org\/en\/produktas\/extra-super-zhewitra\/#primaryimage\"},\"thumbnailUrl\":\"https:\/\/erozone.org\/wp-content\/uploads\/2022\/10\/Extra-Super-Zhewitra-org2.jpg\",\"datePublished\":\"2022-10-05T20:15:00+00:00\",\"dateModified\":\"2023-11-05T21:00:12+00:00\",\"description\":\"Extra Super Zhewitra \u2705 Stiprinkite potencij\u0105 su m\u016bs\u0173 papildais u\u017e ger\u0105 kain\u0105 \u2764\ufe0f Gyvenkite aktyv\u0173 gyvenim\u0105! U\u017esisakykite!\",\"breadcrumb\":{\"@id\":\"https:\/\/erozone.org\/en\/produktas\/extra-super-zhewitra\/#breadcrumb\"},\"inLanguage\":\"en-US\",\"potentialAction\":[{\"@type\":\"ReadAction\",\"target\":[\"https:\/\/erozone.org\/en\/produktas\/extra-super-zhewitra\/\"]}]},{\"@type\":\"ImageObject\",\"inLanguage\":\"en-US\",\"@id\":\"https:\/\/erozone.org\/en\/produktas\/extra-super-zhewitra\/#primaryimage\",\"url\":\"https:\/\/erozone.org\/wp-content\/uploads\/2022\/10\/Extra-Super-Zhewitra-org2.jpg\",\"contentUrl\":\"https:\/\/erozone.org\/wp-content\/uploads\/2022\/10\/Extra-Super-Zhewitra-org2.jpg\",\"width\":1377,\"height\":1024},{\"@type\":\"BreadcrumbList\",\"@id\":\"https:\/\/erozone.org\/en\/produktas\/extra-super-zhewitra\/#breadcrumb\",\"itemListElement\":[{\"@type\":\"ListItem\",\"position\":1,\"name\":\"Home\",\"item\":\"https:\/\/erozone.org\/\"},{\"@type\":\"ListItem\",\"position\":2,\"name\":\"Katalogas\",\"item\":\"https:\/\/erozone.org\/katalogas\/\"},{\"@type\":\"ListItem\",\"position\":3,\"name\":\"Extra Super Zhewitra\"}]},{\"@type\":\"WebSite\",\"@id\":\"https:\/\/erozone.org\/en\/#website\",\"url\":\"https:\/\/erozone.org\/en\/\",\"name\":\"Erozone\",\"description\":\"prek\u0117s internetu suaugusiems\",\"publisher\":{\"@id\":\"https:\/\/erozone.org\/en\/#organization\"},\"potentialAction\":[{\"@type\":\"SearchAction\",\"target\":{\"@type\":\"EntryPoint\",\"urlTemplate\":\"https:\/\/erozone.org\/en\/?s={search_term_string}\"},\"query-input\":{\"@type\":\"PropertyValueSpecification\",\"valueRequired\":true,\"valueName\":\"search_term_string\"}}],\"inLanguage\":\"en-US\"},{\"@type\":\"Organization\",\"@id\":\"https:\/\/erozone.org\/en\/#organization\",\"name\":\"Erozone\",\"url\":\"https:\/\/erozone.org\/en\/\",\"logo\":{\"@type\":\"ImageObject\",\"inLanguage\":\"en-US\",\"@id\":\"https:\/\/erozone.org\/en\/#\/schema\/logo\/image\/\",\"url\":\"https:\/\/erozone.org\/wp-content\/uploads\/2023\/01\/logo-1.png\",\"contentUrl\":\"https:\/\/erozone.org\/wp-content\/uploads\/2023\/01\/logo-1.png\",\"width\":182,\"height\":30,\"caption\":\"Erozone\"},\"image\":{\"@id\":\"https:\/\/erozone.org\/en\/#\/schema\/logo\/image\/\"}}]}<\/script>\n<!-- \/ Yoast SEO plugin. -->","yoast_head_json":{"title":"Extra Super Zhewitra - Erozone","description":"Extra Super Zhewitra \u2705 Stiprinkite potencij\u0105 su m\u016bs\u0173 papildais u\u017e ger\u0105 kain\u0105 \u2764\ufe0f Gyvenkite aktyv\u0173 gyvenim\u0105! U\u017esisakykite!","robots":{"index":"index","follow":"follow","max-snippet":"max-snippet:-1","max-image-preview":"max-image-preview:large","max-video-preview":"max-video-preview:-1"},"canonical":"https:\/\/erozone.org\/en\/produktas\/extra-super-zhewitra\/","og_locale":"en_US","og_type":"article","og_title":"Extra Super Zhewitra - Erozone","og_description":"Extra Super Zhewitra \u2705 Stiprinkite potencij\u0105 su m\u016bs\u0173 papildais u\u017e ger\u0105 kain\u0105 \u2764\ufe0f Gyvenkite aktyv\u0173 gyvenim\u0105! U\u017esisakykite!","og_url":"https:\/\/erozone.org\/en\/produktas\/extra-super-zhewitra\/","og_site_name":"Erozone","article_modified_time":"2023-11-05T21:00:12+00:00","og_image":[{"width":1377,"height":1024,"url":"https:\/\/erozone.org\/wp-content\/uploads\/2022\/10\/Extra-Super-Zhewitra-org2.jpg","type":"image\/jpeg"}],"twitter_card":"summary_large_image","twitter_misc":{"Est. reading time":"2 minutes"},"schema":{"@context":"https:\/\/schema.org","@graph":[{"@type":"WebPage","@id":"https:\/\/erozone.org\/en\/produktas\/extra-super-zhewitra\/","url":"https:\/\/erozone.org\/en\/produktas\/extra-super-zhewitra\/","name":"Extra Super Zhewitra - Erozone","isPartOf":{"@id":"https:\/\/erozone.org\/en\/#website"},"primaryImageOfPage":{"@id":"https:\/\/erozone.org\/en\/produktas\/extra-super-zhewitra\/#primaryimage"},"image":{"@id":"https:\/\/erozone.org\/en\/produktas\/extra-super-zhewitra\/#primaryimage"},"thumbnailUrl":"https:\/\/erozone.org\/wp-content\/uploads\/2022\/10\/Extra-Super-Zhewitra-org2.jpg","datePublished":"2022-10-05T20:15:00+00:00","dateModified":"2023-11-05T21:00:12+00:00","description":"Extra Super Zhewitra \u2705 Stiprinkite potencij\u0105 su m\u016bs\u0173 papildais u\u017e ger\u0105 kain\u0105 \u2764\ufe0f Gyvenkite aktyv\u0173 gyvenim\u0105! U\u017esisakykite!","breadcrumb":{"@id":"https:\/\/erozone.org\/en\/produktas\/extra-super-zhewitra\/#breadcrumb"},"inLanguage":"en-US","potentialAction":[{"@type":"ReadAction","target":["https:\/\/erozone.org\/en\/produktas\/extra-super-zhewitra\/"]}]},{"@type":"ImageObject","inLanguage":"en-US","@id":"https:\/\/erozone.org\/en\/produktas\/extra-super-zhewitra\/#primaryimage","url":"https:\/\/erozone.org\/wp-content\/uploads\/2022\/10\/Extra-Super-Zhewitra-org2.jpg","contentUrl":"https:\/\/erozone.org\/wp-content\/uploads\/2022\/10\/Extra-Super-Zhewitra-org2.jpg","width":1377,"height":1024},{"@type":"BreadcrumbList","@id":"https:\/\/erozone.org\/en\/produktas\/extra-super-zhewitra\/#breadcrumb","itemListElement":[{"@type":"ListItem","position":1,"name":"Home","item":"https:\/\/erozone.org\/"},{"@type":"ListItem","position":2,"name":"Katalogas","item":"https:\/\/erozone.org\/katalogas\/"},{"@type":"ListItem","position":3,"name":"Extra Super Zhewitra"}]},{"@type":"WebSite","@id":"https:\/\/erozone.org\/en\/#website","url":"https:\/\/erozone.org\/en\/","name":"Erozone","description":"prek\u0117s internetu suaugusiems","publisher":{"@id":"https:\/\/erozone.org\/en\/#organization"},"potentialAction":[{"@type":"SearchAction","target":{"@type":"EntryPoint","urlTemplate":"https:\/\/erozone.org\/en\/?s={search_term_string}"},"query-input":{"@type":"PropertyValueSpecification","valueRequired":true,"valueName":"search_term_string"}}],"inLanguage":"en-US"},{"@type":"Organization","@id":"https:\/\/erozone.org\/en\/#organization","name":"Erozone","url":"https:\/\/erozone.org\/en\/","logo":{"@type":"ImageObject","inLanguage":"en-US","@id":"https:\/\/erozone.org\/en\/#\/schema\/logo\/image\/","url":"https:\/\/erozone.org\/wp-content\/uploads\/2023\/01\/logo-1.png","contentUrl":"https:\/\/erozone.org\/wp-content\/uploads\/2023\/01\/logo-1.png","width":182,"height":30,"caption":"Erozone"},"image":{"@id":"https:\/\/erozone.org\/en\/#\/schema\/logo\/image\/"}}]}},"_links":{"self":[{"href":"https:\/\/erozone.org\/en\/wp-json\/wp\/v2\/product\/38189","targetHints":{"allow":["GET"]}}],"collection":[{"href":"https:\/\/erozone.org\/en\/wp-json\/wp\/v2\/product"}],"about":[{"href":"https:\/\/erozone.org\/en\/wp-json\/wp\/v2\/types\/product"}],"version-history":[{"count":0,"href":"https:\/\/erozone.org\/en\/wp-json\/wp\/v2\/product\/38189\/revisions"}],"wp:featuredmedia":[{"embeddable":true,"href":"https:\/\/erozone.org\/en\/wp-json\/wp\/v2\/media\/38174"}],"wp:attachment":[{"href":"https:\/\/erozone.org\/en\/wp-json\/wp\/v2\/media?parent=38189"}],"wp:term":[{"taxonomy":"brand","embeddable":true,"href":"https:\/\/erozone.org\/en\/wp-json\/wp\/v2\/etheme_brands?post=38189"},{"taxonomy":"product_brand","embeddable":true,"href":"https:\/\/erozone.org\/en\/wp-json\/wp\/v2\/product_brand?post=38189"},{"taxonomy":"product_cat","embeddable":true,"href":"https:\/\/erozone.org\/en\/wp-json\/wp\/v2\/product_cat?post=38189"},{"taxonomy":"product_tag","embeddable":true,"href":"https:\/\/erozone.org\/en\/wp-json\/wp\/v2\/product_tag?post=38189"}],"curies":[{"name":"wp","href":"https:\/\/api.w.org\/{rel}","templated":true}]}}