{"id":38190,"date":"2022-10-03T22:50:03","date_gmt":"2022-10-03T19:50:03","guid":{"rendered":"https:\/\/erozone.org\/produktas\/super-zhewitra\/"},"modified":"2026-01-23T14:51:02","modified_gmt":"2026-01-23T12:51:02","slug":"super-zhewitra","status":"publish","type":"product","link":"https:\/\/erozone.org\/en\/produktas\/super-zhewitra\/","title":{"rendered":"Super Zhewitra"},"content":{"rendered":"<p>Vardenafil and Dapoxetine are the combined formula of Super Zhewitra. Vardenafil in Super Zhewitra is used to treat erectile dysfunction and increase potency, while dapoxetine is a selective serotonin reuptake inhibitor that increases serotonin levels and prevents sperm from being released too quickly during intercourse and helps stop premature ejaculation. The combination of both active substances provides a double effect &#8211; a strong, longer-lasting erection and greater endurance and capacity during sex.<\/p>\n<p>Super Zhewitra contains 20 mg vardenafil and 60 mg dapoxetine.<br \/>\nErectile dysfunction is characterized by a weak penile erection or difficulty achieving and maintaining an erection, while premature ejaculation is characterized by uncontrollable ejaculation during sexual activity.<br \/>\nThe active substances combination in Super Zhewitra will help you overcome erectile dysfunction and premature ejaculation.<\/p>\n<p>How does Super Zhewitra work?<\/p>\n<p>The combination of active substances works in two ways. Vardenafil is a phosphodiesterase type 5 inhibitor and relaxes the blood vessels in the penis and directs more blood to them, resulting in a much stronger erection. Dapoxetine is a selective serotonin reuptake inhibitor. Dapoxetine increases serotonin levels in the brain and affects the reflex responsible for ejaculation. This controls ejaculation from the penis.<\/p>\n<p>Usage: Take a Super Zhewitra tablet one hour before sexual intercourse with a glass of water. Super Zhewitra can be taken with or without food.<br \/>\nDaily rate: 1 tablet.<\/p>\n","protected":false},"excerpt":{"rendered":"<p>Super Zhewitra is a 2 in 1 product that will provide a strong erection and help control ejaculation. As a result, intercourse will be of better quality and last longer. Super Zhewitra contains 20 mg vardenafil for erection and 60 mg dapoxetine for ejaculation control!<\/p>\n","protected":false},"featured_media":38163,"template":"","meta":[],"etheme_brands":[],"product_brand":[],"product_cat":[154,170],"product_tag":[],"class_list":{"0":"post-38190","1":"product","2":"type-product","3":"status-publish","4":"has-post-thumbnail","6":"product_cat-2in1-sex-supplements","7":"product_cat-vardenafil-dapoxetine-en","9":"first","10":"instock","11":"shipping-taxable","12":"purchasable","13":"product-type-simple"},"yoast_head":"<!-- This site is optimized with the Yoast SEO plugin v26.2 - https:\/\/yoast.com\/wordpress\/plugins\/seo\/ -->\n<title>Super Zhewitra - Erozone<\/title>\n<meta name=\"description\" content=\"Super Zhewitra \u2705 Stiprinkite potencij\u0105 su m\u016bs\u0173 papildais u\u017e ger\u0105 kain\u0105 \u2764\ufe0f Gyvenkite aktyv\u0173 gyvenim\u0105! U\u017esisakykite!\" \/>\n<meta name=\"robots\" content=\"index, follow, max-snippet:-1, max-image-preview:large, max-video-preview:-1\" \/>\n<link rel=\"canonical\" href=\"https:\/\/erozone.org\/produktas\/super-zhewitra\/\" \/>\n<meta property=\"og:locale\" content=\"en_US\" \/>\n<meta property=\"og:type\" content=\"article\" \/>\n<meta property=\"og:title\" content=\"Super Zhewitra - Erozone\" \/>\n<meta property=\"og:description\" content=\"Super Zhewitra \u2705 Stiprinkite potencij\u0105 su m\u016bs\u0173 papildais u\u017e ger\u0105 kain\u0105 \u2764\ufe0f Gyvenkite aktyv\u0173 gyvenim\u0105! U\u017esisakykite!\" \/>\n<meta property=\"og:url\" content=\"https:\/\/erozone.org\/produktas\/super-zhewitra\/\" \/>\n<meta property=\"og:site_name\" content=\"Erozone\" \/>\n<meta property=\"article:modified_time\" content=\"2026-01-23T12:51:02+00:00\" \/>\n<meta property=\"og:image\" content=\"https:\/\/erozone.org\/wp-content\/uploads\/2022\/10\/super-Zhewitra-org2.jpg\" \/>\n\t<meta property=\"og:image:width\" content=\"1518\" \/>\n\t<meta property=\"og:image:height\" content=\"1048\" \/>\n\t<meta property=\"og:image:type\" content=\"image\/jpeg\" \/>\n<meta name=\"twitter:card\" content=\"summary_large_image\" \/>\n<meta name=\"twitter:label1\" content=\"Est. reading time\" \/>\n\t<meta name=\"twitter:data1\" content=\"1 minute\" \/>\n<script type=\"application\/ld+json\" class=\"yoast-schema-graph\">{\"@context\":\"https:\/\/schema.org\",\"@graph\":[{\"@type\":\"WebPage\",\"@id\":\"https:\/\/erozone.org\/produktas\/super-zhewitra\/\",\"url\":\"https:\/\/erozone.org\/produktas\/super-zhewitra\/\",\"name\":\"Super Zhewitra - Erozone\",\"isPartOf\":{\"@id\":\"https:\/\/erozone.org\/en\/#website\"},\"primaryImageOfPage\":{\"@id\":\"https:\/\/erozone.org\/produktas\/super-zhewitra\/#primaryimage\"},\"image\":{\"@id\":\"https:\/\/erozone.org\/produktas\/super-zhewitra\/#primaryimage\"},\"thumbnailUrl\":\"https:\/\/erozone.org\/wp-content\/uploads\/2022\/10\/super-Zhewitra-org2.jpg\",\"datePublished\":\"2022-10-03T19:50:03+00:00\",\"dateModified\":\"2026-01-23T12:51:02+00:00\",\"description\":\"Super Zhewitra \u2705 Stiprinkite potencij\u0105 su m\u016bs\u0173 papildais u\u017e ger\u0105 kain\u0105 \u2764\ufe0f Gyvenkite aktyv\u0173 gyvenim\u0105! U\u017esisakykite!\",\"breadcrumb\":{\"@id\":\"https:\/\/erozone.org\/produktas\/super-zhewitra\/#breadcrumb\"},\"inLanguage\":\"en-US\",\"potentialAction\":[{\"@type\":\"ReadAction\",\"target\":[\"https:\/\/erozone.org\/produktas\/super-zhewitra\/\"]}]},{\"@type\":\"ImageObject\",\"inLanguage\":\"en-US\",\"@id\":\"https:\/\/erozone.org\/produktas\/super-zhewitra\/#primaryimage\",\"url\":\"https:\/\/erozone.org\/wp-content\/uploads\/2022\/10\/super-Zhewitra-org2.jpg\",\"contentUrl\":\"https:\/\/erozone.org\/wp-content\/uploads\/2022\/10\/super-Zhewitra-org2.jpg\",\"width\":1518,\"height\":1048},{\"@type\":\"BreadcrumbList\",\"@id\":\"https:\/\/erozone.org\/produktas\/super-zhewitra\/#breadcrumb\",\"itemListElement\":[{\"@type\":\"ListItem\",\"position\":1,\"name\":\"Home\",\"item\":\"https:\/\/erozone.org\/\"},{\"@type\":\"ListItem\",\"position\":2,\"name\":\"Katalogas\",\"item\":\"https:\/\/erozone.org\/katalogas\/\"},{\"@type\":\"ListItem\",\"position\":3,\"name\":\"Super Zhewitra\"}]},{\"@type\":\"WebSite\",\"@id\":\"https:\/\/erozone.org\/en\/#website\",\"url\":\"https:\/\/erozone.org\/en\/\",\"name\":\"Erozone\",\"description\":\"prek\u0117s internetu suaugusiems\",\"publisher\":{\"@id\":\"https:\/\/erozone.org\/en\/#organization\"},\"potentialAction\":[{\"@type\":\"SearchAction\",\"target\":{\"@type\":\"EntryPoint\",\"urlTemplate\":\"https:\/\/erozone.org\/en\/?s={search_term_string}\"},\"query-input\":{\"@type\":\"PropertyValueSpecification\",\"valueRequired\":true,\"valueName\":\"search_term_string\"}}],\"inLanguage\":\"en-US\"},{\"@type\":\"Organization\",\"@id\":\"https:\/\/erozone.org\/en\/#organization\",\"name\":\"Erozone\",\"url\":\"https:\/\/erozone.org\/en\/\",\"logo\":{\"@type\":\"ImageObject\",\"inLanguage\":\"en-US\",\"@id\":\"https:\/\/erozone.org\/en\/#\/schema\/logo\/image\/\",\"url\":\"https:\/\/erozone.org\/wp-content\/uploads\/2023\/01\/logo-1.png\",\"contentUrl\":\"https:\/\/erozone.org\/wp-content\/uploads\/2023\/01\/logo-1.png\",\"width\":182,\"height\":30,\"caption\":\"Erozone\"},\"image\":{\"@id\":\"https:\/\/erozone.org\/en\/#\/schema\/logo\/image\/\"}}]}<\/script>\n<!-- \/ Yoast SEO plugin. -->","yoast_head_json":{"title":"Super Zhewitra - Erozone","description":"Super Zhewitra \u2705 Stiprinkite potencij\u0105 su m\u016bs\u0173 papildais u\u017e ger\u0105 kain\u0105 \u2764\ufe0f Gyvenkite aktyv\u0173 gyvenim\u0105! U\u017esisakykite!","robots":{"index":"index","follow":"follow","max-snippet":"max-snippet:-1","max-image-preview":"max-image-preview:large","max-video-preview":"max-video-preview:-1"},"canonical":"https:\/\/erozone.org\/produktas\/super-zhewitra\/","og_locale":"en_US","og_type":"article","og_title":"Super Zhewitra - Erozone","og_description":"Super Zhewitra \u2705 Stiprinkite potencij\u0105 su m\u016bs\u0173 papildais u\u017e ger\u0105 kain\u0105 \u2764\ufe0f Gyvenkite aktyv\u0173 gyvenim\u0105! U\u017esisakykite!","og_url":"https:\/\/erozone.org\/produktas\/super-zhewitra\/","og_site_name":"Erozone","article_modified_time":"2026-01-23T12:51:02+00:00","og_image":[{"width":1518,"height":1048,"url":"https:\/\/erozone.org\/wp-content\/uploads\/2022\/10\/super-Zhewitra-org2.jpg","type":"image\/jpeg"}],"twitter_card":"summary_large_image","twitter_misc":{"Est. reading time":"1 minute"},"schema":{"@context":"https:\/\/schema.org","@graph":[{"@type":"WebPage","@id":"https:\/\/erozone.org\/produktas\/super-zhewitra\/","url":"https:\/\/erozone.org\/produktas\/super-zhewitra\/","name":"Super Zhewitra - Erozone","isPartOf":{"@id":"https:\/\/erozone.org\/en\/#website"},"primaryImageOfPage":{"@id":"https:\/\/erozone.org\/produktas\/super-zhewitra\/#primaryimage"},"image":{"@id":"https:\/\/erozone.org\/produktas\/super-zhewitra\/#primaryimage"},"thumbnailUrl":"https:\/\/erozone.org\/wp-content\/uploads\/2022\/10\/super-Zhewitra-org2.jpg","datePublished":"2022-10-03T19:50:03+00:00","dateModified":"2026-01-23T12:51:02+00:00","description":"Super Zhewitra \u2705 Stiprinkite potencij\u0105 su m\u016bs\u0173 papildais u\u017e ger\u0105 kain\u0105 \u2764\ufe0f Gyvenkite aktyv\u0173 gyvenim\u0105! U\u017esisakykite!","breadcrumb":{"@id":"https:\/\/erozone.org\/produktas\/super-zhewitra\/#breadcrumb"},"inLanguage":"en-US","potentialAction":[{"@type":"ReadAction","target":["https:\/\/erozone.org\/produktas\/super-zhewitra\/"]}]},{"@type":"ImageObject","inLanguage":"en-US","@id":"https:\/\/erozone.org\/produktas\/super-zhewitra\/#primaryimage","url":"https:\/\/erozone.org\/wp-content\/uploads\/2022\/10\/super-Zhewitra-org2.jpg","contentUrl":"https:\/\/erozone.org\/wp-content\/uploads\/2022\/10\/super-Zhewitra-org2.jpg","width":1518,"height":1048},{"@type":"BreadcrumbList","@id":"https:\/\/erozone.org\/produktas\/super-zhewitra\/#breadcrumb","itemListElement":[{"@type":"ListItem","position":1,"name":"Home","item":"https:\/\/erozone.org\/"},{"@type":"ListItem","position":2,"name":"Katalogas","item":"https:\/\/erozone.org\/katalogas\/"},{"@type":"ListItem","position":3,"name":"Super Zhewitra"}]},{"@type":"WebSite","@id":"https:\/\/erozone.org\/en\/#website","url":"https:\/\/erozone.org\/en\/","name":"Erozone","description":"prek\u0117s internetu suaugusiems","publisher":{"@id":"https:\/\/erozone.org\/en\/#organization"},"potentialAction":[{"@type":"SearchAction","target":{"@type":"EntryPoint","urlTemplate":"https:\/\/erozone.org\/en\/?s={search_term_string}"},"query-input":{"@type":"PropertyValueSpecification","valueRequired":true,"valueName":"search_term_string"}}],"inLanguage":"en-US"},{"@type":"Organization","@id":"https:\/\/erozone.org\/en\/#organization","name":"Erozone","url":"https:\/\/erozone.org\/en\/","logo":{"@type":"ImageObject","inLanguage":"en-US","@id":"https:\/\/erozone.org\/en\/#\/schema\/logo\/image\/","url":"https:\/\/erozone.org\/wp-content\/uploads\/2023\/01\/logo-1.png","contentUrl":"https:\/\/erozone.org\/wp-content\/uploads\/2023\/01\/logo-1.png","width":182,"height":30,"caption":"Erozone"},"image":{"@id":"https:\/\/erozone.org\/en\/#\/schema\/logo\/image\/"}}]}},"_links":{"self":[{"href":"https:\/\/erozone.org\/en\/wp-json\/wp\/v2\/product\/38190","targetHints":{"allow":["GET"]}}],"collection":[{"href":"https:\/\/erozone.org\/en\/wp-json\/wp\/v2\/product"}],"about":[{"href":"https:\/\/erozone.org\/en\/wp-json\/wp\/v2\/types\/product"}],"version-history":[{"count":0,"href":"https:\/\/erozone.org\/en\/wp-json\/wp\/v2\/product\/38190\/revisions"}],"wp:featuredmedia":[{"embeddable":true,"href":"https:\/\/erozone.org\/en\/wp-json\/wp\/v2\/media\/38163"}],"wp:attachment":[{"href":"https:\/\/erozone.org\/en\/wp-json\/wp\/v2\/media?parent=38190"}],"wp:term":[{"taxonomy":"brand","embeddable":true,"href":"https:\/\/erozone.org\/en\/wp-json\/wp\/v2\/etheme_brands?post=38190"},{"taxonomy":"product_brand","embeddable":true,"href":"https:\/\/erozone.org\/en\/wp-json\/wp\/v2\/product_brand?post=38190"},{"taxonomy":"product_cat","embeddable":true,"href":"https:\/\/erozone.org\/en\/wp-json\/wp\/v2\/product_cat?post=38190"},{"taxonomy":"product_tag","embeddable":true,"href":"https:\/\/erozone.org\/en\/wp-json\/wp\/v2\/product_tag?post=38190"}],"curies":[{"name":"wp","href":"https:\/\/api.w.org\/{rel}","templated":true}]}}