{"id":38196,"date":"2023-02-16T15:13:32","date_gmt":"2023-02-16T13:13:32","guid":{"rendered":"https:\/\/erozone.org\/produktas\/snovitra-10\/"},"modified":"2024-06-08T00:06:25","modified_gmt":"2024-06-07T21:06:25","slug":"snovitra-10","status":"publish","type":"product","link":"https:\/\/erozone.org\/en\/produktas\/snovitra-10\/","title":{"rendered":"Snovitra 10"},"content":{"rendered":"<p>Snovitra 10 is a product for a stronger erection (a stiffer erection than usual and for a longer time) and for the elimination of erectile dysfunction (i.e. when a man cannot achieve or maintain an erection during sexual intercourse).<br \/>\nSnovitra 10 contains 10 mg of Vardenafil.<\/p>\n<p>Vardenafil is an active substance created for men, which helps overcome erectile dysfunction and generally strengthens male potency. Vardenafil belongs to the group of phosphodiesterase (FDE5) inhibitors. FDE5 inhibitors help eliminate erectile dysfunction. Vardenafil relaxes the vascular muscles and increases blood flow to the penis during sexual stimulation. Increased blood flow in the penile area helps achieve hard erections.<br \/>\nVardenafil can also be effective in slightly extending the duration of intercourse, as it has the ability to prevent the ejaculation of semen too quickly.<br \/>\nThe recommended dose of Vardenafil is 5 mg to 20 mg per day.<\/p>\n<p>Why is it worth it?<br \/>\nSnovitra 10 will give you a stronger erection, keep it rigid during intercourse, help you overcome erectile dysfunction, improve your sexual confidence, and allow you to enjoy intercourse longer. <\/p>\n<p>Directions for use:<br \/>\nTake Snovitra 10 tablet approximately 30-60 minutes before intercourse with a glass of water. Do not take Snovitra 10 more than once a day. The effect of Snovitra 10 lasts for 4-6 hours.<\/p>\n","protected":false},"excerpt":{"rendered":"<p>Snovitra 10 &#8211; stronger erection for a longer time and elimination of erectile dysfunction! An effective way to strengthen potency and increase sexual confidence!<br \/>\nActive substance &#8211; Vardenafil.<\/p>\n","protected":false},"featured_media":38016,"template":"","meta":[],"etheme_brands":[],"product_brand":[],"product_cat":[169,179],"product_tag":[],"class_list":{"0":"post-38196","1":"product","2":"type-product","3":"status-publish","4":"has-post-thumbnail","6":"product_cat-others","7":"product_cat-kiti-produktai-en","9":"first","10":"outofstock","11":"shipping-taxable","12":"purchasable","13":"product-type-simple"},"yoast_head":"<!-- This site is optimized with the Yoast SEO plugin v26.2 - https:\/\/yoast.com\/wordpress\/plugins\/seo\/ -->\n<title>Snovitra 10 - Erozone<\/title>\n<meta name=\"description\" content=\"Snovitra 10 \u2705 Stiprinkite potencij\u0105 su m\u016bs\u0173 papildais u\u017e ger\u0105 kain\u0105 \u2764\ufe0f Gyvenkite aktyv\u0173 gyvenim\u0105! U\u017esisakykite!\" \/>\n<meta name=\"robots\" content=\"index, follow, max-snippet:-1, max-image-preview:large, max-video-preview:-1\" \/>\n<link rel=\"canonical\" href=\"https:\/\/erozone.org\/en\/produktas\/snovitra-10\/\" \/>\n<meta property=\"og:locale\" content=\"en_US\" \/>\n<meta property=\"og:type\" content=\"article\" \/>\n<meta property=\"og:title\" content=\"Snovitra 10 - Erozone\" \/>\n<meta property=\"og:description\" content=\"Snovitra 10 \u2705 Stiprinkite potencij\u0105 su m\u016bs\u0173 papildais u\u017e ger\u0105 kain\u0105 \u2764\ufe0f Gyvenkite aktyv\u0173 gyvenim\u0105! U\u017esisakykite!\" \/>\n<meta property=\"og:url\" content=\"https:\/\/erozone.org\/en\/produktas\/snovitra-10\/\" \/>\n<meta property=\"og:site_name\" content=\"Erozone\" \/>\n<meta property=\"article:modified_time\" content=\"2024-06-07T21:06:25+00:00\" \/>\n<meta property=\"og:image\" content=\"https:\/\/erozone.org\/wp-content\/uploads\/2023\/02\/Snovitra-10-org-1.jpg\" \/>\n\t<meta property=\"og:image:width\" content=\"1548\" \/>\n\t<meta property=\"og:image:height\" content=\"1092\" \/>\n\t<meta property=\"og:image:type\" content=\"image\/jpeg\" \/>\n<meta name=\"twitter:card\" content=\"summary_large_image\" \/>\n<meta name=\"twitter:label1\" content=\"Est. reading time\" \/>\n\t<meta name=\"twitter:data1\" content=\"1 minute\" \/>\n<script type=\"application\/ld+json\" class=\"yoast-schema-graph\">{\"@context\":\"https:\/\/schema.org\",\"@graph\":[{\"@type\":\"WebPage\",\"@id\":\"https:\/\/erozone.org\/en\/produktas\/snovitra-10\/\",\"url\":\"https:\/\/erozone.org\/en\/produktas\/snovitra-10\/\",\"name\":\"Snovitra 10 - Erozone\",\"isPartOf\":{\"@id\":\"https:\/\/erozone.org\/en\/#website\"},\"primaryImageOfPage\":{\"@id\":\"https:\/\/erozone.org\/en\/produktas\/snovitra-10\/#primaryimage\"},\"image\":{\"@id\":\"https:\/\/erozone.org\/en\/produktas\/snovitra-10\/#primaryimage\"},\"thumbnailUrl\":\"https:\/\/erozone.org\/wp-content\/uploads\/2023\/02\/Snovitra-10-org-1.jpg\",\"datePublished\":\"2023-02-16T13:13:32+00:00\",\"dateModified\":\"2024-06-07T21:06:25+00:00\",\"description\":\"Snovitra 10 \u2705 Stiprinkite potencij\u0105 su m\u016bs\u0173 papildais u\u017e ger\u0105 kain\u0105 \u2764\ufe0f Gyvenkite aktyv\u0173 gyvenim\u0105! U\u017esisakykite!\",\"breadcrumb\":{\"@id\":\"https:\/\/erozone.org\/en\/produktas\/snovitra-10\/#breadcrumb\"},\"inLanguage\":\"en-US\",\"potentialAction\":[{\"@type\":\"ReadAction\",\"target\":[\"https:\/\/erozone.org\/en\/produktas\/snovitra-10\/\"]}]},{\"@type\":\"ImageObject\",\"inLanguage\":\"en-US\",\"@id\":\"https:\/\/erozone.org\/en\/produktas\/snovitra-10\/#primaryimage\",\"url\":\"https:\/\/erozone.org\/wp-content\/uploads\/2023\/02\/Snovitra-10-org-1.jpg\",\"contentUrl\":\"https:\/\/erozone.org\/wp-content\/uploads\/2023\/02\/Snovitra-10-org-1.jpg\",\"width\":1548,\"height\":1092},{\"@type\":\"BreadcrumbList\",\"@id\":\"https:\/\/erozone.org\/en\/produktas\/snovitra-10\/#breadcrumb\",\"itemListElement\":[{\"@type\":\"ListItem\",\"position\":1,\"name\":\"Home\",\"item\":\"https:\/\/erozone.org\/\"},{\"@type\":\"ListItem\",\"position\":2,\"name\":\"Katalogas\",\"item\":\"https:\/\/erozone.org\/katalogas\/\"},{\"@type\":\"ListItem\",\"position\":3,\"name\":\"Snovitra 10\"}]},{\"@type\":\"WebSite\",\"@id\":\"https:\/\/erozone.org\/en\/#website\",\"url\":\"https:\/\/erozone.org\/en\/\",\"name\":\"Erozone\",\"description\":\"prek\u0117s internetu suaugusiems\",\"publisher\":{\"@id\":\"https:\/\/erozone.org\/en\/#organization\"},\"potentialAction\":[{\"@type\":\"SearchAction\",\"target\":{\"@type\":\"EntryPoint\",\"urlTemplate\":\"https:\/\/erozone.org\/en\/?s={search_term_string}\"},\"query-input\":{\"@type\":\"PropertyValueSpecification\",\"valueRequired\":true,\"valueName\":\"search_term_string\"}}],\"inLanguage\":\"en-US\"},{\"@type\":\"Organization\",\"@id\":\"https:\/\/erozone.org\/en\/#organization\",\"name\":\"Erozone\",\"url\":\"https:\/\/erozone.org\/en\/\",\"logo\":{\"@type\":\"ImageObject\",\"inLanguage\":\"en-US\",\"@id\":\"https:\/\/erozone.org\/en\/#\/schema\/logo\/image\/\",\"url\":\"https:\/\/erozone.org\/wp-content\/uploads\/2023\/01\/logo-1.png\",\"contentUrl\":\"https:\/\/erozone.org\/wp-content\/uploads\/2023\/01\/logo-1.png\",\"width\":182,\"height\":30,\"caption\":\"Erozone\"},\"image\":{\"@id\":\"https:\/\/erozone.org\/en\/#\/schema\/logo\/image\/\"}}]}<\/script>\n<!-- \/ Yoast SEO plugin. -->","yoast_head_json":{"title":"Snovitra 10 - Erozone","description":"Snovitra 10 \u2705 Stiprinkite potencij\u0105 su m\u016bs\u0173 papildais u\u017e ger\u0105 kain\u0105 \u2764\ufe0f Gyvenkite aktyv\u0173 gyvenim\u0105! U\u017esisakykite!","robots":{"index":"index","follow":"follow","max-snippet":"max-snippet:-1","max-image-preview":"max-image-preview:large","max-video-preview":"max-video-preview:-1"},"canonical":"https:\/\/erozone.org\/en\/produktas\/snovitra-10\/","og_locale":"en_US","og_type":"article","og_title":"Snovitra 10 - Erozone","og_description":"Snovitra 10 \u2705 Stiprinkite potencij\u0105 su m\u016bs\u0173 papildais u\u017e ger\u0105 kain\u0105 \u2764\ufe0f Gyvenkite aktyv\u0173 gyvenim\u0105! U\u017esisakykite!","og_url":"https:\/\/erozone.org\/en\/produktas\/snovitra-10\/","og_site_name":"Erozone","article_modified_time":"2024-06-07T21:06:25+00:00","og_image":[{"width":1548,"height":1092,"url":"https:\/\/erozone.org\/wp-content\/uploads\/2023\/02\/Snovitra-10-org-1.jpg","type":"image\/jpeg"}],"twitter_card":"summary_large_image","twitter_misc":{"Est. reading time":"1 minute"},"schema":{"@context":"https:\/\/schema.org","@graph":[{"@type":"WebPage","@id":"https:\/\/erozone.org\/en\/produktas\/snovitra-10\/","url":"https:\/\/erozone.org\/en\/produktas\/snovitra-10\/","name":"Snovitra 10 - Erozone","isPartOf":{"@id":"https:\/\/erozone.org\/en\/#website"},"primaryImageOfPage":{"@id":"https:\/\/erozone.org\/en\/produktas\/snovitra-10\/#primaryimage"},"image":{"@id":"https:\/\/erozone.org\/en\/produktas\/snovitra-10\/#primaryimage"},"thumbnailUrl":"https:\/\/erozone.org\/wp-content\/uploads\/2023\/02\/Snovitra-10-org-1.jpg","datePublished":"2023-02-16T13:13:32+00:00","dateModified":"2024-06-07T21:06:25+00:00","description":"Snovitra 10 \u2705 Stiprinkite potencij\u0105 su m\u016bs\u0173 papildais u\u017e ger\u0105 kain\u0105 \u2764\ufe0f Gyvenkite aktyv\u0173 gyvenim\u0105! U\u017esisakykite!","breadcrumb":{"@id":"https:\/\/erozone.org\/en\/produktas\/snovitra-10\/#breadcrumb"},"inLanguage":"en-US","potentialAction":[{"@type":"ReadAction","target":["https:\/\/erozone.org\/en\/produktas\/snovitra-10\/"]}]},{"@type":"ImageObject","inLanguage":"en-US","@id":"https:\/\/erozone.org\/en\/produktas\/snovitra-10\/#primaryimage","url":"https:\/\/erozone.org\/wp-content\/uploads\/2023\/02\/Snovitra-10-org-1.jpg","contentUrl":"https:\/\/erozone.org\/wp-content\/uploads\/2023\/02\/Snovitra-10-org-1.jpg","width":1548,"height":1092},{"@type":"BreadcrumbList","@id":"https:\/\/erozone.org\/en\/produktas\/snovitra-10\/#breadcrumb","itemListElement":[{"@type":"ListItem","position":1,"name":"Home","item":"https:\/\/erozone.org\/"},{"@type":"ListItem","position":2,"name":"Katalogas","item":"https:\/\/erozone.org\/katalogas\/"},{"@type":"ListItem","position":3,"name":"Snovitra 10"}]},{"@type":"WebSite","@id":"https:\/\/erozone.org\/en\/#website","url":"https:\/\/erozone.org\/en\/","name":"Erozone","description":"prek\u0117s internetu suaugusiems","publisher":{"@id":"https:\/\/erozone.org\/en\/#organization"},"potentialAction":[{"@type":"SearchAction","target":{"@type":"EntryPoint","urlTemplate":"https:\/\/erozone.org\/en\/?s={search_term_string}"},"query-input":{"@type":"PropertyValueSpecification","valueRequired":true,"valueName":"search_term_string"}}],"inLanguage":"en-US"},{"@type":"Organization","@id":"https:\/\/erozone.org\/en\/#organization","name":"Erozone","url":"https:\/\/erozone.org\/en\/","logo":{"@type":"ImageObject","inLanguage":"en-US","@id":"https:\/\/erozone.org\/en\/#\/schema\/logo\/image\/","url":"https:\/\/erozone.org\/wp-content\/uploads\/2023\/01\/logo-1.png","contentUrl":"https:\/\/erozone.org\/wp-content\/uploads\/2023\/01\/logo-1.png","width":182,"height":30,"caption":"Erozone"},"image":{"@id":"https:\/\/erozone.org\/en\/#\/schema\/logo\/image\/"}}]}},"_links":{"self":[{"href":"https:\/\/erozone.org\/en\/wp-json\/wp\/v2\/product\/38196","targetHints":{"allow":["GET"]}}],"collection":[{"href":"https:\/\/erozone.org\/en\/wp-json\/wp\/v2\/product"}],"about":[{"href":"https:\/\/erozone.org\/en\/wp-json\/wp\/v2\/types\/product"}],"version-history":[{"count":0,"href":"https:\/\/erozone.org\/en\/wp-json\/wp\/v2\/product\/38196\/revisions"}],"wp:featuredmedia":[{"embeddable":true,"href":"https:\/\/erozone.org\/en\/wp-json\/wp\/v2\/media\/38016"}],"wp:attachment":[{"href":"https:\/\/erozone.org\/en\/wp-json\/wp\/v2\/media?parent=38196"}],"wp:term":[{"taxonomy":"brand","embeddable":true,"href":"https:\/\/erozone.org\/en\/wp-json\/wp\/v2\/etheme_brands?post=38196"},{"taxonomy":"product_brand","embeddable":true,"href":"https:\/\/erozone.org\/en\/wp-json\/wp\/v2\/product_brand?post=38196"},{"taxonomy":"product_cat","embeddable":true,"href":"https:\/\/erozone.org\/en\/wp-json\/wp\/v2\/product_cat?post=38196"},{"taxonomy":"product_tag","embeddable":true,"href":"https:\/\/erozone.org\/en\/wp-json\/wp\/v2\/product_tag?post=38196"}],"curies":[{"name":"wp","href":"https:\/\/api.w.org\/{rel}","templated":true}]}}