{"id":38208,"date":"2022-10-13T13:42:03","date_gmt":"2022-10-13T10:42:03","guid":{"rendered":"https:\/\/erozone.org\/produktas\/zhewitra-20-oral-jelly\/"},"modified":"2024-02-15T00:00:24","modified_gmt":"2024-02-14T22:00:24","slug":"zhewitra-oral-jelly","status":"publish","type":"product","link":"https:\/\/erozone.org\/en\/produktas\/zhewitra-oral-jelly\/","title":{"rendered":"Zhewitra 20 Oral Jelly"},"content":{"rendered":"<p>Zhewitra 20 Oral Jelly &#8211; oral jelly for erection. It is a fast-acting product for men to enhance potency and eliminate erectile dysfunction. Zhewitra 20 Oral jelly package contains 7 strawberry-flavored vardenafil jelly packets. The strawberry flavor makes Zhewitra 20 Oral jelly pleasant and easy to use.<br \/>\nZhewitra Oral Jelly Contains 20 mg Vardenafil.<\/p>\n<p>Vardenafil is an active substance developed for men, which helps to overcome erectile dysfunction and generally strengthens male potency. Vardenafil belongs to the group of phosphodiesterase (FDE5) inhibitors. FDE5 inhibitors help eliminate erectile dysfunction.<br \/>\nVardenafil works by relaxing the vascular muscles and increasing blood flow to the penis during sexual stimulation. Increased blood flow in the penile area helps achieve and maintain a hard erection.<br \/>\nVardenafil can also be effective in slightly prolonging the duration of intercourse, as it has the ability to prevent the ejaculation of semen too quickly.<br \/>\nThe recommended dose of Vardenafil is 5 mg to 20 mg per day.<\/p>\n<p>At least one in ten men have difficulty getting or maintaining an erection. The reasons for this can be physical or psychological, but usually a combination of both. Regardless of the cause, changes in the muscles and blood vessels do not allow enough blood to flow to the penis to make it hard and stay hard. Zhewitra 20 Oral Jelly will help you overcome these problems.<\/p>\n<p>Zhewitra 20 Oral Jelly works when a man is sexually stimulated. This product weakens the effects of the body&#8217;s natural chemicals that inhibit erection. Zhewitra 20 Oral Jelly helps to achieve and maintain an erection, so it is possible to perform sexual intercourse properly. <\/p>\n<p>Due to its liquid jelly form, Zhewitra 20 Oral Jelly is quickly absorbed by the body and will provide the desired effect faster than standart vardenafil tablets.<\/p>\n<p>Directions for use:<br \/>\nSqueeze the content of the Zhewitra 20 Oral Jelly sachet into your mouth and swallow for 15-30 minutes before intercourse. <\/p>\n","protected":false},"excerpt":{"rendered":"<p>Zhewitra 20 Oral Jelly is a very fast-acting vardenafil strawberry-flavored oral jelly for a strong erection and elimination of erectile dysfunction! The package contains 7 sachets for the whole week, which will allow you to enjoy a stiff erection and feel confident during intercourse!<\/p>\n","protected":false},"featured_media":38128,"template":"","meta":[],"etheme_brands":[],"product_brand":[],"product_cat":[179],"product_tag":[],"class_list":{"0":"post-38208","1":"product","2":"type-product","3":"status-publish","4":"has-post-thumbnail","6":"product_cat-kiti-produktai-en","8":"first","9":"outofstock","10":"shipping-taxable","11":"purchasable","12":"product-type-simple"},"yoast_head":"<!-- This site is optimized with the Yoast SEO plugin v26.2 - https:\/\/yoast.com\/wordpress\/plugins\/seo\/ -->\n<title>Zhewitra 20 Oral Jelly - Erozone<\/title>\n<meta name=\"description\" content=\"Zhewitra 20 Oral Jelly \u2705 Stiprinkite potencij\u0105 su m\u016bs\u0173 papildais u\u017e ger\u0105 kain\u0105 \u2764\ufe0f Gyvenkite aktyv\u0173 gyvenim\u0105! U\u017esisakykite!\" \/>\n<meta name=\"robots\" content=\"index, follow, max-snippet:-1, max-image-preview:large, max-video-preview:-1\" \/>\n<link rel=\"canonical\" href=\"https:\/\/erozone.org\/produktas\/zhewitra-oral-jelly\/\" \/>\n<meta property=\"og:locale\" content=\"en_US\" \/>\n<meta property=\"og:type\" content=\"article\" \/>\n<meta property=\"og:title\" content=\"Zhewitra 20 Oral Jelly - Erozone\" \/>\n<meta property=\"og:description\" content=\"Zhewitra 20 Oral Jelly \u2705 Stiprinkite potencij\u0105 su m\u016bs\u0173 papildais u\u017e ger\u0105 kain\u0105 \u2764\ufe0f Gyvenkite aktyv\u0173 gyvenim\u0105! U\u017esisakykite!\" \/>\n<meta property=\"og:url\" content=\"https:\/\/erozone.org\/produktas\/zhewitra-oral-jelly\/\" \/>\n<meta property=\"og:site_name\" content=\"Erozone\" \/>\n<meta property=\"article:modified_time\" content=\"2024-02-14T22:00:24+00:00\" \/>\n<meta property=\"og:image\" content=\"https:\/\/erozone.org\/wp-content\/uploads\/2022\/10\/zhewitra-oral-jelly-org2.jpg\" \/>\n\t<meta property=\"og:image:width\" content=\"2050\" \/>\n\t<meta property=\"og:image:height\" content=\"1379\" \/>\n\t<meta property=\"og:image:type\" content=\"image\/jpeg\" \/>\n<meta name=\"twitter:card\" content=\"summary_large_image\" \/>\n<meta name=\"twitter:label1\" content=\"Est. reading time\" \/>\n\t<meta name=\"twitter:data1\" content=\"2 minutes\" \/>\n<script type=\"application\/ld+json\" class=\"yoast-schema-graph\">{\"@context\":\"https:\/\/schema.org\",\"@graph\":[{\"@type\":\"WebPage\",\"@id\":\"https:\/\/erozone.org\/produktas\/zhewitra-oral-jelly\/\",\"url\":\"https:\/\/erozone.org\/produktas\/zhewitra-oral-jelly\/\",\"name\":\"Zhewitra 20 Oral Jelly - Erozone\",\"isPartOf\":{\"@id\":\"https:\/\/erozone.org\/en\/#website\"},\"primaryImageOfPage\":{\"@id\":\"https:\/\/erozone.org\/produktas\/zhewitra-oral-jelly\/#primaryimage\"},\"image\":{\"@id\":\"https:\/\/erozone.org\/produktas\/zhewitra-oral-jelly\/#primaryimage\"},\"thumbnailUrl\":\"https:\/\/erozone.org\/wp-content\/uploads\/2022\/10\/zhewitra-oral-jelly-org2.jpg\",\"datePublished\":\"2022-10-13T10:42:03+00:00\",\"dateModified\":\"2024-02-14T22:00:24+00:00\",\"description\":\"Zhewitra 20 Oral Jelly \u2705 Stiprinkite potencij\u0105 su m\u016bs\u0173 papildais u\u017e ger\u0105 kain\u0105 \u2764\ufe0f Gyvenkite aktyv\u0173 gyvenim\u0105! U\u017esisakykite!\",\"breadcrumb\":{\"@id\":\"https:\/\/erozone.org\/produktas\/zhewitra-oral-jelly\/#breadcrumb\"},\"inLanguage\":\"en-US\",\"potentialAction\":[{\"@type\":\"ReadAction\",\"target\":[\"https:\/\/erozone.org\/produktas\/zhewitra-oral-jelly\/\"]}]},{\"@type\":\"ImageObject\",\"inLanguage\":\"en-US\",\"@id\":\"https:\/\/erozone.org\/produktas\/zhewitra-oral-jelly\/#primaryimage\",\"url\":\"https:\/\/erozone.org\/wp-content\/uploads\/2022\/10\/zhewitra-oral-jelly-org2.jpg\",\"contentUrl\":\"https:\/\/erozone.org\/wp-content\/uploads\/2022\/10\/zhewitra-oral-jelly-org2.jpg\",\"width\":2050,\"height\":1379},{\"@type\":\"BreadcrumbList\",\"@id\":\"https:\/\/erozone.org\/produktas\/zhewitra-oral-jelly\/#breadcrumb\",\"itemListElement\":[{\"@type\":\"ListItem\",\"position\":1,\"name\":\"Home\",\"item\":\"https:\/\/erozone.org\/\"},{\"@type\":\"ListItem\",\"position\":2,\"name\":\"Katalogas\",\"item\":\"https:\/\/erozone.org\/katalogas\/\"},{\"@type\":\"ListItem\",\"position\":3,\"name\":\"Zhewitra 20 Oral Jelly\"}]},{\"@type\":\"WebSite\",\"@id\":\"https:\/\/erozone.org\/en\/#website\",\"url\":\"https:\/\/erozone.org\/en\/\",\"name\":\"Erozone\",\"description\":\"prek\u0117s internetu suaugusiems\",\"publisher\":{\"@id\":\"https:\/\/erozone.org\/en\/#organization\"},\"potentialAction\":[{\"@type\":\"SearchAction\",\"target\":{\"@type\":\"EntryPoint\",\"urlTemplate\":\"https:\/\/erozone.org\/en\/?s={search_term_string}\"},\"query-input\":{\"@type\":\"PropertyValueSpecification\",\"valueRequired\":true,\"valueName\":\"search_term_string\"}}],\"inLanguage\":\"en-US\"},{\"@type\":\"Organization\",\"@id\":\"https:\/\/erozone.org\/en\/#organization\",\"name\":\"Erozone\",\"url\":\"https:\/\/erozone.org\/en\/\",\"logo\":{\"@type\":\"ImageObject\",\"inLanguage\":\"en-US\",\"@id\":\"https:\/\/erozone.org\/en\/#\/schema\/logo\/image\/\",\"url\":\"https:\/\/erozone.org\/wp-content\/uploads\/2023\/01\/logo-1.png\",\"contentUrl\":\"https:\/\/erozone.org\/wp-content\/uploads\/2023\/01\/logo-1.png\",\"width\":182,\"height\":30,\"caption\":\"Erozone\"},\"image\":{\"@id\":\"https:\/\/erozone.org\/en\/#\/schema\/logo\/image\/\"}}]}<\/script>\n<!-- \/ Yoast SEO plugin. -->","yoast_head_json":{"title":"Zhewitra 20 Oral Jelly - Erozone","description":"Zhewitra 20 Oral Jelly \u2705 Stiprinkite potencij\u0105 su m\u016bs\u0173 papildais u\u017e ger\u0105 kain\u0105 \u2764\ufe0f Gyvenkite aktyv\u0173 gyvenim\u0105! U\u017esisakykite!","robots":{"index":"index","follow":"follow","max-snippet":"max-snippet:-1","max-image-preview":"max-image-preview:large","max-video-preview":"max-video-preview:-1"},"canonical":"https:\/\/erozone.org\/produktas\/zhewitra-oral-jelly\/","og_locale":"en_US","og_type":"article","og_title":"Zhewitra 20 Oral Jelly - Erozone","og_description":"Zhewitra 20 Oral Jelly \u2705 Stiprinkite potencij\u0105 su m\u016bs\u0173 papildais u\u017e ger\u0105 kain\u0105 \u2764\ufe0f Gyvenkite aktyv\u0173 gyvenim\u0105! U\u017esisakykite!","og_url":"https:\/\/erozone.org\/produktas\/zhewitra-oral-jelly\/","og_site_name":"Erozone","article_modified_time":"2024-02-14T22:00:24+00:00","og_image":[{"width":2050,"height":1379,"url":"https:\/\/erozone.org\/wp-content\/uploads\/2022\/10\/zhewitra-oral-jelly-org2.jpg","type":"image\/jpeg"}],"twitter_card":"summary_large_image","twitter_misc":{"Est. reading time":"2 minutes"},"schema":{"@context":"https:\/\/schema.org","@graph":[{"@type":"WebPage","@id":"https:\/\/erozone.org\/produktas\/zhewitra-oral-jelly\/","url":"https:\/\/erozone.org\/produktas\/zhewitra-oral-jelly\/","name":"Zhewitra 20 Oral Jelly - Erozone","isPartOf":{"@id":"https:\/\/erozone.org\/en\/#website"},"primaryImageOfPage":{"@id":"https:\/\/erozone.org\/produktas\/zhewitra-oral-jelly\/#primaryimage"},"image":{"@id":"https:\/\/erozone.org\/produktas\/zhewitra-oral-jelly\/#primaryimage"},"thumbnailUrl":"https:\/\/erozone.org\/wp-content\/uploads\/2022\/10\/zhewitra-oral-jelly-org2.jpg","datePublished":"2022-10-13T10:42:03+00:00","dateModified":"2024-02-14T22:00:24+00:00","description":"Zhewitra 20 Oral Jelly \u2705 Stiprinkite potencij\u0105 su m\u016bs\u0173 papildais u\u017e ger\u0105 kain\u0105 \u2764\ufe0f Gyvenkite aktyv\u0173 gyvenim\u0105! U\u017esisakykite!","breadcrumb":{"@id":"https:\/\/erozone.org\/produktas\/zhewitra-oral-jelly\/#breadcrumb"},"inLanguage":"en-US","potentialAction":[{"@type":"ReadAction","target":["https:\/\/erozone.org\/produktas\/zhewitra-oral-jelly\/"]}]},{"@type":"ImageObject","inLanguage":"en-US","@id":"https:\/\/erozone.org\/produktas\/zhewitra-oral-jelly\/#primaryimage","url":"https:\/\/erozone.org\/wp-content\/uploads\/2022\/10\/zhewitra-oral-jelly-org2.jpg","contentUrl":"https:\/\/erozone.org\/wp-content\/uploads\/2022\/10\/zhewitra-oral-jelly-org2.jpg","width":2050,"height":1379},{"@type":"BreadcrumbList","@id":"https:\/\/erozone.org\/produktas\/zhewitra-oral-jelly\/#breadcrumb","itemListElement":[{"@type":"ListItem","position":1,"name":"Home","item":"https:\/\/erozone.org\/"},{"@type":"ListItem","position":2,"name":"Katalogas","item":"https:\/\/erozone.org\/katalogas\/"},{"@type":"ListItem","position":3,"name":"Zhewitra 20 Oral Jelly"}]},{"@type":"WebSite","@id":"https:\/\/erozone.org\/en\/#website","url":"https:\/\/erozone.org\/en\/","name":"Erozone","description":"prek\u0117s internetu suaugusiems","publisher":{"@id":"https:\/\/erozone.org\/en\/#organization"},"potentialAction":[{"@type":"SearchAction","target":{"@type":"EntryPoint","urlTemplate":"https:\/\/erozone.org\/en\/?s={search_term_string}"},"query-input":{"@type":"PropertyValueSpecification","valueRequired":true,"valueName":"search_term_string"}}],"inLanguage":"en-US"},{"@type":"Organization","@id":"https:\/\/erozone.org\/en\/#organization","name":"Erozone","url":"https:\/\/erozone.org\/en\/","logo":{"@type":"ImageObject","inLanguage":"en-US","@id":"https:\/\/erozone.org\/en\/#\/schema\/logo\/image\/","url":"https:\/\/erozone.org\/wp-content\/uploads\/2023\/01\/logo-1.png","contentUrl":"https:\/\/erozone.org\/wp-content\/uploads\/2023\/01\/logo-1.png","width":182,"height":30,"caption":"Erozone"},"image":{"@id":"https:\/\/erozone.org\/en\/#\/schema\/logo\/image\/"}}]}},"_links":{"self":[{"href":"https:\/\/erozone.org\/en\/wp-json\/wp\/v2\/product\/38208","targetHints":{"allow":["GET"]}}],"collection":[{"href":"https:\/\/erozone.org\/en\/wp-json\/wp\/v2\/product"}],"about":[{"href":"https:\/\/erozone.org\/en\/wp-json\/wp\/v2\/types\/product"}],"version-history":[{"count":0,"href":"https:\/\/erozone.org\/en\/wp-json\/wp\/v2\/product\/38208\/revisions"}],"wp:featuredmedia":[{"embeddable":true,"href":"https:\/\/erozone.org\/en\/wp-json\/wp\/v2\/media\/38128"}],"wp:attachment":[{"href":"https:\/\/erozone.org\/en\/wp-json\/wp\/v2\/media?parent=38208"}],"wp:term":[{"taxonomy":"brand","embeddable":true,"href":"https:\/\/erozone.org\/en\/wp-json\/wp\/v2\/etheme_brands?post=38208"},{"taxonomy":"product_brand","embeddable":true,"href":"https:\/\/erozone.org\/en\/wp-json\/wp\/v2\/product_brand?post=38208"},{"taxonomy":"product_cat","embeddable":true,"href":"https:\/\/erozone.org\/en\/wp-json\/wp\/v2\/product_cat?post=38208"},{"taxonomy":"product_tag","embeddable":true,"href":"https:\/\/erozone.org\/en\/wp-json\/wp\/v2\/product_tag?post=38208"}],"curies":[{"name":"wp","href":"https:\/\/api.w.org\/{rel}","templated":true}]}}