{"id":38361,"date":"2023-05-19T12:01:04","date_gmt":"2023-05-19T09:01:04","guid":{"rendered":"https:\/\/erozone.org\/produktas\/tadarise-5-2\/"},"modified":"2023-05-30T13:17:43","modified_gmt":"2023-05-30T10:17:43","slug":"tadarise-5","status":"publish","type":"product","link":"https:\/\/erozone.org\/en\/produktas\/tadarise-5\/","title":{"rendered":"Tadarise 5"},"content":{"rendered":"<p>Tadarise 5 &#8211; for the treatment of erectile dysfunction (impotence) in men.<br \/>\nTadarise 5 sud4 tablets contain tadalafil, a type 5 phosphodiesterase inhibitor,<br \/>\nwhich is used to treat erectile dysfunction and impotence in men.<br \/>\nThe most commonly reported side effects with Tadarise 20 mg tablets<br \/>\nis headache, dizziness or light-headedness, flushing,<br \/>\nnasal congestion, dyspepsia (heartburn), nausea. Less common side effects<br \/>\nis visual disturbance, increased tear production leading to watery eyes<br \/>\nchanges in blood pressure (hypo- and hypertension), drowsiness, shortness of breath (dyspnoea)<br \/>\n, pain (back joints, abdomen). Some other medicines interact with<br \/>\nTadalafil 20 mg tablets and should not be taken while you are taking Tadarise<br \/>\n, or only after consultation and advice from your doctor. Effects of products<br \/>\nusually lasts 1-2 hours after taking the tablet, but Tadarise 20 mg<br \/>\ntablet can be taken for up to 36 hours. Tadalafil is used to help men,<br \/>\nwith ED problems. It can be used by men of all ages to achieve and maintain quality erections and to improve. Generic Tadalafil Products are manufactured by Sunrise remedies Pvt. Ltd. Ltd. Effectively helps to soothe the muscles located in the walls of blood vessels, thus successfully increasing blood flow to specific areas of the body.<br \/>\nTadarise 5 &#8211; contains 5 mg tadalafil<\/p>\n","protected":false},"excerpt":{"rendered":"<p>Tadarise 5 &#8211; for the treatment of erectile dysfunction (impotence) in men. Tadarise 5 sud4 tablets contain tadalafil, a type 5 phosphodiesterase inhibitor, which is used to treat erectile dysfunction and impotence in men. The most commonly reported side effects with Tadarise 20 mg tablets is headache, dizziness or light-headedness, flushing, nasal congestion, dyspepsia (heartburn), nausea. Less common side effects is visual disturbance, increased tear production leading to watery eyes changes in blood pressure (hypo- and hypertension), drowsiness, shortness of breath (dyspnoea) , pain (back joints, abdomen). Some other medicines interact with Tadalafil 20 mg tablets and should not be<\/p>\n","protected":false},"featured_media":0,"template":"","meta":[],"etheme_brands":[],"product_brand":[],"product_cat":[169],"product_tag":[],"class_list":{"0":"post-38361","1":"product","2":"type-product","3":"status-publish","5":"product_cat-others","7":"first","8":"instock","9":"shipping-taxable","10":"product-type-simple"},"yoast_head":"<!-- This site is optimized with the Yoast SEO plugin v26.2 - https:\/\/yoast.com\/wordpress\/plugins\/seo\/ -->\n<title>Tadarise 5 - Erozone<\/title>\n<meta name=\"description\" content=\"Tadarise 5 \u2705 Stiprinkite potencij\u0105 su m\u016bs\u0173 papildais u\u017e ger\u0105 kain\u0105 \u2764\ufe0f Gyvenkite aktyv\u0173 gyvenim\u0105! U\u017esisakykite!\" \/>\n<meta name=\"robots\" content=\"index, follow, max-snippet:-1, max-image-preview:large, max-video-preview:-1\" \/>\n<link rel=\"canonical\" href=\"https:\/\/erozone.org\/en\/produktas\/tadarise-5\/\" \/>\n<meta property=\"og:locale\" content=\"en_US\" \/>\n<meta property=\"og:type\" content=\"article\" \/>\n<meta property=\"og:title\" content=\"Tadarise 5 - Erozone\" \/>\n<meta property=\"og:description\" content=\"Tadarise 5 \u2705 Stiprinkite potencij\u0105 su m\u016bs\u0173 papildais u\u017e ger\u0105 kain\u0105 \u2764\ufe0f Gyvenkite aktyv\u0173 gyvenim\u0105! U\u017esisakykite!\" \/>\n<meta property=\"og:url\" content=\"https:\/\/erozone.org\/en\/produktas\/tadarise-5\/\" \/>\n<meta property=\"og:site_name\" content=\"Erozone\" \/>\n<meta property=\"article:modified_time\" content=\"2023-05-30T10:17:43+00:00\" \/>\n<meta name=\"twitter:card\" content=\"summary_large_image\" \/>\n<meta name=\"twitter:label1\" content=\"Est. reading time\" \/>\n\t<meta name=\"twitter:data1\" content=\"2 minutes\" \/>\n<script type=\"application\/ld+json\" class=\"yoast-schema-graph\">{\"@context\":\"https:\/\/schema.org\",\"@graph\":[{\"@type\":\"WebPage\",\"@id\":\"https:\/\/erozone.org\/en\/produktas\/tadarise-5\/\",\"url\":\"https:\/\/erozone.org\/en\/produktas\/tadarise-5\/\",\"name\":\"Tadarise 5 - Erozone\",\"isPartOf\":{\"@id\":\"https:\/\/erozone.org\/en\/#website\"},\"datePublished\":\"2023-05-19T09:01:04+00:00\",\"dateModified\":\"2023-05-30T10:17:43+00:00\",\"description\":\"Tadarise 5 \u2705 Stiprinkite potencij\u0105 su m\u016bs\u0173 papildais u\u017e ger\u0105 kain\u0105 \u2764\ufe0f Gyvenkite aktyv\u0173 gyvenim\u0105! U\u017esisakykite!\",\"breadcrumb\":{\"@id\":\"https:\/\/erozone.org\/en\/produktas\/tadarise-5\/#breadcrumb\"},\"inLanguage\":\"en-US\",\"potentialAction\":[{\"@type\":\"ReadAction\",\"target\":[\"https:\/\/erozone.org\/en\/produktas\/tadarise-5\/\"]}]},{\"@type\":\"BreadcrumbList\",\"@id\":\"https:\/\/erozone.org\/en\/produktas\/tadarise-5\/#breadcrumb\",\"itemListElement\":[{\"@type\":\"ListItem\",\"position\":1,\"name\":\"Home\",\"item\":\"https:\/\/erozone.org\/\"},{\"@type\":\"ListItem\",\"position\":2,\"name\":\"Katalogas\",\"item\":\"https:\/\/erozone.org\/katalogas\/\"},{\"@type\":\"ListItem\",\"position\":3,\"name\":\"Tadarise 5\"}]},{\"@type\":\"WebSite\",\"@id\":\"https:\/\/erozone.org\/en\/#website\",\"url\":\"https:\/\/erozone.org\/en\/\",\"name\":\"Erozone\",\"description\":\"prek\u0117s internetu suaugusiems\",\"publisher\":{\"@id\":\"https:\/\/erozone.org\/en\/#organization\"},\"potentialAction\":[{\"@type\":\"SearchAction\",\"target\":{\"@type\":\"EntryPoint\",\"urlTemplate\":\"https:\/\/erozone.org\/en\/?s={search_term_string}\"},\"query-input\":{\"@type\":\"PropertyValueSpecification\",\"valueRequired\":true,\"valueName\":\"search_term_string\"}}],\"inLanguage\":\"en-US\"},{\"@type\":\"Organization\",\"@id\":\"https:\/\/erozone.org\/en\/#organization\",\"name\":\"Erozone\",\"url\":\"https:\/\/erozone.org\/en\/\",\"logo\":{\"@type\":\"ImageObject\",\"inLanguage\":\"en-US\",\"@id\":\"https:\/\/erozone.org\/en\/#\/schema\/logo\/image\/\",\"url\":\"https:\/\/erozone.org\/wp-content\/uploads\/2023\/01\/logo-1.png\",\"contentUrl\":\"https:\/\/erozone.org\/wp-content\/uploads\/2023\/01\/logo-1.png\",\"width\":182,\"height\":30,\"caption\":\"Erozone\"},\"image\":{\"@id\":\"https:\/\/erozone.org\/en\/#\/schema\/logo\/image\/\"}}]}<\/script>\n<!-- \/ Yoast SEO plugin. -->","yoast_head_json":{"title":"Tadarise 5 - Erozone","description":"Tadarise 5 \u2705 Stiprinkite potencij\u0105 su m\u016bs\u0173 papildais u\u017e ger\u0105 kain\u0105 \u2764\ufe0f Gyvenkite aktyv\u0173 gyvenim\u0105! U\u017esisakykite!","robots":{"index":"index","follow":"follow","max-snippet":"max-snippet:-1","max-image-preview":"max-image-preview:large","max-video-preview":"max-video-preview:-1"},"canonical":"https:\/\/erozone.org\/en\/produktas\/tadarise-5\/","og_locale":"en_US","og_type":"article","og_title":"Tadarise 5 - Erozone","og_description":"Tadarise 5 \u2705 Stiprinkite potencij\u0105 su m\u016bs\u0173 papildais u\u017e ger\u0105 kain\u0105 \u2764\ufe0f Gyvenkite aktyv\u0173 gyvenim\u0105! U\u017esisakykite!","og_url":"https:\/\/erozone.org\/en\/produktas\/tadarise-5\/","og_site_name":"Erozone","article_modified_time":"2023-05-30T10:17:43+00:00","twitter_card":"summary_large_image","twitter_misc":{"Est. reading time":"2 minutes"},"schema":{"@context":"https:\/\/schema.org","@graph":[{"@type":"WebPage","@id":"https:\/\/erozone.org\/en\/produktas\/tadarise-5\/","url":"https:\/\/erozone.org\/en\/produktas\/tadarise-5\/","name":"Tadarise 5 - Erozone","isPartOf":{"@id":"https:\/\/erozone.org\/en\/#website"},"datePublished":"2023-05-19T09:01:04+00:00","dateModified":"2023-05-30T10:17:43+00:00","description":"Tadarise 5 \u2705 Stiprinkite potencij\u0105 su m\u016bs\u0173 papildais u\u017e ger\u0105 kain\u0105 \u2764\ufe0f Gyvenkite aktyv\u0173 gyvenim\u0105! U\u017esisakykite!","breadcrumb":{"@id":"https:\/\/erozone.org\/en\/produktas\/tadarise-5\/#breadcrumb"},"inLanguage":"en-US","potentialAction":[{"@type":"ReadAction","target":["https:\/\/erozone.org\/en\/produktas\/tadarise-5\/"]}]},{"@type":"BreadcrumbList","@id":"https:\/\/erozone.org\/en\/produktas\/tadarise-5\/#breadcrumb","itemListElement":[{"@type":"ListItem","position":1,"name":"Home","item":"https:\/\/erozone.org\/"},{"@type":"ListItem","position":2,"name":"Katalogas","item":"https:\/\/erozone.org\/katalogas\/"},{"@type":"ListItem","position":3,"name":"Tadarise 5"}]},{"@type":"WebSite","@id":"https:\/\/erozone.org\/en\/#website","url":"https:\/\/erozone.org\/en\/","name":"Erozone","description":"prek\u0117s internetu suaugusiems","publisher":{"@id":"https:\/\/erozone.org\/en\/#organization"},"potentialAction":[{"@type":"SearchAction","target":{"@type":"EntryPoint","urlTemplate":"https:\/\/erozone.org\/en\/?s={search_term_string}"},"query-input":{"@type":"PropertyValueSpecification","valueRequired":true,"valueName":"search_term_string"}}],"inLanguage":"en-US"},{"@type":"Organization","@id":"https:\/\/erozone.org\/en\/#organization","name":"Erozone","url":"https:\/\/erozone.org\/en\/","logo":{"@type":"ImageObject","inLanguage":"en-US","@id":"https:\/\/erozone.org\/en\/#\/schema\/logo\/image\/","url":"https:\/\/erozone.org\/wp-content\/uploads\/2023\/01\/logo-1.png","contentUrl":"https:\/\/erozone.org\/wp-content\/uploads\/2023\/01\/logo-1.png","width":182,"height":30,"caption":"Erozone"},"image":{"@id":"https:\/\/erozone.org\/en\/#\/schema\/logo\/image\/"}}]}},"_links":{"self":[{"href":"https:\/\/erozone.org\/en\/wp-json\/wp\/v2\/product\/38361","targetHints":{"allow":["GET"]}}],"collection":[{"href":"https:\/\/erozone.org\/en\/wp-json\/wp\/v2\/product"}],"about":[{"href":"https:\/\/erozone.org\/en\/wp-json\/wp\/v2\/types\/product"}],"version-history":[{"count":0,"href":"https:\/\/erozone.org\/en\/wp-json\/wp\/v2\/product\/38361\/revisions"}],"wp:attachment":[{"href":"https:\/\/erozone.org\/en\/wp-json\/wp\/v2\/media?parent=38361"}],"wp:term":[{"taxonomy":"brand","embeddable":true,"href":"https:\/\/erozone.org\/en\/wp-json\/wp\/v2\/etheme_brands?post=38361"},{"taxonomy":"product_brand","embeddable":true,"href":"https:\/\/erozone.org\/en\/wp-json\/wp\/v2\/product_brand?post=38361"},{"taxonomy":"product_cat","embeddable":true,"href":"https:\/\/erozone.org\/en\/wp-json\/wp\/v2\/product_cat?post=38361"},{"taxonomy":"product_tag","embeddable":true,"href":"https:\/\/erozone.org\/en\/wp-json\/wp\/v2\/product_tag?post=38361"}],"curies":[{"name":"wp","href":"https:\/\/api.w.org\/{rel}","templated":true}]}}