{"id":44404,"date":"2024-11-26T11:38:06","date_gmt":"2024-11-26T09:38:06","guid":{"rendered":"https:\/\/erozone.org\/?post_type=product&#038;p=44404"},"modified":"2024-11-26T11:39:09","modified_gmt":"2024-11-26T09:39:09","slug":"fliban-moterims-libido-didinimui-2","status":"publish","type":"product","link":"https:\/\/erozone.org\/en\/produktas\/fliban-moterims-libido-didinimui-2\/","title":{"rendered":"Fliban &#8211; sex potraukiui (Kopija)"},"content":{"rendered":"<p>FLIBAN \u2013 papildas skirtas moter\u0173 seksualinio potraukio sutrikimui gydyti. Moterys, turin\u010dios seksualinio potraukio sutrikim\u0105, patiria daug ma\u017eesn\u012f susidom\u0117jim\u0105 seksu. Kartais fliban vadinamas moteri\u0161ka Viagra, ta\u010diau \u0161is terminas n\u0117ra visi\u0161kai tikslus. Viagra yra vaistas, vartojamas vyr\u0173 erekcijos disfunkcijai gydyti ir gerina varpos kraujotak\u0105. Kitaip tariant, jis daugiausia veikia lytinius organus. Fliban skiriasi tuo, kad veikia moters smegenis, ta\u010diau FLiban tinka ir vyrams.<\/p>\n<p>Fliban Didina seksualin\u012f tro\u0161kim\u0105, padidindamas dopamino ir norepinefrino kiek\u012f, tuo pa\u010diu suma\u017eindamas serotonino kiek\u012f.<br \/>\nFliban padidina pasitenkinim\u0105 lytini\u0173 aktu ir leid\u017eia da\u017eniau m\u0117gautis seksualiniais santykiais, o tai savo savo ruo\u017etu suma\u017eina stres\u0105 ir nerim\u0105.<\/p>\n<p>Smegenys da\u017enai laikomos svarbiausiu moters lytiniu organu. Did\u017eioji moter\u0173 seksualinio susijaudinimo dalis prasideda jos smegenyse. Fliban veikia tris svarbias smegen\u0173 chemines med\u017eiagas: dopamin\u0105, norepinefrin\u0105 ir serotonin\u0105. \u0160ios chemin\u0117s med\u017eiagos yra neurotransmiteriai. Jie yra atsakingi u\u017e signal\u0173 siuntim\u0105 tarp smegen\u0173 ir kit\u0173 k\u016bno dali\u0173 per nerv\u0173 sistem\u0105. Dopaminas ir norepinefrinas yra susij\u0119 su seksualiniu susijaudinimu. Ta\u010diau serotoninas prisideda prie seksualinio slopinimo ir gali slopinti lytin\u012f potrauk\u012f. Manoma, kad jei \u0161ios chemin\u0117s med\u017eiagos yra nesubalansuotos \u2013 jei dopamino ir norepinefrino kiekis per ma\u017eas ir (arba) per didelis serotonino kiekis \u2013 moteris gali jausti ma\u017eiau seksualinio potraukio. Fliban padidina dopamino ir norepinefrino kiek\u012f, tuo pa\u010diu suma\u017eindamas serotonino kiek\u012f. Tokiu b\u016bdu padaug\u0117ja chemini\u0173 med\u017eiag\u0173, kurios padeda skatinti lytin\u012f potrauk\u012f ir suma\u017e\u0117ja t\u0173, kurios gali slopinti lytin\u012f potrauk\u012f.<\/p>\n<p>Dozavimas: 1 tablet\u0117 vakare prie\u0161 mieg\u0105. Did\u017eiausia doz\u0117: 1 tablet\u0117 per dien\u0105. Geriausiems rezultatams pasiekti naudokite 2-8 savaites<\/p>\n<p>Laikymas:<br \/>\nLaikyti sausoje vietoje kambario temperat\u016broje. Laikymo temperat\u016bra neturi vir\u0161yti 25 laipsni\u0173 Celsijaus. Saugoti nuo tiesiogini\u0173 saul\u0117s spinduli\u0173. Laikyti u\u017erakint\u0105 ir atokiau nuo vaik\u0173.<\/p>\n","protected":false},"excerpt":{"rendered":"<p>Fliban &#8211; su\u017eadins pamir\u0161t\u0105 aistr\u0105 ir potrauk\u012f seksualiniams santykiams !<br \/>\nFliban yra libido skatintojas. Naudojant Fliban seksualinis potraukis gerokai padid\u0117ja !<br \/>\nSeksas taps da\u017enesnis ir aistringesnis !<br \/>\nSukurtas moterims bet tinka ir vyrams !<\/p>\n","protected":false},"featured_media":36621,"template":"","meta":[],"etheme_brands":[],"product_brand":[],"product_cat":[233,232,152],"product_tag":[223],"class_list":{"0":"post-44404","1":"product","2":"type-product","3":"status-publish","4":"has-post-thumbnail","6":"product_cat-libido-skatintojai-moterims-en","7":"product_cat-viagra-moterims-en","8":"product_cat-for-women","9":"product_tag-lovegra-en","11":"first","12":"outofstock","13":"shipping-taxable","14":"purchasable","15":"product-type-simple"},"yoast_head":"<!-- This site is optimized with the Yoast SEO plugin v26.2 - https:\/\/yoast.com\/wordpress\/plugins\/seo\/ -->\n<title>Fliban - sex potraukiui (Kopija) - Erozone<\/title>\n<meta name=\"description\" content=\"Fliban - sex potraukiui (Kopija) \u2705 Stiprinkite potencij\u0105 su m\u016bs\u0173 papildais u\u017e ger\u0105 kain\u0105 \u2764\ufe0f Gyvenkite aktyv\u0173 gyvenim\u0105! U\u017esisakykite!\" \/>\n<meta name=\"robots\" content=\"index, follow, max-snippet:-1, max-image-preview:large, max-video-preview:-1\" \/>\n<link rel=\"canonical\" href=\"https:\/\/erozone.org\/en\/produktas\/fliban-moterims-libido-didinimui-2\/\" \/>\n<meta property=\"og:locale\" content=\"en_US\" \/>\n<meta property=\"og:type\" content=\"article\" \/>\n<meta property=\"og:title\" content=\"Fliban - sex potraukiui (Kopija) - Erozone\" \/>\n<meta property=\"og:description\" content=\"Fliban - sex potraukiui (Kopija) \u2705 Stiprinkite potencij\u0105 su m\u016bs\u0173 papildais u\u017e ger\u0105 kain\u0105 \u2764\ufe0f Gyvenkite aktyv\u0173 gyvenim\u0105! U\u017esisakykite!\" \/>\n<meta property=\"og:url\" content=\"https:\/\/erozone.org\/en\/produktas\/fliban-moterims-libido-didinimui-2\/\" \/>\n<meta property=\"og:site_name\" content=\"Erozone\" \/>\n<meta property=\"article:modified_time\" content=\"2024-11-26T09:39:09+00:00\" \/>\n<meta property=\"og:image\" content=\"https:\/\/erozone.org\/wp-content\/uploads\/2022\/03\/Polish_20220928_232216100.jpg\" \/>\n\t<meta property=\"og:image:width\" content=\"1735\" \/>\n\t<meta property=\"og:image:height\" content=\"1438\" \/>\n\t<meta property=\"og:image:type\" content=\"image\/jpeg\" \/>\n<meta name=\"twitter:card\" content=\"summary_large_image\" \/>\n<meta name=\"twitter:label1\" content=\"Est. reading time\" \/>\n\t<meta name=\"twitter:data1\" content=\"1 minute\" \/>\n<script type=\"application\/ld+json\" class=\"yoast-schema-graph\">{\"@context\":\"https:\/\/schema.org\",\"@graph\":[{\"@type\":\"WebPage\",\"@id\":\"https:\/\/erozone.org\/en\/produktas\/fliban-moterims-libido-didinimui-2\/\",\"url\":\"https:\/\/erozone.org\/en\/produktas\/fliban-moterims-libido-didinimui-2\/\",\"name\":\"Fliban - sex potraukiui (Kopija) - Erozone\",\"isPartOf\":{\"@id\":\"https:\/\/erozone.org\/en\/#website\"},\"primaryImageOfPage\":{\"@id\":\"https:\/\/erozone.org\/en\/produktas\/fliban-moterims-libido-didinimui-2\/#primaryimage\"},\"image\":{\"@id\":\"https:\/\/erozone.org\/en\/produktas\/fliban-moterims-libido-didinimui-2\/#primaryimage\"},\"thumbnailUrl\":\"https:\/\/erozone.org\/wp-content\/uploads\/2022\/03\/Polish_20220928_232216100.jpg\",\"datePublished\":\"2024-11-26T09:38:06+00:00\",\"dateModified\":\"2024-11-26T09:39:09+00:00\",\"description\":\"Fliban - sex potraukiui (Kopija) \u2705 Stiprinkite potencij\u0105 su m\u016bs\u0173 papildais u\u017e ger\u0105 kain\u0105 \u2764\ufe0f Gyvenkite aktyv\u0173 gyvenim\u0105! U\u017esisakykite!\",\"breadcrumb\":{\"@id\":\"https:\/\/erozone.org\/en\/produktas\/fliban-moterims-libido-didinimui-2\/#breadcrumb\"},\"inLanguage\":\"en-US\",\"potentialAction\":[{\"@type\":\"ReadAction\",\"target\":[\"https:\/\/erozone.org\/en\/produktas\/fliban-moterims-libido-didinimui-2\/\"]}]},{\"@type\":\"ImageObject\",\"inLanguage\":\"en-US\",\"@id\":\"https:\/\/erozone.org\/en\/produktas\/fliban-moterims-libido-didinimui-2\/#primaryimage\",\"url\":\"https:\/\/erozone.org\/wp-content\/uploads\/2022\/03\/Polish_20220928_232216100.jpg\",\"contentUrl\":\"https:\/\/erozone.org\/wp-content\/uploads\/2022\/03\/Polish_20220928_232216100.jpg\",\"width\":1735,\"height\":1438},{\"@type\":\"BreadcrumbList\",\"@id\":\"https:\/\/erozone.org\/en\/produktas\/fliban-moterims-libido-didinimui-2\/#breadcrumb\",\"itemListElement\":[{\"@type\":\"ListItem\",\"position\":1,\"name\":\"Home\",\"item\":\"https:\/\/erozone.org\/\"},{\"@type\":\"ListItem\",\"position\":2,\"name\":\"Katalogas\",\"item\":\"https:\/\/erozone.org\/katalogas\/\"},{\"@type\":\"ListItem\",\"position\":3,\"name\":\"Fliban &#8211; sex potraukiui (Kopija)\"}]},{\"@type\":\"WebSite\",\"@id\":\"https:\/\/erozone.org\/en\/#website\",\"url\":\"https:\/\/erozone.org\/en\/\",\"name\":\"Erozone\",\"description\":\"prek\u0117s internetu suaugusiems\",\"publisher\":{\"@id\":\"https:\/\/erozone.org\/en\/#organization\"},\"potentialAction\":[{\"@type\":\"SearchAction\",\"target\":{\"@type\":\"EntryPoint\",\"urlTemplate\":\"https:\/\/erozone.org\/en\/?s={search_term_string}\"},\"query-input\":{\"@type\":\"PropertyValueSpecification\",\"valueRequired\":true,\"valueName\":\"search_term_string\"}}],\"inLanguage\":\"en-US\"},{\"@type\":\"Organization\",\"@id\":\"https:\/\/erozone.org\/en\/#organization\",\"name\":\"Erozone\",\"url\":\"https:\/\/erozone.org\/en\/\",\"logo\":{\"@type\":\"ImageObject\",\"inLanguage\":\"en-US\",\"@id\":\"https:\/\/erozone.org\/en\/#\/schema\/logo\/image\/\",\"url\":\"https:\/\/erozone.org\/wp-content\/uploads\/2023\/01\/logo-1.png\",\"contentUrl\":\"https:\/\/erozone.org\/wp-content\/uploads\/2023\/01\/logo-1.png\",\"width\":182,\"height\":30,\"caption\":\"Erozone\"},\"image\":{\"@id\":\"https:\/\/erozone.org\/en\/#\/schema\/logo\/image\/\"}}]}<\/script>\n<!-- \/ Yoast SEO plugin. -->","yoast_head_json":{"title":"Fliban - sex potraukiui (Kopija) - Erozone","description":"Fliban - sex potraukiui (Kopija) \u2705 Stiprinkite potencij\u0105 su m\u016bs\u0173 papildais u\u017e ger\u0105 kain\u0105 \u2764\ufe0f Gyvenkite aktyv\u0173 gyvenim\u0105! U\u017esisakykite!","robots":{"index":"index","follow":"follow","max-snippet":"max-snippet:-1","max-image-preview":"max-image-preview:large","max-video-preview":"max-video-preview:-1"},"canonical":"https:\/\/erozone.org\/en\/produktas\/fliban-moterims-libido-didinimui-2\/","og_locale":"en_US","og_type":"article","og_title":"Fliban - sex potraukiui (Kopija) - Erozone","og_description":"Fliban - sex potraukiui (Kopija) \u2705 Stiprinkite potencij\u0105 su m\u016bs\u0173 papildais u\u017e ger\u0105 kain\u0105 \u2764\ufe0f Gyvenkite aktyv\u0173 gyvenim\u0105! U\u017esisakykite!","og_url":"https:\/\/erozone.org\/en\/produktas\/fliban-moterims-libido-didinimui-2\/","og_site_name":"Erozone","article_modified_time":"2024-11-26T09:39:09+00:00","og_image":[{"width":1735,"height":1438,"url":"https:\/\/erozone.org\/wp-content\/uploads\/2022\/03\/Polish_20220928_232216100.jpg","type":"image\/jpeg"}],"twitter_card":"summary_large_image","twitter_misc":{"Est. reading time":"1 minute"},"schema":{"@context":"https:\/\/schema.org","@graph":[{"@type":"WebPage","@id":"https:\/\/erozone.org\/en\/produktas\/fliban-moterims-libido-didinimui-2\/","url":"https:\/\/erozone.org\/en\/produktas\/fliban-moterims-libido-didinimui-2\/","name":"Fliban - sex potraukiui (Kopija) - Erozone","isPartOf":{"@id":"https:\/\/erozone.org\/en\/#website"},"primaryImageOfPage":{"@id":"https:\/\/erozone.org\/en\/produktas\/fliban-moterims-libido-didinimui-2\/#primaryimage"},"image":{"@id":"https:\/\/erozone.org\/en\/produktas\/fliban-moterims-libido-didinimui-2\/#primaryimage"},"thumbnailUrl":"https:\/\/erozone.org\/wp-content\/uploads\/2022\/03\/Polish_20220928_232216100.jpg","datePublished":"2024-11-26T09:38:06+00:00","dateModified":"2024-11-26T09:39:09+00:00","description":"Fliban - sex potraukiui (Kopija) \u2705 Stiprinkite potencij\u0105 su m\u016bs\u0173 papildais u\u017e ger\u0105 kain\u0105 \u2764\ufe0f Gyvenkite aktyv\u0173 gyvenim\u0105! U\u017esisakykite!","breadcrumb":{"@id":"https:\/\/erozone.org\/en\/produktas\/fliban-moterims-libido-didinimui-2\/#breadcrumb"},"inLanguage":"en-US","potentialAction":[{"@type":"ReadAction","target":["https:\/\/erozone.org\/en\/produktas\/fliban-moterims-libido-didinimui-2\/"]}]},{"@type":"ImageObject","inLanguage":"en-US","@id":"https:\/\/erozone.org\/en\/produktas\/fliban-moterims-libido-didinimui-2\/#primaryimage","url":"https:\/\/erozone.org\/wp-content\/uploads\/2022\/03\/Polish_20220928_232216100.jpg","contentUrl":"https:\/\/erozone.org\/wp-content\/uploads\/2022\/03\/Polish_20220928_232216100.jpg","width":1735,"height":1438},{"@type":"BreadcrumbList","@id":"https:\/\/erozone.org\/en\/produktas\/fliban-moterims-libido-didinimui-2\/#breadcrumb","itemListElement":[{"@type":"ListItem","position":1,"name":"Home","item":"https:\/\/erozone.org\/"},{"@type":"ListItem","position":2,"name":"Katalogas","item":"https:\/\/erozone.org\/katalogas\/"},{"@type":"ListItem","position":3,"name":"Fliban &#8211; sex potraukiui (Kopija)"}]},{"@type":"WebSite","@id":"https:\/\/erozone.org\/en\/#website","url":"https:\/\/erozone.org\/en\/","name":"Erozone","description":"prek\u0117s internetu suaugusiems","publisher":{"@id":"https:\/\/erozone.org\/en\/#organization"},"potentialAction":[{"@type":"SearchAction","target":{"@type":"EntryPoint","urlTemplate":"https:\/\/erozone.org\/en\/?s={search_term_string}"},"query-input":{"@type":"PropertyValueSpecification","valueRequired":true,"valueName":"search_term_string"}}],"inLanguage":"en-US"},{"@type":"Organization","@id":"https:\/\/erozone.org\/en\/#organization","name":"Erozone","url":"https:\/\/erozone.org\/en\/","logo":{"@type":"ImageObject","inLanguage":"en-US","@id":"https:\/\/erozone.org\/en\/#\/schema\/logo\/image\/","url":"https:\/\/erozone.org\/wp-content\/uploads\/2023\/01\/logo-1.png","contentUrl":"https:\/\/erozone.org\/wp-content\/uploads\/2023\/01\/logo-1.png","width":182,"height":30,"caption":"Erozone"},"image":{"@id":"https:\/\/erozone.org\/en\/#\/schema\/logo\/image\/"}}]}},"_links":{"self":[{"href":"https:\/\/erozone.org\/en\/wp-json\/wp\/v2\/product\/44404","targetHints":{"allow":["GET"]}}],"collection":[{"href":"https:\/\/erozone.org\/en\/wp-json\/wp\/v2\/product"}],"about":[{"href":"https:\/\/erozone.org\/en\/wp-json\/wp\/v2\/types\/product"}],"version-history":[{"count":0,"href":"https:\/\/erozone.org\/en\/wp-json\/wp\/v2\/product\/44404\/revisions"}],"wp:featuredmedia":[{"embeddable":true,"href":"https:\/\/erozone.org\/en\/wp-json\/wp\/v2\/media\/36621"}],"wp:attachment":[{"href":"https:\/\/erozone.org\/en\/wp-json\/wp\/v2\/media?parent=44404"}],"wp:term":[{"taxonomy":"brand","embeddable":true,"href":"https:\/\/erozone.org\/en\/wp-json\/wp\/v2\/etheme_brands?post=44404"},{"taxonomy":"product_brand","embeddable":true,"href":"https:\/\/erozone.org\/en\/wp-json\/wp\/v2\/product_brand?post=44404"},{"taxonomy":"product_cat","embeddable":true,"href":"https:\/\/erozone.org\/en\/wp-json\/wp\/v2\/product_cat?post=44404"},{"taxonomy":"product_tag","embeddable":true,"href":"https:\/\/erozone.org\/en\/wp-json\/wp\/v2\/product_tag?post=44404"}],"curies":[{"name":"wp","href":"https:\/\/api.w.org\/{rel}","templated":true}]}}